{"id":11208,"date":"2016-10-11T21:04:47","date_gmt":"2016-10-11T19:04:47","guid":{"rendered":"http:\/\/www.kittfort.cz\/de\/?page_id=11208"},"modified":"2023-05-11T16:31:32","modified_gmt":"2023-05-11T14:31:32","slug":"erklaerungen","status":"publish","type":"page","link":"https:\/\/www.kittfort.cz\/de\/erklaerungen\/","title":{"rendered":"Erkl\u00e4rungen"},"content":{"rendered":"\n<p>Der Internetauftritt <a title=\"www.kittfort.cz\" href=\"http:\/\/www.kittfort.cz\" target=\"_self\" rel=\"noopener\">www.kittfort.cz<\/a> wurde im maximalen Bem\u00fchen um gute Zug\u00e4nglichkeit und Nutzbarkeit konzipiert.<\/p>\n\n\n\n<h3 class=\"wp-block-heading\">Datenschutz<\/h3>\n\n\n\n<p>\u00dcber das Formular auf dieser Webseite gew\u00e4hrte Daten werden als private Daten behandelt und in diesem Sinne gesch\u00fctzt. Sie werden nicht ohne Ihr Einverst\u00e4ndnis an Dritte weitergegeben oder anderweitig missbraucht.<\/p>\n\n\n\n<h3 class=\"wp-block-heading\">Urheberrechte<\/h3>\n\n\n\n<p>Die Gesellschaft Kittfort\u00ae Prag ist Inhaber von Rechten zur uneingeschr\u00e4nkten Nutzung des gesamten auf diesen Webseiten verwendeten Text- und Bildinhalts. Ohne vorherige schriftliche Zustimmung ist es nicht gestattet, den Inhalt anderswo zu ver\u00f6ffentlichen oder in anderer Weise zu bearbeiten.<\/p>\n","protected":false},"excerpt":{"rendered":"<p>Der Internetauftritt www.kittfort.cz wurde im maximalen Bem\u00fchen um gute Zug\u00e4nglichkeit und Nutzbarkeit konzipiert. Datenschutz \u00dcber das Formular auf dieser Webseite<\/p>\n<p class=\"readmore\"><a href=\"https:\/\/www.kittfort.cz\/de\/erklaerungen\/\" title=\"Read Erkl\u00e4rungen\">Read more &raquo;<\/a><\/p>\n","protected":false},"author":1,"featured_media":0,"parent":0,"menu_order":9,"comment_status":"closed","ping_status":"closed","template":"full-page.php","meta":{"pgc_sgb_lightbox_settings":"","footnotes":""},"categories":[18],"tags":[],"class_list":["post-11208","page","type-page","status-publish","hentry","category-unkategorisiert"],"yoast_head":"<!-- This site is optimized with the Yoast SEO plugin v27.4 - https:\/\/yoast.com\/product\/yoast-seo-wordpress\/ -->\n<title>Erkl\u00e4rungen - KITTFORT.CZ<\/title>\n<meta name=\"robots\" content=\"index, follow, max-snippet:-1, max-image-preview:large, max-video-preview:-1\" \/>\n<link rel=\"canonical\" href=\"https:\/\/www.kittfort.cz\/de\/erklaerungen\/\" \/>\n<meta property=\"og:locale\" content=\"de_DE\" \/>\n<meta property=\"og:type\" content=\"article\" \/>\n<meta property=\"og:title\" content=\"Erkl\u00e4rungen - KITTFORT.CZ\" \/>\n<meta property=\"og:description\" content=\"Der Internetauftritt www.kittfort.cz wurde im maximalen Bem\u00fchen um gute Zug\u00e4nglichkeit und Nutzbarkeit konzipiert. Datenschutz \u00dcber das Formular auf dieser WebseiteRead more &raquo;\" \/>\n<meta property=\"og:url\" content=\"https:\/\/www.kittfort.cz\/de\/erklaerungen\/\" \/>\n<meta property=\"og:site_name\" content=\"KITTFORT.CZ\" \/>\n<meta property=\"article:publisher\" content=\"https:\/\/www.facebook.com\/kittfort\" \/>\n<meta property=\"article:modified_time\" content=\"2023-05-11T14:31:32+00:00\" \/>\n<meta name=\"twitter:card\" content=\"summary_large_image\" \/>\n<script type=\"application\/ld+json\" class=\"yoast-schema-graph\">{\"@context\":\"https:\\\/\\\/schema.org\",\"@graph\":[{\"@type\":\"WebPage\",\"@id\":\"https:\\\/\\\/www.kittfort.cz\\\/de\\\/erklaerungen\\\/\",\"url\":\"https:\\\/\\\/www.kittfort.cz\\\/de\\\/erklaerungen\\\/\",\"name\":\"Erkl\u00e4rungen - KITTFORT.CZ\",\"isPartOf\":{\"@id\":\"https:\\\/\\\/www.kittfort.cz\\\/bg\\\/#website\"},\"datePublished\":\"2016-10-11T19:04:47+00:00\",\"dateModified\":\"2023-05-11T14:31:32+00:00\",\"breadcrumb\":{\"@id\":\"https:\\\/\\\/www.kittfort.cz\\\/de\\\/erklaerungen\\\/#breadcrumb\"},\"inLanguage\":\"de\",\"potentialAction\":[{\"@type\":\"ReadAction\",\"target\":[\"https:\\\/\\\/www.kittfort.cz\\\/de\\\/erklaerungen\\\/\"]}]},{\"@type\":\"BreadcrumbList\",\"@id\":\"https:\\\/\\\/www.kittfort.cz\\\/de\\\/erklaerungen\\\/#breadcrumb\",\"itemListElement\":[{\"@type\":\"ListItem\",\"position\":1,\"name\":\"Dom\u016f\",\"item\":\"https:\\\/\\\/www.kittfort.cz\\\/de\\\/startseite\\\/\"},{\"@type\":\"ListItem\",\"position\":2,\"name\":\"Erkl\u00e4rungen\"}]},{\"@type\":\"WebSite\",\"@id\":\"https:\\\/\\\/www.kittfort.cz\\\/bg\\\/#website\",\"url\":\"https:\\\/\\\/www.kittfort.cz\\\/bg\\\/\",\"name\":\"KITTFORT.CZ\",\"description\":\"tschechische produkte von h\u00f6chster qualit\u00e4t\",\"publisher\":{\"@id\":\"https:\\\/\\\/www.kittfort.cz\\\/bg\\\/#organization\"},\"potentialAction\":[{\"@type\":\"SearchAction\",\"target\":{\"@type\":\"EntryPoint\",\"urlTemplate\":\"https:\\\/\\\/www.kittfort.cz\\\/bg\\\/?s={search_term_string}\"},\"query-input\":{\"@type\":\"PropertyValueSpecification\",\"valueRequired\":true,\"valueName\":\"search_term_string\"}}],\"inLanguage\":\"de\"},{\"@type\":\"Organization\",\"@id\":\"https:\\\/\\\/www.kittfort.cz\\\/bg\\\/#organization\",\"name\":\"KITTFORT Praha\",\"url\":\"https:\\\/\\\/www.kittfort.cz\\\/bg\\\/\",\"logo\":{\"@type\":\"ImageObject\",\"inLanguage\":\"de\",\"@id\":\"https:\\\/\\\/www.kittfort.cz\\\/bg\\\/#\\\/schema\\\/logo\\\/image\\\/\",\"url\":\"https:\\\/\\\/www.kittfort.cz\\\/wp-content\\\/uploads\\\/2019\\\/06\\\/KITTFORT-logo-ver-2018.png\",\"contentUrl\":\"https:\\\/\\\/www.kittfort.cz\\\/wp-content\\\/uploads\\\/2019\\\/06\\\/KITTFORT-logo-ver-2018.png\",\"width\":500,\"height\":151,\"caption\":\"KITTFORT Praha\"},\"image\":{\"@id\":\"https:\\\/\\\/www.kittfort.cz\\\/bg\\\/#\\\/schema\\\/logo\\\/image\\\/\"},\"sameAs\":[\"https:\\\/\\\/www.facebook.com\\\/kittfort\",\"https:\\\/\\\/instagram.com\\\/kittfort.cz\"]}]}<\/script>\n<!-- \/ Yoast SEO plugin. -->","yoast_head_json":{"title":"Erkl\u00e4rungen - KITTFORT.CZ","robots":{"index":"index","follow":"follow","max-snippet":"max-snippet:-1","max-image-preview":"max-image-preview:large","max-video-preview":"max-video-preview:-1"},"canonical":"https:\/\/www.kittfort.cz\/de\/erklaerungen\/","og_locale":"de_DE","og_type":"article","og_title":"Erkl\u00e4rungen - KITTFORT.CZ","og_description":"Der Internetauftritt www.kittfort.cz wurde im maximalen Bem\u00fchen um gute Zug\u00e4nglichkeit und Nutzbarkeit konzipiert. Datenschutz \u00dcber das Formular auf dieser WebseiteRead more &raquo;","og_url":"https:\/\/www.kittfort.cz\/de\/erklaerungen\/","og_site_name":"KITTFORT.CZ","article_publisher":"https:\/\/www.facebook.com\/kittfort","article_modified_time":"2023-05-11T14:31:32+00:00","twitter_card":"summary_large_image","schema":{"@context":"https:\/\/schema.org","@graph":[{"@type":"WebPage","@id":"https:\/\/www.kittfort.cz\/de\/erklaerungen\/","url":"https:\/\/www.kittfort.cz\/de\/erklaerungen\/","name":"Erkl\u00e4rungen - KITTFORT.CZ","isPartOf":{"@id":"https:\/\/www.kittfort.cz\/bg\/#website"},"datePublished":"2016-10-11T19:04:47+00:00","dateModified":"2023-05-11T14:31:32+00:00","breadcrumb":{"@id":"https:\/\/www.kittfort.cz\/de\/erklaerungen\/#breadcrumb"},"inLanguage":"de","potentialAction":[{"@type":"ReadAction","target":["https:\/\/www.kittfort.cz\/de\/erklaerungen\/"]}]},{"@type":"BreadcrumbList","@id":"https:\/\/www.kittfort.cz\/de\/erklaerungen\/#breadcrumb","itemListElement":[{"@type":"ListItem","position":1,"name":"Dom\u016f","item":"https:\/\/www.kittfort.cz\/de\/startseite\/"},{"@type":"ListItem","position":2,"name":"Erkl\u00e4rungen"}]},{"@type":"WebSite","@id":"https:\/\/www.kittfort.cz\/bg\/#website","url":"https:\/\/www.kittfort.cz\/bg\/","name":"KITTFORT.CZ","description":"tschechische produkte von h\u00f6chster qualit\u00e4t","publisher":{"@id":"https:\/\/www.kittfort.cz\/bg\/#organization"},"potentialAction":[{"@type":"SearchAction","target":{"@type":"EntryPoint","urlTemplate":"https:\/\/www.kittfort.cz\/bg\/?s={search_term_string}"},"query-input":{"@type":"PropertyValueSpecification","valueRequired":true,"valueName":"search_term_string"}}],"inLanguage":"de"},{"@type":"Organization","@id":"https:\/\/www.kittfort.cz\/bg\/#organization","name":"KITTFORT Praha","url":"https:\/\/www.kittfort.cz\/bg\/","logo":{"@type":"ImageObject","inLanguage":"de","@id":"https:\/\/www.kittfort.cz\/bg\/#\/schema\/logo\/image\/","url":"https:\/\/www.kittfort.cz\/wp-content\/uploads\/2019\/06\/KITTFORT-logo-ver-2018.png","contentUrl":"https:\/\/www.kittfort.cz\/wp-content\/uploads\/2019\/06\/KITTFORT-logo-ver-2018.png","width":500,"height":151,"caption":"KITTFORT Praha"},"image":{"@id":"https:\/\/www.kittfort.cz\/bg\/#\/schema\/logo\/image\/"},"sameAs":["https:\/\/www.facebook.com\/kittfort","https:\/\/instagram.com\/kittfort.cz"]}]}},"rttpg_featured_image_url":null,"rttpg_author":{"display_name":"kittfort","author_link":"https:\/\/www.kittfort.cz\/de\/author\/kittfortcz\/"},"rttpg_comment":0,"rttpg_category":" <a href=\"https:\/\/www.kittfort.cz\/de\/category\/unkategorisiert\/\" rel=\"tag\">Unkategorisiert<\/a>","rttpg_excerpt":"Der Internetauftritt www.kittfort.cz wurde im maximalen Bem\u00fchen um gute Zug\u00e4nglichkeit und Nutzbarkeit konzipiert. Datenschutz \u00dcber das Formular auf dieser WebseiteRead more &raquo;","_links":{"self":[{"href":"https:\/\/www.kittfort.cz\/de\/wp-json\/wp\/v2\/pages\/11208","targetHints":{"allow":["GET"]}}],"collection":[{"href":"https:\/\/www.kittfort.cz\/de\/wp-json\/wp\/v2\/pages"}],"about":[{"href":"https:\/\/www.kittfort.cz\/de\/wp-json\/wp\/v2\/types\/page"}],"author":[{"embeddable":true,"href":"https:\/\/www.kittfort.cz\/de\/wp-json\/wp\/v2\/users\/1"}],"replies":[{"embeddable":true,"href":"https:\/\/www.kittfort.cz\/de\/wp-json\/wp\/v2\/comments?post=11208"}],"version-history":[{"count":0,"href":"https:\/\/www.kittfort.cz\/de\/wp-json\/wp\/v2\/pages\/11208\/revisions"}],"wp:attachment":[{"href":"https:\/\/www.kittfort.cz\/de\/wp-json\/wp\/v2\/media?parent=11208"}],"wp:term":[{"taxonomy":"category","embeddable":true,"href":"https:\/\/www.kittfort.cz\/de\/wp-json\/wp\/v2\/categories?post=11208"},{"taxonomy":"post_tag","embeddable":true,"href":"https:\/\/www.kittfort.cz\/de\/wp-json\/wp\/v2\/tags?post=11208"}],"curies":[{"name":"wp","href":"https:\/\/api.w.org\/{rel}","templated":true}]}}