{"id":20710,"date":"2018-05-21T19:40:58","date_gmt":"2018-05-21T17:40:58","guid":{"rendered":"http:\/\/www.kittfort.cz\/?page_id=20710"},"modified":"2023-05-11T16:34:42","modified_gmt":"2023-05-11T14:34:42","slug":"verwendung-von-cookies","status":"publish","type":"page","link":"https:\/\/www.kittfort.cz\/de\/verwendung-von-cookies\/","title":{"rendered":"Verwendung von Cookies"},"content":{"rendered":"\n<p>Unsere Webseiten www.kittfort.cz verwenden Cookies, da wir mehr \u00fcber die Art und Weise, wie die Besucher mit dem Inhalt unserer Webseiten arbeiten, erfahren wollen, und wir sie dann weiter verbessern k\u00f6nnen.<\/p>\n\n\n\n<p>Durch weitere Nutzung dieser Webseiten stimmen Sie der Verwendung von Cookies zu.<\/p>\n\n\n\n<h3 class=\"wp-block-heading\">Was ist ein Cookie<\/h3>\n\n\n\n<p>Cookie ist eine kurze Textdatei, welche die besuchte Webseite in den Browser sendet. Sie erm\u00f6glicht den Webseiten, Informationen \u00fcber Ihren Besuch zu speichern, zum Beispiel \u00fcber die von Ihnen bevorzugte Sprache und weitere Einstellungen. Der n\u00e4chste Besuch der Webseiten kann dann einfacher und produktiver sein. Die Cookies sind wichtig, ohne sie w\u00e4re das Browsen auf den Webseiten viel komplizierter.<\/p>\n\n\n\n<h3 class=\"wp-block-heading\">Wie verwenden wir Cookies?<\/h3>\n\n\n\n<p>Wir verwenden folgende Cookies:<\/p>\n\n\n\n<ul class=\"wp-block-list\"><li>Unbedingt erforderliche Cookies: diese Cookies sind besonders daf\u00fcr wichtig, damit Sie auf den Webseiten bl\u00e4ttern und ihre Funktionen nutzen k\u00f6nnen<\/li><li>Analyse-\/Leistungs-Cookies: diese Cookies sammeln Informationen dar\u00fcber, wie viele Besucher unsere Webseiten besucht haben, auf welche Weise sie sich auf den Webseiten bewegen, welche Seiten sie am meisten besuchen oder ob sie Fehlermeldungen erhalten. Dies hilft uns, die Funktion unserer Webseiten zu verbessern.<\/li><\/ul>\n\n\n\n<p>Cookies kann man mit Hilfe Ihres Web-Browsers ablehnen oder die Verwendung von nur einigen Cookies einstellen.<\/p>\n\n\n\n<p>Die Einschr\u00e4nkung der Cookies-Verwendung kann Einfluss auf einige Funktionen haben, die f\u00fcr optimale Funktion der Webseiten wichtig sind. Falls eine der Funktionen der Webseiten nicht funktioniert, ist es sinnvoll, die Einstellung von Cookies im Web-Browser zu pr\u00fcfen und die Annahme von Cookies erm\u00f6glichen.<\/p>\n\n\n\n<p>Einstellung von Cookies in den am meisten genutzten Browsern:<br><a href=\"https:\/\/support.google.com\/chrome\/answer\/95647?hl=de\" target=\"_blank\" rel=\"noopener noreferrer\">Google Chrome<\/a><br><a href=\"https:\/\/support.microsoft.com\/de-de\/help\/278835\/how-to-delete-cookie-files-in-internet-explorer\" target=\"_blank\" rel=\"noopener noreferrer\">Internet Explorer<\/a><br><a href=\"https:\/\/support.mozilla.org\/de\/locales\" target=\"_blank\" rel=\"noopener noreferrer\">Mozilla Firefox<\/a><br><a href=\"https:\/\/support.apple.com\/kb\/PH21411?locale=de_DE\">Safari<\/a><\/p>\n","protected":false},"excerpt":{"rendered":"<p>Unsere Webseiten www.kittfort.cz verwenden Cookies, da wir mehr \u00fcber die Art und Weise, wie die Besucher mit dem Inhalt unserer<\/p>\n<p class=\"readmore\"><a href=\"https:\/\/www.kittfort.cz\/de\/verwendung-von-cookies\/\" title=\"Read Verwendung von Cookies\">Read more &raquo;<\/a><\/p>\n","protected":false},"author":1,"featured_media":0,"parent":0,"menu_order":10,"comment_status":"closed","ping_status":"closed","template":"full-page.php","meta":{"pgc_sgb_lightbox_settings":"","footnotes":""},"categories":[18],"tags":[],"class_list":["post-20710","page","type-page","status-publish","hentry","category-unkategorisiert"],"yoast_head":"<!-- This site is optimized with the Yoast SEO plugin v27.4 - https:\/\/yoast.com\/product\/yoast-seo-wordpress\/ -->\n<title>Verwendung von Cookies - KITTFORT.CZ<\/title>\n<meta name=\"robots\" content=\"index, follow, max-snippet:-1, max-image-preview:large, max-video-preview:-1\" \/>\n<link rel=\"canonical\" href=\"https:\/\/www.kittfort.cz\/de\/verwendung-von-cookies\/\" \/>\n<meta property=\"og:locale\" content=\"de_DE\" \/>\n<meta property=\"og:type\" content=\"article\" \/>\n<meta property=\"og:title\" content=\"Verwendung von Cookies - KITTFORT.CZ\" \/>\n<meta property=\"og:description\" content=\"Unsere Webseiten www.kittfort.cz verwenden Cookies, da wir mehr \u00fcber die Art und Weise, wie die Besucher mit dem Inhalt unsererRead more &raquo;\" \/>\n<meta property=\"og:url\" content=\"https:\/\/www.kittfort.cz\/de\/verwendung-von-cookies\/\" \/>\n<meta property=\"og:site_name\" content=\"KITTFORT.CZ\" \/>\n<meta property=\"article:publisher\" content=\"https:\/\/www.facebook.com\/kittfort\" \/>\n<meta property=\"article:modified_time\" content=\"2023-05-11T14:34:42+00:00\" \/>\n<meta name=\"twitter:card\" content=\"summary_large_image\" \/>\n<meta name=\"twitter:label1\" content=\"Gesch\u00e4tzte Lesezeit\" \/>\n\t<meta name=\"twitter:data1\" content=\"1\u00a0Minute\" \/>\n<script type=\"application\/ld+json\" class=\"yoast-schema-graph\">{\"@context\":\"https:\\\/\\\/schema.org\",\"@graph\":[{\"@type\":\"WebPage\",\"@id\":\"https:\\\/\\\/www.kittfort.cz\\\/de\\\/verwendung-von-cookies\\\/\",\"url\":\"https:\\\/\\\/www.kittfort.cz\\\/de\\\/verwendung-von-cookies\\\/\",\"name\":\"Verwendung von Cookies - KITTFORT.CZ\",\"isPartOf\":{\"@id\":\"https:\\\/\\\/www.kittfort.cz\\\/bg\\\/#website\"},\"datePublished\":\"2018-05-21T17:40:58+00:00\",\"dateModified\":\"2023-05-11T14:34:42+00:00\",\"breadcrumb\":{\"@id\":\"https:\\\/\\\/www.kittfort.cz\\\/de\\\/verwendung-von-cookies\\\/#breadcrumb\"},\"inLanguage\":\"de\",\"potentialAction\":[{\"@type\":\"ReadAction\",\"target\":[\"https:\\\/\\\/www.kittfort.cz\\\/de\\\/verwendung-von-cookies\\\/\"]}]},{\"@type\":\"BreadcrumbList\",\"@id\":\"https:\\\/\\\/www.kittfort.cz\\\/de\\\/verwendung-von-cookies\\\/#breadcrumb\",\"itemListElement\":[{\"@type\":\"ListItem\",\"position\":1,\"name\":\"Dom\u016f\",\"item\":\"https:\\\/\\\/www.kittfort.cz\\\/de\\\/startseite\\\/\"},{\"@type\":\"ListItem\",\"position\":2,\"name\":\"Verwendung von Cookies\"}]},{\"@type\":\"WebSite\",\"@id\":\"https:\\\/\\\/www.kittfort.cz\\\/bg\\\/#website\",\"url\":\"https:\\\/\\\/www.kittfort.cz\\\/bg\\\/\",\"name\":\"KITTFORT.CZ\",\"description\":\"tschechische produkte von h\u00f6chster qualit\u00e4t\",\"publisher\":{\"@id\":\"https:\\\/\\\/www.kittfort.cz\\\/bg\\\/#organization\"},\"potentialAction\":[{\"@type\":\"SearchAction\",\"target\":{\"@type\":\"EntryPoint\",\"urlTemplate\":\"https:\\\/\\\/www.kittfort.cz\\\/bg\\\/?s={search_term_string}\"},\"query-input\":{\"@type\":\"PropertyValueSpecification\",\"valueRequired\":true,\"valueName\":\"search_term_string\"}}],\"inLanguage\":\"de\"},{\"@type\":\"Organization\",\"@id\":\"https:\\\/\\\/www.kittfort.cz\\\/bg\\\/#organization\",\"name\":\"KITTFORT Praha\",\"url\":\"https:\\\/\\\/www.kittfort.cz\\\/bg\\\/\",\"logo\":{\"@type\":\"ImageObject\",\"inLanguage\":\"de\",\"@id\":\"https:\\\/\\\/www.kittfort.cz\\\/bg\\\/#\\\/schema\\\/logo\\\/image\\\/\",\"url\":\"https:\\\/\\\/www.kittfort.cz\\\/wp-content\\\/uploads\\\/2019\\\/06\\\/KITTFORT-logo-ver-2018.png\",\"contentUrl\":\"https:\\\/\\\/www.kittfort.cz\\\/wp-content\\\/uploads\\\/2019\\\/06\\\/KITTFORT-logo-ver-2018.png\",\"width\":500,\"height\":151,\"caption\":\"KITTFORT Praha\"},\"image\":{\"@id\":\"https:\\\/\\\/www.kittfort.cz\\\/bg\\\/#\\\/schema\\\/logo\\\/image\\\/\"},\"sameAs\":[\"https:\\\/\\\/www.facebook.com\\\/kittfort\",\"https:\\\/\\\/instagram.com\\\/kittfort.cz\"]}]}<\/script>\n<!-- \/ Yoast SEO plugin. -->","yoast_head_json":{"title":"Verwendung von Cookies - KITTFORT.CZ","robots":{"index":"index","follow":"follow","max-snippet":"max-snippet:-1","max-image-preview":"max-image-preview:large","max-video-preview":"max-video-preview:-1"},"canonical":"https:\/\/www.kittfort.cz\/de\/verwendung-von-cookies\/","og_locale":"de_DE","og_type":"article","og_title":"Verwendung von Cookies - KITTFORT.CZ","og_description":"Unsere Webseiten www.kittfort.cz verwenden Cookies, da wir mehr \u00fcber die Art und Weise, wie die Besucher mit dem Inhalt unsererRead more &raquo;","og_url":"https:\/\/www.kittfort.cz\/de\/verwendung-von-cookies\/","og_site_name":"KITTFORT.CZ","article_publisher":"https:\/\/www.facebook.com\/kittfort","article_modified_time":"2023-05-11T14:34:42+00:00","twitter_card":"summary_large_image","twitter_misc":{"Gesch\u00e4tzte Lesezeit":"1\u00a0Minute"},"schema":{"@context":"https:\/\/schema.org","@graph":[{"@type":"WebPage","@id":"https:\/\/www.kittfort.cz\/de\/verwendung-von-cookies\/","url":"https:\/\/www.kittfort.cz\/de\/verwendung-von-cookies\/","name":"Verwendung von Cookies - KITTFORT.CZ","isPartOf":{"@id":"https:\/\/www.kittfort.cz\/bg\/#website"},"datePublished":"2018-05-21T17:40:58+00:00","dateModified":"2023-05-11T14:34:42+00:00","breadcrumb":{"@id":"https:\/\/www.kittfort.cz\/de\/verwendung-von-cookies\/#breadcrumb"},"inLanguage":"de","potentialAction":[{"@type":"ReadAction","target":["https:\/\/www.kittfort.cz\/de\/verwendung-von-cookies\/"]}]},{"@type":"BreadcrumbList","@id":"https:\/\/www.kittfort.cz\/de\/verwendung-von-cookies\/#breadcrumb","itemListElement":[{"@type":"ListItem","position":1,"name":"Dom\u016f","item":"https:\/\/www.kittfort.cz\/de\/startseite\/"},{"@type":"ListItem","position":2,"name":"Verwendung von Cookies"}]},{"@type":"WebSite","@id":"https:\/\/www.kittfort.cz\/bg\/#website","url":"https:\/\/www.kittfort.cz\/bg\/","name":"KITTFORT.CZ","description":"tschechische produkte von h\u00f6chster qualit\u00e4t","publisher":{"@id":"https:\/\/www.kittfort.cz\/bg\/#organization"},"potentialAction":[{"@type":"SearchAction","target":{"@type":"EntryPoint","urlTemplate":"https:\/\/www.kittfort.cz\/bg\/?s={search_term_string}"},"query-input":{"@type":"PropertyValueSpecification","valueRequired":true,"valueName":"search_term_string"}}],"inLanguage":"de"},{"@type":"Organization","@id":"https:\/\/www.kittfort.cz\/bg\/#organization","name":"KITTFORT Praha","url":"https:\/\/www.kittfort.cz\/bg\/","logo":{"@type":"ImageObject","inLanguage":"de","@id":"https:\/\/www.kittfort.cz\/bg\/#\/schema\/logo\/image\/","url":"https:\/\/www.kittfort.cz\/wp-content\/uploads\/2019\/06\/KITTFORT-logo-ver-2018.png","contentUrl":"https:\/\/www.kittfort.cz\/wp-content\/uploads\/2019\/06\/KITTFORT-logo-ver-2018.png","width":500,"height":151,"caption":"KITTFORT Praha"},"image":{"@id":"https:\/\/www.kittfort.cz\/bg\/#\/schema\/logo\/image\/"},"sameAs":["https:\/\/www.facebook.com\/kittfort","https:\/\/instagram.com\/kittfort.cz"]}]}},"rttpg_featured_image_url":null,"rttpg_author":{"display_name":"kittfort","author_link":"https:\/\/www.kittfort.cz\/de\/author\/kittfortcz\/"},"rttpg_comment":0,"rttpg_category":" <a href=\"https:\/\/www.kittfort.cz\/de\/category\/unkategorisiert\/\" rel=\"tag\">Unkategorisiert<\/a>","rttpg_excerpt":"Unsere Webseiten www.kittfort.cz verwenden Cookies, da wir mehr \u00fcber die Art und Weise, wie die Besucher mit dem Inhalt unsererRead more &raquo;","_links":{"self":[{"href":"https:\/\/www.kittfort.cz\/de\/wp-json\/wp\/v2\/pages\/20710","targetHints":{"allow":["GET"]}}],"collection":[{"href":"https:\/\/www.kittfort.cz\/de\/wp-json\/wp\/v2\/pages"}],"about":[{"href":"https:\/\/www.kittfort.cz\/de\/wp-json\/wp\/v2\/types\/page"}],"author":[{"embeddable":true,"href":"https:\/\/www.kittfort.cz\/de\/wp-json\/wp\/v2\/users\/1"}],"replies":[{"embeddable":true,"href":"https:\/\/www.kittfort.cz\/de\/wp-json\/wp\/v2\/comments?post=20710"}],"version-history":[{"count":0,"href":"https:\/\/www.kittfort.cz\/de\/wp-json\/wp\/v2\/pages\/20710\/revisions"}],"wp:attachment":[{"href":"https:\/\/www.kittfort.cz\/de\/wp-json\/wp\/v2\/media?parent=20710"}],"wp:term":[{"taxonomy":"category","embeddable":true,"href":"https:\/\/www.kittfort.cz\/de\/wp-json\/wp\/v2\/categories?post=20710"},{"taxonomy":"post_tag","embeddable":true,"href":"https:\/\/www.kittfort.cz\/de\/wp-json\/wp\/v2\/tags?post=20710"}],"curies":[{"name":"wp","href":"https:\/\/api.w.org\/{rel}","templated":true}]}}