{"id":17420,"date":"2017-08-14T08:40:06","date_gmt":"2017-08-14T06:40:06","guid":{"rendered":"http:\/\/www.kittfort.cz\/?page_id=17420\/"},"modified":"2023-05-11T22:04:30","modified_gmt":"2023-05-11T20:04:30","slug":"other-products","status":"publish","type":"page","link":"https:\/\/www.kittfort.cz\/en\/products\/other-products\/","title":{"rendered":"Other products"},"content":{"rendered":"<style type='text\/css' media='all'>#rt-tpg-container-231705555 .rt-holder .rt-woo-info .price{color:#1aa108;}body .rt-tpg-container .rt-tpg-isotope-buttons .selected,\n\t\t\t\t\t#rt-tpg-container-231705555 .layout12 .rt-holder:hover .rt-detail,\n\t\t\t\t\t#rt-tpg-container-231705555 .isotope8 .rt-holder:hover .rt-detail,\n\t\t\t\t\t#rt-tpg-container-231705555 .carousel8 .rt-holder:hover .rt-detail,\n\t\t\t\t\t#rt-tpg-container-231705555 .layout13 .rt-holder .overlay .post-info,\n\t\t\t\t\t#rt-tpg-container-231705555 .isotope9 .rt-holder .overlay .post-info,\n\t\t\t\t\t#rt-tpg-container-231705555.rt-tpg-container .layout4 .rt-holder .rt-detail,\n\t\t\t\t\t.rt-modal-231705555 .md-content,\n\t\t\t\t\t.rt-modal-231705555 .md-content > .rt-md-content-holder .rt-md-content,\n\t\t\t\t\t.rt-popup-wrap-231705555.rt-popup-wrap .rt-popup-navigation-wrap,\n\t\t\t\t\t#rt-tpg-container-231705555 .carousel9 .rt-holder .overlay .post-info{background-color:#1aa108;}#rt-tpg-container-231705555 .layout5 .rt-holder .overlay, #rt-tpg-container-231705555 .isotope2 .rt-holder .overlay, #rt-tpg-container-231705555 .carousel2 .rt-holder .overlay,#rt-tpg-container-231705555 .layout15 .rt-holder h3, #rt-tpg-container-231705555 .isotope11 .rt-holder h3, #rt-tpg-container-231705555 .carousel11 .rt-holder h3, #rt-tpg-container-231705555 .layout16 .rt-holder h3,\n\t\t\t\t\t#rt-tpg-container-231705555 .isotope12 .rt-holder h3, #rt-tpg-container-231705555 .carousel12 .rt-holder h3 {background-color:rgba(26,161,8,0.1);}#rt-tpg-container-231705555 .read-more a{border-radius:px;}#rt-tpg-container-231705555 .rt-img-holder img.rt-img-responsive,#rt-tpg-container-231705555 .rt-img-holder,\n\t\t\t\t\t#rt-tpg-container-231705555 .rt-post-overlay .post-img,\n\t\t\t\t\t#rt-tpg-container-231705555 .post-sm .post-img,\n\t\t\t\t\t#rt-tpg-container-231705555 .rt-post-grid .post-img,\n\t\t\t\t\t#rt-tpg-container-231705555 .post-img img {border-radius:px;}#rt-tpg-container-231705555 .isotope8 .rt-holder h2.entry-title,\n\t\t\t\t\t#rt-tpg-container-231705555 .isotope8 .rt-holder h3.entry-title,\n\t\t\t\t\t#rt-tpg-container-231705555 .isotope8 .rt-holder h4.entry-title,\n\t\t\t\t\t#rt-tpg-container-231705555 .isotope8 .rt-holder h2.entry-title a,\n\t\t\t\t\t#rt-tpg-container-231705555 .isotope8 .rt-holder h3.entry-title a,\n\t\t\t\t\t#rt-tpg-container-231705555 .isotope8 .rt-holder h4.entry-title a,\n\t\t\t\t\t#rt-tpg-container-231705555 .rt-holder .rt-woo-info h2 a,\n\t\t\t\t\t#rt-tpg-container-231705555 .rt-holder .rt-woo-info h3 a,\n\t\t\t\t\t#rt-tpg-container-231705555 .rt-holder .rt-woo-info h4 a,\n\t\t\t\t\t#rt-tpg-container-231705555 .post-content .post-title,\n\t\t\t\t\t#rt-tpg-container-231705555 .rt-post-grid .post-title,\n\t\t\t\t\t#rt-tpg-container-231705555 .rt-post-grid .post-title a,\n\t\t\t\t\t#rt-tpg-container-231705555 .post-content .post-title a,\n\t\t\t\t\t#rt-tpg-container-231705555 .rt-holder .rt-woo-info h2,\n\t\t\t\t\t#rt-tpg-container-231705555 .rt-holder .rt-woo-info h3,\n\t\t\t\t\t#rt-tpg-container-231705555 .rt-holder .rt-woo-info h4{font-size:18px;line-height:28px;}#rt-tpg-container-231705555 .post-grid-lg-style-1 .post-title,\n\t\t\t\t\t\t#rt-tpg-container-231705555 .post-grid-lg-style-1 .post-title a,\n\t\t\t\t\t\t#rt-tpg-container-231705555 .big-layout .post-title,\n\t\t\t\t\t\t#rt-tpg-container-231705555 .big-layout .post-title a,\n\t\t\t\t\t\t#rt-tpg-container-231705555 .post-grid-lg-style-1 .post-title,\n\t\t\t\t\t\t#rt-tpg-container-231705555 .post-grid-lg-style-1 .post-title a {font-size:26px;line-height:36px;}#rt-tpg-container-231705555 .isotope8 .rt-holder .tpg-excerpt,#rt-tpg-container-231705555 .isotope8 .tpg-excerpt,#rt-tpg-container-231705555 .isotope8 .rt-holder .post-content,#rt-tpg-container-231705555 .rt-holder .rt-woo-info p,#rt-tpg-container-231705555 .post-content p {font-size:14px;}<\/style><div class='rt-container-fluid rt-tpg-container tpg-shortcode-main-wrapper ' id='rt-tpg-container-231705555'   data-layout='isotope8' data-grid-style='even' data-desktop-col='4'  data-tab-col='2'  data-mobile-col='1' data-sc-id='17432'><div data-title='Loading ...' class='rt-row rt-content-loader   isotope8 tpg-pre-loader'><div class=\"tpg-iso-filter\"><div id='iso-button-231705555' class='rt-tpg-isotope-buttons button-group filter-button-group option-set' data-url='' data-count=''><button class=\"rt-iso-btn-other-products\" data-filter=\".iso_205\">Other products<\/button><\/div><\/div><div class='rt-tpg-isotope' id='iso-tpg-231705555'><div class=\"rt-col-md-3 rt-col-sm-6 rt-col-xs-12 even-grid-item rt-grid-item img_zoom_in isotope-item iso_205 rt-item-other-products\" data-id=\"17414\"><div class=\"rt-holder\"><div class=\"rt-img-holder\"><a data-id='17414' class='' href='https:\/\/www.kittfort.cz\/en\/products\/other-products\/santyr-potassium-nitrate-e-252\/'><img loading=\"lazy\" decoding=\"async\" width=\"400\" height=\"250\" src=\"https:\/\/www.kittfort.cz\/wp-content\/uploads\/2026\/04\/sanytr.png\" class=\"rt-img-responsive \" alt=\"Sanytr\" \/><\/a><\/div> <div class='rt-detail'><h4 class=\"entry-title\"><a data-id=\"17414\" class=\"\" href=\"https:\/\/www.kittfort.cz\/en\/products\/other-products\/santyr-potassium-nitrate-e-252\/\">Santyr &#8211; potassium nitrate E&nbsp;252<\/a><\/h4><div class='tpg-excerpt'>Food additive for marinating meat before being smoked...<\/div><\/div><\/div><\/div><div class=\"rt-col-md-3 rt-col-sm-6 rt-col-xs-12 even-grid-item rt-grid-item img_zoom_in isotope-item iso_205 rt-item-other-products\" data-id=\"17429\"><div class=\"rt-holder\"><div class=\"rt-img-holder\"><a data-id='17429' class='' href='https:\/\/www.kittfort.cz\/en\/products\/other-products\/citric-acid-e-330\/'><img loading=\"lazy\" decoding=\"async\" width=\"400\" height=\"250\" src=\"https:\/\/www.kittfort.cz\/wp-content\/uploads\/2026\/04\/kyselina-citronova.png\" class=\"rt-img-responsive \" alt=\"Kyselina citronov\u00e1\" \/><\/a><\/div> <div class='rt-detail'><h4 class=\"entry-title\"><a data-id=\"17429\" class=\"\" href=\"https:\/\/www.kittfort.cz\/en\/products\/other-products\/citric-acid-e-330\/\">Citric acid E&nbsp;330<\/a><\/h4><div class='tpg-excerpt'>Used in the food industry for flavouring food and as a preservative and flavouring for...<\/div><\/div><\/div><\/div><div class=\"rt-col-md-3 rt-col-sm-6 rt-col-xs-12 even-grid-item rt-grid-item img_zoom_in isotope-item iso_205 rt-item-other-products\" data-id=\"17435\"><div class=\"rt-holder\"><div class=\"rt-img-holder\"><a data-id='17435' class='' href='https:\/\/www.kittfort.cz\/en\/products\/other-products\/sorbic-acid-e-200\/'><img loading=\"lazy\" decoding=\"async\" width=\"400\" height=\"250\" src=\"https:\/\/www.kittfort.cz\/wp-content\/uploads\/2026\/04\/kyselina-sorbova.png\" class=\"rt-img-responsive \" alt=\"Kyselina sorbov\u00e1\" \/><\/a><\/div> <div class='rt-detail'><h4 class=\"entry-title\"><a data-id=\"17435\" class=\"\" href=\"https:\/\/www.kittfort.cz\/en\/products\/other-products\/sorbic-acid-e-200\/\">Sorbic acid E&nbsp;200<\/a><\/h4><div class='tpg-excerpt'>Used as a food preservative...<\/div><\/div><\/div><\/div><div class=\"rt-col-md-3 rt-col-sm-6 rt-col-xs-12 even-grid-item rt-grid-item img_zoom_in isotope-item iso_205 rt-item-other-products\" data-id=\"17437\"><div class=\"rt-holder\"><div class=\"rt-img-holder\"><a data-id='17437' class='' href='https:\/\/www.kittfort.cz\/en\/products\/other-products\/potassium-metabisulfite-e-224\/'><img loading=\"lazy\" decoding=\"async\" width=\"400\" height=\"250\" src=\"https:\/\/www.kittfort.cz\/wp-content\/uploads\/2026\/04\/pyrosiricitan-draselny.png\" class=\"rt-img-responsive \" alt=\"Pyrosi\u0159i\u010ditan draseln\u00fd\" \/><\/a><\/div> <div class='rt-detail'><h4 class=\"entry-title\"><a data-id=\"17437\" class=\"\" href=\"https:\/\/www.kittfort.cz\/en\/products\/other-products\/potassium-metabisulfite-e-224\/\">Potassium metabisulfite E&nbsp;224<\/a><\/h4><div class='tpg-excerpt'>Used for sulfurisation of wine, disinfecting barrels and bottles, and preserving food...<\/div><\/div><\/div><\/div><div class=\"rt-col-md-3 rt-col-sm-6 rt-col-xs-12 even-grid-item rt-grid-item img_zoom_in isotope-item iso_205 rt-item-other-products\" data-id=\"42339\"><div class=\"rt-holder\"><div class=\"rt-img-holder\"><a data-id='42339' class='' href='https:\/\/www.kittfort.cz\/en\/products\/other-products\/talcum-powder-for-gloves\/'><img loading=\"lazy\" decoding=\"async\" width=\"400\" height=\"250\" src=\"https:\/\/www.kittfort.cz\/wp-content\/uploads\/2022\/10\/klouzek.png\" class=\"rt-img-responsive \" alt=\"Klouzek\" \/><\/a><\/div> <div class='rt-detail'><h4 class=\"entry-title\"><a data-id=\"42339\" class=\"\" href=\"https:\/\/www.kittfort.cz\/en\/products\/other-products\/talcum-powder-for-gloves\/\">Talcum powder for gloves<\/a><\/h4><div class='tpg-excerpt'>For repeated use and easy donning of rubber gloves...<\/div><\/div><\/div><\/div><\/div><div class=\"isotope-term-no-post\"><p>No post found<\/p><\/div><div class=\"rt-loading-overlay\"><\/div><div class=\"rt-loading rt-ball-clip-rotate\"><div><\/div><\/div><\/div><div class='rt-pagination-wrap' data-total-pages='1' data-posts-per-page='8' data-type='load_on_scroll'  ><div class='rt-infinite-action'>\n\t\t\t\t\t\t\t\t\t\t\t\t<div class='rt-infinite-loading la-fire la-2x'>\n\t\t\t\t\t\t\t\t\t\t\t\t\t<div><\/div>\n\t\t\t\t\t\t\t\t\t\t\t\t\t<div><\/div>\n\t\t\t\t\t\t\t\t\t\t\t\t\t<div><\/div>\n\t\t\t\t\t\t\t\t\t\t\t\t<\/div>\n\t\t\t\t\t\t\t\t\t\t\t<\/div><\/div><\/div>\n","protected":false},"excerpt":{"rendered":"Talcum powder for gloves For repeated use and easy donning of rubber gloves. To reduce friction and prevent materials from<p class=\"readmore\"><a href=\"https:\/\/www.kittfort.cz\/en\/products\/other-products\/talcum-powder-for-gloves\/\" title=\"Read Talcum powder for gloves\">Read more &raquo;<\/a><\/p>","protected":false},"author":1,"featured_media":40174,"parent":17418,"menu_order":312,"comment_status":"closed","ping_status":"closed","template":"full-page.php","meta":{"pgc_sgb_lightbox_settings":"","footnotes":""},"categories":[78],"tags":[],"class_list":["post-17420","page","type-page","status-publish","has-post-thumbnail","hentry","category-products"],"yoast_head":"<!-- This site is optimized with the Yoast SEO plugin v27.5 - https:\/\/yoast.com\/product\/yoast-seo-wordpress\/ -->\n<title>Other products - kittfort.cz<\/title>\n<meta name=\"robots\" content=\"index, follow, max-snippet:-1, max-image-preview:large, max-video-preview:-1\" \/>\n<link rel=\"canonical\" href=\"https:\/\/www.kittfort.cz\/en\/products\/other-products\/\" \/>\n<meta property=\"og:locale\" content=\"en_US\" \/>\n<meta property=\"og:type\" content=\"article\" \/>\n<meta property=\"og:title\" content=\"Other products - kittfort.cz\" \/>\n<meta property=\"og:url\" content=\"https:\/\/www.kittfort.cz\/en\/products\/other-products\/\" \/>\n<meta property=\"og:site_name\" content=\"kittfort.cz\" \/>\n<meta property=\"article:publisher\" content=\"https:\/\/www.facebook.com\/kittfort\" \/>\n<meta property=\"article:modified_time\" content=\"2023-05-11T20:04:30+00:00\" \/>\n<meta property=\"og:image\" content=\"https:\/\/www.kittfort.cz\/wp-content\/uploads\/2022\/04\/ostatni-2.png\" \/>\n\t<meta property=\"og:image:width\" content=\"600\" \/>\n\t<meta property=\"og:image:height\" content=\"375\" \/>\n\t<meta property=\"og:image:type\" content=\"image\/png\" \/>\n<meta name=\"twitter:card\" content=\"summary_large_image\" \/>\n<script type=\"application\/ld+json\" class=\"yoast-schema-graph\">{\"@context\":\"https:\\\/\\\/schema.org\",\"@graph\":[{\"@type\":\"WebPage\",\"@id\":\"https:\\\/\\\/www.kittfort.cz\\\/en\\\/products\\\/other-products\\\/\",\"url\":\"https:\\\/\\\/www.kittfort.cz\\\/en\\\/products\\\/other-products\\\/\",\"name\":\"Other products - kittfort.cz\",\"isPartOf\":{\"@id\":\"https:\\\/\\\/www.kittfort.cz\\\/bg\\\/#website\"},\"primaryImageOfPage\":{\"@id\":\"https:\\\/\\\/www.kittfort.cz\\\/en\\\/products\\\/other-products\\\/#primaryimage\"},\"image\":{\"@id\":\"https:\\\/\\\/www.kittfort.cz\\\/en\\\/products\\\/other-products\\\/#primaryimage\"},\"thumbnailUrl\":\"https:\\\/\\\/www.kittfort.cz\\\/wp-content\\\/uploads\\\/2022\\\/04\\\/ostatni-2.png\",\"datePublished\":\"2017-08-14T06:40:06+00:00\",\"dateModified\":\"2023-05-11T20:04:30+00:00\",\"breadcrumb\":{\"@id\":\"https:\\\/\\\/www.kittfort.cz\\\/en\\\/products\\\/other-products\\\/#breadcrumb\"},\"inLanguage\":\"en-US\",\"potentialAction\":[{\"@type\":\"ReadAction\",\"target\":[\"https:\\\/\\\/www.kittfort.cz\\\/en\\\/products\\\/other-products\\\/\"]}]},{\"@type\":\"ImageObject\",\"inLanguage\":\"en-US\",\"@id\":\"https:\\\/\\\/www.kittfort.cz\\\/en\\\/products\\\/other-products\\\/#primaryimage\",\"url\":\"https:\\\/\\\/www.kittfort.cz\\\/wp-content\\\/uploads\\\/2022\\\/04\\\/ostatni-2.png\",\"contentUrl\":\"https:\\\/\\\/www.kittfort.cz\\\/wp-content\\\/uploads\\\/2022\\\/04\\\/ostatni-2.png\",\"width\":600,\"height\":375},{\"@type\":\"BreadcrumbList\",\"@id\":\"https:\\\/\\\/www.kittfort.cz\\\/en\\\/products\\\/other-products\\\/#breadcrumb\",\"itemListElement\":[{\"@type\":\"ListItem\",\"position\":1,\"name\":\"Dom\u016f\",\"item\":\"https:\\\/\\\/www.kittfort.cz\\\/en\\\/homepage\\\/\"},{\"@type\":\"ListItem\",\"position\":2,\"name\":\"Products\",\"item\":\"https:\\\/\\\/www.kittfort.cz\\\/en\\\/products\\\/\"},{\"@type\":\"ListItem\",\"position\":3,\"name\":\"Other products\"}]},{\"@type\":\"WebSite\",\"@id\":\"https:\\\/\\\/www.kittfort.cz\\\/bg\\\/#website\",\"url\":\"https:\\\/\\\/www.kittfort.cz\\\/bg\\\/\",\"name\":\"KITTFORT.CZ\",\"description\":\"czech products of highest quality\",\"publisher\":{\"@id\":\"https:\\\/\\\/www.kittfort.cz\\\/bg\\\/#organization\"},\"potentialAction\":[{\"@type\":\"SearchAction\",\"target\":{\"@type\":\"EntryPoint\",\"urlTemplate\":\"https:\\\/\\\/www.kittfort.cz\\\/bg\\\/?s={search_term_string}\"},\"query-input\":{\"@type\":\"PropertyValueSpecification\",\"valueRequired\":true,\"valueName\":\"search_term_string\"}}],\"inLanguage\":\"en-US\"},{\"@type\":\"Organization\",\"@id\":\"https:\\\/\\\/www.kittfort.cz\\\/bg\\\/#organization\",\"name\":\"KITTFORT Praha\",\"url\":\"https:\\\/\\\/www.kittfort.cz\\\/bg\\\/\",\"logo\":{\"@type\":\"ImageObject\",\"inLanguage\":\"en-US\",\"@id\":\"https:\\\/\\\/www.kittfort.cz\\\/bg\\\/#\\\/schema\\\/logo\\\/image\\\/\",\"url\":\"https:\\\/\\\/www.kittfort.cz\\\/wp-content\\\/uploads\\\/2019\\\/06\\\/KITTFORT-logo-ver-2018.png\",\"contentUrl\":\"https:\\\/\\\/www.kittfort.cz\\\/wp-content\\\/uploads\\\/2019\\\/06\\\/KITTFORT-logo-ver-2018.png\",\"width\":500,\"height\":151,\"caption\":\"KITTFORT Praha\"},\"image\":{\"@id\":\"https:\\\/\\\/www.kittfort.cz\\\/bg\\\/#\\\/schema\\\/logo\\\/image\\\/\"},\"sameAs\":[\"https:\\\/\\\/www.facebook.com\\\/kittfort\",\"https:\\\/\\\/instagram.com\\\/kittfort.cz\"]}]}<\/script>\n<!-- \/ Yoast SEO plugin. -->","yoast_head_json":{"title":"Other products - kittfort.cz","robots":{"index":"index","follow":"follow","max-snippet":"max-snippet:-1","max-image-preview":"max-image-preview:large","max-video-preview":"max-video-preview:-1"},"canonical":"https:\/\/www.kittfort.cz\/en\/products\/other-products\/","og_locale":"en_US","og_type":"article","og_title":"Other products - kittfort.cz","og_url":"https:\/\/www.kittfort.cz\/en\/products\/other-products\/","og_site_name":"kittfort.cz","article_publisher":"https:\/\/www.facebook.com\/kittfort","article_modified_time":"2023-05-11T20:04:30+00:00","og_image":[{"width":600,"height":375,"url":"https:\/\/www.kittfort.cz\/wp-content\/uploads\/2022\/04\/ostatni-2.png","type":"image\/png"}],"twitter_card":"summary_large_image","schema":{"@context":"https:\/\/schema.org","@graph":[{"@type":"WebPage","@id":"https:\/\/www.kittfort.cz\/en\/products\/other-products\/","url":"https:\/\/www.kittfort.cz\/en\/products\/other-products\/","name":"Other products - kittfort.cz","isPartOf":{"@id":"https:\/\/www.kittfort.cz\/bg\/#website"},"primaryImageOfPage":{"@id":"https:\/\/www.kittfort.cz\/en\/products\/other-products\/#primaryimage"},"image":{"@id":"https:\/\/www.kittfort.cz\/en\/products\/other-products\/#primaryimage"},"thumbnailUrl":"https:\/\/www.kittfort.cz\/wp-content\/uploads\/2022\/04\/ostatni-2.png","datePublished":"2017-08-14T06:40:06+00:00","dateModified":"2023-05-11T20:04:30+00:00","breadcrumb":{"@id":"https:\/\/www.kittfort.cz\/en\/products\/other-products\/#breadcrumb"},"inLanguage":"en-US","potentialAction":[{"@type":"ReadAction","target":["https:\/\/www.kittfort.cz\/en\/products\/other-products\/"]}]},{"@type":"ImageObject","inLanguage":"en-US","@id":"https:\/\/www.kittfort.cz\/en\/products\/other-products\/#primaryimage","url":"https:\/\/www.kittfort.cz\/wp-content\/uploads\/2022\/04\/ostatni-2.png","contentUrl":"https:\/\/www.kittfort.cz\/wp-content\/uploads\/2022\/04\/ostatni-2.png","width":600,"height":375},{"@type":"BreadcrumbList","@id":"https:\/\/www.kittfort.cz\/en\/products\/other-products\/#breadcrumb","itemListElement":[{"@type":"ListItem","position":1,"name":"Dom\u016f","item":"https:\/\/www.kittfort.cz\/en\/homepage\/"},{"@type":"ListItem","position":2,"name":"Products","item":"https:\/\/www.kittfort.cz\/en\/products\/"},{"@type":"ListItem","position":3,"name":"Other products"}]},{"@type":"WebSite","@id":"https:\/\/www.kittfort.cz\/bg\/#website","url":"https:\/\/www.kittfort.cz\/bg\/","name":"KITTFORT.CZ","description":"czech products of highest quality","publisher":{"@id":"https:\/\/www.kittfort.cz\/bg\/#organization"},"potentialAction":[{"@type":"SearchAction","target":{"@type":"EntryPoint","urlTemplate":"https:\/\/www.kittfort.cz\/bg\/?s={search_term_string}"},"query-input":{"@type":"PropertyValueSpecification","valueRequired":true,"valueName":"search_term_string"}}],"inLanguage":"en-US"},{"@type":"Organization","@id":"https:\/\/www.kittfort.cz\/bg\/#organization","name":"KITTFORT Praha","url":"https:\/\/www.kittfort.cz\/bg\/","logo":{"@type":"ImageObject","inLanguage":"en-US","@id":"https:\/\/www.kittfort.cz\/bg\/#\/schema\/logo\/image\/","url":"https:\/\/www.kittfort.cz\/wp-content\/uploads\/2019\/06\/KITTFORT-logo-ver-2018.png","contentUrl":"https:\/\/www.kittfort.cz\/wp-content\/uploads\/2019\/06\/KITTFORT-logo-ver-2018.png","width":500,"height":151,"caption":"KITTFORT Praha"},"image":{"@id":"https:\/\/www.kittfort.cz\/bg\/#\/schema\/logo\/image\/"},"sameAs":["https:\/\/www.facebook.com\/kittfort","https:\/\/instagram.com\/kittfort.cz"]}]}},"rttpg_featured_image_url":{"full":["https:\/\/www.kittfort.cz\/wp-content\/uploads\/2022\/04\/ostatni-2.png",600,375,false],"landscape":["https:\/\/www.kittfort.cz\/wp-content\/uploads\/2022\/04\/ostatni-2.png",600,375,false],"portraits":["https:\/\/www.kittfort.cz\/wp-content\/uploads\/2022\/04\/ostatni-2.png",600,375,false],"thumbnail":["https:\/\/www.kittfort.cz\/wp-content\/uploads\/2022\/04\/ostatni-2-320x200.png",320,200,true],"medium":["https:\/\/www.kittfort.cz\/wp-content\/uploads\/2022\/04\/ostatni-2-400x250.png",400,250,true],"large":["https:\/\/www.kittfort.cz\/wp-content\/uploads\/2022\/04\/ostatni-2.png",600,375,false],"timeline-express":["https:\/\/www.kittfort.cz\/wp-content\/uploads\/2022\/04\/ostatni-2-350x120.png",350,120,true],"timeline-express-thumbnail":["https:\/\/www.kittfort.cz\/wp-content\/uploads\/2022\/04\/ostatni-2-200x120.png",200,120,true],"1536x1536":["https:\/\/www.kittfort.cz\/wp-content\/uploads\/2022\/04\/ostatni-2.png",600,375,false],"2048x2048":["https:\/\/www.kittfort.cz\/wp-content\/uploads\/2022\/04\/ostatni-2.png",600,375,false],"post-thumbnail":["https:\/\/www.kittfort.cz\/wp-content\/uploads\/2022\/04\/ostatni-2-250x250.png",250,250,true],"rpwe-thumbnail":["https:\/\/www.kittfort.cz\/wp-content\/uploads\/2022\/04\/ostatni-2-45x45.png",45,45,true],"fpw_square":["https:\/\/www.kittfort.cz\/wp-content\/uploads\/2022\/04\/ostatni-2-200x200.png",200,200,true],"fpw_banner":["https:\/\/www.kittfort.cz\/wp-content\/uploads\/2022\/04\/ostatni-2-400x150.png",400,150,true],"fpw_big":["https:\/\/www.kittfort.cz\/wp-content\/uploads\/2022\/04\/ostatni-2-400x250.png",400,250,true],"rt_custom":["https:\/\/www.kittfort.cz\/wp-content\/uploads\/2022\/04\/ostatni-2.png",600,375,false]},"rttpg_author":{"display_name":"kittfort","author_link":"https:\/\/www.kittfort.cz\/en\/author\/kittfortcz\/"},"rttpg_comment":0,"rttpg_category":" <a href=\"https:\/\/www.kittfort.cz\/en\/category\/products\/\" rel=\"tag\">Products<\/a>","rttpg_excerpt":null,"_links":{"self":[{"href":"https:\/\/www.kittfort.cz\/en\/wp-json\/wp\/v2\/pages\/17420","targetHints":{"allow":["GET"]}}],"collection":[{"href":"https:\/\/www.kittfort.cz\/en\/wp-json\/wp\/v2\/pages"}],"about":[{"href":"https:\/\/www.kittfort.cz\/en\/wp-json\/wp\/v2\/types\/page"}],"author":[{"embeddable":true,"href":"https:\/\/www.kittfort.cz\/en\/wp-json\/wp\/v2\/users\/1"}],"replies":[{"embeddable":true,"href":"https:\/\/www.kittfort.cz\/en\/wp-json\/wp\/v2\/comments?post=17420"}],"version-history":[{"count":0,"href":"https:\/\/www.kittfort.cz\/en\/wp-json\/wp\/v2\/pages\/17420\/revisions"}],"up":[{"embeddable":true,"href":"https:\/\/www.kittfort.cz\/en\/wp-json\/wp\/v2\/pages\/17418"}],"wp:featuredmedia":[{"embeddable":true,"href":"https:\/\/www.kittfort.cz\/en\/wp-json\/wp\/v2\/media\/40174"}],"wp:attachment":[{"href":"https:\/\/www.kittfort.cz\/en\/wp-json\/wp\/v2\/media?parent=17420"}],"wp:term":[{"taxonomy":"category","embeddable":true,"href":"https:\/\/www.kittfort.cz\/en\/wp-json\/wp\/v2\/categories?post=17420"},{"taxonomy":"post_tag","embeddable":true,"href":"https:\/\/www.kittfort.cz\/en\/wp-json\/wp\/v2\/tags?post=17420"}],"curies":[{"name":"wp","href":"https:\/\/api.w.org\/{rel}","templated":true}]}}