{"id":10191,"date":"2016-08-30T14:53:46","date_gmt":"2016-08-30T12:53:46","guid":{"rendered":"http:\/\/www.kittfort.cz\/hu\/?page_id=10191"},"modified":"2025-04-28T18:33:29","modified_gmt":"2025-04-28T16:33:29","slug":"fakitt-2k-polieszteres-tomito","status":"publish","type":"page","link":"https:\/\/www.kittfort.cz\/hu\/termekek\/tomitok-glettek-gipszek\/fakitt-2k-polieszteres-tomito\/","title":{"rendered":"Fakitt 2K Poli\u00e9szteres t\u00f6m\u00edt\u0151"},"content":{"rendered":"\n<div class=\"wp-block-columns is-layout-flex wp-container-core-columns-is-layout-9d6595d7 wp-block-columns-is-layout-flex\">\n<div class=\"wp-block-column is-vertically-aligned-center is-layout-flow wp-block-column-is-layout-flow\"><div class=\"pgc-sgb-cb wp-block-pgcsimplygalleryblock-viewer \" data-gallery-id=\"4f655916\"><div class=\"sgb-preloader\" id=\"pr_4f655916\">\n\t<div class=\"sgb-square\" style=\"background:#d4d4d4\"><\/div>\n\t<div class=\"sgb-square\" style=\"background:#d4d4d4\"><\/div>\n\t<div class=\"sgb-square\" style=\"background:#d4d4d4\"><\/div>\n\t<div class=\"sgb-square\" style=\"background:#d4d4d4\"><\/div><\/div><div class=\"simply-gallery-amp pgc_sgb_slider \"><noscript><div class=\"sgb-gallery\"><div class=\"sgb-item\"><a href=\"https:\/\/www.kittfort.cz\/hu\/termekek\/tomitok-glettek-gipszek\/fakitt-2k-polieszteres-tomito\/fakitt-2k-180g-2\/\" target=\"_blank\"><img decoding=\"async\" alt=\"Fakitt 2k\" width=\"400\" height=\"400\" loading=\"lazy\" src=\"https:\/\/www.kittfort.cz\/wp-content\/uploads\/2025\/02\/Fakitt-2K-180g-1-400x400.jpg\" srcset=\"https:\/\/www.kittfort.cz\/wp-content\/uploads\/2025\/02\/Fakitt-2K-180g-1-400x400.jpg 400w,https:\/\/www.kittfort.cz\/wp-content\/uploads\/2025\/02\/Fakitt-2K-180g-1-1500x1500.jpg 1500w,https:\/\/www.kittfort.cz\/wp-content\/uploads\/2025\/02\/Fakitt-2K-180g-1.jpg 1600w\" sizes=\"auto, 250px\"\/><\/a><\/div><\/div><\/noscript><\/div><script type=\"application\/json\" class=\"sgb-data\">{\"isPremium\":true,\"galleryType\":\"pgc_sgb_viewer\",\"galleryId\":\"4f655916\",\"images\":[{\"id\":66403,\"title\":\"Fakitt 2K 180g\",\"url\":\"https:\/\/www.kittfort.cz\/wp-content\/uploads\/2025\/02\/Fakitt-2K-180g-1.jpg\",\"link\":\"https:\/\/www.kittfort.cz\/hu\/termekek\/tomitok-glettek-gipszek\/fakitt-2k-polieszteres-tomito\/fakitt-2k-180g-2\/\",\"alt\":\"Fakitt 2k\",\"description\":\"\",\"caption\":\"\",\"mime\":\"image\/jpeg\",\"type\":\"image\",\"width\":1600,\"height\":1600,\"sizes\":{\"thumbnail\":{\"url\":\"https:\/\/www.kittfort.cz\/wp-content\/uploads\/2025\/02\/Fakitt-2K-180g-1-200x200.jpg\",\"height\":200,\"width\":200,\"orientation\":\"landscape\"},\"medium\":{\"url\":\"https:\/\/www.kittfort.cz\/wp-content\/uploads\/2025\/02\/Fakitt-2K-180g-1-400x400.jpg\",\"height\":400,\"width\":400,\"orientation\":\"landscape\"},\"large\":{\"url\":\"https:\/\/www.kittfort.cz\/wp-content\/uploads\/2025\/02\/Fakitt-2K-180g-1-1500x1500.jpg\",\"height\":1500,\"width\":1500,\"orientation\":\"landscape\"},\"full\":{\"url\":\"https:\/\/www.kittfort.cz\/wp-content\/uploads\/2025\/02\/Fakitt-2K-180g-1.jpg\",\"height\":1600,\"width\":1600,\"orientation\":\"landscape\"}},\"imageMeta\":{\"aperture\":\"1.9\",\"credit\":\"\",\"camera\":\"M2101K6G\",\"caption\":\"\",\"created_timestamp\":\"1723023425\",\"copyright\":\"\",\"focal_length\":\"6.04\",\"iso\":\"704\",\"shutter_speed\":\"0.030303030303\",\"title\":\"\",\"orientation\":\"1\",\"keywords\":[]},\"meta\":false,\"postlink\":\"https:\/\/www.kittfort.cz\/hu\/termekek\/tomitok-glettek-gipszek\/fakitt-2k-polieszteres-tomito\/fakitt-2k-180g-2\/\"}],\"sliderRatio\":0.90000000000000002220446049250313080847263336181640625,\"sliderStyle\":\"cleanStyle\",\"sliderNextPrevAnimation\":\"fade\",\"sliderItemCounterEnable\":false,\"sliderBgColor\":\"rgba(255,255,255,0.61)\",\"sliderNavigationColor\":\"rgba(0,0,0,0)\",\"sliderNavigationColorOver\":\"rgba(0,0,0,0.16)\",\"sliderSocialShareEnabled\":false,\"sliderResizeEnable\":false,\"sliderItemDownload\":false,\"collectionColumns\":4,\"collectionthumbActiveColor\":\"rgba(237,237,237,1)\",\"openPopupId\":\"\",\"itemsMetaDataCollection\":[]}<\/script><script>(function(){if(window.PGC_SGB && window.PGC_SGB.searcher){window.PGC_SGB.searcher.initBlocks()}})()<\/script><\/div>\n\n\n<div style=\"height:3em\" aria-hidden=\"true\" class=\"wp-block-spacer\"><\/div>\n<\/div>\n\n\n\n<div class=\"wp-block-column is-layout-flow wp-block-column-is-layout-flow\">\n<div class=\"wp-block-group is-layout-flex wp-block-group-is-layout-flex\">\n<h3 class=\"wp-block-heading title-product\">Fakitt 2K Poli\u00e9szteres t\u00f6m\u00edt\u0151<\/h3>\n\n\n\n<p>T\u00f6lt\u0151 t\u00f6m\u00edt\u0151 faliszt tartalommal fa&nbsp;\u00e9s f\u00e1b\u00f3l k\u00e9sz\u00fclt term\u00e9kekre. A&nbsp;t\u00f6m\u00edt\u0151 rugalmas \u00e9s \u00e1lland\u00f3 t\u00e9rfogat\u00fa, k\u00f6nnyen csiszolhat\u00f3, sz\u00ednezhet\u0151 alkalmaz\u00e1s el\u0151tt \u00e9s ut\u00e1n is. Szerkezete nagyon hasonl\u00edt a&nbsp;fa&nbsp;szerkezet\u00e9re. T\u00f6m\u00edthet\u0151 fa, farostleme, l\u00e9cek, faterm\u00e9kek.<\/p>\n\n\n\n<div style=\"height:42px;width:0px\" aria-hidden=\"true\" class=\"wp-block-spacer wp-container-content-83393143\"><\/div>\n<\/div>\n\n\n\n<div style=\"height:26px\" aria-hidden=\"true\" class=\"wp-block-spacer\"><\/div>\n\n\n\n<div class=\"wp-block-group is-layout-flex wp-block-group-is-layout-flex\">\n<div class=\"wp-block-buttons is-content-justification-space-between is-layout-flex wp-container-core-buttons-is-layout-256aec57 wp-block-buttons-is-layout-flex\">\n<div class=\"wp-block-button has-custom-font-size btn-txt\" style=\"font-size:1.5em\"><a class=\"wp-block-button__link wp-element-button\" href=\"https:\/\/www.kittfort.cz\/hu\/letoltes\/katalogusok-es-szorolapok\/\" title=\"Katal\u00f3gusok \u00e9s sz\u00f3r\u00f3lapok\" style=\"border-radius:0px\"><i class=\"fas fa-book-open\"><\/i><\/a><\/div>\n\n\n\n<div class=\"wp-block-button has-custom-font-size btn-txt\" style=\"font-size:1.5em\"><a class=\"wp-block-button__link wp-element-button\" href=\"https:\/\/www.kittfort.cz\/hu\/letoltes\/eladas-tamogatasa\/\" title=\"Elad\u00e1s t\u00e1mogat\u00e1sa\" style=\"border-radius:0px\"><i class=\"fas fa-palette\"><\/i><\/a><\/div>\n\n\n\n<div class=\"wp-block-button has-custom-font-size btn-txt\" style=\"font-size:1.5em\"><a class=\"wp-block-button__link wp-element-button\" href=\"https:\/\/www.youtube.com\/channel\/UCeBliorfsj942FmZp-hOC0A\" title=\"YouTube\" style=\"border-radius:0px\" target=\"_blank\" rel=\"noreferrer noopener\"><i class=\"fab fa-youtube\"><\/i><\/a><\/div>\n\n\n\n<div class=\"wp-block-button has-custom-font-size btn-txt\" style=\"font-size:1.5em\"><a class=\"wp-block-button__link wp-element-button\" href=\"javascript:window.print()\" title=\"Nyomtat\u00e1s\" style=\"border-radius:0px\"><i class=\"fas fa-print\"><\/i><\/a><\/div>\n<\/div>\n<\/div>\n<\/div>\n<\/div>\n\n\n\n<div class=\"wp-block-columns is-layout-flex wp-container-core-columns-is-layout-9d6595d7 wp-block-columns-is-layout-flex\">\n<div class=\"wp-block-column is-layout-flow wp-block-column-is-layout-flow\"><div id=\"accordions-10192\" class=\"accordions-10192 accordions\" data-accordions={&quot;lazyLoad&quot;:false,&quot;id&quot;:&quot;10192&quot;,&quot;event&quot;:&quot;click&quot;,&quot;collapsible&quot;:&quot;true&quot;,&quot;heightStyle&quot;:&quot;content&quot;,&quot;animateStyle&quot;:&quot;swing&quot;,&quot;animateDelay&quot;:1000,&quot;navigation&quot;:true,&quot;active&quot;:999,&quot;expandedOther&quot;:&quot;no&quot;}>\r\n                <div class=\"items\" >\r\n    \r\n            <div post_id=\"10192\" itemcount=\"0\"  header_id=\"header-0\" id=\"header-0\" style=\"\" class=\"accordions-head head0 border-none\" toggle-text=\"\" main-text=\"Vonalk\u00f3dok\">\r\n                                    <span id=\"accordion-icons-0\" class=\"accordion-icons\">\r\n                        <span class=\"accordion-icon-active accordion-plus\"><i class=\"fa fa-plus\"><\/i><\/span>\r\n                        <span class=\"accordion-icon-inactive accordion-minus\"><i class=\"fa fa-minus\"><\/i><\/span>\r\n                    <\/span>\r\n                    <span id=\"header-text-0\" class=\"accordions-head-title\">Vonalk\u00f3dok<\/span>\r\n                            <\/div>\r\n            <div class=\"accordion-content content0 \">\r\n                <table class=\"tableProducts\">\n<tbody>\n<tr>\n<td>Fakitt 2K Poli\u00e9szteres t\u00f6m\u00edt\u0151 180 g<\/td>\n<td class=\"tblRight\">8595030529871<\/td>\n<\/tr>\n<\/tbody>\n<\/table>\n            <\/div>\r\n    \r\n            <div post_id=\"10192\" itemcount=\"1\"  header_id=\"header-1472561427975\" id=\"header-1472561427975\" style=\"\" class=\"accordions-head head1472561427975 border-none\" toggle-text=\"\" main-text=\"Let\u00f6lt\u00e9sek\">\r\n                                    <span id=\"accordion-icons-1472561427975\" class=\"accordion-icons\">\r\n                        <span class=\"accordion-icon-active accordion-plus\"><i class=\"fa fa-plus\"><\/i><\/span>\r\n                        <span class=\"accordion-icon-inactive accordion-minus\"><i class=\"fa fa-minus\"><\/i><\/span>\r\n                    <\/span>\r\n                    <span id=\"header-text-1472561427975\" class=\"accordions-head-title\">Let\u00f6lt\u00e9sek<\/span>\r\n                            <\/div>\r\n            <div class=\"accordion-content content1472561427975 \">\r\n                <table class=\"tableProducts\">\n<tbody>\n<tr>\n<td><i class=\"far fa-image\"><\/i> Fakitt 2K Poli\u00e9szteres t\u00f6m\u00edt\u0151<\/td>\n<td><a href=\"https:\/\/www.kittfort.cz\/wp-content\/uploads\/2025\/02\/Fakitt-2K-180g.jpg\" target=\"_blank\" rel=\"noopener\"><i class=\"fas fa-download\"><\/i><\/a><\/td>\n<\/tr>\n<\/tbody>\n<\/table>\n<p>Megjegyz\u00e9s: A let\u00f6lthet\u0151 k\u00e9pek *.jpg form\u00e1tumban 300 DPI felbont\u00e1sban \u00e9s RGB sz\u00ednekben vannak.<\/p>\n            <\/div>\r\n    <\/div>\r\n\r\n\r\n\r\n            <\/div>\n<\/div>\n\n\n\n<div class=\"wp-block-column is-layout-flow wp-block-column-is-layout-flow\">\n<div class=\"wp-block-group is-layout-flex wp-block-group-is-layout-flex\">\n<div class=\"container overflow-hidden boxRightDetails\">\n<div class=\"row gy-2 boxRightDetails\">\n<div class=\"col-4 p-4 boxRightDetailsBox\"><span>Kiszerel\u00e9s:<\/span> 180 g<\/div>\n<div class=\"col-4 box2 p-4 boxRightDetailsBox\"><span>Sz\u00edn\u00e1rnyalat:<\/span> term\u00e9szetes fa<\/div>\n<div class=\"col-4 p-4 boxRightDetailsBox\"><span>Alkalmaz\u00e1s:<\/span> spatulya<\/div>\n<div class=\"col-6 box1 p-4 boxRightDetailsBox\"><span>Kever\u00e9si ar\u00e1ny:<\/span> 100 egys\u00e9g t\u00f6m\u00edt\u0151 2 egys\u00e9g PE&nbsp;edz\u0151<\/div>\n<div class=\"col-6 p-4 boxRightDetailsBox\"><span>Nyitott id\u0151:<\/span> 6 perc\/20&nbsp;\u00b0C \u2013 t\u00edpusa szerint<\/div>\n<div class=\"col-12 p-4 boxRightDetailsBox\"><span>Porsz\u00e1raz:<\/span> 20 perc, csiszolhat\u00f3 P80-P120 csiszol\u00f3pap\u00edrral 20 perc ut\u00e1n 0,1-1 cm r\u00e9tegben<\/div>\n<div class=\"col-8 box1 p-4 boxRightDetailsBox\"><span>A fel\u00fclet kezel\u00e9se:<\/span> szokv\u00e1nyos fest\u00e9kekkel 2 \u00f3ra ut\u00e1n \u00e1tfesthet\u0151<\/div>\n<div class=\"col-4 p-4 boxRightDetailsBox\"><span>H\u00edg\u00edt\u00f3:<\/span> C6000 (nitroh\u00edg\u00edt\u00f3)<\/div>\n<div class=\"col-6 box1 p-4 boxRightDetailsBox\"><span>T\u00e1rol\u00e1s:<\/span> +5&nbsp;\u00b0C \u00e9s +25&nbsp;\u00b0C. \u00d3vja a&nbsp;fagyt\u00f3l \u00e9s a&nbsp;k\u00f6zvetlen napf\u00e9nyt\u0151l!<\/div>\n<div class=\"col-6 p-4 boxRightDetailsBox\"><span>Szavatoss\u00e1gi id\u0151:<\/span> 18 h\u00f3nap eredeti z\u00e1rt kiszerel\u00e9sben<\/div>\n<div class=\"col-6 box1 p-4 boxRightDetailsBox boxRed\"><span>Specifikus vesz\u00e9lyek:<\/span> Figyelem<\/div>\n<\/div>\n<\/div>\n<\/div>\n\n\n\n<div class=\"wp-block-group is-layout-flex wp-block-group-is-layout-flex\">\n<div style=\"height:1em;width:0px\" aria-hidden=\"true\" class=\"wp-block-spacer wp-container-content-1c8aa779\"><\/div>\n\n\n\n<p style=\"font-size:0.85em\">Biztons\u00e1gtechnikai adatlapra vagy m\u0171szaki adatlapra van sz\u00fcks\u00e9ge? \u00cdrjon nek\u00fcnk: <a href=\"mailto:lowgabriella@seznam.cz\">lowgabriella@seznam.cz<\/a><\/p>\n<\/div>\n<\/div>\n<\/div>\n\n\n\n<div style=\"height:40px\" aria-hidden=\"true\" class=\"wp-block-spacer\"><\/div>\n","protected":false},"excerpt":{"rendered":"<p>T\u00f6lt\u0151 t\u00f6m\u00edt\u0151 faliszt tartalommal fa&nbsp;\u00e9s f\u00e1b\u00f3l k\u00e9sz\u00fclt term\u00e9kekre.<\/p>\n","protected":false},"author":1,"featured_media":66395,"parent":9457,"menu_order":10,"comment_status":"closed","ping_status":"closed","template":"full-page-product.php","meta":{"pgc_sgb_lightbox_settings":"","footnotes":""},"categories":[54],"tags":[286],"class_list":["post-10191","page","type-page","status-publish","has-post-thumbnail","hentry","category-tomitok-glettek-gipszek","tag-tomitok-fara"],"yoast_head":"<!-- This site is optimized with the Yoast SEO plugin v27.4 - https:\/\/yoast.com\/product\/yoast-seo-wordpress\/ -->\n<title>Fakitt 2K Poli\u00e9szteres t\u00f6m\u00edt\u0151 - kittfort.hu<\/title>\n<meta name=\"description\" content=\"T\u00f6lt\u0151 t\u00f6m\u00edt\u0151 faliszt tartalommal fa \u00e9s f\u00e1b\u00f3l k\u00e9sz\u00fclt term\u00e9kekre.\" \/>\n<meta name=\"robots\" content=\"index, follow, max-snippet:-1, max-image-preview:large, max-video-preview:-1\" \/>\n<link rel=\"canonical\" href=\"https:\/\/www.kittfort.cz\/hu\/termekek\/tomitok-glettek-gipszek\/fakitt-2k-polieszteres-tomito\/\" \/>\n<meta property=\"og:locale\" content=\"hu_HU\" \/>\n<meta property=\"og:type\" content=\"article\" \/>\n<meta property=\"og:title\" content=\"Fakitt 2K Poli\u00e9szteres t\u00f6m\u00edt\u0151 - kittfort.hu\" \/>\n<meta property=\"og:description\" content=\"T\u00f6lt\u0151 t\u00f6m\u00edt\u0151 faliszt tartalommal fa \u00e9s f\u00e1b\u00f3l k\u00e9sz\u00fclt term\u00e9kekre.\" \/>\n<meta property=\"og:url\" content=\"https:\/\/www.kittfort.cz\/hu\/termekek\/tomitok-glettek-gipszek\/fakitt-2k-polieszteres-tomito\/\" \/>\n<meta property=\"og:site_name\" content=\"kittfort.hu\" \/>\n<meta property=\"article:publisher\" content=\"https:\/\/www.facebook.com\/kittfort\" \/>\n<meta property=\"article:modified_time\" content=\"2025-04-28T16:33:29+00:00\" \/>\n<meta property=\"og:image\" content=\"https:\/\/www.kittfort.cz\/wp-content\/uploads\/2025\/02\/fakitt-2k.png\" \/>\n\t<meta property=\"og:image:width\" content=\"400\" \/>\n\t<meta property=\"og:image:height\" content=\"250\" \/>\n\t<meta property=\"og:image:type\" content=\"image\/png\" \/>\n<meta name=\"twitter:card\" content=\"summary_large_image\" \/>\n<meta name=\"twitter:label1\" content=\"Becs\u00fclt olvas\u00e1si id\u0151\" \/>\n\t<meta name=\"twitter:data1\" content=\"3 perc\" \/>\n<script type=\"application\/ld+json\" class=\"yoast-schema-graph\">{\"@context\":\"https:\\\/\\\/schema.org\",\"@graph\":[{\"@type\":\"WebPage\",\"@id\":\"https:\\\/\\\/www.kittfort.cz\\\/hu\\\/termekek\\\/tomitok-glettek-gipszek\\\/fakitt-2k-polieszteres-tomito\\\/\",\"url\":\"https:\\\/\\\/www.kittfort.cz\\\/hu\\\/termekek\\\/tomitok-glettek-gipszek\\\/fakitt-2k-polieszteres-tomito\\\/\",\"name\":\"Fakitt 2K Poli\u00e9szteres t\u00f6m\u00edt\u0151 - kittfort.hu\",\"isPartOf\":{\"@id\":\"https:\\\/\\\/www.kittfort.cz\\\/bg\\\/#website\"},\"primaryImageOfPage\":{\"@id\":\"https:\\\/\\\/www.kittfort.cz\\\/hu\\\/termekek\\\/tomitok-glettek-gipszek\\\/fakitt-2k-polieszteres-tomito\\\/#primaryimage\"},\"image\":{\"@id\":\"https:\\\/\\\/www.kittfort.cz\\\/hu\\\/termekek\\\/tomitok-glettek-gipszek\\\/fakitt-2k-polieszteres-tomito\\\/#primaryimage\"},\"thumbnailUrl\":\"https:\\\/\\\/www.kittfort.cz\\\/wp-content\\\/uploads\\\/2025\\\/02\\\/fakitt-2k.png\",\"datePublished\":\"2016-08-30T12:53:46+00:00\",\"dateModified\":\"2025-04-28T16:33:29+00:00\",\"description\":\"T\u00f6lt\u0151 t\u00f6m\u00edt\u0151 faliszt tartalommal fa \u00e9s f\u00e1b\u00f3l k\u00e9sz\u00fclt term\u00e9kekre.\",\"breadcrumb\":{\"@id\":\"https:\\\/\\\/www.kittfort.cz\\\/hu\\\/termekek\\\/tomitok-glettek-gipszek\\\/fakitt-2k-polieszteres-tomito\\\/#breadcrumb\"},\"inLanguage\":\"hu\",\"potentialAction\":[{\"@type\":\"ReadAction\",\"target\":[\"https:\\\/\\\/www.kittfort.cz\\\/hu\\\/termekek\\\/tomitok-glettek-gipszek\\\/fakitt-2k-polieszteres-tomito\\\/\"]}]},{\"@type\":\"ImageObject\",\"inLanguage\":\"hu\",\"@id\":\"https:\\\/\\\/www.kittfort.cz\\\/hu\\\/termekek\\\/tomitok-glettek-gipszek\\\/fakitt-2k-polieszteres-tomito\\\/#primaryimage\",\"url\":\"https:\\\/\\\/www.kittfort.cz\\\/wp-content\\\/uploads\\\/2025\\\/02\\\/fakitt-2k.png\",\"contentUrl\":\"https:\\\/\\\/www.kittfort.cz\\\/wp-content\\\/uploads\\\/2025\\\/02\\\/fakitt-2k.png\",\"width\":400,\"height\":250,\"caption\":\"Fakitt 2k\"},{\"@type\":\"BreadcrumbList\",\"@id\":\"https:\\\/\\\/www.kittfort.cz\\\/hu\\\/termekek\\\/tomitok-glettek-gipszek\\\/fakitt-2k-polieszteres-tomito\\\/#breadcrumb\",\"itemListElement\":[{\"@type\":\"ListItem\",\"position\":1,\"name\":\"Dom\u016f\",\"item\":\"https:\\\/\\\/www.kittfort.cz\\\/hu\\\/kezdooldal\\\/\"},{\"@type\":\"ListItem\",\"position\":2,\"name\":\"Term\u00e9kek\",\"item\":\"https:\\\/\\\/www.kittfort.cz\\\/hu\\\/termekek\\\/\"},{\"@type\":\"ListItem\",\"position\":3,\"name\":\"T\u00f6m\u00edt\u0151k, glettek, gipszek\",\"item\":\"https:\\\/\\\/www.kittfort.cz\\\/hu\\\/termekek\\\/tomitok-glettek-gipszek\\\/\"},{\"@type\":\"ListItem\",\"position\":4,\"name\":\"Fakitt 2K Poli\u00e9szteres t\u00f6m\u00edt\u0151\"}]},{\"@type\":\"WebSite\",\"@id\":\"https:\\\/\\\/www.kittfort.cz\\\/bg\\\/#website\",\"url\":\"https:\\\/\\\/www.kittfort.cz\\\/bg\\\/\",\"name\":\"KITTFORT.CZ\",\"description\":\"term\u00e9kek cs\u00facsmin\u0151s\u00e9gben\",\"publisher\":{\"@id\":\"https:\\\/\\\/www.kittfort.cz\\\/bg\\\/#organization\"},\"potentialAction\":[{\"@type\":\"SearchAction\",\"target\":{\"@type\":\"EntryPoint\",\"urlTemplate\":\"https:\\\/\\\/www.kittfort.cz\\\/bg\\\/?s={search_term_string}\"},\"query-input\":{\"@type\":\"PropertyValueSpecification\",\"valueRequired\":true,\"valueName\":\"search_term_string\"}}],\"inLanguage\":\"hu\"},{\"@type\":\"Organization\",\"@id\":\"https:\\\/\\\/www.kittfort.cz\\\/bg\\\/#organization\",\"name\":\"KITTFORT Praha\",\"url\":\"https:\\\/\\\/www.kittfort.cz\\\/bg\\\/\",\"logo\":{\"@type\":\"ImageObject\",\"inLanguage\":\"hu\",\"@id\":\"https:\\\/\\\/www.kittfort.cz\\\/bg\\\/#\\\/schema\\\/logo\\\/image\\\/\",\"url\":\"https:\\\/\\\/www.kittfort.cz\\\/wp-content\\\/uploads\\\/2019\\\/06\\\/KITTFORT-logo-ver-2018.png\",\"contentUrl\":\"https:\\\/\\\/www.kittfort.cz\\\/wp-content\\\/uploads\\\/2019\\\/06\\\/KITTFORT-logo-ver-2018.png\",\"width\":500,\"height\":151,\"caption\":\"KITTFORT Praha\"},\"image\":{\"@id\":\"https:\\\/\\\/www.kittfort.cz\\\/bg\\\/#\\\/schema\\\/logo\\\/image\\\/\"},\"sameAs\":[\"https:\\\/\\\/www.facebook.com\\\/kittfort\",\"https:\\\/\\\/instagram.com\\\/kittfort.cz\"]}]}<\/script>\n<!-- \/ Yoast SEO plugin. -->","yoast_head_json":{"title":"Fakitt 2K Poli\u00e9szteres t\u00f6m\u00edt\u0151 - kittfort.hu","description":"T\u00f6lt\u0151 t\u00f6m\u00edt\u0151 faliszt tartalommal fa \u00e9s f\u00e1b\u00f3l k\u00e9sz\u00fclt term\u00e9kekre.","robots":{"index":"index","follow":"follow","max-snippet":"max-snippet:-1","max-image-preview":"max-image-preview:large","max-video-preview":"max-video-preview:-1"},"canonical":"https:\/\/www.kittfort.cz\/hu\/termekek\/tomitok-glettek-gipszek\/fakitt-2k-polieszteres-tomito\/","og_locale":"hu_HU","og_type":"article","og_title":"Fakitt 2K Poli\u00e9szteres t\u00f6m\u00edt\u0151 - kittfort.hu","og_description":"T\u00f6lt\u0151 t\u00f6m\u00edt\u0151 faliszt tartalommal fa \u00e9s f\u00e1b\u00f3l k\u00e9sz\u00fclt term\u00e9kekre.","og_url":"https:\/\/www.kittfort.cz\/hu\/termekek\/tomitok-glettek-gipszek\/fakitt-2k-polieszteres-tomito\/","og_site_name":"kittfort.hu","article_publisher":"https:\/\/www.facebook.com\/kittfort","article_modified_time":"2025-04-28T16:33:29+00:00","og_image":[{"width":400,"height":250,"url":"https:\/\/www.kittfort.cz\/wp-content\/uploads\/2025\/02\/fakitt-2k.png","type":"image\/png"}],"twitter_card":"summary_large_image","twitter_misc":{"Becs\u00fclt olvas\u00e1si id\u0151":"3 perc"},"schema":{"@context":"https:\/\/schema.org","@graph":[{"@type":"WebPage","@id":"https:\/\/www.kittfort.cz\/hu\/termekek\/tomitok-glettek-gipszek\/fakitt-2k-polieszteres-tomito\/","url":"https:\/\/www.kittfort.cz\/hu\/termekek\/tomitok-glettek-gipszek\/fakitt-2k-polieszteres-tomito\/","name":"Fakitt 2K Poli\u00e9szteres t\u00f6m\u00edt\u0151 - kittfort.hu","isPartOf":{"@id":"https:\/\/www.kittfort.cz\/bg\/#website"},"primaryImageOfPage":{"@id":"https:\/\/www.kittfort.cz\/hu\/termekek\/tomitok-glettek-gipszek\/fakitt-2k-polieszteres-tomito\/#primaryimage"},"image":{"@id":"https:\/\/www.kittfort.cz\/hu\/termekek\/tomitok-glettek-gipszek\/fakitt-2k-polieszteres-tomito\/#primaryimage"},"thumbnailUrl":"https:\/\/www.kittfort.cz\/wp-content\/uploads\/2025\/02\/fakitt-2k.png","datePublished":"2016-08-30T12:53:46+00:00","dateModified":"2025-04-28T16:33:29+00:00","description":"T\u00f6lt\u0151 t\u00f6m\u00edt\u0151 faliszt tartalommal fa \u00e9s f\u00e1b\u00f3l k\u00e9sz\u00fclt term\u00e9kekre.","breadcrumb":{"@id":"https:\/\/www.kittfort.cz\/hu\/termekek\/tomitok-glettek-gipszek\/fakitt-2k-polieszteres-tomito\/#breadcrumb"},"inLanguage":"hu","potentialAction":[{"@type":"ReadAction","target":["https:\/\/www.kittfort.cz\/hu\/termekek\/tomitok-glettek-gipszek\/fakitt-2k-polieszteres-tomito\/"]}]},{"@type":"ImageObject","inLanguage":"hu","@id":"https:\/\/www.kittfort.cz\/hu\/termekek\/tomitok-glettek-gipszek\/fakitt-2k-polieszteres-tomito\/#primaryimage","url":"https:\/\/www.kittfort.cz\/wp-content\/uploads\/2025\/02\/fakitt-2k.png","contentUrl":"https:\/\/www.kittfort.cz\/wp-content\/uploads\/2025\/02\/fakitt-2k.png","width":400,"height":250,"caption":"Fakitt 2k"},{"@type":"BreadcrumbList","@id":"https:\/\/www.kittfort.cz\/hu\/termekek\/tomitok-glettek-gipszek\/fakitt-2k-polieszteres-tomito\/#breadcrumb","itemListElement":[{"@type":"ListItem","position":1,"name":"Dom\u016f","item":"https:\/\/www.kittfort.cz\/hu\/kezdooldal\/"},{"@type":"ListItem","position":2,"name":"Term\u00e9kek","item":"https:\/\/www.kittfort.cz\/hu\/termekek\/"},{"@type":"ListItem","position":3,"name":"T\u00f6m\u00edt\u0151k, glettek, gipszek","item":"https:\/\/www.kittfort.cz\/hu\/termekek\/tomitok-glettek-gipszek\/"},{"@type":"ListItem","position":4,"name":"Fakitt 2K Poli\u00e9szteres t\u00f6m\u00edt\u0151"}]},{"@type":"WebSite","@id":"https:\/\/www.kittfort.cz\/bg\/#website","url":"https:\/\/www.kittfort.cz\/bg\/","name":"KITTFORT.CZ","description":"term\u00e9kek cs\u00facsmin\u0151s\u00e9gben","publisher":{"@id":"https:\/\/www.kittfort.cz\/bg\/#organization"},"potentialAction":[{"@type":"SearchAction","target":{"@type":"EntryPoint","urlTemplate":"https:\/\/www.kittfort.cz\/bg\/?s={search_term_string}"},"query-input":{"@type":"PropertyValueSpecification","valueRequired":true,"valueName":"search_term_string"}}],"inLanguage":"hu"},{"@type":"Organization","@id":"https:\/\/www.kittfort.cz\/bg\/#organization","name":"KITTFORT Praha","url":"https:\/\/www.kittfort.cz\/bg\/","logo":{"@type":"ImageObject","inLanguage":"hu","@id":"https:\/\/www.kittfort.cz\/bg\/#\/schema\/logo\/image\/","url":"https:\/\/www.kittfort.cz\/wp-content\/uploads\/2019\/06\/KITTFORT-logo-ver-2018.png","contentUrl":"https:\/\/www.kittfort.cz\/wp-content\/uploads\/2019\/06\/KITTFORT-logo-ver-2018.png","width":500,"height":151,"caption":"KITTFORT Praha"},"image":{"@id":"https:\/\/www.kittfort.cz\/bg\/#\/schema\/logo\/image\/"},"sameAs":["https:\/\/www.facebook.com\/kittfort","https:\/\/instagram.com\/kittfort.cz"]}]}},"rttpg_featured_image_url":{"full":["https:\/\/www.kittfort.cz\/wp-content\/uploads\/2025\/02\/fakitt-2k.png",400,250,false],"landscape":["https:\/\/www.kittfort.cz\/wp-content\/uploads\/2025\/02\/fakitt-2k.png",400,250,false],"portraits":["https:\/\/www.kittfort.cz\/wp-content\/uploads\/2025\/02\/fakitt-2k.png",400,250,false],"thumbnail":["https:\/\/www.kittfort.cz\/wp-content\/uploads\/2025\/02\/fakitt-2k-320x200.png",320,200,true],"medium":["https:\/\/www.kittfort.cz\/wp-content\/uploads\/2025\/02\/fakitt-2k.png",400,250,false],"large":["https:\/\/www.kittfort.cz\/wp-content\/uploads\/2025\/02\/fakitt-2k.png",400,250,false],"timeline-express":["https:\/\/www.kittfort.cz\/wp-content\/uploads\/2025\/02\/fakitt-2k-350x120.png",350,120,true],"timeline-express-thumbnail":["https:\/\/www.kittfort.cz\/wp-content\/uploads\/2025\/02\/fakitt-2k-200x120.png",200,120,true],"1536x1536":["https:\/\/www.kittfort.cz\/wp-content\/uploads\/2025\/02\/fakitt-2k.png",400,250,false],"2048x2048":["https:\/\/www.kittfort.cz\/wp-content\/uploads\/2025\/02\/fakitt-2k.png",400,250,false],"post-thumbnail":["https:\/\/www.kittfort.cz\/wp-content\/uploads\/2025\/02\/fakitt-2k-250x250.png",250,250,true],"rpwe-thumbnail":["https:\/\/www.kittfort.cz\/wp-content\/uploads\/2025\/02\/fakitt-2k-45x45.png",45,45,true],"fpw_square":["https:\/\/www.kittfort.cz\/wp-content\/uploads\/2025\/02\/fakitt-2k-200x200.png",200,200,true],"fpw_banner":["https:\/\/www.kittfort.cz\/wp-content\/uploads\/2025\/02\/fakitt-2k-400x150.png",400,150,true],"fpw_big":["https:\/\/www.kittfort.cz\/wp-content\/uploads\/2025\/02\/fakitt-2k.png",400,250,false],"rt_custom":["https:\/\/www.kittfort.cz\/wp-content\/uploads\/2025\/02\/fakitt-2k.png",400,250,false]},"rttpg_author":{"display_name":"kittfort","author_link":"https:\/\/www.kittfort.cz\/hu\/author\/kittfortcz\/"},"rttpg_comment":0,"rttpg_category":" <a href=\"https:\/\/www.kittfort.cz\/hu\/category\/tomitok-glettek-gipszek\/\" rel=\"tag\">T\u00f6m\u00edt\u0151k, glettek, gipszek<\/a>","rttpg_excerpt":"T\u00f6lt\u0151 t\u00f6m\u00edt\u0151 faliszt tartalommal fa \u00e9s f\u00e1b\u00f3l k\u00e9sz\u00fclt term\u00e9kekre.","_links":{"self":[{"href":"https:\/\/www.kittfort.cz\/hu\/wp-json\/wp\/v2\/pages\/10191","targetHints":{"allow":["GET"]}}],"collection":[{"href":"https:\/\/www.kittfort.cz\/hu\/wp-json\/wp\/v2\/pages"}],"about":[{"href":"https:\/\/www.kittfort.cz\/hu\/wp-json\/wp\/v2\/types\/page"}],"author":[{"embeddable":true,"href":"https:\/\/www.kittfort.cz\/hu\/wp-json\/wp\/v2\/users\/1"}],"replies":[{"embeddable":true,"href":"https:\/\/www.kittfort.cz\/hu\/wp-json\/wp\/v2\/comments?post=10191"}],"version-history":[{"count":0,"href":"https:\/\/www.kittfort.cz\/hu\/wp-json\/wp\/v2\/pages\/10191\/revisions"}],"up":[{"embeddable":true,"href":"https:\/\/www.kittfort.cz\/hu\/wp-json\/wp\/v2\/pages\/9457"}],"wp:featuredmedia":[{"embeddable":true,"href":"https:\/\/www.kittfort.cz\/hu\/wp-json\/wp\/v2\/media\/66395"}],"wp:attachment":[{"href":"https:\/\/www.kittfort.cz\/hu\/wp-json\/wp\/v2\/media?parent=10191"}],"wp:term":[{"taxonomy":"category","embeddable":true,"href":"https:\/\/www.kittfort.cz\/hu\/wp-json\/wp\/v2\/categories?post=10191"},{"taxonomy":"post_tag","embeddable":true,"href":"https:\/\/www.kittfort.cz\/hu\/wp-json\/wp\/v2\/tags?post=10191"}],"curies":[{"name":"wp","href":"https:\/\/api.w.org\/{rel}","templated":true}]}}