{"id":20712,"date":"2018-05-23T10:03:32","date_gmt":"2018-05-23T08:03:32","guid":{"rendered":"http:\/\/www.kittfort.cz\/?page_id=20712"},"modified":"2023-05-11T16:34:50","modified_gmt":"2023-05-11T14:34:50","slug":"cookie-hasznalata","status":"publish","type":"page","link":"https:\/\/www.kittfort.cz\/hu\/cookie-hasznalata\/","title":{"rendered":"Cookie haszn\u00e1lata"},"content":{"rendered":"<p>A www.kittfort.cz\/hu oldalak cookie-kat haszn\u00e1lnak a&nbsp;szolg\u00e1ltat\u00e1s jav\u00edt\u00e1sa \u00e9rdek\u00e9ben.<\/p>\n<p>Ha folytatja a&nbsp;b\u00f6ng\u00e9sz\u00e9st elfogadja a&nbsp;cookie-k haszn\u00e1lat\u00e1t.<\/p>\n<h3>Mi a&nbsp;cookie?<\/h3>\n<p>A cookie kism\u00e9ret\u0171 sz\u00f6veges f\u00e1jl, amelyet a&nbsp;megl\u00e1togatott weboldal elk\u00fcld a&nbsp;b\u00f6ng\u00e9sz\u0151be. Lehet\u0151v\u00e9 teszi, hogy a&nbsp;web t\u00e1rolja a&nbsp;l\u00e1togat\u00e1s\u00e1t, pl.: prefer\u00e1lt nyelv \u00e9s m\u00e1s be\u00e1ll\u00edt\u00e1sokat. A&nbsp;k\u00f6vetkez\u0151 b\u00f6ng\u00e9sz\u00e9s \u00edgy egyszer\u0171bb \u00e9s hat\u00e9konyabb lesz. A&nbsp;cookie-k n\u00e9lk\u00fcl a&nbsp;b\u00f6ng\u00e9sz\u00e9s sokkal bonyolultabb lenne.<\/p>\n<h3>Mik\u00e9nt haszn\u00e1juk a&nbsp;cookie-kat?<\/h3>\n<p>A k\u00f6vetkez\u0151 Cookie f\u00e1jlokat haszn\u00e1ljuk:<\/p>\n<ul>\n<li>Felt\u00e9tlen\u00fcl sz\u00fcks\u00e9gesek: ezek a&nbsp;cookie-k rendk\u00edv\u00fcl fontosak ahhoz,hogy a&nbsp;weboldalol tudjanak sz\u00f6rf\u00f6lni \u00e9s funkci\u00f3it haszn\u00e1lni.<\/li>\n<li>Elemz\u0151\/teljes\u00edt\u0151: ezek a&nbsp;cookie-k inform\u00e1ci\u00f3kat gy\u0171jtenek arr\u00f3l, hogy mennyien l\u00e1togatt\u00e1k meg az oldalat, mik\u00e9nt b\u00f6ng\u00e9sztek, mely oldalakat l\u00e1togatj\u00e1k leggyakrabban ill. kapnak-e hibajelent\u00e9seket.<\/li>\n<\/ul>\n<p>A b\u00f6ng\u00e9sz\u0151j\u00fck seg\u00edts\u00e9g\u00e9vel a&nbsp;cookie-k le\u00e1ll\u00edthat\u00f3k, vagy csak n\u00e9mely haszn\u00e1lat\u00e1t enged\u00e9lyezheti.<\/p>\n<p>A cookie-k haszn\u00e1lat\u00e1nak le\u00e1ll\u00edt\u00e1sa hat\u00e1ssal lehet n\u00e9mely webes funkci\u00f3 optim\u00e1lis m\u0171k\u00f6d\u00e9s\u00e9re. Ha a&nbsp;weboldal valamely r\u00e9sze nem m\u0171k\u00f6dik \u00e9rdemes ellen\u0151rizni a&nbsp;cookie haszn\u00e1lat be\u00e1ll\u00edt\u00e1s\u00e1t \u00e9s enged\u00e9lyez\u00e9s\u00fcket.<\/p>\n<p>A cookie-k be\u00e1ll\u00edt\u00e1sa a&nbsp;leggyakrabban haszn\u00e1lt b\u00f6ng\u00e9sz\u0151kben:<br \/>\n<a href=\"https:\/\/support.google.com\/chrome\/answer\/95647?hl=hu\" target=\"_blank\" rel=\"noopener noreferrer\">Google Chrome<\/a><br \/>\n<a href=\"https:\/\/support.microsoft.com\/hu-hu\/help\/278835\/how-to-delete-cookie-files-in-internet-explorer\" target=\"_blank\" rel=\"noopener noreferrer\">Internet Explorer<\/a><br \/>\n<a href=\"https:\/\/support.mozilla.org\/hu\/kb\/sutik-informacio-amelyet-weboldalak-tarolnak-szami\" target=\"_blank\" rel=\"noopener noreferrer\">Mozilla Firefox<\/a><br \/>\n<a href=\"https:\/\/support.apple.com\/kb\/PH21411?locale=cs_CZ&amp;viewlocale=hu_HU\">Safari<\/a><\/p>\n","protected":false},"excerpt":{"rendered":"<p>A www.kittfort.cz\/hu oldalak cookie-kat haszn\u00e1lnak a&nbsp;szolg\u00e1ltat\u00e1s jav\u00edt\u00e1sa \u00e9rdek\u00e9ben. Ha folytatja a&nbsp;b\u00f6ng\u00e9sz\u00e9st elfogadja a&nbsp;cookie-k haszn\u00e1lat\u00e1t. Mi a&nbsp;cookie? A&nbsp;cookie kism\u00e9ret\u0171 sz\u00f6veges<\/p>\n<p class=\"readmore\"><a href=\"https:\/\/www.kittfort.cz\/hu\/cookie-hasznalata\/\" title=\"Read Cookie haszn\u00e1lata\">Read more &raquo;<\/a><\/p>\n","protected":false},"author":1,"featured_media":0,"parent":0,"menu_order":10,"comment_status":"closed","ping_status":"closed","template":"full-page.php","meta":{"pgc_sgb_lightbox_settings":"","footnotes":""},"categories":[20],"tags":[],"class_list":["post-20712","page","type-page","status-publish","hentry","category-uncategorized-hu"],"yoast_head":"<!-- This site is optimized with the Yoast SEO plugin v27.4 - https:\/\/yoast.com\/product\/yoast-seo-wordpress\/ -->\n<title>Cookie haszn\u00e1lata - kittfort.hu<\/title>\n<meta name=\"robots\" content=\"index, follow, max-snippet:-1, max-image-preview:large, max-video-preview:-1\" \/>\n<link rel=\"canonical\" href=\"https:\/\/www.kittfort.cz\/hu\/cookie-hasznalata\/\" \/>\n<meta property=\"og:locale\" content=\"hu_HU\" \/>\n<meta property=\"og:type\" content=\"article\" \/>\n<meta property=\"og:title\" content=\"Cookie haszn\u00e1lata - kittfort.hu\" \/>\n<meta property=\"og:description\" content=\"A www.kittfort.cz\/hu oldalak cookie-kat haszn\u00e1lnak a&nbsp;szolg\u00e1ltat\u00e1s jav\u00edt\u00e1sa \u00e9rdek\u00e9ben. Ha folytatja a&nbsp;b\u00f6ng\u00e9sz\u00e9st elfogadja a&nbsp;cookie-k haszn\u00e1lat\u00e1t. Mi a&nbsp;cookie? A cookie kism\u00e9ret\u0171 sz\u00f6vegesRead more &raquo;\" \/>\n<meta property=\"og:url\" content=\"https:\/\/www.kittfort.cz\/hu\/cookie-hasznalata\/\" \/>\n<meta property=\"og:site_name\" content=\"kittfort.hu\" \/>\n<meta property=\"article:publisher\" content=\"https:\/\/www.facebook.com\/kittfort\" \/>\n<meta property=\"article:modified_time\" content=\"2023-05-11T14:34:50+00:00\" \/>\n<meta name=\"twitter:card\" content=\"summary_large_image\" \/>\n<meta name=\"twitter:label1\" content=\"Becs\u00fclt olvas\u00e1si id\u0151\" \/>\n\t<meta name=\"twitter:data1\" content=\"1 perc\" \/>\n<script type=\"application\/ld+json\" class=\"yoast-schema-graph\">{\"@context\":\"https:\\\/\\\/schema.org\",\"@graph\":[{\"@type\":\"WebPage\",\"@id\":\"https:\\\/\\\/www.kittfort.cz\\\/hu\\\/cookie-hasznalata\\\/\",\"url\":\"https:\\\/\\\/www.kittfort.cz\\\/hu\\\/cookie-hasznalata\\\/\",\"name\":\"Cookie haszn\u00e1lata - kittfort.hu\",\"isPartOf\":{\"@id\":\"https:\\\/\\\/www.kittfort.cz\\\/bg\\\/#website\"},\"datePublished\":\"2018-05-23T08:03:32+00:00\",\"dateModified\":\"2023-05-11T14:34:50+00:00\",\"breadcrumb\":{\"@id\":\"https:\\\/\\\/www.kittfort.cz\\\/hu\\\/cookie-hasznalata\\\/#breadcrumb\"},\"inLanguage\":\"hu\",\"potentialAction\":[{\"@type\":\"ReadAction\",\"target\":[\"https:\\\/\\\/www.kittfort.cz\\\/hu\\\/cookie-hasznalata\\\/\"]}]},{\"@type\":\"BreadcrumbList\",\"@id\":\"https:\\\/\\\/www.kittfort.cz\\\/hu\\\/cookie-hasznalata\\\/#breadcrumb\",\"itemListElement\":[{\"@type\":\"ListItem\",\"position\":1,\"name\":\"Dom\u016f\",\"item\":\"https:\\\/\\\/www.kittfort.cz\\\/hu\\\/kezdooldal\\\/\"},{\"@type\":\"ListItem\",\"position\":2,\"name\":\"Cookie haszn\u00e1lata\"}]},{\"@type\":\"WebSite\",\"@id\":\"https:\\\/\\\/www.kittfort.cz\\\/bg\\\/#website\",\"url\":\"https:\\\/\\\/www.kittfort.cz\\\/bg\\\/\",\"name\":\"KITTFORT.CZ\",\"description\":\"term\u00e9kek cs\u00facsmin\u0151s\u00e9gben\",\"publisher\":{\"@id\":\"https:\\\/\\\/www.kittfort.cz\\\/bg\\\/#organization\"},\"potentialAction\":[{\"@type\":\"SearchAction\",\"target\":{\"@type\":\"EntryPoint\",\"urlTemplate\":\"https:\\\/\\\/www.kittfort.cz\\\/bg\\\/?s={search_term_string}\"},\"query-input\":{\"@type\":\"PropertyValueSpecification\",\"valueRequired\":true,\"valueName\":\"search_term_string\"}}],\"inLanguage\":\"hu\"},{\"@type\":\"Organization\",\"@id\":\"https:\\\/\\\/www.kittfort.cz\\\/bg\\\/#organization\",\"name\":\"KITTFORT Praha\",\"url\":\"https:\\\/\\\/www.kittfort.cz\\\/bg\\\/\",\"logo\":{\"@type\":\"ImageObject\",\"inLanguage\":\"hu\",\"@id\":\"https:\\\/\\\/www.kittfort.cz\\\/bg\\\/#\\\/schema\\\/logo\\\/image\\\/\",\"url\":\"https:\\\/\\\/www.kittfort.cz\\\/wp-content\\\/uploads\\\/2019\\\/06\\\/KITTFORT-logo-ver-2018.png\",\"contentUrl\":\"https:\\\/\\\/www.kittfort.cz\\\/wp-content\\\/uploads\\\/2019\\\/06\\\/KITTFORT-logo-ver-2018.png\",\"width\":500,\"height\":151,\"caption\":\"KITTFORT Praha\"},\"image\":{\"@id\":\"https:\\\/\\\/www.kittfort.cz\\\/bg\\\/#\\\/schema\\\/logo\\\/image\\\/\"},\"sameAs\":[\"https:\\\/\\\/www.facebook.com\\\/kittfort\",\"https:\\\/\\\/instagram.com\\\/kittfort.cz\"]}]}<\/script>\n<!-- \/ Yoast SEO plugin. -->","yoast_head_json":{"title":"Cookie haszn\u00e1lata - kittfort.hu","robots":{"index":"index","follow":"follow","max-snippet":"max-snippet:-1","max-image-preview":"max-image-preview:large","max-video-preview":"max-video-preview:-1"},"canonical":"https:\/\/www.kittfort.cz\/hu\/cookie-hasznalata\/","og_locale":"hu_HU","og_type":"article","og_title":"Cookie haszn\u00e1lata - kittfort.hu","og_description":"A www.kittfort.cz\/hu oldalak cookie-kat haszn\u00e1lnak a&nbsp;szolg\u00e1ltat\u00e1s jav\u00edt\u00e1sa \u00e9rdek\u00e9ben. Ha folytatja a&nbsp;b\u00f6ng\u00e9sz\u00e9st elfogadja a&nbsp;cookie-k haszn\u00e1lat\u00e1t. Mi a&nbsp;cookie? A cookie kism\u00e9ret\u0171 sz\u00f6vegesRead more &raquo;","og_url":"https:\/\/www.kittfort.cz\/hu\/cookie-hasznalata\/","og_site_name":"kittfort.hu","article_publisher":"https:\/\/www.facebook.com\/kittfort","article_modified_time":"2023-05-11T14:34:50+00:00","twitter_card":"summary_large_image","twitter_misc":{"Becs\u00fclt olvas\u00e1si id\u0151":"1 perc"},"schema":{"@context":"https:\/\/schema.org","@graph":[{"@type":"WebPage","@id":"https:\/\/www.kittfort.cz\/hu\/cookie-hasznalata\/","url":"https:\/\/www.kittfort.cz\/hu\/cookie-hasznalata\/","name":"Cookie haszn\u00e1lata - kittfort.hu","isPartOf":{"@id":"https:\/\/www.kittfort.cz\/bg\/#website"},"datePublished":"2018-05-23T08:03:32+00:00","dateModified":"2023-05-11T14:34:50+00:00","breadcrumb":{"@id":"https:\/\/www.kittfort.cz\/hu\/cookie-hasznalata\/#breadcrumb"},"inLanguage":"hu","potentialAction":[{"@type":"ReadAction","target":["https:\/\/www.kittfort.cz\/hu\/cookie-hasznalata\/"]}]},{"@type":"BreadcrumbList","@id":"https:\/\/www.kittfort.cz\/hu\/cookie-hasznalata\/#breadcrumb","itemListElement":[{"@type":"ListItem","position":1,"name":"Dom\u016f","item":"https:\/\/www.kittfort.cz\/hu\/kezdooldal\/"},{"@type":"ListItem","position":2,"name":"Cookie haszn\u00e1lata"}]},{"@type":"WebSite","@id":"https:\/\/www.kittfort.cz\/bg\/#website","url":"https:\/\/www.kittfort.cz\/bg\/","name":"KITTFORT.CZ","description":"term\u00e9kek cs\u00facsmin\u0151s\u00e9gben","publisher":{"@id":"https:\/\/www.kittfort.cz\/bg\/#organization"},"potentialAction":[{"@type":"SearchAction","target":{"@type":"EntryPoint","urlTemplate":"https:\/\/www.kittfort.cz\/bg\/?s={search_term_string}"},"query-input":{"@type":"PropertyValueSpecification","valueRequired":true,"valueName":"search_term_string"}}],"inLanguage":"hu"},{"@type":"Organization","@id":"https:\/\/www.kittfort.cz\/bg\/#organization","name":"KITTFORT Praha","url":"https:\/\/www.kittfort.cz\/bg\/","logo":{"@type":"ImageObject","inLanguage":"hu","@id":"https:\/\/www.kittfort.cz\/bg\/#\/schema\/logo\/image\/","url":"https:\/\/www.kittfort.cz\/wp-content\/uploads\/2019\/06\/KITTFORT-logo-ver-2018.png","contentUrl":"https:\/\/www.kittfort.cz\/wp-content\/uploads\/2019\/06\/KITTFORT-logo-ver-2018.png","width":500,"height":151,"caption":"KITTFORT Praha"},"image":{"@id":"https:\/\/www.kittfort.cz\/bg\/#\/schema\/logo\/image\/"},"sameAs":["https:\/\/www.facebook.com\/kittfort","https:\/\/instagram.com\/kittfort.cz"]}]}},"rttpg_featured_image_url":null,"rttpg_author":{"display_name":"kittfort","author_link":"https:\/\/www.kittfort.cz\/hu\/author\/kittfortcz\/"},"rttpg_comment":0,"rttpg_category":" <a href=\"https:\/\/www.kittfort.cz\/hu\/category\/uncategorized-hu\/\" rel=\"tag\">Uncategorized @hu<\/a>","rttpg_excerpt":"A www.kittfort.cz\/hu oldalak cookie-kat haszn\u00e1lnak a&nbsp;szolg\u00e1ltat\u00e1s jav\u00edt\u00e1sa \u00e9rdek\u00e9ben. Ha folytatja a&nbsp;b\u00f6ng\u00e9sz\u00e9st elfogadja a&nbsp;cookie-k haszn\u00e1lat\u00e1t. Mi a&nbsp;cookie? A cookie kism\u00e9ret\u0171 sz\u00f6vegesRead more &raquo;","_links":{"self":[{"href":"https:\/\/www.kittfort.cz\/hu\/wp-json\/wp\/v2\/pages\/20712","targetHints":{"allow":["GET"]}}],"collection":[{"href":"https:\/\/www.kittfort.cz\/hu\/wp-json\/wp\/v2\/pages"}],"about":[{"href":"https:\/\/www.kittfort.cz\/hu\/wp-json\/wp\/v2\/types\/page"}],"author":[{"embeddable":true,"href":"https:\/\/www.kittfort.cz\/hu\/wp-json\/wp\/v2\/users\/1"}],"replies":[{"embeddable":true,"href":"https:\/\/www.kittfort.cz\/hu\/wp-json\/wp\/v2\/comments?post=20712"}],"version-history":[{"count":0,"href":"https:\/\/www.kittfort.cz\/hu\/wp-json\/wp\/v2\/pages\/20712\/revisions"}],"wp:attachment":[{"href":"https:\/\/www.kittfort.cz\/hu\/wp-json\/wp\/v2\/media?parent=20712"}],"wp:term":[{"taxonomy":"category","embeddable":true,"href":"https:\/\/www.kittfort.cz\/hu\/wp-json\/wp\/v2\/categories?post=20712"},{"taxonomy":"post_tag","embeddable":true,"href":"https:\/\/www.kittfort.cz\/hu\/wp-json\/wp\/v2\/tags?post=20712"}],"curies":[{"name":"wp","href":"https:\/\/api.w.org\/{rel}","templated":true}]}}