{"id":42783,"date":"2022-12-05T18:57:29","date_gmt":"2022-12-05T17:57:29","guid":{"rendered":"https:\/\/www.kittfort.cz\/?page_id=42783"},"modified":"2023-05-11T22:02:35","modified_gmt":"2023-05-11T20:02:35","slug":"autoipari-keszitmenyek","status":"publish","type":"page","link":"https:\/\/www.kittfort.cz\/hu\/termekek\/autoipari-keszitmenyek\/","title":{"rendered":"Aut\u00f3ipari k\u00e9sz\u00edtm\u00e9nyek"},"content":{"rendered":"<style type='text\/css' media='all'>#rt-tpg-container-3524139147 .rt-holder .rt-woo-info .price{color:#1aa108;}body .rt-tpg-container .rt-tpg-isotope-buttons .selected,\n\t\t\t\t\t#rt-tpg-container-3524139147 .layout12 .rt-holder:hover .rt-detail,\n\t\t\t\t\t#rt-tpg-container-3524139147 .isotope8 .rt-holder:hover .rt-detail,\n\t\t\t\t\t#rt-tpg-container-3524139147 .carousel8 .rt-holder:hover .rt-detail,\n\t\t\t\t\t#rt-tpg-container-3524139147 .layout13 .rt-holder .overlay .post-info,\n\t\t\t\t\t#rt-tpg-container-3524139147 .isotope9 .rt-holder .overlay .post-info,\n\t\t\t\t\t#rt-tpg-container-3524139147.rt-tpg-container .layout4 .rt-holder .rt-detail,\n\t\t\t\t\t.rt-modal-3524139147 .md-content,\n\t\t\t\t\t.rt-modal-3524139147 .md-content > .rt-md-content-holder .rt-md-content,\n\t\t\t\t\t.rt-popup-wrap-3524139147.rt-popup-wrap .rt-popup-navigation-wrap,\n\t\t\t\t\t#rt-tpg-container-3524139147 .carousel9 .rt-holder .overlay .post-info{background-color:#1aa108;}#rt-tpg-container-3524139147 .layout5 .rt-holder .overlay, #rt-tpg-container-3524139147 .isotope2 .rt-holder .overlay, #rt-tpg-container-3524139147 .carousel2 .rt-holder .overlay,#rt-tpg-container-3524139147 .layout15 .rt-holder h3, #rt-tpg-container-3524139147 .isotope11 .rt-holder h3, #rt-tpg-container-3524139147 .carousel11 .rt-holder h3, #rt-tpg-container-3524139147 .layout16 .rt-holder h3,\n\t\t\t\t\t#rt-tpg-container-3524139147 .isotope12 .rt-holder h3, #rt-tpg-container-3524139147 .carousel12 .rt-holder h3 {background-color:rgba(26,161,8,0.1);}#rt-tpg-container-3524139147 .read-more a{border-radius:px;}#rt-tpg-container-3524139147 .rt-img-holder img.rt-img-responsive,#rt-tpg-container-3524139147 .rt-img-holder,\n\t\t\t\t\t#rt-tpg-container-3524139147 .rt-post-overlay .post-img,\n\t\t\t\t\t#rt-tpg-container-3524139147 .post-sm .post-img,\n\t\t\t\t\t#rt-tpg-container-3524139147 .rt-post-grid .post-img,\n\t\t\t\t\t#rt-tpg-container-3524139147 .post-img img {border-radius:px;}#rt-tpg-container-3524139147 .isotope8 .rt-holder h2.entry-title,\n\t\t\t\t\t#rt-tpg-container-3524139147 .isotope8 .rt-holder h3.entry-title,\n\t\t\t\t\t#rt-tpg-container-3524139147 .isotope8 .rt-holder h4.entry-title,\n\t\t\t\t\t#rt-tpg-container-3524139147 .isotope8 .rt-holder h2.entry-title a,\n\t\t\t\t\t#rt-tpg-container-3524139147 .isotope8 .rt-holder h3.entry-title a,\n\t\t\t\t\t#rt-tpg-container-3524139147 .isotope8 .rt-holder h4.entry-title a,\n\t\t\t\t\t#rt-tpg-container-3524139147 .rt-holder .rt-woo-info h2 a,\n\t\t\t\t\t#rt-tpg-container-3524139147 .rt-holder .rt-woo-info h3 a,\n\t\t\t\t\t#rt-tpg-container-3524139147 .rt-holder .rt-woo-info h4 a,\n\t\t\t\t\t#rt-tpg-container-3524139147 .post-content .post-title,\n\t\t\t\t\t#rt-tpg-container-3524139147 .rt-post-grid .post-title,\n\t\t\t\t\t#rt-tpg-container-3524139147 .rt-post-grid .post-title a,\n\t\t\t\t\t#rt-tpg-container-3524139147 .post-content .post-title a,\n\t\t\t\t\t#rt-tpg-container-3524139147 .rt-holder .rt-woo-info h2,\n\t\t\t\t\t#rt-tpg-container-3524139147 .rt-holder .rt-woo-info h3,\n\t\t\t\t\t#rt-tpg-container-3524139147 .rt-holder .rt-woo-info h4{font-size:18px;line-height:28px;}#rt-tpg-container-3524139147 .post-grid-lg-style-1 .post-title,\n\t\t\t\t\t\t#rt-tpg-container-3524139147 .post-grid-lg-style-1 .post-title a,\n\t\t\t\t\t\t#rt-tpg-container-3524139147 .big-layout .post-title,\n\t\t\t\t\t\t#rt-tpg-container-3524139147 .big-layout .post-title a,\n\t\t\t\t\t\t#rt-tpg-container-3524139147 .post-grid-lg-style-1 .post-title,\n\t\t\t\t\t\t#rt-tpg-container-3524139147 .post-grid-lg-style-1 .post-title a {font-size:26px;line-height:36px;}#rt-tpg-container-3524139147 .isotope8 .rt-holder .tpg-excerpt,#rt-tpg-container-3524139147 .isotope8 .tpg-excerpt,#rt-tpg-container-3524139147 .isotope8 .rt-holder .post-content,#rt-tpg-container-3524139147 .rt-holder .rt-woo-info p,#rt-tpg-container-3524139147 .post-content p {font-size:14px;}<\/style><div class='rt-container-fluid rt-tpg-container tpg-shortcode-main-wrapper ' id='rt-tpg-container-3524139147'   data-layout='isotope8' data-grid-style='even' data-desktop-col='4'  data-tab-col='2'  data-mobile-col='1' data-sc-id='42700'><div data-title='Loading ...' class='rt-row rt-content-loader   isotope8 tpg-pre-loader'><div class=\"tpg-iso-filter\"><div id='iso-button-3524139147' class='rt-tpg-isotope-buttons button-group filter-button-group option-set' data-url='' data-count=''><button class=\"rt-iso-btn-autoipari-keszitmenyek\" data-filter=\".iso_380\">Aut\u00f3ipari k\u00e9sz\u00edtm\u00e9nyek<\/button><\/div><\/div><div class='rt-tpg-isotope' id='iso-tpg-3524139147'><div class=\"rt-col-md-3 rt-col-sm-6 rt-col-xs-12 even-grid-item rt-grid-item isotope-item iso_380 rt-item-autoipari-keszitmenyek\" data-id=\"9627\"><div class=\"rt-holder\"><div class=\"rt-img-holder\"><a data-id='9627' class='' href='https:\/\/www.kittfort.cz\/hu\/termekek\/autoipari-keszitmenyek\/glasscar-20-c\/'><img loading=\"lazy\" decoding=\"async\" width=\"400\" height=\"250\" src=\"https:\/\/www.kittfort.cz\/wp-content\/uploads\/2022\/12\/glasscar-20.png\" class=\"rt-img-responsive \" alt=\"GlassCar -20 \u00b0C nemrznouc\u00ed kapalina\" \/><\/a><\/div> <div class='rt-detail'><h4 class=\"entry-title\"><a data-id=\"9627\" class=\"\" href=\"https:\/\/www.kittfort.cz\/hu\/termekek\/autoipari-keszitmenyek\/glasscar-20-c\/\">GlassCar -20&nbsp;\u00b0C T\u00e9li sz\u00e9lv\u00e9d\u0151mos\u00f3<\/a><\/h4><div class='tpg-excerpt'>A GlassCar fagy\u00e1ll\u00f3 sz\u00e9lv\u00e9d\u00f6mos\u00f3 folyad\u00e9k -20C-fokos fagy\u00e1sponttal, kellemes narancsos illattal...<\/div><\/div><\/div><\/div><div class=\"rt-col-md-3 rt-col-sm-6 rt-col-xs-12 even-grid-item rt-grid-item isotope-item iso_380 rt-item-autoipari-keszitmenyek\" data-id=\"9650\"><div class=\"rt-holder\"><div class=\"rt-img-holder\"><a data-id='9650' class='' href='https:\/\/www.kittfort.cz\/hu\/termekek\/autoipari-keszitmenyek\/glasscar-40-c\/'><img loading=\"lazy\" decoding=\"async\" width=\"400\" height=\"250\" src=\"https:\/\/www.kittfort.cz\/wp-content\/uploads\/2022\/12\/glasscar-40.png\" class=\"rt-img-responsive \" alt=\"GlassCar -40 \u00b0C nemrznouc\u00ed kapalina\" \/><\/a><\/div> <div class='rt-detail'><h4 class=\"entry-title\"><a data-id=\"9650\" class=\"\" href=\"https:\/\/www.kittfort.cz\/hu\/termekek\/autoipari-keszitmenyek\/glasscar-40-c\/\">GlassCar -40&nbsp;\u00b0C T\u00e9li sz\u00e9lv\u00e9d\u0151mos\u00f3<\/a><\/h4><div class='tpg-excerpt'>A GlassCar fagy\u00e1ll\u00f3 sz\u00e9lv\u00e9d\u00f6mos\u00f3 folyad\u00e9k -40C-fokos fagy\u00e1sponttal, kellemes narancsos illattal...<\/div><\/div><\/div><\/div><div class=\"rt-col-md-3 rt-col-sm-6 rt-col-xs-12 even-grid-item rt-grid-item isotope-item iso_380 rt-item-autoipari-keszitmenyek\" data-id=\"45947\"><div class=\"rt-holder\"><div class=\"rt-img-holder\"><a data-id='45947' class='' href='https:\/\/www.kittfort.cz\/hu\/termekek\/autoipari-keszitmenyek\/glasscar-nyari-szelvedomoso\/'><img loading=\"lazy\" decoding=\"async\" width=\"400\" height=\"250\" src=\"https:\/\/www.kittfort.cz\/wp-content\/uploads\/2023\/05\/glasscar-letni-HU.png\" class=\"rt-img-responsive \" alt=\"GlassCar ny\u00e1ri sz\u00e9lv\u00e9d\u0151mos\u00f3\" \/><\/a><\/div> <div class='rt-detail'><h4 class=\"entry-title\"><a data-id=\"45947\" class=\"\" href=\"https:\/\/www.kittfort.cz\/hu\/termekek\/autoipari-keszitmenyek\/glasscar-nyari-szelvedomoso\/\">GlassCar ny\u00e1ri sz\u00e9lv\u00e9d\u0151mos\u00f3<\/a><\/h4><div class='tpg-excerpt'>A GlassCar ny\u00e1ri sz\u00e9lv\u00e9d\u0151mos\u00f3 b\u00e1rmely t\u00edpus\u00fa g\u00e9pj\u00e1rm\u0171be haszn\u00e1lhat\u00f3...<\/div><\/div><\/div><\/div><\/div><div class=\"isotope-term-no-post\"><p>No post found<\/p><\/div><div class=\"rt-loading-overlay\"><\/div><div class=\"rt-loading rt-ball-clip-rotate\"><div><\/div><\/div><\/div><div class='rt-pagination-wrap' data-total-pages='1' data-posts-per-page='8' data-type='load_on_scroll'  ><div class='rt-infinite-action'>\n\t\t\t\t\t\t\t\t\t\t\t\t<div class='rt-infinite-loading la-fire la-2x'>\n\t\t\t\t\t\t\t\t\t\t\t\t\t<div><\/div>\n\t\t\t\t\t\t\t\t\t\t\t\t\t<div><\/div>\n\t\t\t\t\t\t\t\t\t\t\t\t\t<div><\/div>\n\t\t\t\t\t\t\t\t\t\t\t\t<\/div>\n\t\t\t\t\t\t\t\t\t\t\t<\/div><\/div><\/div>\n","protected":false},"excerpt":{"rendered":"GlassCar\u00ae ny\u00e1ri sz\u00e9lv\u00e9d\u0151mos\u00f3 A GlassCar ny\u00e1ri sz\u00e9lv\u00e9d\u0151mos\u00f3 b\u00e1rmely t\u00edpus\u00fa g\u00e9pj\u00e1rm\u0171be haszn\u00e1lhat\u00f3. T\u00f6k\u00e9letesen elt\u00e1vol\u00edtja a szennyez\u0151d\u00e9seket \u00e9s a rovar maradv\u00e1nyokat a<p class=\"readmore\"><a href=\"https:\/\/www.kittfort.cz\/hu\/termekek\/autoipari-keszitmenyek\/glasscar-nyari-szelvedomoso\/\" title=\"Read GlassCar ny\u00e1ri sz\u00e9lv\u00e9d\u0151mos\u00f3\">Read more &raquo;<\/a><\/p>","protected":false},"author":1,"featured_media":42635,"parent":9451,"menu_order":40,"comment_status":"closed","ping_status":"closed","template":"full-page.php","meta":{"pgc_sgb_lightbox_settings":"","footnotes":""},"categories":[64],"tags":[],"class_list":["post-42783","page","type-page","status-publish","has-post-thumbnail","hentry","category-termekek"],"yoast_head":"<!-- This site is optimized with the Yoast SEO plugin v27.4 - https:\/\/yoast.com\/product\/yoast-seo-wordpress\/ -->\n<title>Aut\u00f3ipari k\u00e9sz\u00edtm\u00e9nyek - kittfort.hu<\/title>\n<meta name=\"robots\" content=\"index, follow, max-snippet:-1, max-image-preview:large, max-video-preview:-1\" \/>\n<link rel=\"canonical\" href=\"https:\/\/www.kittfort.cz\/hu\/termekek\/autoipari-keszitmenyek\/\" \/>\n<meta property=\"og:locale\" content=\"hu_HU\" \/>\n<meta property=\"og:type\" content=\"article\" \/>\n<meta property=\"og:title\" content=\"Aut\u00f3ipari k\u00e9sz\u00edtm\u00e9nyek - kittfort.hu\" \/>\n<meta property=\"og:url\" content=\"https:\/\/www.kittfort.cz\/hu\/termekek\/autoipari-keszitmenyek\/\" \/>\n<meta property=\"og:site_name\" content=\"kittfort.hu\" \/>\n<meta property=\"article:publisher\" content=\"https:\/\/www.facebook.com\/kittfort\" \/>\n<meta property=\"article:modified_time\" content=\"2023-05-11T20:02:35+00:00\" \/>\n<meta property=\"og:image\" content=\"https:\/\/www.kittfort.cz\/wp-content\/uploads\/2022\/12\/auto-pripravky.png\" \/>\n\t<meta property=\"og:image:width\" content=\"600\" \/>\n\t<meta property=\"og:image:height\" content=\"375\" \/>\n\t<meta property=\"og:image:type\" content=\"image\/png\" \/>\n<meta name=\"twitter:card\" content=\"summary_large_image\" \/>\n<script type=\"application\/ld+json\" class=\"yoast-schema-graph\">{\"@context\":\"https:\\\/\\\/schema.org\",\"@graph\":[{\"@type\":\"WebPage\",\"@id\":\"https:\\\/\\\/www.kittfort.cz\\\/hu\\\/termekek\\\/autoipari-keszitmenyek\\\/\",\"url\":\"https:\\\/\\\/www.kittfort.cz\\\/hu\\\/termekek\\\/autoipari-keszitmenyek\\\/\",\"name\":\"Aut\u00f3ipari k\u00e9sz\u00edtm\u00e9nyek - kittfort.hu\",\"isPartOf\":{\"@id\":\"https:\\\/\\\/www.kittfort.cz\\\/bg\\\/#website\"},\"primaryImageOfPage\":{\"@id\":\"https:\\\/\\\/www.kittfort.cz\\\/hu\\\/termekek\\\/autoipari-keszitmenyek\\\/#primaryimage\"},\"image\":{\"@id\":\"https:\\\/\\\/www.kittfort.cz\\\/hu\\\/termekek\\\/autoipari-keszitmenyek\\\/#primaryimage\"},\"thumbnailUrl\":\"https:\\\/\\\/www.kittfort.cz\\\/wp-content\\\/uploads\\\/2022\\\/12\\\/auto-pripravky.png\",\"datePublished\":\"2022-12-05T17:57:29+00:00\",\"dateModified\":\"2023-05-11T20:02:35+00:00\",\"breadcrumb\":{\"@id\":\"https:\\\/\\\/www.kittfort.cz\\\/hu\\\/termekek\\\/autoipari-keszitmenyek\\\/#breadcrumb\"},\"inLanguage\":\"hu\",\"potentialAction\":[{\"@type\":\"ReadAction\",\"target\":[\"https:\\\/\\\/www.kittfort.cz\\\/hu\\\/termekek\\\/autoipari-keszitmenyek\\\/\"]}]},{\"@type\":\"ImageObject\",\"inLanguage\":\"hu\",\"@id\":\"https:\\\/\\\/www.kittfort.cz\\\/hu\\\/termekek\\\/autoipari-keszitmenyek\\\/#primaryimage\",\"url\":\"https:\\\/\\\/www.kittfort.cz\\\/wp-content\\\/uploads\\\/2022\\\/12\\\/auto-pripravky.png\",\"contentUrl\":\"https:\\\/\\\/www.kittfort.cz\\\/wp-content\\\/uploads\\\/2022\\\/12\\\/auto-pripravky.png\",\"width\":600,\"height\":375},{\"@type\":\"BreadcrumbList\",\"@id\":\"https:\\\/\\\/www.kittfort.cz\\\/hu\\\/termekek\\\/autoipari-keszitmenyek\\\/#breadcrumb\",\"itemListElement\":[{\"@type\":\"ListItem\",\"position\":1,\"name\":\"Dom\u016f\",\"item\":\"https:\\\/\\\/www.kittfort.cz\\\/hu\\\/kezdooldal\\\/\"},{\"@type\":\"ListItem\",\"position\":2,\"name\":\"Term\u00e9kek\",\"item\":\"https:\\\/\\\/www.kittfort.cz\\\/hu\\\/termekek\\\/\"},{\"@type\":\"ListItem\",\"position\":3,\"name\":\"Aut\u00f3ipari k\u00e9sz\u00edtm\u00e9nyek\"}]},{\"@type\":\"WebSite\",\"@id\":\"https:\\\/\\\/www.kittfort.cz\\\/bg\\\/#website\",\"url\":\"https:\\\/\\\/www.kittfort.cz\\\/bg\\\/\",\"name\":\"KITTFORT.CZ\",\"description\":\"term\u00e9kek cs\u00facsmin\u0151s\u00e9gben\",\"publisher\":{\"@id\":\"https:\\\/\\\/www.kittfort.cz\\\/bg\\\/#organization\"},\"potentialAction\":[{\"@type\":\"SearchAction\",\"target\":{\"@type\":\"EntryPoint\",\"urlTemplate\":\"https:\\\/\\\/www.kittfort.cz\\\/bg\\\/?s={search_term_string}\"},\"query-input\":{\"@type\":\"PropertyValueSpecification\",\"valueRequired\":true,\"valueName\":\"search_term_string\"}}],\"inLanguage\":\"hu\"},{\"@type\":\"Organization\",\"@id\":\"https:\\\/\\\/www.kittfort.cz\\\/bg\\\/#organization\",\"name\":\"KITTFORT Praha\",\"url\":\"https:\\\/\\\/www.kittfort.cz\\\/bg\\\/\",\"logo\":{\"@type\":\"ImageObject\",\"inLanguage\":\"hu\",\"@id\":\"https:\\\/\\\/www.kittfort.cz\\\/bg\\\/#\\\/schema\\\/logo\\\/image\\\/\",\"url\":\"https:\\\/\\\/www.kittfort.cz\\\/wp-content\\\/uploads\\\/2019\\\/06\\\/KITTFORT-logo-ver-2018.png\",\"contentUrl\":\"https:\\\/\\\/www.kittfort.cz\\\/wp-content\\\/uploads\\\/2019\\\/06\\\/KITTFORT-logo-ver-2018.png\",\"width\":500,\"height\":151,\"caption\":\"KITTFORT Praha\"},\"image\":{\"@id\":\"https:\\\/\\\/www.kittfort.cz\\\/bg\\\/#\\\/schema\\\/logo\\\/image\\\/\"},\"sameAs\":[\"https:\\\/\\\/www.facebook.com\\\/kittfort\",\"https:\\\/\\\/instagram.com\\\/kittfort.cz\"]}]}<\/script>\n<!-- \/ Yoast SEO plugin. -->","yoast_head_json":{"title":"Aut\u00f3ipari k\u00e9sz\u00edtm\u00e9nyek - kittfort.hu","robots":{"index":"index","follow":"follow","max-snippet":"max-snippet:-1","max-image-preview":"max-image-preview:large","max-video-preview":"max-video-preview:-1"},"canonical":"https:\/\/www.kittfort.cz\/hu\/termekek\/autoipari-keszitmenyek\/","og_locale":"hu_HU","og_type":"article","og_title":"Aut\u00f3ipari k\u00e9sz\u00edtm\u00e9nyek - kittfort.hu","og_url":"https:\/\/www.kittfort.cz\/hu\/termekek\/autoipari-keszitmenyek\/","og_site_name":"kittfort.hu","article_publisher":"https:\/\/www.facebook.com\/kittfort","article_modified_time":"2023-05-11T20:02:35+00:00","og_image":[{"width":600,"height":375,"url":"https:\/\/www.kittfort.cz\/wp-content\/uploads\/2022\/12\/auto-pripravky.png","type":"image\/png"}],"twitter_card":"summary_large_image","schema":{"@context":"https:\/\/schema.org","@graph":[{"@type":"WebPage","@id":"https:\/\/www.kittfort.cz\/hu\/termekek\/autoipari-keszitmenyek\/","url":"https:\/\/www.kittfort.cz\/hu\/termekek\/autoipari-keszitmenyek\/","name":"Aut\u00f3ipari k\u00e9sz\u00edtm\u00e9nyek - kittfort.hu","isPartOf":{"@id":"https:\/\/www.kittfort.cz\/bg\/#website"},"primaryImageOfPage":{"@id":"https:\/\/www.kittfort.cz\/hu\/termekek\/autoipari-keszitmenyek\/#primaryimage"},"image":{"@id":"https:\/\/www.kittfort.cz\/hu\/termekek\/autoipari-keszitmenyek\/#primaryimage"},"thumbnailUrl":"https:\/\/www.kittfort.cz\/wp-content\/uploads\/2022\/12\/auto-pripravky.png","datePublished":"2022-12-05T17:57:29+00:00","dateModified":"2023-05-11T20:02:35+00:00","breadcrumb":{"@id":"https:\/\/www.kittfort.cz\/hu\/termekek\/autoipari-keszitmenyek\/#breadcrumb"},"inLanguage":"hu","potentialAction":[{"@type":"ReadAction","target":["https:\/\/www.kittfort.cz\/hu\/termekek\/autoipari-keszitmenyek\/"]}]},{"@type":"ImageObject","inLanguage":"hu","@id":"https:\/\/www.kittfort.cz\/hu\/termekek\/autoipari-keszitmenyek\/#primaryimage","url":"https:\/\/www.kittfort.cz\/wp-content\/uploads\/2022\/12\/auto-pripravky.png","contentUrl":"https:\/\/www.kittfort.cz\/wp-content\/uploads\/2022\/12\/auto-pripravky.png","width":600,"height":375},{"@type":"BreadcrumbList","@id":"https:\/\/www.kittfort.cz\/hu\/termekek\/autoipari-keszitmenyek\/#breadcrumb","itemListElement":[{"@type":"ListItem","position":1,"name":"Dom\u016f","item":"https:\/\/www.kittfort.cz\/hu\/kezdooldal\/"},{"@type":"ListItem","position":2,"name":"Term\u00e9kek","item":"https:\/\/www.kittfort.cz\/hu\/termekek\/"},{"@type":"ListItem","position":3,"name":"Aut\u00f3ipari k\u00e9sz\u00edtm\u00e9nyek"}]},{"@type":"WebSite","@id":"https:\/\/www.kittfort.cz\/bg\/#website","url":"https:\/\/www.kittfort.cz\/bg\/","name":"KITTFORT.CZ","description":"term\u00e9kek cs\u00facsmin\u0151s\u00e9gben","publisher":{"@id":"https:\/\/www.kittfort.cz\/bg\/#organization"},"potentialAction":[{"@type":"SearchAction","target":{"@type":"EntryPoint","urlTemplate":"https:\/\/www.kittfort.cz\/bg\/?s={search_term_string}"},"query-input":{"@type":"PropertyValueSpecification","valueRequired":true,"valueName":"search_term_string"}}],"inLanguage":"hu"},{"@type":"Organization","@id":"https:\/\/www.kittfort.cz\/bg\/#organization","name":"KITTFORT Praha","url":"https:\/\/www.kittfort.cz\/bg\/","logo":{"@type":"ImageObject","inLanguage":"hu","@id":"https:\/\/www.kittfort.cz\/bg\/#\/schema\/logo\/image\/","url":"https:\/\/www.kittfort.cz\/wp-content\/uploads\/2019\/06\/KITTFORT-logo-ver-2018.png","contentUrl":"https:\/\/www.kittfort.cz\/wp-content\/uploads\/2019\/06\/KITTFORT-logo-ver-2018.png","width":500,"height":151,"caption":"KITTFORT Praha"},"image":{"@id":"https:\/\/www.kittfort.cz\/bg\/#\/schema\/logo\/image\/"},"sameAs":["https:\/\/www.facebook.com\/kittfort","https:\/\/instagram.com\/kittfort.cz"]}]}},"rttpg_featured_image_url":{"full":["https:\/\/www.kittfort.cz\/wp-content\/uploads\/2022\/12\/auto-pripravky.png",600,375,false],"landscape":["https:\/\/www.kittfort.cz\/wp-content\/uploads\/2022\/12\/auto-pripravky.png",600,375,false],"portraits":["https:\/\/www.kittfort.cz\/wp-content\/uploads\/2022\/12\/auto-pripravky.png",600,375,false],"thumbnail":["https:\/\/www.kittfort.cz\/wp-content\/uploads\/2022\/12\/auto-pripravky-320x200.png",320,200,true],"medium":["https:\/\/www.kittfort.cz\/wp-content\/uploads\/2022\/12\/auto-pripravky-400x250.png",400,250,true],"large":["https:\/\/www.kittfort.cz\/wp-content\/uploads\/2022\/12\/auto-pripravky.png",600,375,false],"timeline-express":["https:\/\/www.kittfort.cz\/wp-content\/uploads\/2022\/12\/auto-pripravky-350x120.png",350,120,true],"timeline-express-thumbnail":["https:\/\/www.kittfort.cz\/wp-content\/uploads\/2022\/12\/auto-pripravky-200x120.png",200,120,true],"1536x1536":["https:\/\/www.kittfort.cz\/wp-content\/uploads\/2022\/12\/auto-pripravky.png",600,375,false],"2048x2048":["https:\/\/www.kittfort.cz\/wp-content\/uploads\/2022\/12\/auto-pripravky.png",600,375,false],"post-thumbnail":["https:\/\/www.kittfort.cz\/wp-content\/uploads\/2022\/12\/auto-pripravky-250x250.png",250,250,true],"rpwe-thumbnail":["https:\/\/www.kittfort.cz\/wp-content\/uploads\/2022\/12\/auto-pripravky-45x45.png",45,45,true],"fpw_square":["https:\/\/www.kittfort.cz\/wp-content\/uploads\/2022\/12\/auto-pripravky-200x200.png",200,200,true],"fpw_banner":["https:\/\/www.kittfort.cz\/wp-content\/uploads\/2022\/12\/auto-pripravky-400x150.png",400,150,true],"fpw_big":["https:\/\/www.kittfort.cz\/wp-content\/uploads\/2022\/12\/auto-pripravky-400x250.png",400,250,true],"rt_custom":["https:\/\/www.kittfort.cz\/wp-content\/uploads\/2022\/12\/auto-pripravky.png",600,375,false]},"rttpg_author":{"display_name":"kittfort","author_link":"https:\/\/www.kittfort.cz\/hu\/author\/kittfortcz\/"},"rttpg_comment":0,"rttpg_category":" <a href=\"https:\/\/www.kittfort.cz\/hu\/category\/termekek\/\" rel=\"tag\">Term\u00e9kek<\/a>","rttpg_excerpt":null,"_links":{"self":[{"href":"https:\/\/www.kittfort.cz\/hu\/wp-json\/wp\/v2\/pages\/42783","targetHints":{"allow":["GET"]}}],"collection":[{"href":"https:\/\/www.kittfort.cz\/hu\/wp-json\/wp\/v2\/pages"}],"about":[{"href":"https:\/\/www.kittfort.cz\/hu\/wp-json\/wp\/v2\/types\/page"}],"author":[{"embeddable":true,"href":"https:\/\/www.kittfort.cz\/hu\/wp-json\/wp\/v2\/users\/1"}],"replies":[{"embeddable":true,"href":"https:\/\/www.kittfort.cz\/hu\/wp-json\/wp\/v2\/comments?post=42783"}],"version-history":[{"count":0,"href":"https:\/\/www.kittfort.cz\/hu\/wp-json\/wp\/v2\/pages\/42783\/revisions"}],"up":[{"embeddable":true,"href":"https:\/\/www.kittfort.cz\/hu\/wp-json\/wp\/v2\/pages\/9451"}],"wp:featuredmedia":[{"embeddable":true,"href":"https:\/\/www.kittfort.cz\/hu\/wp-json\/wp\/v2\/media\/42635"}],"wp:attachment":[{"href":"https:\/\/www.kittfort.cz\/hu\/wp-json\/wp\/v2\/media?parent=42783"}],"wp:term":[{"taxonomy":"category","embeddable":true,"href":"https:\/\/www.kittfort.cz\/hu\/wp-json\/wp\/v2\/categories?post=42783"},{"taxonomy":"post_tag","embeddable":true,"href":"https:\/\/www.kittfort.cz\/hu\/wp-json\/wp\/v2\/tags?post=42783"}],"curies":[{"name":"wp","href":"https:\/\/api.w.org\/{rel}","templated":true}]}}