{"id":45708,"date":"2025-07-29T08:20:00","date_gmt":"2025-07-29T06:20:00","guid":{"rendered":"https:\/\/www.kittfort.cz\/?page_id=45708"},"modified":"2025-07-29T09:22:28","modified_gmt":"2025-07-29T07:22:28","slug":"bonusz-program-2025","status":"publish","type":"page","link":"https:\/\/www.kittfort.cz\/hu\/letoltes\/katalogusok-es-szorolapok\/bonusz-program-2025\/","title":{"rendered":"B\u00f3nusz program 2025"},"content":{"rendered":"\n<h3 class=\"wp-block-heading has-text-align-center\">2025.08.01 &#8211; 2026.10.31-ig<\/h3>\n\n\n\n<p class=\"has-text-align-center\">12 h\u00f3nap ideje van az \u00f6sszes b\u00f3nusz fokozatos megszerz\u00e9s\u00e9re! \u00dajdon\u00e1gok \u00e9s j\u00f3l bev\u00e1lt term\u00e9kek. Fest\u00e9kek, t\u00f6m\u00edt\u0151k, gyant\u00e1k\u2026<\/p>\n\n\n\n<p class=\"has-text-align-center\"><strong>Gy\u0171jtse a&nbsp;pontokat a&nbsp;KITTFORT Praha s.r.o. term\u00e9kek elad\u00e1<strong>s<\/strong>\u00e1\u00e9rt.<\/strong><\/p>\n\n\n<div class=\"_df_book df-lite\" id=\"df_45698\"  _slug=\"bonusz-program-2023\" data-title=\"bonusz-program-2025\" wpoptions=\"true\" thumbtype=\"\" ><\/div><script class=\"df-shortcode-script\" nowprocket type=\"application\/javascript\">window.option_df_45698 = {\"outline\":[],\"backgroundColor\":\"#FFF\",\"autoEnableOutline\":\"false\",\"autoEnableThumbnail\":\"false\",\"overwritePDFOutline\":\"false\",\"direction\":\"1\",\"pageSize\":\"0\",\"source\":\"https:\\\/\\\/www.kittfort.cz\\\/wp-content\\\/uploads\\\/2025\\\/07\\\/Bonusz-program-2025.pdf\",\"wpOptions\":\"true\"}; if(window.DFLIP && window.DFLIP.parseBooks){window.DFLIP.parseBooks();}<\/script>\n\n\n\n<div style=\"height:4em\" aria-hidden=\"true\" class=\"wp-block-spacer\"><\/div>\n\n\n<div class=\"_df_book df-lite\" id=\"df_70596\"  _slug=\"bonusz-program-2025-ragasztos-melleklet\" data-title=\"bonusz-program-2025-ragasztos-melleklet\" wpoptions=\"true\" thumbtype=\"\" ><\/div><script class=\"df-shortcode-script\" nowprocket type=\"application\/javascript\">window.option_df_70596 = {\"outline\":[],\"backgroundColor\":\"#FFF\",\"autoEnableOutline\":\"false\",\"autoEnableThumbnail\":\"false\",\"overwritePDFOutline\":\"false\",\"direction\":\"1\",\"pageSize\":\"0\",\"source\":\"https:\\\/\\\/www.kittfort.cz\\\/wp-content\\\/uploads\\\/2025\\\/07\\\/Pontgyujto-akcio-ragasztos-melleklet-2025.pdf\",\"wpOptions\":\"true\"}; if(window.DFLIP && window.DFLIP.parseBooks){window.DFLIP.parseBooks();}<\/script>\n","protected":false},"excerpt":{"rendered":"<p>B\u00f3nusz program 2023<\/p>\n","protected":false},"author":1,"featured_media":70586,"parent":8540,"menu_order":2,"comment_status":"closed","ping_status":"closed","template":"full-page.php","meta":{"pgc_sgb_lightbox_settings":"","footnotes":""},"categories":[],"tags":[],"class_list":["post-45708","page","type-page","status-publish","has-post-thumbnail","hentry"],"yoast_head":"<!-- This site is optimized with the Yoast SEO plugin v27.4 - https:\/\/yoast.com\/product\/yoast-seo-wordpress\/ -->\n<title>B\u00f3nusz program 2025 - kittfort.hu<\/title>\n<meta name=\"description\" content=\"B\u00f3nusz program 2025. Gy\u0171jtse a pontokat a Kittfort Praha. s.r.o. term\u00e9kek elad\u00e1\u00e1\u00e9rt. \u00dajdon\u00e1gok \u00e9s j\u00f3l bev\u00e1lt term\u00e9kek. Fest\u00e9kek, t\u00f6m\u00edt\u0151k, gyant\u00e1k\u2026\" \/>\n<meta name=\"robots\" content=\"index, follow, max-snippet:-1, max-image-preview:large, max-video-preview:-1\" \/>\n<link rel=\"canonical\" href=\"https:\/\/www.kittfort.cz\/hu\/letoltes\/katalogusok-es-szorolapok\/bonusz-program-2025\/\" \/>\n<meta property=\"og:locale\" content=\"hu_HU\" \/>\n<meta property=\"og:type\" content=\"article\" \/>\n<meta property=\"og:title\" content=\"B\u00f3nusz program 2025 - kittfort.hu\" \/>\n<meta property=\"og:description\" content=\"B\u00f3nusz program 2025. Gy\u0171jtse a pontokat a Kittfort Praha. s.r.o. term\u00e9kek elad\u00e1\u00e1\u00e9rt. \u00dajdon\u00e1gok \u00e9s j\u00f3l bev\u00e1lt term\u00e9kek. Fest\u00e9kek, t\u00f6m\u00edt\u0151k, gyant\u00e1k\u2026\" \/>\n<meta property=\"og:url\" content=\"https:\/\/www.kittfort.cz\/hu\/letoltes\/katalogusok-es-szorolapok\/bonusz-program-2025\/\" \/>\n<meta property=\"og:site_name\" content=\"kittfort.hu\" \/>\n<meta property=\"article:publisher\" content=\"https:\/\/www.facebook.com\/kittfort\" \/>\n<meta property=\"article:modified_time\" content=\"2025-07-29T07:22:28+00:00\" \/>\n<meta property=\"og:image\" content=\"https:\/\/www.kittfort.cz\/wp-content\/uploads\/2025\/07\/Bonusz-program-2025.jpg\" \/>\n\t<meta property=\"og:image:width\" content=\"1500\" \/>\n\t<meta property=\"og:image:height\" content=\"1430\" \/>\n\t<meta property=\"og:image:type\" content=\"image\/jpeg\" \/>\n<meta name=\"twitter:card\" content=\"summary_large_image\" \/>\n<meta name=\"twitter:label1\" content=\"Becs\u00fclt olvas\u00e1si id\u0151\" \/>\n\t<meta name=\"twitter:data1\" content=\"1 perc\" \/>\n<script type=\"application\/ld+json\" class=\"yoast-schema-graph\">{\"@context\":\"https:\\\/\\\/schema.org\",\"@graph\":[{\"@type\":\"WebPage\",\"@id\":\"https:\\\/\\\/www.kittfort.cz\\\/hu\\\/letoltes\\\/katalogusok-es-szorolapok\\\/bonusz-program-2025\\\/\",\"url\":\"https:\\\/\\\/www.kittfort.cz\\\/hu\\\/letoltes\\\/katalogusok-es-szorolapok\\\/bonusz-program-2025\\\/\",\"name\":\"B\u00f3nusz program 2025 - kittfort.hu\",\"isPartOf\":{\"@id\":\"https:\\\/\\\/www.kittfort.cz\\\/bg\\\/#website\"},\"primaryImageOfPage\":{\"@id\":\"https:\\\/\\\/www.kittfort.cz\\\/hu\\\/letoltes\\\/katalogusok-es-szorolapok\\\/bonusz-program-2025\\\/#primaryimage\"},\"image\":{\"@id\":\"https:\\\/\\\/www.kittfort.cz\\\/hu\\\/letoltes\\\/katalogusok-es-szorolapok\\\/bonusz-program-2025\\\/#primaryimage\"},\"thumbnailUrl\":\"https:\\\/\\\/www.kittfort.cz\\\/wp-content\\\/uploads\\\/2025\\\/07\\\/Bonusz-program-2025.jpg\",\"datePublished\":\"2025-07-29T06:20:00+00:00\",\"dateModified\":\"2025-07-29T07:22:28+00:00\",\"description\":\"B\u00f3nusz program 2025. Gy\u0171jtse a pontokat a Kittfort Praha. s.r.o. term\u00e9kek elad\u00e1\u00e1\u00e9rt. \u00dajdon\u00e1gok \u00e9s j\u00f3l bev\u00e1lt term\u00e9kek. Fest\u00e9kek, t\u00f6m\u00edt\u0151k, gyant\u00e1k\u2026\",\"breadcrumb\":{\"@id\":\"https:\\\/\\\/www.kittfort.cz\\\/hu\\\/letoltes\\\/katalogusok-es-szorolapok\\\/bonusz-program-2025\\\/#breadcrumb\"},\"inLanguage\":\"hu\",\"potentialAction\":[{\"@type\":\"ReadAction\",\"target\":[\"https:\\\/\\\/www.kittfort.cz\\\/hu\\\/letoltes\\\/katalogusok-es-szorolapok\\\/bonusz-program-2025\\\/\"]}]},{\"@type\":\"ImageObject\",\"inLanguage\":\"hu\",\"@id\":\"https:\\\/\\\/www.kittfort.cz\\\/hu\\\/letoltes\\\/katalogusok-es-szorolapok\\\/bonusz-program-2025\\\/#primaryimage\",\"url\":\"https:\\\/\\\/www.kittfort.cz\\\/wp-content\\\/uploads\\\/2025\\\/07\\\/Bonusz-program-2025.jpg\",\"contentUrl\":\"https:\\\/\\\/www.kittfort.cz\\\/wp-content\\\/uploads\\\/2025\\\/07\\\/Bonusz-program-2025.jpg\",\"width\":1500,\"height\":1430,\"caption\":\"Bonusz program 2025\"},{\"@type\":\"BreadcrumbList\",\"@id\":\"https:\\\/\\\/www.kittfort.cz\\\/hu\\\/letoltes\\\/katalogusok-es-szorolapok\\\/bonusz-program-2025\\\/#breadcrumb\",\"itemListElement\":[{\"@type\":\"ListItem\",\"position\":1,\"name\":\"Dom\u016f\",\"item\":\"https:\\\/\\\/www.kittfort.cz\\\/hu\\\/kezdooldal\\\/\"},{\"@type\":\"ListItem\",\"position\":2,\"name\":\"Let\u00f6lt\u00e9s\",\"item\":\"https:\\\/\\\/www.kittfort.cz\\\/hu\\\/letoltes\\\/\"},{\"@type\":\"ListItem\",\"position\":3,\"name\":\"Katal\u00f3gusok \u00e9s sz\u00f3r\u00f3lapok\",\"item\":\"https:\\\/\\\/www.kittfort.cz\\\/hu\\\/letoltes\\\/katalogusok-es-szorolapok\\\/\"},{\"@type\":\"ListItem\",\"position\":4,\"name\":\"B\u00f3nusz program 2025\"}]},{\"@type\":\"WebSite\",\"@id\":\"https:\\\/\\\/www.kittfort.cz\\\/bg\\\/#website\",\"url\":\"https:\\\/\\\/www.kittfort.cz\\\/bg\\\/\",\"name\":\"KITTFORT.CZ\",\"description\":\"term\u00e9kek cs\u00facsmin\u0151s\u00e9gben\",\"publisher\":{\"@id\":\"https:\\\/\\\/www.kittfort.cz\\\/bg\\\/#organization\"},\"potentialAction\":[{\"@type\":\"SearchAction\",\"target\":{\"@type\":\"EntryPoint\",\"urlTemplate\":\"https:\\\/\\\/www.kittfort.cz\\\/bg\\\/?s={search_term_string}\"},\"query-input\":{\"@type\":\"PropertyValueSpecification\",\"valueRequired\":true,\"valueName\":\"search_term_string\"}}],\"inLanguage\":\"hu\"},{\"@type\":\"Organization\",\"@id\":\"https:\\\/\\\/www.kittfort.cz\\\/bg\\\/#organization\",\"name\":\"KITTFORT Praha\",\"url\":\"https:\\\/\\\/www.kittfort.cz\\\/bg\\\/\",\"logo\":{\"@type\":\"ImageObject\",\"inLanguage\":\"hu\",\"@id\":\"https:\\\/\\\/www.kittfort.cz\\\/bg\\\/#\\\/schema\\\/logo\\\/image\\\/\",\"url\":\"https:\\\/\\\/www.kittfort.cz\\\/wp-content\\\/uploads\\\/2019\\\/06\\\/KITTFORT-logo-ver-2018.png\",\"contentUrl\":\"https:\\\/\\\/www.kittfort.cz\\\/wp-content\\\/uploads\\\/2019\\\/06\\\/KITTFORT-logo-ver-2018.png\",\"width\":500,\"height\":151,\"caption\":\"KITTFORT Praha\"},\"image\":{\"@id\":\"https:\\\/\\\/www.kittfort.cz\\\/bg\\\/#\\\/schema\\\/logo\\\/image\\\/\"},\"sameAs\":[\"https:\\\/\\\/www.facebook.com\\\/kittfort\",\"https:\\\/\\\/instagram.com\\\/kittfort.cz\"]}]}<\/script>\n<!-- \/ Yoast SEO plugin. -->","yoast_head_json":{"title":"B\u00f3nusz program 2025 - kittfort.hu","description":"B\u00f3nusz program 2025. Gy\u0171jtse a pontokat a Kittfort Praha. s.r.o. term\u00e9kek elad\u00e1\u00e1\u00e9rt. \u00dajdon\u00e1gok \u00e9s j\u00f3l bev\u00e1lt term\u00e9kek. Fest\u00e9kek, t\u00f6m\u00edt\u0151k, gyant\u00e1k\u2026","robots":{"index":"index","follow":"follow","max-snippet":"max-snippet:-1","max-image-preview":"max-image-preview:large","max-video-preview":"max-video-preview:-1"},"canonical":"https:\/\/www.kittfort.cz\/hu\/letoltes\/katalogusok-es-szorolapok\/bonusz-program-2025\/","og_locale":"hu_HU","og_type":"article","og_title":"B\u00f3nusz program 2025 - kittfort.hu","og_description":"B\u00f3nusz program 2025. Gy\u0171jtse a pontokat a Kittfort Praha. s.r.o. term\u00e9kek elad\u00e1\u00e1\u00e9rt. \u00dajdon\u00e1gok \u00e9s j\u00f3l bev\u00e1lt term\u00e9kek. Fest\u00e9kek, t\u00f6m\u00edt\u0151k, gyant\u00e1k\u2026","og_url":"https:\/\/www.kittfort.cz\/hu\/letoltes\/katalogusok-es-szorolapok\/bonusz-program-2025\/","og_site_name":"kittfort.hu","article_publisher":"https:\/\/www.facebook.com\/kittfort","article_modified_time":"2025-07-29T07:22:28+00:00","og_image":[{"width":1500,"height":1430,"url":"https:\/\/www.kittfort.cz\/wp-content\/uploads\/2025\/07\/Bonusz-program-2025.jpg","type":"image\/jpeg"}],"twitter_card":"summary_large_image","twitter_misc":{"Becs\u00fclt olvas\u00e1si id\u0151":"1 perc"},"schema":{"@context":"https:\/\/schema.org","@graph":[{"@type":"WebPage","@id":"https:\/\/www.kittfort.cz\/hu\/letoltes\/katalogusok-es-szorolapok\/bonusz-program-2025\/","url":"https:\/\/www.kittfort.cz\/hu\/letoltes\/katalogusok-es-szorolapok\/bonusz-program-2025\/","name":"B\u00f3nusz program 2025 - kittfort.hu","isPartOf":{"@id":"https:\/\/www.kittfort.cz\/bg\/#website"},"primaryImageOfPage":{"@id":"https:\/\/www.kittfort.cz\/hu\/letoltes\/katalogusok-es-szorolapok\/bonusz-program-2025\/#primaryimage"},"image":{"@id":"https:\/\/www.kittfort.cz\/hu\/letoltes\/katalogusok-es-szorolapok\/bonusz-program-2025\/#primaryimage"},"thumbnailUrl":"https:\/\/www.kittfort.cz\/wp-content\/uploads\/2025\/07\/Bonusz-program-2025.jpg","datePublished":"2025-07-29T06:20:00+00:00","dateModified":"2025-07-29T07:22:28+00:00","description":"B\u00f3nusz program 2025. Gy\u0171jtse a pontokat a Kittfort Praha. s.r.o. term\u00e9kek elad\u00e1\u00e1\u00e9rt. \u00dajdon\u00e1gok \u00e9s j\u00f3l bev\u00e1lt term\u00e9kek. Fest\u00e9kek, t\u00f6m\u00edt\u0151k, gyant\u00e1k\u2026","breadcrumb":{"@id":"https:\/\/www.kittfort.cz\/hu\/letoltes\/katalogusok-es-szorolapok\/bonusz-program-2025\/#breadcrumb"},"inLanguage":"hu","potentialAction":[{"@type":"ReadAction","target":["https:\/\/www.kittfort.cz\/hu\/letoltes\/katalogusok-es-szorolapok\/bonusz-program-2025\/"]}]},{"@type":"ImageObject","inLanguage":"hu","@id":"https:\/\/www.kittfort.cz\/hu\/letoltes\/katalogusok-es-szorolapok\/bonusz-program-2025\/#primaryimage","url":"https:\/\/www.kittfort.cz\/wp-content\/uploads\/2025\/07\/Bonusz-program-2025.jpg","contentUrl":"https:\/\/www.kittfort.cz\/wp-content\/uploads\/2025\/07\/Bonusz-program-2025.jpg","width":1500,"height":1430,"caption":"Bonusz program 2025"},{"@type":"BreadcrumbList","@id":"https:\/\/www.kittfort.cz\/hu\/letoltes\/katalogusok-es-szorolapok\/bonusz-program-2025\/#breadcrumb","itemListElement":[{"@type":"ListItem","position":1,"name":"Dom\u016f","item":"https:\/\/www.kittfort.cz\/hu\/kezdooldal\/"},{"@type":"ListItem","position":2,"name":"Let\u00f6lt\u00e9s","item":"https:\/\/www.kittfort.cz\/hu\/letoltes\/"},{"@type":"ListItem","position":3,"name":"Katal\u00f3gusok \u00e9s sz\u00f3r\u00f3lapok","item":"https:\/\/www.kittfort.cz\/hu\/letoltes\/katalogusok-es-szorolapok\/"},{"@type":"ListItem","position":4,"name":"B\u00f3nusz program 2025"}]},{"@type":"WebSite","@id":"https:\/\/www.kittfort.cz\/bg\/#website","url":"https:\/\/www.kittfort.cz\/bg\/","name":"KITTFORT.CZ","description":"term\u00e9kek cs\u00facsmin\u0151s\u00e9gben","publisher":{"@id":"https:\/\/www.kittfort.cz\/bg\/#organization"},"potentialAction":[{"@type":"SearchAction","target":{"@type":"EntryPoint","urlTemplate":"https:\/\/www.kittfort.cz\/bg\/?s={search_term_string}"},"query-input":{"@type":"PropertyValueSpecification","valueRequired":true,"valueName":"search_term_string"}}],"inLanguage":"hu"},{"@type":"Organization","@id":"https:\/\/www.kittfort.cz\/bg\/#organization","name":"KITTFORT Praha","url":"https:\/\/www.kittfort.cz\/bg\/","logo":{"@type":"ImageObject","inLanguage":"hu","@id":"https:\/\/www.kittfort.cz\/bg\/#\/schema\/logo\/image\/","url":"https:\/\/www.kittfort.cz\/wp-content\/uploads\/2019\/06\/KITTFORT-logo-ver-2018.png","contentUrl":"https:\/\/www.kittfort.cz\/wp-content\/uploads\/2019\/06\/KITTFORT-logo-ver-2018.png","width":500,"height":151,"caption":"KITTFORT Praha"},"image":{"@id":"https:\/\/www.kittfort.cz\/bg\/#\/schema\/logo\/image\/"},"sameAs":["https:\/\/www.facebook.com\/kittfort","https:\/\/instagram.com\/kittfort.cz"]}]}},"rttpg_featured_image_url":{"full":["https:\/\/www.kittfort.cz\/wp-content\/uploads\/2025\/07\/Bonusz-program-2025.jpg",1500,1430,false],"landscape":["https:\/\/www.kittfort.cz\/wp-content\/uploads\/2025\/07\/Bonusz-program-2025.jpg",1500,1430,false],"portraits":["https:\/\/www.kittfort.cz\/wp-content\/uploads\/2025\/07\/Bonusz-program-2025.jpg",1500,1430,false],"thumbnail":["https:\/\/www.kittfort.cz\/wp-content\/uploads\/2025\/07\/Bonusz-program-2025-210x200.jpg",210,200,true],"medium":["https:\/\/www.kittfort.cz\/wp-content\/uploads\/2025\/07\/Bonusz-program-2025-400x381.jpg",400,381,true],"large":["https:\/\/www.kittfort.cz\/wp-content\/uploads\/2025\/07\/Bonusz-program-2025.jpg",870,829,false],"timeline-express":["https:\/\/www.kittfort.cz\/wp-content\/uploads\/2025\/07\/Bonusz-program-2025-350x120.jpg",350,120,true],"timeline-express-thumbnail":["https:\/\/www.kittfort.cz\/wp-content\/uploads\/2025\/07\/Bonusz-program-2025-200x120.jpg",200,120,true],"1536x1536":["https:\/\/www.kittfort.cz\/wp-content\/uploads\/2025\/07\/Bonusz-program-2025.jpg",1500,1430,false],"2048x2048":["https:\/\/www.kittfort.cz\/wp-content\/uploads\/2025\/07\/Bonusz-program-2025.jpg",1500,1430,false],"post-thumbnail":["https:\/\/www.kittfort.cz\/wp-content\/uploads\/2025\/07\/Bonusz-program-2025-250x250.jpg",250,250,true],"rpwe-thumbnail":["https:\/\/www.kittfort.cz\/wp-content\/uploads\/2025\/07\/Bonusz-program-2025-45x45.jpg",45,45,true],"fpw_square":["https:\/\/www.kittfort.cz\/wp-content\/uploads\/2025\/07\/Bonusz-program-2025-200x200.jpg",200,200,true],"fpw_banner":["https:\/\/www.kittfort.cz\/wp-content\/uploads\/2025\/07\/Bonusz-program-2025-400x150.jpg",400,150,true],"fpw_big":["https:\/\/www.kittfort.cz\/wp-content\/uploads\/2025\/07\/Bonusz-program-2025-400x381.jpg",400,381,true],"rt_custom":["https:\/\/www.kittfort.cz\/wp-content\/uploads\/2025\/07\/Bonusz-program-2025.jpg",1500,1430,false]},"rttpg_author":{"display_name":"kittfort","author_link":"https:\/\/www.kittfort.cz\/hu\/author\/kittfortcz\/"},"rttpg_comment":0,"rttpg_category":false,"rttpg_excerpt":"B\u00f3nusz program 2023","_links":{"self":[{"href":"https:\/\/www.kittfort.cz\/hu\/wp-json\/wp\/v2\/pages\/45708","targetHints":{"allow":["GET"]}}],"collection":[{"href":"https:\/\/www.kittfort.cz\/hu\/wp-json\/wp\/v2\/pages"}],"about":[{"href":"https:\/\/www.kittfort.cz\/hu\/wp-json\/wp\/v2\/types\/page"}],"author":[{"embeddable":true,"href":"https:\/\/www.kittfort.cz\/hu\/wp-json\/wp\/v2\/users\/1"}],"replies":[{"embeddable":true,"href":"https:\/\/www.kittfort.cz\/hu\/wp-json\/wp\/v2\/comments?post=45708"}],"version-history":[{"count":0,"href":"https:\/\/www.kittfort.cz\/hu\/wp-json\/wp\/v2\/pages\/45708\/revisions"}],"up":[{"embeddable":true,"href":"https:\/\/www.kittfort.cz\/hu\/wp-json\/wp\/v2\/pages\/8540"}],"wp:featuredmedia":[{"embeddable":true,"href":"https:\/\/www.kittfort.cz\/hu\/wp-json\/wp\/v2\/media\/70586"}],"wp:attachment":[{"href":"https:\/\/www.kittfort.cz\/hu\/wp-json\/wp\/v2\/media?parent=45708"}],"wp:term":[{"taxonomy":"category","embeddable":true,"href":"https:\/\/www.kittfort.cz\/hu\/wp-json\/wp\/v2\/categories?post=45708"},{"taxonomy":"post_tag","embeddable":true,"href":"https:\/\/www.kittfort.cz\/hu\/wp-json\/wp\/v2\/tags?post=45708"}],"curies":[{"name":"wp","href":"https:\/\/api.w.org\/{rel}","templated":true}]}}