{"id":65987,"date":"2025-02-06T23:28:16","date_gmt":"2025-02-06T22:28:16","guid":{"rendered":"https:\/\/www.kittfort.cz\/?page_id=65987"},"modified":"2025-04-28T18:45:53","modified_gmt":"2025-04-28T16:45:53","slug":"sorbent-kitchen-garden","status":"publish","type":"page","link":"https:\/\/www.kittfort.cz\/hu\/termekek\/tisztitoszerek\/sorbent-kitchen-garden\/","title":{"rendered":"Sorbent kitchen &#038; garden"},"content":{"rendered":"\n<div class=\"wp-block-columns is-layout-flex wp-container-core-columns-is-layout-9d6595d7 wp-block-columns-is-layout-flex\">\n<div class=\"wp-block-column is-vertically-aligned-center is-layout-flow wp-block-column-is-layout-flow\"><div class=\"pgc-sgb-cb wp-block-pgcsimplygalleryblock-viewer \" data-gallery-id=\"43b26836\"><div class=\"sgb-preloader\" id=\"pr_43b26836\">\n\t<div class=\"sgb-square\" style=\"background:#d4d4d4\"><\/div>\n\t<div class=\"sgb-square\" style=\"background:#d4d4d4\"><\/div>\n\t<div class=\"sgb-square\" style=\"background:#d4d4d4\"><\/div>\n\t<div class=\"sgb-square\" style=\"background:#d4d4d4\"><\/div><\/div><div class=\"simply-gallery-amp pgc_sgb_slider \"><noscript><div class=\"sgb-gallery\"><div class=\"sgb-item\"><a href=\"https:\/\/www.kittfort.cz\/produkty\/cistici-pripravky-a-odmastovace\/sorbent-kitchen-garden\/sorbent-kitchen-garden-02m2-2\/\" target=\"_blank\"><img decoding=\"async\" alt=\"Sorbent kitchen &amp; garden\" width=\"400\" height=\"400\" loading=\"lazy\" src=\"https:\/\/www.kittfort.cz\/wp-content\/uploads\/2023\/06\/SORBENT-kitchen-garden-02m2-400x400.jpg\" srcset=\"https:\/\/www.kittfort.cz\/wp-content\/uploads\/2023\/06\/SORBENT-kitchen-garden-02m2-400x400.jpg 400w,https:\/\/www.kittfort.cz\/wp-content\/uploads\/2023\/06\/SORBENT-kitchen-garden-02m2.jpg 1500w\" sizes=\"auto, 250px\"\/><\/a><\/div><\/div><\/noscript><\/div><script type=\"application\/json\" class=\"sgb-data\">{\"isPremium\":true,\"galleryType\":\"pgc_sgb_viewer\",\"galleryId\":\"43b26836\",\"images\":[{\"id\":54613,\"title\":\"Sorbent kitchen \\u0026amp; garden\",\"url\":\"https:\/\/www.kittfort.cz\/wp-content\/uploads\/2023\/06\/SORBENT-kitchen-garden-02m2.jpg\",\"link\":\"https:\/\/www.kittfort.cz\/produkty\/cistici-pripravky-a-odmastovace\/sorbent-kitchen-garden\/sorbent-kitchen-garden-02m2-2\/\",\"alt\":\"Sorbent kitchen \\u0026amp; garden\",\"description\":\"\",\"caption\":\"\",\"mime\":\"image\/jpeg\",\"type\":\"image\",\"width\":1500,\"height\":1500,\"sizes\":{\"thumbnail\":{\"url\":\"https:\/\/www.kittfort.cz\/wp-content\/uploads\/2023\/06\/SORBENT-kitchen-garden-02m2-200x200.jpg\",\"height\":200,\"width\":200,\"orientation\":\"landscape\"},\"medium\":{\"url\":\"https:\/\/www.kittfort.cz\/wp-content\/uploads\/2023\/06\/SORBENT-kitchen-garden-02m2-400x400.jpg\",\"height\":400,\"width\":400,\"orientation\":\"landscape\"},\"full\":{\"url\":\"https:\/\/www.kittfort.cz\/wp-content\/uploads\/2023\/06\/SORBENT-kitchen-garden-02m2.jpg\",\"height\":1500,\"width\":1500,\"orientation\":\"landscape\"}},\"imageMeta\":{\"aperture\":\"13\",\"credit\":\"\",\"camera\":\"NIKON D5000\",\"caption\":\"\",\"created_timestamp\":\"1658857656\",\"copyright\":\"\",\"focal_length\":\"29\",\"iso\":\"200\",\"shutter_speed\":\"0.008\",\"title\":\"\",\"orientation\":\"1\",\"keywords\":[]},\"meta\":false,\"postlink\":\"https:\/\/www.kittfort.cz\/produkty\/cistici-pripravky-a-odmastovace\/sorbent-kitchen-garden\/sorbent-kitchen-garden-02m2-2\/\"}],\"sliderRatio\":0.90000000000000002220446049250313080847263336181640625,\"sliderStyle\":\"cleanStyle\",\"sliderNextPrevAnimation\":\"fade\",\"sliderItemCounterEnable\":false,\"sliderBgColor\":\"rgba(255,255,255,0.61)\",\"sliderNavigationColor\":\"rgba(0,0,0,0)\",\"sliderNavigationColorOver\":\"rgba(0,0,0,0.16)\",\"sliderSocialShareEnabled\":false,\"sliderResizeEnable\":false,\"sliderItemDownload\":false,\"collectionColumns\":4,\"collectionthumbActiveColor\":\"rgba(237,237,237,1)\",\"openPopupId\":\"\",\"itemsMetaDataCollection\":[]}<\/script><script>(function(){if(window.PGC_SGB && window.PGC_SGB.searcher){window.PGC_SGB.searcher.initBlocks()}})()<\/script><\/div>\n\n\n<div style=\"height:3em\" aria-hidden=\"true\" class=\"wp-block-spacer\"><\/div>\n<\/div>\n\n\n\n<div class=\"wp-block-column is-layout-flow wp-block-column-is-layout-flow\">\n<div class=\"wp-block-group is-layout-flex wp-block-group-is-layout-flex\">\n<h3 class=\"wp-block-heading title-product\">Sorbent kitchen &amp; garden<\/h3>\n\n\n\n<p>Mikrosz\u00e1las, nem sz\u0151tt, polipropil\u00e9n sz\u00f6vetb\u0151l k\u00e9sz\u00fclt, speci\u00e1lis hidrofil kezel\u00e9s\u0171 (felsz\u00edvja a&nbsp;vizet), ultrahangos fel\u00fcletkezel\u00e9s n\u00e9lk\u00fcl k\u00e9sz\u00fclt anyag. A&nbsp;sz\u00f6vet nagy bels\u0151 t\u00e9rfogattal rendelkezik, \u00edgy a&nbsp;laza mikrosz\u00e1lak nagyon magas \u00e9s gyors nedvsz\u00edv\u00f3 k\u00e9pess\u00e9get biztos\u00edtanak. F\u0151leg hirtelen keletkezett nagy mennyis\u00e9g\u0171 folyad\u00e9kok gyors felsz\u00edv\u00e1s\u00e1n\u00e1l tesz igen j\u00f3 szolg\u00e1latot. A&nbsp;Szorbens alkalmas nagyobb \u00e9s kisebb csepegtet\u00e9sre, p\u00e9ld\u00e1ul sziv\u00e1rg\u00e1s vagy berendez\u00e9sek (pl. f\u0171ny\u00edr\u00f3, motor, f\u0171r\u00e9sz, ker\u00e9kp\u00e1r stb.) jav\u00edt\u00e1sa sor\u00e1n, ezen berendez\u00e9sek tiszt\u00edt\u00e1sa \u00e9s karbantart\u00e1sa sor\u00e1n. Kiv\u00e1l\u00f3 hossz\u00fa t\u00e1v\u00fa \u00e9s ism\u00e9telt haszn\u00e1latra.<\/p>\n\n\n\n<p><strong>Agressz\u00edv folyad\u00e9kok felsz\u00edv\u00e1sakor az agressz\u00edv anyag c\u00edmk\u00e9j\u00e9n megadott \u00e9s javasolt v\u00e9d\u0151felszerel\u00e9sben dolgozzon!<\/strong><\/p>\n\n\n\n<p>Gyorsan \u00e9s biztons\u00e1gosan felsz\u00edvja az agressz\u00edv \u00e9s nem agressz\u00edv folyad\u00e9kokat:<\/p>\n\n\n\n<ul class=\"wp-block-list list-txt\">\n<li>n\u00f6v\u00e9nyi zs\u00edrok<\/li>\n\n\n\n<li>szennyezett folyad\u00e9kok<\/li>\n\n\n\n<li>old\u00f3szerek &#8211; tiszt\u00edt\u00f3szerek &#8211; hidroxidok &#8211; savak<\/li>\n\n\n\n<li>olajok &#8211; d\u00edzel \u2013 benzin<\/li>\n<\/ul>\n<\/div>\n\n\n\n<div style=\"height:2em\" aria-hidden=\"true\" class=\"wp-block-spacer\"><\/div>\n\n\n\n<div class=\"wp-block-group is-layout-flex wp-block-group-is-layout-flex\">\n<div class=\"wp-block-buttons is-content-justification-space-between is-layout-flex wp-container-core-buttons-is-layout-256aec57 wp-block-buttons-is-layout-flex\">\n<div class=\"wp-block-button has-custom-font-size btn-txt\" style=\"font-size:1.5em\"><a class=\"wp-block-button__link wp-element-button\" href=\"https:\/\/www.kittfort.cz\/hu\/letoltes\/katalogusok-es-szorolapok\/\" title=\"Katal\u00f3gusok \u00e9s sz\u00f3r\u00f3lapok\" style=\"border-radius:0px\"><i class=\"fas fa-book-open\"><\/i><\/a><\/div>\n\n\n\n<div class=\"wp-block-button has-custom-font-size btn-txt\" style=\"font-size:1.5em\"><a class=\"wp-block-button__link wp-element-button\" href=\"https:\/\/www.kittfort.cz\/hu\/letoltes\/eladas-tamogatasa\/\" title=\"Elad\u00e1s t\u00e1mogat\u00e1sa\" style=\"border-radius:0px\"><i class=\"fas fa-palette\"><\/i><\/a><\/div>\n\n\n\n<div class=\"wp-block-button has-custom-font-size btn-txt\" style=\"font-size:1.5em\"><a class=\"wp-block-button__link wp-element-button\" href=\"https:\/\/www.youtube.com\/channel\/UCeBliorfsj942FmZp-hOC0A\" title=\"YouTube\" style=\"border-radius:0px\" target=\"_blank\" rel=\"noreferrer noopener\"><i class=\"fab fa-youtube\"><\/i><\/a><\/div>\n\n\n\n<div class=\"wp-block-button has-custom-font-size btn-txt\" style=\"font-size:1.5em\"><a class=\"wp-block-button__link wp-element-button\" href=\"javascript:window.print()\" title=\"Nyomtat\u00e1s\" style=\"border-radius:0px\"><i class=\"fas fa-print\"><\/i><\/a><\/div>\n<\/div>\n<\/div>\n\n\n\n<div style=\"height:2em\" aria-hidden=\"true\" class=\"wp-block-spacer\"><\/div>\n<\/div>\n<\/div>\n\n\n\n<div class=\"wp-block-columns is-layout-flex wp-container-core-columns-is-layout-9d6595d7 wp-block-columns-is-layout-flex\">\n<div class=\"wp-block-column is-layout-flow wp-block-column-is-layout-flow\"><div id=\"accordions-65992\" class=\"accordions-65992 accordions\" data-accordions={&quot;lazyLoad&quot;:true,&quot;id&quot;:&quot;65992&quot;,&quot;event&quot;:&quot;click&quot;,&quot;collapsible&quot;:&quot;true&quot;,&quot;heightStyle&quot;:&quot;content&quot;,&quot;animateStyle&quot;:&quot;swing&quot;,&quot;animateDelay&quot;:1000,&quot;navigation&quot;:true,&quot;active&quot;:999,&quot;expandedOther&quot;:&quot;no&quot;}>\r\n                <div id=\"accordions-lazy-65992\" class=\"accordions-lazy\" accordionsId=\"65992\">\r\n                    <\/div>\r\n\r\n    <div class=\"items\"  style=\"display:none\" >\r\n    \r\n            <div post_id=\"65992\" itemcount=\"0\"  header_id=\"header-1738881066054\" id=\"header-1738881066054\" style=\"\" class=\"accordions-head head1738881066054 border-none\" toggle-text=\"\" main-text=\"Vonalk\u00f3dok\">\r\n                                    <span id=\"accordion-icons-1738881066054\" class=\"accordion-icons\">\r\n                        <span class=\"accordion-icon-active accordion-plus\"><i class=\"fa fa-plus\"><\/i><\/span>\r\n                        <span class=\"accordion-icon-inactive accordion-minus\"><i class=\"fa fa-minus\"><\/i><\/span>\r\n                    <\/span>\r\n                    <span id=\"header-text-1738881066054\" class=\"accordions-head-title\">Vonalk\u00f3dok<\/span>\r\n                            <\/div>\r\n            <div class=\"accordion-content content1738881066054 \">\r\n                <table class=\"tableProducts\">\n<tbody>\n<tr>\n<td>Sorbent kitchen & garden 0,2 m<sup>2<\/sup><\/td>\n<td class=\"tblRight\">8595030516017<\/td>\n<\/tr>\n<\/tbody>\n<\/table>\n            <\/div>\r\n    \r\n            <div post_id=\"65992\" itemcount=\"1\"  header_id=\"header-1738881084255\" id=\"header-1738881084255\" style=\"\" class=\"accordions-head head1738881084255 border-none\" toggle-text=\"\" main-text=\"Let\u00f6lt\u00e9sek\">\r\n                                    <span id=\"accordion-icons-1738881084255\" class=\"accordion-icons\">\r\n                        <span class=\"accordion-icon-active accordion-plus\"><i class=\"fa fa-plus\"><\/i><\/span>\r\n                        <span class=\"accordion-icon-inactive accordion-minus\"><i class=\"fa fa-minus\"><\/i><\/span>\r\n                    <\/span>\r\n                    <span id=\"header-text-1738881084255\" class=\"accordions-head-title\">Let\u00f6lt\u00e9sek<\/span>\r\n                            <\/div>\r\n            <div class=\"accordion-content content1738881084255 \">\r\n                <table class=\"tableProducts\">\n<tbody>\n<tr>\n<td><i class=\"far fa-image\"><\/i> Sorbent kitchen & garden 0,2 m<sup>2<\/sup><\/td>\n<td><a href=\"https:\/\/www.kittfort.cz\/wp-content\/uploads\/2023\/02\/SORBENT-kitchen-garden-02m2.jpg\" target=\"_blank\" rel=\"noopener\"><i class=\"fas fa-download\"><\/i><\/a><\/td>\n<\/tr>\n<\/tbody>\n<\/table>\n<p>Megjegyz\u00e9s: A let\u00f6lthet\u0151 k\u00e9pek *.jpg form\u00e1tumban 300 DPI felbont\u00e1sban \u00e9s RGB sz\u00ednekben vannak..<\/p>\n            <\/div>\r\n    <\/div>\r\n\r\n\r\n\r\n            <\/div>\n<\/div>\n\n\n\n<div class=\"wp-block-column is-layout-flow wp-block-column-is-layout-flow\">\n<div class=\"wp-block-group is-layout-flex wp-block-group-is-layout-flex\">\n<div class=\"container overflow-hidden boxRightDetails\">\n<div class=\"row gy-2 boxRightDetails\">\n<div class=\"col-8 box1 p-4 boxRightDetailsBox\"><span>Kiszerel\u00e9s:<\/span> 0,2&nbsp;m<sup>2<\/sup><\/div>\n<div class=\"col-4 p-4 boxRightDetailsBox\"><span>Sz\u00edn\u00e1rnyalat:<\/span> s\u00e1rga<\/div>\n<div class=\"col-8 box1 p-4 boxRightDetailsBox\"><span>Min\u0151s\u00e9g\u00e9t meg\u0151rzi:<\/span> korl\u00e1tlan ideig<\/div>\n<\/div>\n<\/div>\n<\/div>\n\n\n\n<div class=\"wp-block-group is-layout-flex wp-block-group-is-layout-flex\">\n<div style=\"height:1em;width:0px\" aria-hidden=\"true\" class=\"wp-block-spacer wp-container-content-1c8aa779\"><\/div>\n\n\n\n<p style=\"font-size:0.85em\">Biztons\u00e1gtechnikai adatlapra vagy m\u0171szaki adatlapra van sz\u00fcks\u00e9ge? \u00cdrjon nek\u00fcnk: <a href=\"mailto:lowgabriella@seznam.cz\">lowgabriella@seznam.cz<\/a><\/p>\n<\/div>\n<\/div>\n<\/div>\n\n\n\n<div style=\"height:40px\" aria-hidden=\"true\" class=\"wp-block-spacer\"><\/div>\n","protected":false},"excerpt":{"rendered":"<p>Mikrosz\u00e1las, nem sz\u0151tt, polipropil\u00e9n sz\u00f6vetb\u0151l k\u00e9sz\u00fclt, speci\u00e1lis hidrofil kezel\u00e9s\u0171 (felsz\u00edvja a&nbsp;vizet), ultrahangos fel\u00fcletkezel\u00e9s n\u00e9lk\u00fcl k\u00e9sz\u00fclt anyag<\/p>\n","protected":false},"author":1,"featured_media":43918,"parent":9469,"menu_order":11,"comment_status":"closed","ping_status":"closed","template":"full-page-product.php","meta":{"pgc_sgb_lightbox_settings":"","footnotes":""},"categories":[62],"tags":[429],"class_list":["post-65987","page","type-page","status-publish","has-post-thumbnail","hentry","category-tisztitoszerek","tag-textilek"],"yoast_head":"<!-- This site is optimized with the Yoast SEO plugin v27.4 - https:\/\/yoast.com\/product\/yoast-seo-wordpress\/ -->\n<title>Sorbent kitchen &amp; garden - kittfort.hu<\/title>\n<meta name=\"description\" content=\"Mikrosz\u00e1las, nem sz\u0151tt, polipropil\u00e9n sz\u00f6vetb\u0151l k\u00e9sz\u00fclt, speci\u00e1lis hidrofil kezel\u00e9s\u0171 (felsz\u00edvja a vizet), ultrahangos fel\u00fcletkezel\u00e9s n\u00e9lk\u00fcl k\u00e9sz\u00fclt anyag.\" \/>\n<meta name=\"robots\" content=\"index, follow, max-snippet:-1, max-image-preview:large, max-video-preview:-1\" \/>\n<link rel=\"canonical\" href=\"https:\/\/www.kittfort.cz\/hu\/termekek\/tisztitoszerek\/sorbent-kitchen-garden\/\" \/>\n<meta property=\"og:locale\" content=\"hu_HU\" \/>\n<meta property=\"og:type\" content=\"article\" \/>\n<meta property=\"og:title\" content=\"Sorbent kitchen &amp; garden - kittfort.hu\" \/>\n<meta property=\"og:description\" content=\"Mikrosz\u00e1las, nem sz\u0151tt, polipropil\u00e9n sz\u00f6vetb\u0151l k\u00e9sz\u00fclt, speci\u00e1lis hidrofil kezel\u00e9s\u0171 (felsz\u00edvja a vizet), ultrahangos fel\u00fcletkezel\u00e9s n\u00e9lk\u00fcl k\u00e9sz\u00fclt anyag.\" \/>\n<meta property=\"og:url\" content=\"https:\/\/www.kittfort.cz\/hu\/termekek\/tisztitoszerek\/sorbent-kitchen-garden\/\" \/>\n<meta property=\"og:site_name\" content=\"kittfort.hu\" \/>\n<meta property=\"article:publisher\" content=\"https:\/\/www.facebook.com\/kittfort\" \/>\n<meta property=\"article:modified_time\" content=\"2025-04-28T16:45:53+00:00\" \/>\n<meta property=\"og:image\" content=\"https:\/\/www.kittfort.cz\/wp-content\/uploads\/2023\/02\/sorbent-kitchen-garden.png\" \/>\n\t<meta property=\"og:image:width\" content=\"400\" \/>\n\t<meta property=\"og:image:height\" content=\"250\" \/>\n\t<meta property=\"og:image:type\" content=\"image\/png\" \/>\n<meta name=\"twitter:card\" content=\"summary_large_image\" \/>\n<meta name=\"twitter:label1\" content=\"Becs\u00fclt olvas\u00e1si id\u0151\" \/>\n\t<meta name=\"twitter:data1\" content=\"3 perc\" \/>\n<script type=\"application\/ld+json\" class=\"yoast-schema-graph\">{\"@context\":\"https:\\\/\\\/schema.org\",\"@graph\":[{\"@type\":\"WebPage\",\"@id\":\"https:\\\/\\\/www.kittfort.cz\\\/hu\\\/termekek\\\/tisztitoszerek\\\/sorbent-kitchen-garden\\\/\",\"url\":\"https:\\\/\\\/www.kittfort.cz\\\/hu\\\/termekek\\\/tisztitoszerek\\\/sorbent-kitchen-garden\\\/\",\"name\":\"Sorbent kitchen & garden - kittfort.hu\",\"isPartOf\":{\"@id\":\"https:\\\/\\\/www.kittfort.cz\\\/bg\\\/#website\"},\"primaryImageOfPage\":{\"@id\":\"https:\\\/\\\/www.kittfort.cz\\\/hu\\\/termekek\\\/tisztitoszerek\\\/sorbent-kitchen-garden\\\/#primaryimage\"},\"image\":{\"@id\":\"https:\\\/\\\/www.kittfort.cz\\\/hu\\\/termekek\\\/tisztitoszerek\\\/sorbent-kitchen-garden\\\/#primaryimage\"},\"thumbnailUrl\":\"https:\\\/\\\/www.kittfort.cz\\\/wp-content\\\/uploads\\\/2023\\\/02\\\/sorbent-kitchen-garden.png\",\"datePublished\":\"2025-02-06T22:28:16+00:00\",\"dateModified\":\"2025-04-28T16:45:53+00:00\",\"description\":\"Mikrosz\u00e1las, nem sz\u0151tt, polipropil\u00e9n sz\u00f6vetb\u0151l k\u00e9sz\u00fclt, speci\u00e1lis hidrofil kezel\u00e9s\u0171 (felsz\u00edvja a vizet), ultrahangos fel\u00fcletkezel\u00e9s n\u00e9lk\u00fcl k\u00e9sz\u00fclt anyag.\",\"breadcrumb\":{\"@id\":\"https:\\\/\\\/www.kittfort.cz\\\/hu\\\/termekek\\\/tisztitoszerek\\\/sorbent-kitchen-garden\\\/#breadcrumb\"},\"inLanguage\":\"hu\",\"potentialAction\":[{\"@type\":\"ReadAction\",\"target\":[\"https:\\\/\\\/www.kittfort.cz\\\/hu\\\/termekek\\\/tisztitoszerek\\\/sorbent-kitchen-garden\\\/\"]}]},{\"@type\":\"ImageObject\",\"inLanguage\":\"hu\",\"@id\":\"https:\\\/\\\/www.kittfort.cz\\\/hu\\\/termekek\\\/tisztitoszerek\\\/sorbent-kitchen-garden\\\/#primaryimage\",\"url\":\"https:\\\/\\\/www.kittfort.cz\\\/wp-content\\\/uploads\\\/2023\\\/02\\\/sorbent-kitchen-garden.png\",\"contentUrl\":\"https:\\\/\\\/www.kittfort.cz\\\/wp-content\\\/uploads\\\/2023\\\/02\\\/sorbent-kitchen-garden.png\",\"width\":400,\"height\":250},{\"@type\":\"BreadcrumbList\",\"@id\":\"https:\\\/\\\/www.kittfort.cz\\\/hu\\\/termekek\\\/tisztitoszerek\\\/sorbent-kitchen-garden\\\/#breadcrumb\",\"itemListElement\":[{\"@type\":\"ListItem\",\"position\":1,\"name\":\"Dom\u016f\",\"item\":\"https:\\\/\\\/www.kittfort.cz\\\/hu\\\/kezdooldal\\\/\"},{\"@type\":\"ListItem\",\"position\":2,\"name\":\"Term\u00e9kek\",\"item\":\"https:\\\/\\\/www.kittfort.cz\\\/hu\\\/termekek\\\/\"},{\"@type\":\"ListItem\",\"position\":3,\"name\":\"Tiszt\u00edt\u00f3szerek\",\"item\":\"https:\\\/\\\/www.kittfort.cz\\\/hu\\\/termekek\\\/tisztitoszerek\\\/\"},{\"@type\":\"ListItem\",\"position\":4,\"name\":\"Sorbent kitchen &#038; garden\"}]},{\"@type\":\"WebSite\",\"@id\":\"https:\\\/\\\/www.kittfort.cz\\\/bg\\\/#website\",\"url\":\"https:\\\/\\\/www.kittfort.cz\\\/bg\\\/\",\"name\":\"KITTFORT.CZ\",\"description\":\"term\u00e9kek cs\u00facsmin\u0151s\u00e9gben\",\"publisher\":{\"@id\":\"https:\\\/\\\/www.kittfort.cz\\\/bg\\\/#organization\"},\"potentialAction\":[{\"@type\":\"SearchAction\",\"target\":{\"@type\":\"EntryPoint\",\"urlTemplate\":\"https:\\\/\\\/www.kittfort.cz\\\/bg\\\/?s={search_term_string}\"},\"query-input\":{\"@type\":\"PropertyValueSpecification\",\"valueRequired\":true,\"valueName\":\"search_term_string\"}}],\"inLanguage\":\"hu\"},{\"@type\":\"Organization\",\"@id\":\"https:\\\/\\\/www.kittfort.cz\\\/bg\\\/#organization\",\"name\":\"KITTFORT Praha\",\"url\":\"https:\\\/\\\/www.kittfort.cz\\\/bg\\\/\",\"logo\":{\"@type\":\"ImageObject\",\"inLanguage\":\"hu\",\"@id\":\"https:\\\/\\\/www.kittfort.cz\\\/bg\\\/#\\\/schema\\\/logo\\\/image\\\/\",\"url\":\"https:\\\/\\\/www.kittfort.cz\\\/wp-content\\\/uploads\\\/2019\\\/06\\\/KITTFORT-logo-ver-2018.png\",\"contentUrl\":\"https:\\\/\\\/www.kittfort.cz\\\/wp-content\\\/uploads\\\/2019\\\/06\\\/KITTFORT-logo-ver-2018.png\",\"width\":500,\"height\":151,\"caption\":\"KITTFORT Praha\"},\"image\":{\"@id\":\"https:\\\/\\\/www.kittfort.cz\\\/bg\\\/#\\\/schema\\\/logo\\\/image\\\/\"},\"sameAs\":[\"https:\\\/\\\/www.facebook.com\\\/kittfort\",\"https:\\\/\\\/instagram.com\\\/kittfort.cz\"]}]}<\/script>\n<!-- \/ Yoast SEO plugin. -->","yoast_head_json":{"title":"Sorbent kitchen & garden - kittfort.hu","description":"Mikrosz\u00e1las, nem sz\u0151tt, polipropil\u00e9n sz\u00f6vetb\u0151l k\u00e9sz\u00fclt, speci\u00e1lis hidrofil kezel\u00e9s\u0171 (felsz\u00edvja a vizet), ultrahangos fel\u00fcletkezel\u00e9s n\u00e9lk\u00fcl k\u00e9sz\u00fclt anyag.","robots":{"index":"index","follow":"follow","max-snippet":"max-snippet:-1","max-image-preview":"max-image-preview:large","max-video-preview":"max-video-preview:-1"},"canonical":"https:\/\/www.kittfort.cz\/hu\/termekek\/tisztitoszerek\/sorbent-kitchen-garden\/","og_locale":"hu_HU","og_type":"article","og_title":"Sorbent kitchen & garden - kittfort.hu","og_description":"Mikrosz\u00e1las, nem sz\u0151tt, polipropil\u00e9n sz\u00f6vetb\u0151l k\u00e9sz\u00fclt, speci\u00e1lis hidrofil kezel\u00e9s\u0171 (felsz\u00edvja a vizet), ultrahangos fel\u00fcletkezel\u00e9s n\u00e9lk\u00fcl k\u00e9sz\u00fclt anyag.","og_url":"https:\/\/www.kittfort.cz\/hu\/termekek\/tisztitoszerek\/sorbent-kitchen-garden\/","og_site_name":"kittfort.hu","article_publisher":"https:\/\/www.facebook.com\/kittfort","article_modified_time":"2025-04-28T16:45:53+00:00","og_image":[{"width":400,"height":250,"url":"https:\/\/www.kittfort.cz\/wp-content\/uploads\/2023\/02\/sorbent-kitchen-garden.png","type":"image\/png"}],"twitter_card":"summary_large_image","twitter_misc":{"Becs\u00fclt olvas\u00e1si id\u0151":"3 perc"},"schema":{"@context":"https:\/\/schema.org","@graph":[{"@type":"WebPage","@id":"https:\/\/www.kittfort.cz\/hu\/termekek\/tisztitoszerek\/sorbent-kitchen-garden\/","url":"https:\/\/www.kittfort.cz\/hu\/termekek\/tisztitoszerek\/sorbent-kitchen-garden\/","name":"Sorbent kitchen & garden - kittfort.hu","isPartOf":{"@id":"https:\/\/www.kittfort.cz\/bg\/#website"},"primaryImageOfPage":{"@id":"https:\/\/www.kittfort.cz\/hu\/termekek\/tisztitoszerek\/sorbent-kitchen-garden\/#primaryimage"},"image":{"@id":"https:\/\/www.kittfort.cz\/hu\/termekek\/tisztitoszerek\/sorbent-kitchen-garden\/#primaryimage"},"thumbnailUrl":"https:\/\/www.kittfort.cz\/wp-content\/uploads\/2023\/02\/sorbent-kitchen-garden.png","datePublished":"2025-02-06T22:28:16+00:00","dateModified":"2025-04-28T16:45:53+00:00","description":"Mikrosz\u00e1las, nem sz\u0151tt, polipropil\u00e9n sz\u00f6vetb\u0151l k\u00e9sz\u00fclt, speci\u00e1lis hidrofil kezel\u00e9s\u0171 (felsz\u00edvja a vizet), ultrahangos fel\u00fcletkezel\u00e9s n\u00e9lk\u00fcl k\u00e9sz\u00fclt anyag.","breadcrumb":{"@id":"https:\/\/www.kittfort.cz\/hu\/termekek\/tisztitoszerek\/sorbent-kitchen-garden\/#breadcrumb"},"inLanguage":"hu","potentialAction":[{"@type":"ReadAction","target":["https:\/\/www.kittfort.cz\/hu\/termekek\/tisztitoszerek\/sorbent-kitchen-garden\/"]}]},{"@type":"ImageObject","inLanguage":"hu","@id":"https:\/\/www.kittfort.cz\/hu\/termekek\/tisztitoszerek\/sorbent-kitchen-garden\/#primaryimage","url":"https:\/\/www.kittfort.cz\/wp-content\/uploads\/2023\/02\/sorbent-kitchen-garden.png","contentUrl":"https:\/\/www.kittfort.cz\/wp-content\/uploads\/2023\/02\/sorbent-kitchen-garden.png","width":400,"height":250},{"@type":"BreadcrumbList","@id":"https:\/\/www.kittfort.cz\/hu\/termekek\/tisztitoszerek\/sorbent-kitchen-garden\/#breadcrumb","itemListElement":[{"@type":"ListItem","position":1,"name":"Dom\u016f","item":"https:\/\/www.kittfort.cz\/hu\/kezdooldal\/"},{"@type":"ListItem","position":2,"name":"Term\u00e9kek","item":"https:\/\/www.kittfort.cz\/hu\/termekek\/"},{"@type":"ListItem","position":3,"name":"Tiszt\u00edt\u00f3szerek","item":"https:\/\/www.kittfort.cz\/hu\/termekek\/tisztitoszerek\/"},{"@type":"ListItem","position":4,"name":"Sorbent kitchen &#038; garden"}]},{"@type":"WebSite","@id":"https:\/\/www.kittfort.cz\/bg\/#website","url":"https:\/\/www.kittfort.cz\/bg\/","name":"KITTFORT.CZ","description":"term\u00e9kek cs\u00facsmin\u0151s\u00e9gben","publisher":{"@id":"https:\/\/www.kittfort.cz\/bg\/#organization"},"potentialAction":[{"@type":"SearchAction","target":{"@type":"EntryPoint","urlTemplate":"https:\/\/www.kittfort.cz\/bg\/?s={search_term_string}"},"query-input":{"@type":"PropertyValueSpecification","valueRequired":true,"valueName":"search_term_string"}}],"inLanguage":"hu"},{"@type":"Organization","@id":"https:\/\/www.kittfort.cz\/bg\/#organization","name":"KITTFORT Praha","url":"https:\/\/www.kittfort.cz\/bg\/","logo":{"@type":"ImageObject","inLanguage":"hu","@id":"https:\/\/www.kittfort.cz\/bg\/#\/schema\/logo\/image\/","url":"https:\/\/www.kittfort.cz\/wp-content\/uploads\/2019\/06\/KITTFORT-logo-ver-2018.png","contentUrl":"https:\/\/www.kittfort.cz\/wp-content\/uploads\/2019\/06\/KITTFORT-logo-ver-2018.png","width":500,"height":151,"caption":"KITTFORT Praha"},"image":{"@id":"https:\/\/www.kittfort.cz\/bg\/#\/schema\/logo\/image\/"},"sameAs":["https:\/\/www.facebook.com\/kittfort","https:\/\/instagram.com\/kittfort.cz"]}]}},"rttpg_featured_image_url":{"full":["https:\/\/www.kittfort.cz\/wp-content\/uploads\/2023\/02\/sorbent-kitchen-garden.png",400,250,false],"landscape":["https:\/\/www.kittfort.cz\/wp-content\/uploads\/2023\/02\/sorbent-kitchen-garden.png",400,250,false],"portraits":["https:\/\/www.kittfort.cz\/wp-content\/uploads\/2023\/02\/sorbent-kitchen-garden.png",400,250,false],"thumbnail":["https:\/\/www.kittfort.cz\/wp-content\/uploads\/2023\/02\/sorbent-kitchen-garden-320x200.png",320,200,true],"medium":["https:\/\/www.kittfort.cz\/wp-content\/uploads\/2023\/02\/sorbent-kitchen-garden.png",400,250,false],"large":["https:\/\/www.kittfort.cz\/wp-content\/uploads\/2023\/02\/sorbent-kitchen-garden.png",400,250,false],"timeline-express":["https:\/\/www.kittfort.cz\/wp-content\/uploads\/2023\/02\/sorbent-kitchen-garden-350x120.png",350,120,true],"timeline-express-thumbnail":["https:\/\/www.kittfort.cz\/wp-content\/uploads\/2023\/02\/sorbent-kitchen-garden-200x120.png",200,120,true],"1536x1536":["https:\/\/www.kittfort.cz\/wp-content\/uploads\/2023\/02\/sorbent-kitchen-garden.png",400,250,false],"2048x2048":["https:\/\/www.kittfort.cz\/wp-content\/uploads\/2023\/02\/sorbent-kitchen-garden.png",400,250,false],"post-thumbnail":["https:\/\/www.kittfort.cz\/wp-content\/uploads\/2023\/02\/sorbent-kitchen-garden-250x250.png",250,250,true],"rpwe-thumbnail":["https:\/\/www.kittfort.cz\/wp-content\/uploads\/2023\/02\/sorbent-kitchen-garden-45x45.png",45,45,true],"fpw_square":["https:\/\/www.kittfort.cz\/wp-content\/uploads\/2023\/02\/sorbent-kitchen-garden-200x200.png",200,200,true],"fpw_banner":["https:\/\/www.kittfort.cz\/wp-content\/uploads\/2023\/02\/sorbent-kitchen-garden-400x150.png",400,150,true],"fpw_big":["https:\/\/www.kittfort.cz\/wp-content\/uploads\/2023\/02\/sorbent-kitchen-garden.png",400,250,false],"rt_custom":["https:\/\/www.kittfort.cz\/wp-content\/uploads\/2023\/02\/sorbent-kitchen-garden.png",400,250,false]},"rttpg_author":{"display_name":"kittfort","author_link":"https:\/\/www.kittfort.cz\/hu\/author\/kittfortcz\/"},"rttpg_comment":0,"rttpg_category":" <a href=\"https:\/\/www.kittfort.cz\/hu\/category\/tisztitoszerek\/\" rel=\"tag\">Tiszt\u00edt\u00f3szerek<\/a>","rttpg_excerpt":"Mikrosz\u00e1las, nem sz\u0151tt, polipropil\u00e9n sz\u00f6vetb\u0151l k\u00e9sz\u00fclt, speci\u00e1lis hidrofil kezel\u00e9s\u0171 (felsz\u00edvja a vizet), ultrahangos fel\u00fcletkezel\u00e9s n\u00e9lk\u00fcl k\u00e9sz\u00fclt anyag","_links":{"self":[{"href":"https:\/\/www.kittfort.cz\/hu\/wp-json\/wp\/v2\/pages\/65987","targetHints":{"allow":["GET"]}}],"collection":[{"href":"https:\/\/www.kittfort.cz\/hu\/wp-json\/wp\/v2\/pages"}],"about":[{"href":"https:\/\/www.kittfort.cz\/hu\/wp-json\/wp\/v2\/types\/page"}],"author":[{"embeddable":true,"href":"https:\/\/www.kittfort.cz\/hu\/wp-json\/wp\/v2\/users\/1"}],"replies":[{"embeddable":true,"href":"https:\/\/www.kittfort.cz\/hu\/wp-json\/wp\/v2\/comments?post=65987"}],"version-history":[{"count":0,"href":"https:\/\/www.kittfort.cz\/hu\/wp-json\/wp\/v2\/pages\/65987\/revisions"}],"up":[{"embeddable":true,"href":"https:\/\/www.kittfort.cz\/hu\/wp-json\/wp\/v2\/pages\/9469"}],"wp:featuredmedia":[{"embeddable":true,"href":"https:\/\/www.kittfort.cz\/hu\/wp-json\/wp\/v2\/media\/43918"}],"wp:attachment":[{"href":"https:\/\/www.kittfort.cz\/hu\/wp-json\/wp\/v2\/media?parent=65987"}],"wp:term":[{"taxonomy":"category","embeddable":true,"href":"https:\/\/www.kittfort.cz\/hu\/wp-json\/wp\/v2\/categories?post=65987"},{"taxonomy":"post_tag","embeddable":true,"href":"https:\/\/www.kittfort.cz\/hu\/wp-json\/wp\/v2\/tags?post=65987"}],"curies":[{"name":"wp","href":"https:\/\/api.w.org\/{rel}","templated":true}]}}