{"id":67064,"date":"2025-04-22T11:29:40","date_gmt":"2025-04-22T09:29:40","guid":{"rendered":"https:\/\/www.kittfort.cz\/?page_id=67064"},"modified":"2025-04-22T11:38:57","modified_gmt":"2025-04-22T09:38:57","slug":"glicerin","status":"publish","type":"page","link":"https:\/\/www.kittfort.cz\/hu\/termekek\/egyeb-termekek\/glicerin\/","title":{"rendered":"Glicerin"},"content":{"rendered":"\n<div class=\"wp-block-columns is-layout-flex wp-container-core-columns-is-layout-9d6595d7 wp-block-columns-is-layout-flex\">\n<div class=\"wp-block-column is-vertically-aligned-center is-layout-flow wp-block-column-is-layout-flow\"><div class=\"pgc-sgb-cb wp-block-pgcsimplygalleryblock-viewer \" data-gallery-id=\"3a153900\"><div class=\"sgb-preloader\" id=\"pr_3a153900\">\n\t<div class=\"sgb-square\" style=\"background:#d4d4d4\"><\/div>\n\t<div class=\"sgb-square\" style=\"background:#d4d4d4\"><\/div>\n\t<div class=\"sgb-square\" style=\"background:#d4d4d4\"><\/div>\n\t<div class=\"sgb-square\" style=\"background:#d4d4d4\"><\/div><\/div><div class=\"simply-gallery-amp pgc_sgb_slider \"><noscript><div class=\"sgb-gallery\"><div class=\"sgb-item\"><a href=\"https:\/\/www.kittfort.cz\/produkty\/ostatni-sortiment\/glycerin-technicky\/glycerin-technicky-100ml\/\" target=\"_blank\"><img decoding=\"async\" alt=\"\" width=\"400\" height=\"400\" loading=\"lazy\" src=\"https:\/\/www.kittfort.cz\/wp-content\/uploads\/2023\/06\/Glycerin-technicky-100ml-400x400.jpg\" srcset=\"https:\/\/www.kittfort.cz\/wp-content\/uploads\/2023\/06\/Glycerin-technicky-100ml-400x400.jpg 400w,https:\/\/www.kittfort.cz\/wp-content\/uploads\/2023\/06\/Glycerin-technicky-100ml.jpg 1500w\" sizes=\"auto, 250px\"\/><\/a><\/div><\/div><\/noscript><\/div><script type=\"application\/json\" class=\"sgb-data\">{\"isPremium\":true,\"galleryType\":\"pgc_sgb_viewer\",\"galleryId\":\"3a153900\",\"images\":[{\"id\":55282,\"title\":\"Glycerin technicky 100ml\",\"url\":\"https:\/\/www.kittfort.cz\/wp-content\/uploads\/2023\/06\/Glycerin-technicky-100ml.jpg\",\"link\":\"https:\/\/www.kittfort.cz\/produkty\/ostatni-sortiment\/glycerin-technicky\/glycerin-technicky-100ml\/\",\"alt\":\"\",\"description\":\"\",\"caption\":\"\",\"mime\":\"image\/jpeg\",\"type\":\"image\",\"width\":1500,\"height\":1500,\"sizes\":{\"thumbnail\":{\"url\":\"https:\/\/www.kittfort.cz\/wp-content\/uploads\/2023\/06\/Glycerin-technicky-100ml-200x200.jpg\",\"height\":200,\"width\":200,\"orientation\":\"landscape\"},\"medium\":{\"url\":\"https:\/\/www.kittfort.cz\/wp-content\/uploads\/2023\/06\/Glycerin-technicky-100ml-400x400.jpg\",\"height\":400,\"width\":400,\"orientation\":\"landscape\"},\"full\":{\"url\":\"https:\/\/www.kittfort.cz\/wp-content\/uploads\/2023\/06\/Glycerin-technicky-100ml.jpg\",\"height\":1500,\"width\":1500,\"orientation\":\"landscape\"}},\"imageMeta\":{\"aperture\":\"20\",\"credit\":\"\",\"camera\":\"NIKON D5000\",\"caption\":\"\",\"created_timestamp\":\"1645179197\",\"copyright\":\"\",\"focal_length\":\"50\",\"iso\":\"160\",\"shutter_speed\":\"0.00625\",\"title\":\"\",\"orientation\":\"1\",\"keywords\":[]},\"meta\":false,\"postlink\":\"https:\/\/www.kittfort.cz\/produkty\/ostatni-sortiment\/glycerin-technicky\/glycerin-technicky-100ml\/\"}],\"sliderRatio\":0.90000000000000002220446049250313080847263336181640625,\"sliderStyle\":\"cleanStyle\",\"sliderNextPrevAnimation\":\"fade\",\"sliderItemCounterEnable\":false,\"sliderBgColor\":\"rgba(255,255,255,0.61)\",\"sliderNavigationColor\":\"rgba(0,0,0,0)\",\"sliderNavigationColorOver\":\"rgba(0,0,0,0.16)\",\"sliderSocialShareEnabled\":false,\"sliderResizeEnable\":false,\"sliderItemDownload\":false,\"collectionColumns\":4,\"collectionthumbActiveColor\":\"rgba(237,237,237,1)\",\"openPopupId\":\"\",\"itemsMetaDataCollection\":[]}<\/script><script>(function(){if(window.PGC_SGB && window.PGC_SGB.searcher){window.PGC_SGB.searcher.initBlocks()}})()<\/script><\/div>\n\n\n<div style=\"height:3em\" aria-hidden=\"true\" class=\"wp-block-spacer\"><\/div>\n<\/div>\n\n\n\n<div class=\"wp-block-column is-layout-flow wp-block-column-is-layout-flow\">\n<div class=\"wp-block-group is-layout-flex wp-block-group-is-layout-flex\">\n<h3 class=\"wp-block-heading title-product\"><strong>Glicerin<\/strong><\/h3>\n\n\n\n<p>A <strong>Glicerin<\/strong> alkalmas a&nbsp;gumifel\u00fcletek kezel\u00e9s\u00e9re, v\u00e9di a&nbsp;d\u00f6rzs\u00f6l\u00e9s ellen, \u00e9s jelent\u0151sen meghosszabb\u00edtja ez\u00e1ltali \u00e9lettartam\u00e1t. Alkalmas tov\u00e1bb\u00e1 a&nbsp;t\u00f6m\u00edt\u00e9sek, z\u00e1rak, zsan\u00e9rok, t\u00f6ml\u0151k, aut\u00f3ajt\u00f3k, h\u0171t\u0151szekr\u00e9nyek \u00e9s mosogat\u00f3g\u00e9pek ajt\u00f3t\u00f6m\u00edt\u00e9sei, stb. teljes szegmens\u00e9re. A&nbsp;szilikonolajhoz hasonl\u00f3an m\u0171k\u00f6dik, \u00e9s revitaliz\u00e1lja a&nbsp;kopott m\u0171anyag fel\u00fcleteket. Nem k\u00e1ros\u00edtja a&nbsp;lakkokat, \u00e9s a&nbsp;b\u0151r \u00e9s a&nbsp;m\u0171anyagok teljesen nem \u00e9rintik. Otthon\u00e1ban a&nbsp;glicerint fa- vagy lamin\u00e1lt padl\u00f3khoz, lakkozott b\u00fatorokhoz is haszn\u00e1lhatja, ahol 1:2 ar\u00e1ny\u00fa v\u00edzzel t\u00f6rt\u00e9n\u0151 glicerin felhord\u00e1sa ut\u00e1n magas f\u00e9nyess\u00e9get, revitaliz\u00e1ci\u00f3t \u00e9s v\u00e9delmet biztos\u00edt a&nbsp;por megtapad\u00e1sa ellen.<\/p>\n\n\n\n<p><strong>Felhord\u00e1s:<\/strong> permetezze k\u00f6zvetlen\u00fcl az anyagra, majd szivaccsal finoman oszlassa el a&nbsp;fel\u00fcleten. A&nbsp;t\u00f6m\u00edt\u00e9seken t\u00f6k\u00e9letesen megg\u00e1tolja a&nbsp;kicsap\u00f3dott, v\u00edzb\u0151l nedves fel\u00fcletek kialakul\u00e1s\u00e1t, amelyek felel\u0151sek az ajt\u00f3k fagy\u00e1s\u00e1\u00e9rt fagypont alatti h\u0151m\u00e9rs\u00e9kleten.<\/p>\n<\/div>\n\n\n\n<div style=\"height:26px\" aria-hidden=\"true\" class=\"wp-block-spacer\"><\/div>\n\n\n\n<div class=\"wp-block-group is-nowrap is-layout-flex wp-container-core-group-is-layout-ad2f72ca wp-block-group-is-layout-flex\">\n<p class=\"has-vivid-red-color has-text-color has-background\" style=\"background-color:#f7ecec\"><strong>Magyarorsz\u00e1gon m\u00e9g nincs forgalomban.<\/strong><\/p>\n<\/div>\n\n\n\n<div style=\"height:26px\" aria-hidden=\"true\" class=\"wp-block-spacer\"><\/div>\n\n\n\n<div class=\"wp-block-group is-layout-flex wp-block-group-is-layout-flex\">\n<div class=\"wp-block-buttons is-content-justification-space-between is-layout-flex wp-container-core-buttons-is-layout-256aec57 wp-block-buttons-is-layout-flex\">\n<div class=\"wp-block-button has-custom-font-size btn-txt\" style=\"font-size:1.5em\"><a class=\"wp-block-button__link wp-element-button\" href=\"https:\/\/www.kittfort.cz\/hu\/letoltes\/katalogusok-es-szorolapok\/\" title=\"Katal\u00f3gusok \u00e9s sz\u00f3r\u00f3lapok\" style=\"border-radius:0px\"><i class=\"fas fa-book-open\"><\/i><\/a><\/div>\n\n\n\n<div class=\"wp-block-button has-custom-font-size btn-txt\" style=\"font-size:1.5em\"><a class=\"wp-block-button__link wp-element-button\" href=\"https:\/\/www.kittfort.cz\/hu\/letoltes\/eladas-tamogatasa\/\" title=\"Elad\u00e1s t\u00e1mogat\u00e1sa\" style=\"border-radius:0px\"><i class=\"fas fa-palette\"><\/i><\/a><\/div>\n\n\n\n<div class=\"wp-block-button has-custom-font-size btn-txt\" style=\"font-size:1.5em\"><a class=\"wp-block-button__link wp-element-button\" href=\"https:\/\/www.youtube.com\/channel\/UCeBliorfsj942FmZp-hOC0A\" title=\"YouTube\" style=\"border-radius:0px\" target=\"_blank\" rel=\"noreferrer noopener\"><i class=\"fab fa-youtube\"><\/i><\/a><\/div>\n\n\n\n<div class=\"wp-block-button has-custom-font-size btn-txt\" style=\"font-size:1.5em\"><a class=\"wp-block-button__link wp-element-button\" href=\"javascript:window.print()\" title=\"Nyomtat\u00e1s\" style=\"border-radius:0px\"><i class=\"fas fa-print\"><\/i><\/a><\/div>\n<\/div>\n<\/div>\n<\/div>\n<\/div>\n\n\n\n<div class=\"wp-block-columns is-layout-flex wp-container-core-columns-is-layout-9d6595d7 wp-block-columns-is-layout-flex\">\n<div class=\"wp-block-column is-layout-flow wp-block-column-is-layout-flow\"><div id=\"accordions-67066\" class=\"accordions-67066 accordions\" data-accordions={&quot;lazyLoad&quot;:true,&quot;id&quot;:&quot;67066&quot;,&quot;event&quot;:&quot;click&quot;,&quot;collapsible&quot;:&quot;true&quot;,&quot;heightStyle&quot;:&quot;content&quot;,&quot;animateStyle&quot;:&quot;swing&quot;,&quot;animateDelay&quot;:1000,&quot;navigation&quot;:true,&quot;active&quot;:999,&quot;expandedOther&quot;:&quot;no&quot;}>\r\n                <div id=\"accordions-lazy-67066\" class=\"accordions-lazy\" accordionsId=\"67066\">\r\n                    <\/div>\r\n\r\n    <div class=\"items\"  style=\"display:none\" >\r\n    \r\n            <div post_id=\"67066\" itemcount=\"0\"  header_id=\"header-1745314379848\" id=\"header-1745314379848\" style=\"\" class=\"accordions-head head1745314379848 border-none\" toggle-text=\"\" main-text=\"Vonalk\u00f3dok\">\r\n                                    <span id=\"accordion-icons-1745314379848\" class=\"accordion-icons\">\r\n                        <span class=\"accordion-icon-active accordion-plus\"><i class=\"fa fa-plus\"><\/i><\/span>\r\n                        <span class=\"accordion-icon-inactive accordion-minus\"><i class=\"fa fa-minus\"><\/i><\/span>\r\n                    <\/span>\r\n                    <span id=\"header-text-1745314379848\" class=\"accordions-head-title\">Vonalk\u00f3dok<\/span>\r\n                            <\/div>\r\n            <div class=\"accordion-content content1745314379848 \">\r\n                <table class=\"tableProducts\">\n<tbody>\n<tr>\n<td>Glicerin 100ml<\/td>\n<td class=\"tblRight\">8595030515775<\/td>\n<\/tr>\n<\/tbody>\n<\/table>\n            <\/div>\r\n    \r\n            <div post_id=\"67066\" itemcount=\"1\"  header_id=\"header-1745314414780\" id=\"header-1745314414780\" style=\"\" class=\"accordions-head head1745314414780 border-none\" toggle-text=\"\" main-text=\"Let\u00f6lt\u00e9sek\">\r\n                                    <span id=\"accordion-icons-1745314414780\" class=\"accordion-icons\">\r\n                        <span class=\"accordion-icon-active accordion-plus\"><i class=\"fa fa-plus\"><\/i><\/span>\r\n                        <span class=\"accordion-icon-inactive accordion-minus\"><i class=\"fa fa-minus\"><\/i><\/span>\r\n                    <\/span>\r\n                    <span id=\"header-text-1745314414780\" class=\"accordions-head-title\">Let\u00f6lt\u00e9sek<\/span>\r\n                            <\/div>\r\n            <div class=\"accordion-content content1745314414780 \">\r\n                <table class=\"tableProducts\">\n<tbody>\n<tr>\n<td><i class=\"far fa-image\"><\/i> Glicerin<\/td>\n<td><a title=\"form\u00e1t jpg\" href=\"https:\/\/www.kittfort.cz\/wp-content\/uploads\/2022\/10\/Glycerin-technicky-100ml-rozprasovac-2022-scaled.jpg\" target=\"_blank\" rel=\"noopener\"><i class=\"fas fa-download\"><\/i><\/a><\/td>\n<\/tr>\n<\/tbody>\n<\/table>\n<p>Megjegyz\u00e9s: A let\u00f6lthet\u0151 k\u00e9pek *.jpg form\u00e1tumban 300 DPI felbont\u00e1sban \u00e9s RGB sz\u00ednekben vannak.<\/p>\n            <\/div>\r\n    <\/div>\r\n\r\n\r\n\r\n            <\/div>\n<\/div>\n\n\n\n<div class=\"wp-block-column is-layout-flow wp-block-column-is-layout-flow\">\n<div class=\"wp-block-group is-layout-flex wp-block-group-is-layout-flex\">\n<div class=\"container overflow-hidden boxRightDetails\">\n<div class=\"row gy-2 boxRightDetails\">\n<div class=\"col-12 p-4 boxRightDetailsBox\"><span>Kiszerel\u00e9s:<\/span> 100 ml sz\u00f3r\u00f3fejes<\/div>\n<\/div>\n<\/div>\n\n\n\n<div class=\"wp-block-group is-layout-flex wp-block-group-is-layout-flex\">\n<div style=\"height:1em;width:0px\" aria-hidden=\"true\" class=\"wp-block-spacer wp-container-content-1c8aa779\"><\/div>\n\n\n\n<p style=\"font-size:0.85em\">Biztons\u00e1gtechnikai adatlapra vagy m\u0171szaki adatlapra van sz\u00fcks\u00e9ge? \u00cdrjon nek\u00fcnk: <a href=\"mailto:lowgabriella@seznam.cz\">lowgabriella@seznam.cz<\/a><\/p>\n<\/div>\n<\/div>\n<\/div>\n<\/div>\n\n\n\n<div style=\"height:40px\" aria-hidden=\"true\" class=\"wp-block-spacer\"><\/div>\n","protected":false},"excerpt":{"rendered":"<p>A Glicerin alkalmas a&nbsp;gumifel\u00fcletek kezel\u00e9s\u00e9re, v\u00e9di a&nbsp;d\u00f6rzs\u00f6l\u00e9s ellen, \u00e9s jelent\u0151sen meghosszabb\u00edtja ez\u00e1ltali \u00e9lettartam\u00e1t. <\/p>\n","protected":false},"author":1,"featured_media":42322,"parent":10325,"menu_order":8,"comment_status":"closed","ping_status":"closed","template":"full-page-product.php","meta":{"pgc_sgb_lightbox_settings":"","footnotes":""},"categories":[66],"tags":[207],"class_list":["post-67064","page","type-page","status-publish","has-post-thumbnail","hentry","category-egyeb-termekek","tag-egyeb-termekek"],"yoast_head":"<!-- This site is optimized with the Yoast SEO plugin v27.4 - https:\/\/yoast.com\/product\/yoast-seo-wordpress\/ -->\n<title>Glicerin - kittfort.hu<\/title>\n<meta name=\"description\" content=\"A Glicerin alkalmas a gumifel\u00fcletek kezel\u00e9s\u00e9re, v\u00e9di a d\u00f6rzs\u00f6l\u00e9s ellen, \u00e9s jelent\u0151sen meghosszabb\u00edtja ez\u00e1ltali \u00e9lettartam\u00e1t\" \/>\n<meta name=\"robots\" content=\"index, follow, max-snippet:-1, max-image-preview:large, max-video-preview:-1\" \/>\n<link rel=\"canonical\" href=\"https:\/\/www.kittfort.cz\/hu\/termekek\/egyeb-termekek\/glicerin\/\" \/>\n<meta property=\"og:locale\" content=\"hu_HU\" \/>\n<meta property=\"og:type\" content=\"article\" \/>\n<meta property=\"og:title\" content=\"Glicerin - kittfort.hu\" \/>\n<meta property=\"og:description\" content=\"A Glicerin alkalmas a gumifel\u00fcletek kezel\u00e9s\u00e9re, v\u00e9di a d\u00f6rzs\u00f6l\u00e9s ellen, \u00e9s jelent\u0151sen meghosszabb\u00edtja ez\u00e1ltali \u00e9lettartam\u00e1t\" \/>\n<meta property=\"og:url\" content=\"https:\/\/www.kittfort.cz\/hu\/termekek\/egyeb-termekek\/glicerin\/\" \/>\n<meta property=\"og:site_name\" content=\"kittfort.hu\" \/>\n<meta property=\"article:publisher\" content=\"https:\/\/www.facebook.com\/kittfort\" \/>\n<meta property=\"article:modified_time\" content=\"2025-04-22T09:38:57+00:00\" \/>\n<meta property=\"og:image\" content=\"https:\/\/www.kittfort.cz\/wp-content\/uploads\/2022\/10\/glycerin.png\" \/>\n\t<meta property=\"og:image:width\" content=\"400\" \/>\n\t<meta property=\"og:image:height\" content=\"250\" \/>\n\t<meta property=\"og:image:type\" content=\"image\/png\" \/>\n<meta name=\"twitter:card\" content=\"summary_large_image\" \/>\n<meta name=\"twitter:label1\" content=\"Becs\u00fclt olvas\u00e1si id\u0151\" \/>\n\t<meta name=\"twitter:data1\" content=\"4 perc\" \/>\n<script type=\"application\/ld+json\" class=\"yoast-schema-graph\">{\"@context\":\"https:\\\/\\\/schema.org\",\"@graph\":[{\"@type\":\"WebPage\",\"@id\":\"https:\\\/\\\/www.kittfort.cz\\\/hu\\\/termekek\\\/egyeb-termekek\\\/glicerin\\\/\",\"url\":\"https:\\\/\\\/www.kittfort.cz\\\/hu\\\/termekek\\\/egyeb-termekek\\\/glicerin\\\/\",\"name\":\"Glicerin - kittfort.hu\",\"isPartOf\":{\"@id\":\"https:\\\/\\\/www.kittfort.cz\\\/bg\\\/#website\"},\"primaryImageOfPage\":{\"@id\":\"https:\\\/\\\/www.kittfort.cz\\\/hu\\\/termekek\\\/egyeb-termekek\\\/glicerin\\\/#primaryimage\"},\"image\":{\"@id\":\"https:\\\/\\\/www.kittfort.cz\\\/hu\\\/termekek\\\/egyeb-termekek\\\/glicerin\\\/#primaryimage\"},\"thumbnailUrl\":\"https:\\\/\\\/www.kittfort.cz\\\/wp-content\\\/uploads\\\/2022\\\/10\\\/glycerin.png\",\"datePublished\":\"2025-04-22T09:29:40+00:00\",\"dateModified\":\"2025-04-22T09:38:57+00:00\",\"description\":\"A Glicerin alkalmas a gumifel\u00fcletek kezel\u00e9s\u00e9re, v\u00e9di a d\u00f6rzs\u00f6l\u00e9s ellen, \u00e9s jelent\u0151sen meghosszabb\u00edtja ez\u00e1ltali \u00e9lettartam\u00e1t\",\"breadcrumb\":{\"@id\":\"https:\\\/\\\/www.kittfort.cz\\\/hu\\\/termekek\\\/egyeb-termekek\\\/glicerin\\\/#breadcrumb\"},\"inLanguage\":\"hu\",\"potentialAction\":[{\"@type\":\"ReadAction\",\"target\":[\"https:\\\/\\\/www.kittfort.cz\\\/hu\\\/termekek\\\/egyeb-termekek\\\/glicerin\\\/\"]}]},{\"@type\":\"ImageObject\",\"inLanguage\":\"hu\",\"@id\":\"https:\\\/\\\/www.kittfort.cz\\\/hu\\\/termekek\\\/egyeb-termekek\\\/glicerin\\\/#primaryimage\",\"url\":\"https:\\\/\\\/www.kittfort.cz\\\/wp-content\\\/uploads\\\/2022\\\/10\\\/glycerin.png\",\"contentUrl\":\"https:\\\/\\\/www.kittfort.cz\\\/wp-content\\\/uploads\\\/2022\\\/10\\\/glycerin.png\",\"width\":400,\"height\":250,\"caption\":\"Glycerin\"},{\"@type\":\"BreadcrumbList\",\"@id\":\"https:\\\/\\\/www.kittfort.cz\\\/hu\\\/termekek\\\/egyeb-termekek\\\/glicerin\\\/#breadcrumb\",\"itemListElement\":[{\"@type\":\"ListItem\",\"position\":1,\"name\":\"Dom\u016f\",\"item\":\"https:\\\/\\\/www.kittfort.cz\\\/hu\\\/kezdooldal\\\/\"},{\"@type\":\"ListItem\",\"position\":2,\"name\":\"Term\u00e9kek\",\"item\":\"https:\\\/\\\/www.kittfort.cz\\\/hu\\\/termekek\\\/\"},{\"@type\":\"ListItem\",\"position\":3,\"name\":\"Egy\u00e9b term\u00e9kek\",\"item\":\"https:\\\/\\\/www.kittfort.cz\\\/hu\\\/termekek\\\/egyeb-termekek\\\/\"},{\"@type\":\"ListItem\",\"position\":4,\"name\":\"Glicerin\"}]},{\"@type\":\"WebSite\",\"@id\":\"https:\\\/\\\/www.kittfort.cz\\\/bg\\\/#website\",\"url\":\"https:\\\/\\\/www.kittfort.cz\\\/bg\\\/\",\"name\":\"KITTFORT.CZ\",\"description\":\"term\u00e9kek cs\u00facsmin\u0151s\u00e9gben\",\"publisher\":{\"@id\":\"https:\\\/\\\/www.kittfort.cz\\\/bg\\\/#organization\"},\"potentialAction\":[{\"@type\":\"SearchAction\",\"target\":{\"@type\":\"EntryPoint\",\"urlTemplate\":\"https:\\\/\\\/www.kittfort.cz\\\/bg\\\/?s={search_term_string}\"},\"query-input\":{\"@type\":\"PropertyValueSpecification\",\"valueRequired\":true,\"valueName\":\"search_term_string\"}}],\"inLanguage\":\"hu\"},{\"@type\":\"Organization\",\"@id\":\"https:\\\/\\\/www.kittfort.cz\\\/bg\\\/#organization\",\"name\":\"KITTFORT Praha\",\"url\":\"https:\\\/\\\/www.kittfort.cz\\\/bg\\\/\",\"logo\":{\"@type\":\"ImageObject\",\"inLanguage\":\"hu\",\"@id\":\"https:\\\/\\\/www.kittfort.cz\\\/bg\\\/#\\\/schema\\\/logo\\\/image\\\/\",\"url\":\"https:\\\/\\\/www.kittfort.cz\\\/wp-content\\\/uploads\\\/2019\\\/06\\\/KITTFORT-logo-ver-2018.png\",\"contentUrl\":\"https:\\\/\\\/www.kittfort.cz\\\/wp-content\\\/uploads\\\/2019\\\/06\\\/KITTFORT-logo-ver-2018.png\",\"width\":500,\"height\":151,\"caption\":\"KITTFORT Praha\"},\"image\":{\"@id\":\"https:\\\/\\\/www.kittfort.cz\\\/bg\\\/#\\\/schema\\\/logo\\\/image\\\/\"},\"sameAs\":[\"https:\\\/\\\/www.facebook.com\\\/kittfort\",\"https:\\\/\\\/instagram.com\\\/kittfort.cz\"]}]}<\/script>\n<!-- \/ Yoast SEO plugin. -->","yoast_head_json":{"title":"Glicerin - kittfort.hu","description":"A Glicerin alkalmas a gumifel\u00fcletek kezel\u00e9s\u00e9re, v\u00e9di a d\u00f6rzs\u00f6l\u00e9s ellen, \u00e9s jelent\u0151sen meghosszabb\u00edtja ez\u00e1ltali \u00e9lettartam\u00e1t","robots":{"index":"index","follow":"follow","max-snippet":"max-snippet:-1","max-image-preview":"max-image-preview:large","max-video-preview":"max-video-preview:-1"},"canonical":"https:\/\/www.kittfort.cz\/hu\/termekek\/egyeb-termekek\/glicerin\/","og_locale":"hu_HU","og_type":"article","og_title":"Glicerin - kittfort.hu","og_description":"A Glicerin alkalmas a gumifel\u00fcletek kezel\u00e9s\u00e9re, v\u00e9di a d\u00f6rzs\u00f6l\u00e9s ellen, \u00e9s jelent\u0151sen meghosszabb\u00edtja ez\u00e1ltali \u00e9lettartam\u00e1t","og_url":"https:\/\/www.kittfort.cz\/hu\/termekek\/egyeb-termekek\/glicerin\/","og_site_name":"kittfort.hu","article_publisher":"https:\/\/www.facebook.com\/kittfort","article_modified_time":"2025-04-22T09:38:57+00:00","og_image":[{"width":400,"height":250,"url":"https:\/\/www.kittfort.cz\/wp-content\/uploads\/2022\/10\/glycerin.png","type":"image\/png"}],"twitter_card":"summary_large_image","twitter_misc":{"Becs\u00fclt olvas\u00e1si id\u0151":"4 perc"},"schema":{"@context":"https:\/\/schema.org","@graph":[{"@type":"WebPage","@id":"https:\/\/www.kittfort.cz\/hu\/termekek\/egyeb-termekek\/glicerin\/","url":"https:\/\/www.kittfort.cz\/hu\/termekek\/egyeb-termekek\/glicerin\/","name":"Glicerin - kittfort.hu","isPartOf":{"@id":"https:\/\/www.kittfort.cz\/bg\/#website"},"primaryImageOfPage":{"@id":"https:\/\/www.kittfort.cz\/hu\/termekek\/egyeb-termekek\/glicerin\/#primaryimage"},"image":{"@id":"https:\/\/www.kittfort.cz\/hu\/termekek\/egyeb-termekek\/glicerin\/#primaryimage"},"thumbnailUrl":"https:\/\/www.kittfort.cz\/wp-content\/uploads\/2022\/10\/glycerin.png","datePublished":"2025-04-22T09:29:40+00:00","dateModified":"2025-04-22T09:38:57+00:00","description":"A Glicerin alkalmas a gumifel\u00fcletek kezel\u00e9s\u00e9re, v\u00e9di a d\u00f6rzs\u00f6l\u00e9s ellen, \u00e9s jelent\u0151sen meghosszabb\u00edtja ez\u00e1ltali \u00e9lettartam\u00e1t","breadcrumb":{"@id":"https:\/\/www.kittfort.cz\/hu\/termekek\/egyeb-termekek\/glicerin\/#breadcrumb"},"inLanguage":"hu","potentialAction":[{"@type":"ReadAction","target":["https:\/\/www.kittfort.cz\/hu\/termekek\/egyeb-termekek\/glicerin\/"]}]},{"@type":"ImageObject","inLanguage":"hu","@id":"https:\/\/www.kittfort.cz\/hu\/termekek\/egyeb-termekek\/glicerin\/#primaryimage","url":"https:\/\/www.kittfort.cz\/wp-content\/uploads\/2022\/10\/glycerin.png","contentUrl":"https:\/\/www.kittfort.cz\/wp-content\/uploads\/2022\/10\/glycerin.png","width":400,"height":250,"caption":"Glycerin"},{"@type":"BreadcrumbList","@id":"https:\/\/www.kittfort.cz\/hu\/termekek\/egyeb-termekek\/glicerin\/#breadcrumb","itemListElement":[{"@type":"ListItem","position":1,"name":"Dom\u016f","item":"https:\/\/www.kittfort.cz\/hu\/kezdooldal\/"},{"@type":"ListItem","position":2,"name":"Term\u00e9kek","item":"https:\/\/www.kittfort.cz\/hu\/termekek\/"},{"@type":"ListItem","position":3,"name":"Egy\u00e9b term\u00e9kek","item":"https:\/\/www.kittfort.cz\/hu\/termekek\/egyeb-termekek\/"},{"@type":"ListItem","position":4,"name":"Glicerin"}]},{"@type":"WebSite","@id":"https:\/\/www.kittfort.cz\/bg\/#website","url":"https:\/\/www.kittfort.cz\/bg\/","name":"KITTFORT.CZ","description":"term\u00e9kek cs\u00facsmin\u0151s\u00e9gben","publisher":{"@id":"https:\/\/www.kittfort.cz\/bg\/#organization"},"potentialAction":[{"@type":"SearchAction","target":{"@type":"EntryPoint","urlTemplate":"https:\/\/www.kittfort.cz\/bg\/?s={search_term_string}"},"query-input":{"@type":"PropertyValueSpecification","valueRequired":true,"valueName":"search_term_string"}}],"inLanguage":"hu"},{"@type":"Organization","@id":"https:\/\/www.kittfort.cz\/bg\/#organization","name":"KITTFORT Praha","url":"https:\/\/www.kittfort.cz\/bg\/","logo":{"@type":"ImageObject","inLanguage":"hu","@id":"https:\/\/www.kittfort.cz\/bg\/#\/schema\/logo\/image\/","url":"https:\/\/www.kittfort.cz\/wp-content\/uploads\/2019\/06\/KITTFORT-logo-ver-2018.png","contentUrl":"https:\/\/www.kittfort.cz\/wp-content\/uploads\/2019\/06\/KITTFORT-logo-ver-2018.png","width":500,"height":151,"caption":"KITTFORT Praha"},"image":{"@id":"https:\/\/www.kittfort.cz\/bg\/#\/schema\/logo\/image\/"},"sameAs":["https:\/\/www.facebook.com\/kittfort","https:\/\/instagram.com\/kittfort.cz"]}]}},"rttpg_featured_image_url":{"full":["https:\/\/www.kittfort.cz\/wp-content\/uploads\/2022\/10\/glycerin.png",400,250,false],"landscape":["https:\/\/www.kittfort.cz\/wp-content\/uploads\/2022\/10\/glycerin.png",400,250,false],"portraits":["https:\/\/www.kittfort.cz\/wp-content\/uploads\/2022\/10\/glycerin.png",400,250,false],"thumbnail":["https:\/\/www.kittfort.cz\/wp-content\/uploads\/2022\/10\/glycerin-320x200.png",320,200,true],"medium":["https:\/\/www.kittfort.cz\/wp-content\/uploads\/2022\/10\/glycerin.png",400,250,false],"large":["https:\/\/www.kittfort.cz\/wp-content\/uploads\/2022\/10\/glycerin.png",400,250,false],"timeline-express":["https:\/\/www.kittfort.cz\/wp-content\/uploads\/2022\/10\/glycerin-350x120.png",350,120,true],"timeline-express-thumbnail":["https:\/\/www.kittfort.cz\/wp-content\/uploads\/2022\/10\/glycerin-200x120.png",200,120,true],"1536x1536":["https:\/\/www.kittfort.cz\/wp-content\/uploads\/2022\/10\/glycerin.png",400,250,false],"2048x2048":["https:\/\/www.kittfort.cz\/wp-content\/uploads\/2022\/10\/glycerin.png",400,250,false],"post-thumbnail":["https:\/\/www.kittfort.cz\/wp-content\/uploads\/2022\/10\/glycerin-250x250.png",250,250,true],"rpwe-thumbnail":["https:\/\/www.kittfort.cz\/wp-content\/uploads\/2022\/10\/glycerin-45x45.png",45,45,true],"fpw_square":["https:\/\/www.kittfort.cz\/wp-content\/uploads\/2022\/10\/glycerin-200x200.png",200,200,true],"fpw_banner":["https:\/\/www.kittfort.cz\/wp-content\/uploads\/2022\/10\/glycerin-400x150.png",400,150,true],"fpw_big":["https:\/\/www.kittfort.cz\/wp-content\/uploads\/2022\/10\/glycerin.png",400,250,false],"rt_custom":["https:\/\/www.kittfort.cz\/wp-content\/uploads\/2022\/10\/glycerin.png",400,250,false]},"rttpg_author":{"display_name":"kittfort","author_link":"https:\/\/www.kittfort.cz\/hu\/author\/kittfortcz\/"},"rttpg_comment":0,"rttpg_category":" <a href=\"https:\/\/www.kittfort.cz\/hu\/category\/egyeb-termekek\/\" rel=\"tag\">Egy\u00e9b term\u00e9kek<\/a>","rttpg_excerpt":"A Glicerin alkalmas a gumifel\u00fcletek kezel\u00e9s\u00e9re, v\u00e9di a d\u00f6rzs\u00f6l\u00e9s ellen, \u00e9s jelent\u0151sen meghosszabb\u00edtja ez\u00e1ltali \u00e9lettartam\u00e1t.","_links":{"self":[{"href":"https:\/\/www.kittfort.cz\/hu\/wp-json\/wp\/v2\/pages\/67064","targetHints":{"allow":["GET"]}}],"collection":[{"href":"https:\/\/www.kittfort.cz\/hu\/wp-json\/wp\/v2\/pages"}],"about":[{"href":"https:\/\/www.kittfort.cz\/hu\/wp-json\/wp\/v2\/types\/page"}],"author":[{"embeddable":true,"href":"https:\/\/www.kittfort.cz\/hu\/wp-json\/wp\/v2\/users\/1"}],"replies":[{"embeddable":true,"href":"https:\/\/www.kittfort.cz\/hu\/wp-json\/wp\/v2\/comments?post=67064"}],"version-history":[{"count":0,"href":"https:\/\/www.kittfort.cz\/hu\/wp-json\/wp\/v2\/pages\/67064\/revisions"}],"up":[{"embeddable":true,"href":"https:\/\/www.kittfort.cz\/hu\/wp-json\/wp\/v2\/pages\/10325"}],"wp:featuredmedia":[{"embeddable":true,"href":"https:\/\/www.kittfort.cz\/hu\/wp-json\/wp\/v2\/media\/42322"}],"wp:attachment":[{"href":"https:\/\/www.kittfort.cz\/hu\/wp-json\/wp\/v2\/media?parent=67064"}],"wp:term":[{"taxonomy":"category","embeddable":true,"href":"https:\/\/www.kittfort.cz\/hu\/wp-json\/wp\/v2\/categories?post=67064"},{"taxonomy":"post_tag","embeddable":true,"href":"https:\/\/www.kittfort.cz\/hu\/wp-json\/wp\/v2\/tags?post=67064"}],"curies":[{"name":"wp","href":"https:\/\/api.w.org\/{rel}","templated":true}]}}