{"id":67115,"date":"2025-04-22T11:51:57","date_gmt":"2025-04-22T09:51:57","guid":{"rendered":"https:\/\/www.kittfort.cz\/?page_id=67115"},"modified":"2025-04-22T12:06:20","modified_gmt":"2025-04-22T10:06:20","slug":"folyekony-kesztyu","status":"publish","type":"page","link":"https:\/\/www.kittfort.cz\/hu\/termekek\/egyeb-termekek\/folyekony-kesztyu\/","title":{"rendered":"Foly\u00e9kony keszty\u0171"},"content":{"rendered":"\n<div class=\"wp-block-columns is-layout-flex wp-container-core-columns-is-layout-9d6595d7 wp-block-columns-is-layout-flex\">\n<div class=\"wp-block-column is-vertically-aligned-center is-layout-flow wp-block-column-is-layout-flow\"><div class=\"pgc-sgb-cb wp-block-pgcsimplygalleryblock-viewer \" data-gallery-id=\"20684624\"><div class=\"sgb-preloader\" id=\"pr_20684624\">\n\t<div class=\"sgb-square\" style=\"background:#d4d4d4\"><\/div>\n\t<div class=\"sgb-square\" style=\"background:#d4d4d4\"><\/div>\n\t<div class=\"sgb-square\" style=\"background:#d4d4d4\"><\/div>\n\t<div class=\"sgb-square\" style=\"background:#d4d4d4\"><\/div><\/div><div class=\"simply-gallery-amp pgc_sgb_slider \"><noscript><div class=\"sgb-gallery\"><div class=\"sgb-item\"><a href=\"https:\/\/www.kittfort.cz\/produkty\/ostatni-sortiment\/klouzek-do-rukavic\/klouzek-do-rukavic-70g\/\" target=\"_blank\"><img decoding=\"async\" alt=\"\" width=\"400\" height=\"400\" loading=\"lazy\" src=\"https:\/\/www.kittfort.cz\/wp-content\/uploads\/2023\/06\/Klouzek-do-rukavic-70g-400x400.jpg\" srcset=\"https:\/\/www.kittfort.cz\/wp-content\/uploads\/2023\/06\/Klouzek-do-rukavic-70g-400x400.jpg 400w,https:\/\/www.kittfort.cz\/wp-content\/uploads\/2023\/06\/Klouzek-do-rukavic-70g.jpg 1500w\" sizes=\"auto, 250px\"\/><\/a><\/div><\/div><\/noscript><\/div><script type=\"application\/json\" class=\"sgb-data\">{\"isPremium\":true,\"galleryType\":\"pgc_sgb_viewer\",\"galleryId\":\"20684624\",\"images\":[{\"id\":55268,\"title\":\"Klouzek do rukavic 70g\",\"url\":\"https:\/\/www.kittfort.cz\/wp-content\/uploads\/2023\/06\/Klouzek-do-rukavic-70g.jpg\",\"link\":\"https:\/\/www.kittfort.cz\/produkty\/ostatni-sortiment\/klouzek-do-rukavic\/klouzek-do-rukavic-70g\/\",\"alt\":\"\",\"description\":\"\",\"caption\":\"\",\"mime\":\"image\/jpeg\",\"type\":\"image\",\"width\":1500,\"height\":1500,\"sizes\":{\"thumbnail\":{\"url\":\"https:\/\/www.kittfort.cz\/wp-content\/uploads\/2023\/06\/Klouzek-do-rukavic-70g-200x200.jpg\",\"height\":200,\"width\":200,\"orientation\":\"landscape\"},\"medium\":{\"url\":\"https:\/\/www.kittfort.cz\/wp-content\/uploads\/2023\/06\/Klouzek-do-rukavic-70g-400x400.jpg\",\"height\":400,\"width\":400,\"orientation\":\"landscape\"},\"full\":{\"url\":\"https:\/\/www.kittfort.cz\/wp-content\/uploads\/2023\/06\/Klouzek-do-rukavic-70g.jpg\",\"height\":1500,\"width\":1500,\"orientation\":\"landscape\"}},\"imageMeta\":{\"aperture\":\"20\",\"credit\":\"\",\"camera\":\"NIKON D5000\",\"caption\":\"\",\"created_timestamp\":\"1645179228\",\"copyright\":\"\",\"focal_length\":\"52\",\"iso\":\"160\",\"shutter_speed\":\"0.00625\",\"title\":\"\",\"orientation\":\"1\",\"keywords\":[]},\"meta\":false,\"postlink\":\"https:\/\/www.kittfort.cz\/produkty\/ostatni-sortiment\/klouzek-do-rukavic\/klouzek-do-rukavic-70g\/\"}],\"sliderRatio\":0.90000000000000002220446049250313080847263336181640625,\"sliderStyle\":\"cleanStyle\",\"sliderNextPrevAnimation\":\"fade\",\"sliderItemCounterEnable\":false,\"sliderBgColor\":\"rgba(255,255,255,0.61)\",\"sliderNavigationColor\":\"rgba(0,0,0,0)\",\"sliderNavigationColorOver\":\"rgba(0,0,0,0.16)\",\"sliderSocialShareEnabled\":false,\"sliderResizeEnable\":false,\"sliderItemDownload\":false,\"collectionColumns\":4,\"collectionthumbActiveColor\":\"rgba(237,237,237,1)\",\"openPopupId\":\"\",\"itemsMetaDataCollection\":[]}<\/script><script>(function(){if(window.PGC_SGB && window.PGC_SGB.searcher){window.PGC_SGB.searcher.initBlocks()}})()<\/script><\/div>\n\n\n<div style=\"height:3em\" aria-hidden=\"true\" class=\"wp-block-spacer\"><\/div>\n<\/div>\n\n\n\n<div class=\"wp-block-column is-layout-flow wp-block-column-is-layout-flow\">\n<div class=\"wp-block-group is-layout-flex wp-block-group-is-layout-flex\">\n<h3 class=\"wp-block-heading title-product\">Foly\u00e9kony keszty\u0171<\/h3>\n\n\n\n<p>Ism\u00e9telt haszn\u00e1lathoz \u00e9s gumikeszty\u0171k egyszer\u0171 felh\u00faz\u00e1s\u00e1hoz. Cs\u00f6kkenti a&nbsp;s\u00farl\u00f3d\u00e1st \u00e9s megakad\u00e1lyozza, hogy az anyagok egym\u00e1shoz \u00e9s a&nbsp;b\u0151rh\u00f6z tapadjanak.<\/p>\n\n\n\n<p><strong>Haszn\u00e1lata: <\/strong>A gumikeszty\u0171 ism\u00e9telt felh\u00faz\u00e1s\u00e1nak megk\u00f6nny\u00edt\u00e9se \u00e9rdek\u00e9ben el\u0151sz\u00f6r enyh\u00e9n porolja le a&nbsp;kez\u00e9t, \u00e9s vegye fel a&nbsp;keszty\u0171t. A&nbsp;munka befejez\u00e9se ut\u00e1n k\u00f6nnyed\u00e9n leveheti a&nbsp;keszty\u0171t, \u00e9s szappannal \u00e9s v\u00edzzel kezet moshat.<\/p>\n\n\n\n<div style=\"height:26px;width:0px\" aria-hidden=\"true\" class=\"wp-block-spacer wp-container-content-958eb9dc\"><\/div>\n\n\n\n<div class=\"wp-block-group is-nowrap is-layout-flex wp-container-core-group-is-layout-ad2f72ca wp-block-group-is-layout-flex\">\n<p class=\"has-vivid-red-color has-text-color has-background\" style=\"background-color:#f7ecec\"><strong>Magyarorsz\u00e1gon m\u00e9g nincs forgalomban.<\/strong><\/p>\n<\/div>\n\n\n\n<div style=\"height:26px;width:0px\" aria-hidden=\"true\" class=\"wp-block-spacer wp-container-content-958eb9dc\"><\/div>\n<\/div>\n\n\n\n<div class=\"wp-block-group is-layout-flex wp-block-group-is-layout-flex\">\n<div class=\"wp-block-buttons is-content-justification-space-between is-layout-flex wp-container-core-buttons-is-layout-256aec57 wp-block-buttons-is-layout-flex\">\n<div class=\"wp-block-button has-custom-font-size btn-txt\" style=\"font-size:1.5em\"><a class=\"wp-block-button__link wp-element-button\" href=\"https:\/\/www.kittfort.cz\/hu\/letoltes\/katalogusok-es-szorolapok\/\" title=\"Katal\u00f3gusok \u00e9s sz\u00f3r\u00f3lapok\" style=\"border-radius:0px\"><i class=\"fas fa-book-open\"><\/i><\/a><\/div>\n\n\n\n<div class=\"wp-block-button has-custom-font-size btn-txt\" style=\"font-size:1.5em\"><a class=\"wp-block-button__link wp-element-button\" href=\"https:\/\/www.kittfort.cz\/hu\/letoltes\/eladas-tamogatasa\/\" title=\"Elad\u00e1s t\u00e1mogat\u00e1sa\" style=\"border-radius:0px\"><i class=\"fas fa-palette\"><\/i><\/a><\/div>\n\n\n\n<div class=\"wp-block-button has-custom-font-size btn-txt\" style=\"font-size:1.5em\"><a class=\"wp-block-button__link wp-element-button\" href=\"https:\/\/www.youtube.com\/channel\/UCeBliorfsj942FmZp-hOC0A\" title=\"YouTube\" style=\"border-radius:0px\" target=\"_blank\" rel=\"noreferrer noopener\"><i class=\"fab fa-youtube\"><\/i><\/a><\/div>\n\n\n\n<div class=\"wp-block-button has-custom-font-size btn-txt\" style=\"font-size:1.5em\"><a class=\"wp-block-button__link wp-element-button\" href=\"javascript:window.print()\" title=\"Nyomtat\u00e1s\" style=\"border-radius:0px\"><i class=\"fas fa-print\"><\/i><\/a><\/div>\n<\/div>\n<\/div>\n<\/div>\n<\/div>\n\n\n\n<div class=\"wp-block-columns is-layout-flex wp-container-core-columns-is-layout-9d6595d7 wp-block-columns-is-layout-flex\">\n<div class=\"wp-block-column is-layout-flow wp-block-column-is-layout-flow\"><div id=\"accordions-67113\" class=\"accordions-67113 accordions\" data-accordions={&quot;lazyLoad&quot;:true,&quot;id&quot;:&quot;67113&quot;,&quot;event&quot;:&quot;click&quot;,&quot;collapsible&quot;:&quot;true&quot;,&quot;heightStyle&quot;:&quot;content&quot;,&quot;animateStyle&quot;:&quot;swing&quot;,&quot;animateDelay&quot;:1000,&quot;navigation&quot;:true,&quot;active&quot;:999,&quot;expandedOther&quot;:&quot;no&quot;}>\r\n                <div id=\"accordions-lazy-67113\" class=\"accordions-lazy\" accordionsId=\"67113\">\r\n                    <\/div>\r\n\r\n    <div class=\"items\"  style=\"display:none\" >\r\n    \r\n            <div post_id=\"67113\" itemcount=\"0\"  header_id=\"header-1745315203465\" id=\"header-1745315203465\" style=\"\" class=\"accordions-head head1745315203465 border-none\" toggle-text=\"\" main-text=\"Vonalk\u00f3dok\">\r\n                                    <span id=\"accordion-icons-1745315203465\" class=\"accordion-icons\">\r\n                        <span class=\"accordion-icon-active accordion-plus\"><i class=\"fa fa-plus\"><\/i><\/span>\r\n                        <span class=\"accordion-icon-inactive accordion-minus\"><i class=\"fa fa-minus\"><\/i><\/span>\r\n                    <\/span>\r\n                    <span id=\"header-text-1745315203465\" class=\"accordions-head-title\">Vonalk\u00f3dok<\/span>\r\n                            <\/div>\r\n            <div class=\"accordion-content content1745315203465 \">\r\n                <table class=\"tableProducts\">\n<tbody>\n<tr>\n<td>Foly\u00e9kony keszty\u0171 70g<\/td>\n<td class=\"tblRight\">8595030515782<\/td>\n<\/tr>\n<\/tbody>\n<\/table>\n            <\/div>\r\n    \r\n            <div post_id=\"67113\" itemcount=\"1\"  header_id=\"header-1745315243719\" id=\"header-1745315243719\" style=\"\" class=\"accordions-head head1745315243719 border-none\" toggle-text=\"\" main-text=\"Let\u00f6lt\u00e9sek\">\r\n                                    <span id=\"accordion-icons-1745315243719\" class=\"accordion-icons\">\r\n                        <span class=\"accordion-icon-active accordion-plus\"><i class=\"fa fa-plus\"><\/i><\/span>\r\n                        <span class=\"accordion-icon-inactive accordion-minus\"><i class=\"fa fa-minus\"><\/i><\/span>\r\n                    <\/span>\r\n                    <span id=\"header-text-1745315243719\" class=\"accordions-head-title\">Let\u00f6lt\u00e9sek<\/span>\r\n                            <\/div>\r\n            <div class=\"accordion-content content1745315243719 \">\r\n                <table class=\"tableProducts\">\n<tbody>\n<tr>\n<td><i class=\"far fa-image\"><\/i> Foly\u00e9kony keszty\u0171<\/td>\n<td><a title=\"form\u00e1t jpg\" href=\"https:\/\/www.kittfort.cz\/wp-content\/uploads\/2022\/10\/Klouzek-do-rukavic-70g-2022.jpg\" target=\"_blank\" rel=\"noopener\"><i class=\"fas fa-download\"><\/i><\/a><\/td>\n<\/tr>\n<\/tbody>\n<\/table>\n<p>Megjegyz\u00e9s: A let\u00f6lthet\u0151 k\u00e9pek *.jpg form\u00e1tumban 300 DPI felbont\u00e1sban \u00e9s RGB sz\u00ednekben vannak.<\/p>\n            <\/div>\r\n    <\/div>\r\n\r\n\r\n\r\n            <\/div>\n<\/div>\n\n\n\n<div class=\"wp-block-column is-layout-flow wp-block-column-is-layout-flow\">\n<div class=\"wp-block-group is-layout-flex wp-block-group-is-layout-flex\">\n<div class=\"container overflow-hidden boxRightDetails\">\n<div class=\"row gy-2 boxRightDetails\">\n<div class=\"col-12 p-4 boxRightDetailsBox\"><span>Kiszerel\u00e9s:<\/span> 70 g PET t\u00e9gely<\/div>\n<\/div>\n<\/div>\n\n\n\n<div class=\"wp-block-group is-layout-flex wp-block-group-is-layout-flex\">\n<div style=\"height:1em;width:0px\" aria-hidden=\"true\" class=\"wp-block-spacer wp-container-content-1c8aa779\"><\/div>\n\n\n\n<p style=\"font-size:0.85em\">Biztons\u00e1gtechnikai adatlapra vagy m\u0171szaki adatlapra van sz\u00fcks\u00e9ge? \u00cdrjon nek\u00fcnk: <a href=\"mailto:lowgabriella@seznam.cz\">lowgabriella@seznam.cz<\/a><\/p>\n<\/div>\n<\/div>\n<\/div>\n<\/div>\n\n\n\n<div style=\"height:40px\" aria-hidden=\"true\" class=\"wp-block-spacer\"><\/div>\n","protected":false},"excerpt":{"rendered":"<p>Ism\u00e9telt haszn\u00e1lathoz \u00e9s gumikeszty\u0171k egyszer\u0171 felh\u00faz\u00e1s\u00e1hoz. <\/p>\n","protected":false},"author":1,"featured_media":42314,"parent":10325,"menu_order":7,"comment_status":"closed","ping_status":"closed","template":"full-page-product.php","meta":{"pgc_sgb_lightbox_settings":"","footnotes":""},"categories":[66],"tags":[207],"class_list":["post-67115","page","type-page","status-publish","has-post-thumbnail","hentry","category-egyeb-termekek","tag-egyeb-termekek"],"yoast_head":"<!-- This site is optimized with the Yoast SEO plugin v27.4 - https:\/\/yoast.com\/product\/yoast-seo-wordpress\/ -->\n<title>Foly\u00e9kony keszty\u0171 - kittfort.hu<\/title>\n<meta name=\"description\" content=\"Ism\u00e9telt haszn\u00e1lathoz \u00e9s gumikeszty\u0171k egyszer\u0171 felh\u00faz\u00e1s\u00e1hoz. Cs\u00f6kkenti a s\u00farl\u00f3d\u00e1st \u00e9s megakad\u00e1lyozza, hogy az anyagok egym\u00e1shoz \u00e9s a b\u0151rh\u00f6z tapadjanak.\" \/>\n<meta name=\"robots\" content=\"index, follow, max-snippet:-1, max-image-preview:large, max-video-preview:-1\" \/>\n<link rel=\"canonical\" href=\"https:\/\/www.kittfort.cz\/hu\/termekek\/egyeb-termekek\/folyekony-kesztyu\/\" \/>\n<meta property=\"og:locale\" content=\"hu_HU\" \/>\n<meta property=\"og:type\" content=\"article\" \/>\n<meta property=\"og:title\" content=\"Foly\u00e9kony keszty\u0171 - kittfort.hu\" \/>\n<meta property=\"og:description\" content=\"Ism\u00e9telt haszn\u00e1lathoz \u00e9s gumikeszty\u0171k egyszer\u0171 felh\u00faz\u00e1s\u00e1hoz. Cs\u00f6kkenti a s\u00farl\u00f3d\u00e1st \u00e9s megakad\u00e1lyozza, hogy az anyagok egym\u00e1shoz \u00e9s a b\u0151rh\u00f6z tapadjanak.\" \/>\n<meta property=\"og:url\" content=\"https:\/\/www.kittfort.cz\/hu\/termekek\/egyeb-termekek\/folyekony-kesztyu\/\" \/>\n<meta property=\"og:site_name\" content=\"kittfort.hu\" \/>\n<meta property=\"article:publisher\" content=\"https:\/\/www.facebook.com\/kittfort\" \/>\n<meta property=\"article:modified_time\" content=\"2025-04-22T10:06:20+00:00\" \/>\n<meta property=\"og:image\" content=\"https:\/\/www.kittfort.cz\/wp-content\/uploads\/2022\/10\/klouzek.png\" \/>\n\t<meta property=\"og:image:width\" content=\"400\" \/>\n\t<meta property=\"og:image:height\" content=\"250\" \/>\n\t<meta property=\"og:image:type\" content=\"image\/png\" \/>\n<meta name=\"twitter:card\" content=\"summary_large_image\" \/>\n<meta name=\"twitter:label1\" content=\"Becs\u00fclt olvas\u00e1si id\u0151\" \/>\n\t<meta name=\"twitter:data1\" content=\"3 perc\" \/>\n<script type=\"application\/ld+json\" class=\"yoast-schema-graph\">{\"@context\":\"https:\\\/\\\/schema.org\",\"@graph\":[{\"@type\":\"WebPage\",\"@id\":\"https:\\\/\\\/www.kittfort.cz\\\/hu\\\/termekek\\\/egyeb-termekek\\\/folyekony-kesztyu\\\/\",\"url\":\"https:\\\/\\\/www.kittfort.cz\\\/hu\\\/termekek\\\/egyeb-termekek\\\/folyekony-kesztyu\\\/\",\"name\":\"Foly\u00e9kony keszty\u0171 - kittfort.hu\",\"isPartOf\":{\"@id\":\"https:\\\/\\\/www.kittfort.cz\\\/bg\\\/#website\"},\"primaryImageOfPage\":{\"@id\":\"https:\\\/\\\/www.kittfort.cz\\\/hu\\\/termekek\\\/egyeb-termekek\\\/folyekony-kesztyu\\\/#primaryimage\"},\"image\":{\"@id\":\"https:\\\/\\\/www.kittfort.cz\\\/hu\\\/termekek\\\/egyeb-termekek\\\/folyekony-kesztyu\\\/#primaryimage\"},\"thumbnailUrl\":\"https:\\\/\\\/www.kittfort.cz\\\/wp-content\\\/uploads\\\/2022\\\/10\\\/klouzek.png\",\"datePublished\":\"2025-04-22T09:51:57+00:00\",\"dateModified\":\"2025-04-22T10:06:20+00:00\",\"description\":\"Ism\u00e9telt haszn\u00e1lathoz \u00e9s gumikeszty\u0171k egyszer\u0171 felh\u00faz\u00e1s\u00e1hoz. Cs\u00f6kkenti a s\u00farl\u00f3d\u00e1st \u00e9s megakad\u00e1lyozza, hogy az anyagok egym\u00e1shoz \u00e9s a b\u0151rh\u00f6z tapadjanak.\",\"breadcrumb\":{\"@id\":\"https:\\\/\\\/www.kittfort.cz\\\/hu\\\/termekek\\\/egyeb-termekek\\\/folyekony-kesztyu\\\/#breadcrumb\"},\"inLanguage\":\"hu\",\"potentialAction\":[{\"@type\":\"ReadAction\",\"target\":[\"https:\\\/\\\/www.kittfort.cz\\\/hu\\\/termekek\\\/egyeb-termekek\\\/folyekony-kesztyu\\\/\"]}]},{\"@type\":\"ImageObject\",\"inLanguage\":\"hu\",\"@id\":\"https:\\\/\\\/www.kittfort.cz\\\/hu\\\/termekek\\\/egyeb-termekek\\\/folyekony-kesztyu\\\/#primaryimage\",\"url\":\"https:\\\/\\\/www.kittfort.cz\\\/wp-content\\\/uploads\\\/2022\\\/10\\\/klouzek.png\",\"contentUrl\":\"https:\\\/\\\/www.kittfort.cz\\\/wp-content\\\/uploads\\\/2022\\\/10\\\/klouzek.png\",\"width\":400,\"height\":250,\"caption\":\"Klouzek\"},{\"@type\":\"BreadcrumbList\",\"@id\":\"https:\\\/\\\/www.kittfort.cz\\\/hu\\\/termekek\\\/egyeb-termekek\\\/folyekony-kesztyu\\\/#breadcrumb\",\"itemListElement\":[{\"@type\":\"ListItem\",\"position\":1,\"name\":\"Dom\u016f\",\"item\":\"https:\\\/\\\/www.kittfort.cz\\\/hu\\\/kezdooldal\\\/\"},{\"@type\":\"ListItem\",\"position\":2,\"name\":\"Term\u00e9kek\",\"item\":\"https:\\\/\\\/www.kittfort.cz\\\/hu\\\/termekek\\\/\"},{\"@type\":\"ListItem\",\"position\":3,\"name\":\"Egy\u00e9b term\u00e9kek\",\"item\":\"https:\\\/\\\/www.kittfort.cz\\\/hu\\\/termekek\\\/egyeb-termekek\\\/\"},{\"@type\":\"ListItem\",\"position\":4,\"name\":\"Foly\u00e9kony keszty\u0171\"}]},{\"@type\":\"WebSite\",\"@id\":\"https:\\\/\\\/www.kittfort.cz\\\/bg\\\/#website\",\"url\":\"https:\\\/\\\/www.kittfort.cz\\\/bg\\\/\",\"name\":\"KITTFORT.CZ\",\"description\":\"term\u00e9kek cs\u00facsmin\u0151s\u00e9gben\",\"publisher\":{\"@id\":\"https:\\\/\\\/www.kittfort.cz\\\/bg\\\/#organization\"},\"potentialAction\":[{\"@type\":\"SearchAction\",\"target\":{\"@type\":\"EntryPoint\",\"urlTemplate\":\"https:\\\/\\\/www.kittfort.cz\\\/bg\\\/?s={search_term_string}\"},\"query-input\":{\"@type\":\"PropertyValueSpecification\",\"valueRequired\":true,\"valueName\":\"search_term_string\"}}],\"inLanguage\":\"hu\"},{\"@type\":\"Organization\",\"@id\":\"https:\\\/\\\/www.kittfort.cz\\\/bg\\\/#organization\",\"name\":\"KITTFORT Praha\",\"url\":\"https:\\\/\\\/www.kittfort.cz\\\/bg\\\/\",\"logo\":{\"@type\":\"ImageObject\",\"inLanguage\":\"hu\",\"@id\":\"https:\\\/\\\/www.kittfort.cz\\\/bg\\\/#\\\/schema\\\/logo\\\/image\\\/\",\"url\":\"https:\\\/\\\/www.kittfort.cz\\\/wp-content\\\/uploads\\\/2019\\\/06\\\/KITTFORT-logo-ver-2018.png\",\"contentUrl\":\"https:\\\/\\\/www.kittfort.cz\\\/wp-content\\\/uploads\\\/2019\\\/06\\\/KITTFORT-logo-ver-2018.png\",\"width\":500,\"height\":151,\"caption\":\"KITTFORT Praha\"},\"image\":{\"@id\":\"https:\\\/\\\/www.kittfort.cz\\\/bg\\\/#\\\/schema\\\/logo\\\/image\\\/\"},\"sameAs\":[\"https:\\\/\\\/www.facebook.com\\\/kittfort\",\"https:\\\/\\\/instagram.com\\\/kittfort.cz\"]}]}<\/script>\n<!-- \/ Yoast SEO plugin. -->","yoast_head_json":{"title":"Foly\u00e9kony keszty\u0171 - kittfort.hu","description":"Ism\u00e9telt haszn\u00e1lathoz \u00e9s gumikeszty\u0171k egyszer\u0171 felh\u00faz\u00e1s\u00e1hoz. Cs\u00f6kkenti a s\u00farl\u00f3d\u00e1st \u00e9s megakad\u00e1lyozza, hogy az anyagok egym\u00e1shoz \u00e9s a b\u0151rh\u00f6z tapadjanak.","robots":{"index":"index","follow":"follow","max-snippet":"max-snippet:-1","max-image-preview":"max-image-preview:large","max-video-preview":"max-video-preview:-1"},"canonical":"https:\/\/www.kittfort.cz\/hu\/termekek\/egyeb-termekek\/folyekony-kesztyu\/","og_locale":"hu_HU","og_type":"article","og_title":"Foly\u00e9kony keszty\u0171 - kittfort.hu","og_description":"Ism\u00e9telt haszn\u00e1lathoz \u00e9s gumikeszty\u0171k egyszer\u0171 felh\u00faz\u00e1s\u00e1hoz. Cs\u00f6kkenti a s\u00farl\u00f3d\u00e1st \u00e9s megakad\u00e1lyozza, hogy az anyagok egym\u00e1shoz \u00e9s a b\u0151rh\u00f6z tapadjanak.","og_url":"https:\/\/www.kittfort.cz\/hu\/termekek\/egyeb-termekek\/folyekony-kesztyu\/","og_site_name":"kittfort.hu","article_publisher":"https:\/\/www.facebook.com\/kittfort","article_modified_time":"2025-04-22T10:06:20+00:00","og_image":[{"width":400,"height":250,"url":"https:\/\/www.kittfort.cz\/wp-content\/uploads\/2022\/10\/klouzek.png","type":"image\/png"}],"twitter_card":"summary_large_image","twitter_misc":{"Becs\u00fclt olvas\u00e1si id\u0151":"3 perc"},"schema":{"@context":"https:\/\/schema.org","@graph":[{"@type":"WebPage","@id":"https:\/\/www.kittfort.cz\/hu\/termekek\/egyeb-termekek\/folyekony-kesztyu\/","url":"https:\/\/www.kittfort.cz\/hu\/termekek\/egyeb-termekek\/folyekony-kesztyu\/","name":"Foly\u00e9kony keszty\u0171 - kittfort.hu","isPartOf":{"@id":"https:\/\/www.kittfort.cz\/bg\/#website"},"primaryImageOfPage":{"@id":"https:\/\/www.kittfort.cz\/hu\/termekek\/egyeb-termekek\/folyekony-kesztyu\/#primaryimage"},"image":{"@id":"https:\/\/www.kittfort.cz\/hu\/termekek\/egyeb-termekek\/folyekony-kesztyu\/#primaryimage"},"thumbnailUrl":"https:\/\/www.kittfort.cz\/wp-content\/uploads\/2022\/10\/klouzek.png","datePublished":"2025-04-22T09:51:57+00:00","dateModified":"2025-04-22T10:06:20+00:00","description":"Ism\u00e9telt haszn\u00e1lathoz \u00e9s gumikeszty\u0171k egyszer\u0171 felh\u00faz\u00e1s\u00e1hoz. Cs\u00f6kkenti a s\u00farl\u00f3d\u00e1st \u00e9s megakad\u00e1lyozza, hogy az anyagok egym\u00e1shoz \u00e9s a b\u0151rh\u00f6z tapadjanak.","breadcrumb":{"@id":"https:\/\/www.kittfort.cz\/hu\/termekek\/egyeb-termekek\/folyekony-kesztyu\/#breadcrumb"},"inLanguage":"hu","potentialAction":[{"@type":"ReadAction","target":["https:\/\/www.kittfort.cz\/hu\/termekek\/egyeb-termekek\/folyekony-kesztyu\/"]}]},{"@type":"ImageObject","inLanguage":"hu","@id":"https:\/\/www.kittfort.cz\/hu\/termekek\/egyeb-termekek\/folyekony-kesztyu\/#primaryimage","url":"https:\/\/www.kittfort.cz\/wp-content\/uploads\/2022\/10\/klouzek.png","contentUrl":"https:\/\/www.kittfort.cz\/wp-content\/uploads\/2022\/10\/klouzek.png","width":400,"height":250,"caption":"Klouzek"},{"@type":"BreadcrumbList","@id":"https:\/\/www.kittfort.cz\/hu\/termekek\/egyeb-termekek\/folyekony-kesztyu\/#breadcrumb","itemListElement":[{"@type":"ListItem","position":1,"name":"Dom\u016f","item":"https:\/\/www.kittfort.cz\/hu\/kezdooldal\/"},{"@type":"ListItem","position":2,"name":"Term\u00e9kek","item":"https:\/\/www.kittfort.cz\/hu\/termekek\/"},{"@type":"ListItem","position":3,"name":"Egy\u00e9b term\u00e9kek","item":"https:\/\/www.kittfort.cz\/hu\/termekek\/egyeb-termekek\/"},{"@type":"ListItem","position":4,"name":"Foly\u00e9kony keszty\u0171"}]},{"@type":"WebSite","@id":"https:\/\/www.kittfort.cz\/bg\/#website","url":"https:\/\/www.kittfort.cz\/bg\/","name":"KITTFORT.CZ","description":"term\u00e9kek cs\u00facsmin\u0151s\u00e9gben","publisher":{"@id":"https:\/\/www.kittfort.cz\/bg\/#organization"},"potentialAction":[{"@type":"SearchAction","target":{"@type":"EntryPoint","urlTemplate":"https:\/\/www.kittfort.cz\/bg\/?s={search_term_string}"},"query-input":{"@type":"PropertyValueSpecification","valueRequired":true,"valueName":"search_term_string"}}],"inLanguage":"hu"},{"@type":"Organization","@id":"https:\/\/www.kittfort.cz\/bg\/#organization","name":"KITTFORT Praha","url":"https:\/\/www.kittfort.cz\/bg\/","logo":{"@type":"ImageObject","inLanguage":"hu","@id":"https:\/\/www.kittfort.cz\/bg\/#\/schema\/logo\/image\/","url":"https:\/\/www.kittfort.cz\/wp-content\/uploads\/2019\/06\/KITTFORT-logo-ver-2018.png","contentUrl":"https:\/\/www.kittfort.cz\/wp-content\/uploads\/2019\/06\/KITTFORT-logo-ver-2018.png","width":500,"height":151,"caption":"KITTFORT Praha"},"image":{"@id":"https:\/\/www.kittfort.cz\/bg\/#\/schema\/logo\/image\/"},"sameAs":["https:\/\/www.facebook.com\/kittfort","https:\/\/instagram.com\/kittfort.cz"]}]}},"rttpg_featured_image_url":{"full":["https:\/\/www.kittfort.cz\/wp-content\/uploads\/2022\/10\/klouzek.png",400,250,false],"landscape":["https:\/\/www.kittfort.cz\/wp-content\/uploads\/2022\/10\/klouzek.png",400,250,false],"portraits":["https:\/\/www.kittfort.cz\/wp-content\/uploads\/2022\/10\/klouzek.png",400,250,false],"thumbnail":["https:\/\/www.kittfort.cz\/wp-content\/uploads\/2022\/10\/klouzek-320x200.png",320,200,true],"medium":["https:\/\/www.kittfort.cz\/wp-content\/uploads\/2022\/10\/klouzek.png",400,250,false],"large":["https:\/\/www.kittfort.cz\/wp-content\/uploads\/2022\/10\/klouzek.png",400,250,false],"timeline-express":["https:\/\/www.kittfort.cz\/wp-content\/uploads\/2022\/10\/klouzek-350x120.png",350,120,true],"timeline-express-thumbnail":["https:\/\/www.kittfort.cz\/wp-content\/uploads\/2022\/10\/klouzek-200x120.png",200,120,true],"1536x1536":["https:\/\/www.kittfort.cz\/wp-content\/uploads\/2022\/10\/klouzek.png",400,250,false],"2048x2048":["https:\/\/www.kittfort.cz\/wp-content\/uploads\/2022\/10\/klouzek.png",400,250,false],"post-thumbnail":["https:\/\/www.kittfort.cz\/wp-content\/uploads\/2022\/10\/klouzek-250x250.png",250,250,true],"rpwe-thumbnail":["https:\/\/www.kittfort.cz\/wp-content\/uploads\/2022\/10\/klouzek-45x45.png",45,45,true],"fpw_square":["https:\/\/www.kittfort.cz\/wp-content\/uploads\/2022\/10\/klouzek-200x200.png",200,200,true],"fpw_banner":["https:\/\/www.kittfort.cz\/wp-content\/uploads\/2022\/10\/klouzek-400x150.png",400,150,true],"fpw_big":["https:\/\/www.kittfort.cz\/wp-content\/uploads\/2022\/10\/klouzek.png",400,250,false],"rt_custom":["https:\/\/www.kittfort.cz\/wp-content\/uploads\/2022\/10\/klouzek.png",400,250,false]},"rttpg_author":{"display_name":"kittfort","author_link":"https:\/\/www.kittfort.cz\/hu\/author\/kittfortcz\/"},"rttpg_comment":0,"rttpg_category":" <a href=\"https:\/\/www.kittfort.cz\/hu\/category\/egyeb-termekek\/\" rel=\"tag\">Egy\u00e9b term\u00e9kek<\/a>","rttpg_excerpt":"Ism\u00e9telt haszn\u00e1lathoz \u00e9s gumikeszty\u0171k egyszer\u0171 felh\u00faz\u00e1s\u00e1hoz.","_links":{"self":[{"href":"https:\/\/www.kittfort.cz\/hu\/wp-json\/wp\/v2\/pages\/67115","targetHints":{"allow":["GET"]}}],"collection":[{"href":"https:\/\/www.kittfort.cz\/hu\/wp-json\/wp\/v2\/pages"}],"about":[{"href":"https:\/\/www.kittfort.cz\/hu\/wp-json\/wp\/v2\/types\/page"}],"author":[{"embeddable":true,"href":"https:\/\/www.kittfort.cz\/hu\/wp-json\/wp\/v2\/users\/1"}],"replies":[{"embeddable":true,"href":"https:\/\/www.kittfort.cz\/hu\/wp-json\/wp\/v2\/comments?post=67115"}],"version-history":[{"count":0,"href":"https:\/\/www.kittfort.cz\/hu\/wp-json\/wp\/v2\/pages\/67115\/revisions"}],"up":[{"embeddable":true,"href":"https:\/\/www.kittfort.cz\/hu\/wp-json\/wp\/v2\/pages\/10325"}],"wp:featuredmedia":[{"embeddable":true,"href":"https:\/\/www.kittfort.cz\/hu\/wp-json\/wp\/v2\/media\/42314"}],"wp:attachment":[{"href":"https:\/\/www.kittfort.cz\/hu\/wp-json\/wp\/v2\/media?parent=67115"}],"wp:term":[{"taxonomy":"category","embeddable":true,"href":"https:\/\/www.kittfort.cz\/hu\/wp-json\/wp\/v2\/categories?post=67115"},{"taxonomy":"post_tag","embeddable":true,"href":"https:\/\/www.kittfort.cz\/hu\/wp-json\/wp\/v2\/tags?post=67115"}],"curies":[{"name":"wp","href":"https:\/\/api.w.org\/{rel}","templated":true}]}}