{"id":8462,"date":"2016-08-21T14:52:45","date_gmt":"2016-08-21T12:52:45","guid":{"rendered":"http:\/\/www.kittfort.cz\/hu\/?page_id=8462"},"modified":"2025-02-07T17:53:19","modified_gmt":"2025-02-07T16:53:19","slug":"muszaki-informaciok","status":"publish","type":"page","link":"https:\/\/www.kittfort.cz\/hu\/termekek\/muszaki-informaciok\/","title":{"rendered":"M\u0171szaki inform\u00e1ci\u00f3k"},"content":{"rendered":"\n<h4 class=\"wp-block-heading\">Figyelmeztet\u00e9s<\/h4>\n\n\n\n<p>A CEFIC (The European Chemical Industry Council) aj\u00e1nl\u00e1sa alapj\u00e1n nem lehet a&nbsp;biztons\u00e1gi adatlap weboldalon t\u00f6rt\u00e9n\u0151 nyilv\u00e1noss\u00e1gra hozatal\u00e1t \u00e1tad\u00e1snak min\u0151s\u00edteni a&nbsp;REACH rendelet 31 pontja alapj\u00e1n. Ezen okn\u00e1l fogva oldalainkr\u00f3l a&nbsp;biztons\u00e1gi adatlap nem t\u00f6lthet\u0151 le. A&nbsp;biztons\u00e1gi adatlapot <strong>automatikusan<\/strong> megkapja:<\/p>\n\n\n\n<ul class=\"wp-block-list\">\n<li>minden els\u0151 term\u00e9k v\u00e1s\u00e1rl\u00e1skor <\/li>\n\n\n\n<li>minden sz\u00e1ll\u00edt\u00e1skor, ha t\u00f6bb mint egy \u00e9ve a&nbsp;term\u00e9ket nem v\u00e1s\u00e1rolta<\/li>\n\n\n\n<li>egy \u00e9ven bel\u00fcl a&nbsp;term\u00e9k v\u00e1s\u00e1rl\u00e1s\u00e1t\u00f3l az \u00f6sszes aktualiz\u00e1ci\u00f3t az adott term\u00e9khez*<\/li>\n<\/ul>\n\n\n\n<p><strong>*<\/strong> Ebben az esetben k\u00e9rj\u00fck tudassa vel\u00fcnk email c\u00edm\u00e9t, vagy \u00edrjon a&nbsp;<a href=\"mailto:lowgabriella@seznam.cz\"><strong>lowgabriella@seznam.cz<\/strong><\/a> c\u00edmre aho koll\u00e9g\u00e1nk azonnal elk\u00fcldi \u00f6nnek a&nbsp;k\u00edv\u00e1nt adatlapokat, gy\u00e1rt\u00f3i megfelel\u0151s\u00e9gi nyilatkozatokat.<\/p>\n","protected":false},"excerpt":{"rendered":"<p>Figyelmeztet\u00e9s A&nbsp;CEFIC (The European Chemical Industry Council) aj\u00e1nl\u00e1sa alapj\u00e1n nem lehet a&nbsp;biztons\u00e1gi adatlap weboldalon t\u00f6rt\u00e9n\u0151 nyilv\u00e1noss\u00e1gra hozatal\u00e1t \u00e1tad\u00e1snak min\u0151s\u00edteni<\/p>\n<p class=\"readmore\"><a href=\"https:\/\/www.kittfort.cz\/hu\/termekek\/muszaki-informaciok\/\" title=\"Read M\u0171szaki inform\u00e1ci\u00f3k\">Read more &raquo;<\/a><\/p>\n","protected":false},"author":1,"featured_media":0,"parent":9451,"menu_order":312,"comment_status":"closed","ping_status":"closed","template":"full-page.php","meta":{"pgc_sgb_lightbox_settings":"","footnotes":""},"categories":[64,20],"tags":[],"class_list":["post-8462","page","type-page","status-publish","hentry","category-termekek","category-uncategorized-hu"],"yoast_head":"<!-- This site is optimized with the Yoast SEO plugin v27.4 - https:\/\/yoast.com\/product\/yoast-seo-wordpress\/ -->\n<title>M\u0171szaki inform\u00e1ci\u00f3k - kittfort.hu<\/title>\n<meta name=\"robots\" content=\"index, follow, max-snippet:-1, max-image-preview:large, max-video-preview:-1\" \/>\n<link rel=\"canonical\" href=\"https:\/\/www.kittfort.cz\/hu\/termekek\/muszaki-informaciok\/\" \/>\n<meta property=\"og:locale\" content=\"hu_HU\" \/>\n<meta property=\"og:type\" content=\"article\" \/>\n<meta property=\"og:title\" content=\"M\u0171szaki inform\u00e1ci\u00f3k - kittfort.hu\" \/>\n<meta property=\"og:description\" content=\"Figyelmeztet\u00e9s A CEFIC (The European Chemical Industry Council) aj\u00e1nl\u00e1sa alapj\u00e1n nem lehet a&nbsp;biztons\u00e1gi adatlap weboldalon t\u00f6rt\u00e9n\u0151 nyilv\u00e1noss\u00e1gra hozatal\u00e1t \u00e1tad\u00e1snak min\u0151s\u00edteniRead more &raquo;\" \/>\n<meta property=\"og:url\" content=\"https:\/\/www.kittfort.cz\/hu\/termekek\/muszaki-informaciok\/\" \/>\n<meta property=\"og:site_name\" content=\"kittfort.hu\" \/>\n<meta property=\"article:publisher\" content=\"https:\/\/www.facebook.com\/kittfort\" \/>\n<meta property=\"article:modified_time\" content=\"2025-02-07T16:53:19+00:00\" \/>\n<meta name=\"twitter:card\" content=\"summary_large_image\" \/>\n<meta name=\"twitter:label1\" content=\"Becs\u00fclt olvas\u00e1si id\u0151\" \/>\n\t<meta name=\"twitter:data1\" content=\"1 perc\" \/>\n<script type=\"application\/ld+json\" class=\"yoast-schema-graph\">{\"@context\":\"https:\\\/\\\/schema.org\",\"@graph\":[{\"@type\":\"WebPage\",\"@id\":\"https:\\\/\\\/www.kittfort.cz\\\/hu\\\/termekek\\\/muszaki-informaciok\\\/\",\"url\":\"https:\\\/\\\/www.kittfort.cz\\\/hu\\\/termekek\\\/muszaki-informaciok\\\/\",\"name\":\"M\u0171szaki inform\u00e1ci\u00f3k - kittfort.hu\",\"isPartOf\":{\"@id\":\"https:\\\/\\\/www.kittfort.cz\\\/bg\\\/#website\"},\"datePublished\":\"2016-08-21T12:52:45+00:00\",\"dateModified\":\"2025-02-07T16:53:19+00:00\",\"breadcrumb\":{\"@id\":\"https:\\\/\\\/www.kittfort.cz\\\/hu\\\/termekek\\\/muszaki-informaciok\\\/#breadcrumb\"},\"inLanguage\":\"hu\",\"potentialAction\":[{\"@type\":\"ReadAction\",\"target\":[\"https:\\\/\\\/www.kittfort.cz\\\/hu\\\/termekek\\\/muszaki-informaciok\\\/\"]}]},{\"@type\":\"BreadcrumbList\",\"@id\":\"https:\\\/\\\/www.kittfort.cz\\\/hu\\\/termekek\\\/muszaki-informaciok\\\/#breadcrumb\",\"itemListElement\":[{\"@type\":\"ListItem\",\"position\":1,\"name\":\"Dom\u016f\",\"item\":\"https:\\\/\\\/www.kittfort.cz\\\/hu\\\/kezdooldal\\\/\"},{\"@type\":\"ListItem\",\"position\":2,\"name\":\"Term\u00e9kek\",\"item\":\"https:\\\/\\\/www.kittfort.cz\\\/hu\\\/termekek\\\/\"},{\"@type\":\"ListItem\",\"position\":3,\"name\":\"M\u0171szaki inform\u00e1ci\u00f3k\"}]},{\"@type\":\"WebSite\",\"@id\":\"https:\\\/\\\/www.kittfort.cz\\\/bg\\\/#website\",\"url\":\"https:\\\/\\\/www.kittfort.cz\\\/bg\\\/\",\"name\":\"KITTFORT.CZ\",\"description\":\"term\u00e9kek cs\u00facsmin\u0151s\u00e9gben\",\"publisher\":{\"@id\":\"https:\\\/\\\/www.kittfort.cz\\\/bg\\\/#organization\"},\"potentialAction\":[{\"@type\":\"SearchAction\",\"target\":{\"@type\":\"EntryPoint\",\"urlTemplate\":\"https:\\\/\\\/www.kittfort.cz\\\/bg\\\/?s={search_term_string}\"},\"query-input\":{\"@type\":\"PropertyValueSpecification\",\"valueRequired\":true,\"valueName\":\"search_term_string\"}}],\"inLanguage\":\"hu\"},{\"@type\":\"Organization\",\"@id\":\"https:\\\/\\\/www.kittfort.cz\\\/bg\\\/#organization\",\"name\":\"KITTFORT Praha\",\"url\":\"https:\\\/\\\/www.kittfort.cz\\\/bg\\\/\",\"logo\":{\"@type\":\"ImageObject\",\"inLanguage\":\"hu\",\"@id\":\"https:\\\/\\\/www.kittfort.cz\\\/bg\\\/#\\\/schema\\\/logo\\\/image\\\/\",\"url\":\"https:\\\/\\\/www.kittfort.cz\\\/wp-content\\\/uploads\\\/2019\\\/06\\\/KITTFORT-logo-ver-2018.png\",\"contentUrl\":\"https:\\\/\\\/www.kittfort.cz\\\/wp-content\\\/uploads\\\/2019\\\/06\\\/KITTFORT-logo-ver-2018.png\",\"width\":500,\"height\":151,\"caption\":\"KITTFORT Praha\"},\"image\":{\"@id\":\"https:\\\/\\\/www.kittfort.cz\\\/bg\\\/#\\\/schema\\\/logo\\\/image\\\/\"},\"sameAs\":[\"https:\\\/\\\/www.facebook.com\\\/kittfort\",\"https:\\\/\\\/instagram.com\\\/kittfort.cz\"]}]}<\/script>\n<!-- \/ Yoast SEO plugin. -->","yoast_head_json":{"title":"M\u0171szaki inform\u00e1ci\u00f3k - kittfort.hu","robots":{"index":"index","follow":"follow","max-snippet":"max-snippet:-1","max-image-preview":"max-image-preview:large","max-video-preview":"max-video-preview:-1"},"canonical":"https:\/\/www.kittfort.cz\/hu\/termekek\/muszaki-informaciok\/","og_locale":"hu_HU","og_type":"article","og_title":"M\u0171szaki inform\u00e1ci\u00f3k - kittfort.hu","og_description":"Figyelmeztet\u00e9s A CEFIC (The European Chemical Industry Council) aj\u00e1nl\u00e1sa alapj\u00e1n nem lehet a&nbsp;biztons\u00e1gi adatlap weboldalon t\u00f6rt\u00e9n\u0151 nyilv\u00e1noss\u00e1gra hozatal\u00e1t \u00e1tad\u00e1snak min\u0151s\u00edteniRead more &raquo;","og_url":"https:\/\/www.kittfort.cz\/hu\/termekek\/muszaki-informaciok\/","og_site_name":"kittfort.hu","article_publisher":"https:\/\/www.facebook.com\/kittfort","article_modified_time":"2025-02-07T16:53:19+00:00","twitter_card":"summary_large_image","twitter_misc":{"Becs\u00fclt olvas\u00e1si id\u0151":"1 perc"},"schema":{"@context":"https:\/\/schema.org","@graph":[{"@type":"WebPage","@id":"https:\/\/www.kittfort.cz\/hu\/termekek\/muszaki-informaciok\/","url":"https:\/\/www.kittfort.cz\/hu\/termekek\/muszaki-informaciok\/","name":"M\u0171szaki inform\u00e1ci\u00f3k - kittfort.hu","isPartOf":{"@id":"https:\/\/www.kittfort.cz\/bg\/#website"},"datePublished":"2016-08-21T12:52:45+00:00","dateModified":"2025-02-07T16:53:19+00:00","breadcrumb":{"@id":"https:\/\/www.kittfort.cz\/hu\/termekek\/muszaki-informaciok\/#breadcrumb"},"inLanguage":"hu","potentialAction":[{"@type":"ReadAction","target":["https:\/\/www.kittfort.cz\/hu\/termekek\/muszaki-informaciok\/"]}]},{"@type":"BreadcrumbList","@id":"https:\/\/www.kittfort.cz\/hu\/termekek\/muszaki-informaciok\/#breadcrumb","itemListElement":[{"@type":"ListItem","position":1,"name":"Dom\u016f","item":"https:\/\/www.kittfort.cz\/hu\/kezdooldal\/"},{"@type":"ListItem","position":2,"name":"Term\u00e9kek","item":"https:\/\/www.kittfort.cz\/hu\/termekek\/"},{"@type":"ListItem","position":3,"name":"M\u0171szaki inform\u00e1ci\u00f3k"}]},{"@type":"WebSite","@id":"https:\/\/www.kittfort.cz\/bg\/#website","url":"https:\/\/www.kittfort.cz\/bg\/","name":"KITTFORT.CZ","description":"term\u00e9kek cs\u00facsmin\u0151s\u00e9gben","publisher":{"@id":"https:\/\/www.kittfort.cz\/bg\/#organization"},"potentialAction":[{"@type":"SearchAction","target":{"@type":"EntryPoint","urlTemplate":"https:\/\/www.kittfort.cz\/bg\/?s={search_term_string}"},"query-input":{"@type":"PropertyValueSpecification","valueRequired":true,"valueName":"search_term_string"}}],"inLanguage":"hu"},{"@type":"Organization","@id":"https:\/\/www.kittfort.cz\/bg\/#organization","name":"KITTFORT Praha","url":"https:\/\/www.kittfort.cz\/bg\/","logo":{"@type":"ImageObject","inLanguage":"hu","@id":"https:\/\/www.kittfort.cz\/bg\/#\/schema\/logo\/image\/","url":"https:\/\/www.kittfort.cz\/wp-content\/uploads\/2019\/06\/KITTFORT-logo-ver-2018.png","contentUrl":"https:\/\/www.kittfort.cz\/wp-content\/uploads\/2019\/06\/KITTFORT-logo-ver-2018.png","width":500,"height":151,"caption":"KITTFORT Praha"},"image":{"@id":"https:\/\/www.kittfort.cz\/bg\/#\/schema\/logo\/image\/"},"sameAs":["https:\/\/www.facebook.com\/kittfort","https:\/\/instagram.com\/kittfort.cz"]}]}},"rttpg_featured_image_url":null,"rttpg_author":{"display_name":"kittfort","author_link":"https:\/\/www.kittfort.cz\/hu\/author\/kittfortcz\/"},"rttpg_comment":0,"rttpg_category":" <a href=\"https:\/\/www.kittfort.cz\/hu\/category\/termekek\/\" rel=\"tag\">Term\u00e9kek<\/a><a href=\"https:\/\/www.kittfort.cz\/hu\/category\/uncategorized-hu\/\" rel=\"tag\">Uncategorized @hu<\/a>","rttpg_excerpt":"Figyelmeztet\u00e9s A CEFIC (The European Chemical Industry Council) aj\u00e1nl\u00e1sa alapj\u00e1n nem lehet a&nbsp;biztons\u00e1gi adatlap weboldalon t\u00f6rt\u00e9n\u0151 nyilv\u00e1noss\u00e1gra hozatal\u00e1t \u00e1tad\u00e1snak min\u0151s\u00edteniRead more &raquo;","_links":{"self":[{"href":"https:\/\/www.kittfort.cz\/hu\/wp-json\/wp\/v2\/pages\/8462","targetHints":{"allow":["GET"]}}],"collection":[{"href":"https:\/\/www.kittfort.cz\/hu\/wp-json\/wp\/v2\/pages"}],"about":[{"href":"https:\/\/www.kittfort.cz\/hu\/wp-json\/wp\/v2\/types\/page"}],"author":[{"embeddable":true,"href":"https:\/\/www.kittfort.cz\/hu\/wp-json\/wp\/v2\/users\/1"}],"replies":[{"embeddable":true,"href":"https:\/\/www.kittfort.cz\/hu\/wp-json\/wp\/v2\/comments?post=8462"}],"version-history":[{"count":0,"href":"https:\/\/www.kittfort.cz\/hu\/wp-json\/wp\/v2\/pages\/8462\/revisions"}],"up":[{"embeddable":true,"href":"https:\/\/www.kittfort.cz\/hu\/wp-json\/wp\/v2\/pages\/9451"}],"wp:attachment":[{"href":"https:\/\/www.kittfort.cz\/hu\/wp-json\/wp\/v2\/media?parent=8462"}],"wp:term":[{"taxonomy":"category","embeddable":true,"href":"https:\/\/www.kittfort.cz\/hu\/wp-json\/wp\/v2\/categories?post=8462"},{"taxonomy":"post_tag","embeddable":true,"href":"https:\/\/www.kittfort.cz\/hu\/wp-json\/wp\/v2\/tags?post=8462"}],"curies":[{"name":"wp","href":"https:\/\/api.w.org\/{rel}","templated":true}]}}