{"id":9471,"date":"2016-08-23T09:24:41","date_gmt":"2016-08-23T07:24:41","guid":{"rendered":"http:\/\/www.kittfort.cz\/hu\/?page_id=9471"},"modified":"2023-05-11T22:03:32","modified_gmt":"2023-05-11T20:03:32","slug":"kerteszeti-keszitmenyek","status":"publish","type":"page","link":"https:\/\/www.kittfort.cz\/hu\/termekek\/kerteszeti-keszitmenyek\/","title":{"rendered":"Kert\u00e9szeti k\u00e9sz\u00edtm\u00e9nyek"},"content":{"rendered":"<style type='text\/css' media='all'>#rt-tpg-container-3233234149 .rt-holder .rt-woo-info .price{color:#55a108;}body .rt-tpg-container .rt-tpg-isotope-buttons .selected,\n\t\t\t\t\t#rt-tpg-container-3233234149 .layout12 .rt-holder:hover .rt-detail,\n\t\t\t\t\t#rt-tpg-container-3233234149 .isotope8 .rt-holder:hover .rt-detail,\n\t\t\t\t\t#rt-tpg-container-3233234149 .carousel8 .rt-holder:hover .rt-detail,\n\t\t\t\t\t#rt-tpg-container-3233234149 .layout13 .rt-holder .overlay .post-info,\n\t\t\t\t\t#rt-tpg-container-3233234149 .isotope9 .rt-holder .overlay .post-info,\n\t\t\t\t\t#rt-tpg-container-3233234149.rt-tpg-container .layout4 .rt-holder .rt-detail,\n\t\t\t\t\t.rt-modal-3233234149 .md-content,\n\t\t\t\t\t.rt-modal-3233234149 .md-content > .rt-md-content-holder .rt-md-content,\n\t\t\t\t\t.rt-popup-wrap-3233234149.rt-popup-wrap .rt-popup-navigation-wrap,\n\t\t\t\t\t#rt-tpg-container-3233234149 .carousel9 .rt-holder .overlay .post-info{background-color:#55a108;}#rt-tpg-container-3233234149 .layout5 .rt-holder .overlay, #rt-tpg-container-3233234149 .isotope2 .rt-holder .overlay, #rt-tpg-container-3233234149 .carousel2 .rt-holder .overlay,#rt-tpg-container-3233234149 .layout15 .rt-holder h3, #rt-tpg-container-3233234149 .isotope11 .rt-holder h3, #rt-tpg-container-3233234149 .carousel11 .rt-holder h3, #rt-tpg-container-3233234149 .layout16 .rt-holder h3,\n\t\t\t\t\t#rt-tpg-container-3233234149 .isotope12 .rt-holder h3, #rt-tpg-container-3233234149 .carousel12 .rt-holder h3 {background-color:rgba(85,161,8,0.1);}#rt-tpg-container-3233234149 .read-more a{border-radius:px;}#rt-tpg-container-3233234149 .rt-img-holder img.rt-img-responsive,#rt-tpg-container-3233234149 .rt-img-holder,\n\t\t\t\t\t#rt-tpg-container-3233234149 .rt-post-overlay .post-img,\n\t\t\t\t\t#rt-tpg-container-3233234149 .post-sm .post-img,\n\t\t\t\t\t#rt-tpg-container-3233234149 .rt-post-grid .post-img,\n\t\t\t\t\t#rt-tpg-container-3233234149 .post-img img {border-radius:px;}#rt-tpg-container-3233234149 .isotope8 .rt-holder h2.entry-title,\n\t\t\t\t\t#rt-tpg-container-3233234149 .isotope8 .rt-holder h3.entry-title,\n\t\t\t\t\t#rt-tpg-container-3233234149 .isotope8 .rt-holder h4.entry-title,\n\t\t\t\t\t#rt-tpg-container-3233234149 .isotope8 .rt-holder h2.entry-title a,\n\t\t\t\t\t#rt-tpg-container-3233234149 .isotope8 .rt-holder h3.entry-title a,\n\t\t\t\t\t#rt-tpg-container-3233234149 .isotope8 .rt-holder h4.entry-title a,\n\t\t\t\t\t#rt-tpg-container-3233234149 .rt-holder .rt-woo-info h2 a,\n\t\t\t\t\t#rt-tpg-container-3233234149 .rt-holder .rt-woo-info h3 a,\n\t\t\t\t\t#rt-tpg-container-3233234149 .rt-holder .rt-woo-info h4 a,\n\t\t\t\t\t#rt-tpg-container-3233234149 .post-content .post-title,\n\t\t\t\t\t#rt-tpg-container-3233234149 .rt-post-grid .post-title,\n\t\t\t\t\t#rt-tpg-container-3233234149 .rt-post-grid .post-title a,\n\t\t\t\t\t#rt-tpg-container-3233234149 .post-content .post-title a,\n\t\t\t\t\t#rt-tpg-container-3233234149 .rt-holder .rt-woo-info h2,\n\t\t\t\t\t#rt-tpg-container-3233234149 .rt-holder .rt-woo-info h3,\n\t\t\t\t\t#rt-tpg-container-3233234149 .rt-holder .rt-woo-info h4{font-size:18px;line-height:28px;}#rt-tpg-container-3233234149 .post-grid-lg-style-1 .post-title,\n\t\t\t\t\t\t#rt-tpg-container-3233234149 .post-grid-lg-style-1 .post-title a,\n\t\t\t\t\t\t#rt-tpg-container-3233234149 .big-layout .post-title,\n\t\t\t\t\t\t#rt-tpg-container-3233234149 .big-layout .post-title a,\n\t\t\t\t\t\t#rt-tpg-container-3233234149 .post-grid-lg-style-1 .post-title,\n\t\t\t\t\t\t#rt-tpg-container-3233234149 .post-grid-lg-style-1 .post-title a {font-size:26px;line-height:36px;}#rt-tpg-container-3233234149 .isotope8 .rt-holder .tpg-excerpt,#rt-tpg-container-3233234149 .isotope8 .tpg-excerpt,#rt-tpg-container-3233234149 .isotope8 .rt-holder .post-content,#rt-tpg-container-3233234149 .rt-holder .rt-woo-info p,#rt-tpg-container-3233234149 .post-content p {font-size:14px;}<\/style><div class='rt-container-fluid rt-tpg-container tpg-shortcode-main-wrapper ' id='rt-tpg-container-3233234149'   data-layout='isotope8' data-grid-style='even' data-desktop-col='4'  data-tab-col='2'  data-mobile-col='1' data-sc-id='9473'><div data-title='Loading ...' class='rt-row rt-content-loader   isotope8 tpg-pre-loader'><div class=\"tpg-iso-filter\"><div id='iso-button-3233234149' class='rt-tpg-isotope-buttons button-group filter-button-group option-set' data-url='' data-count=''><button class=\"rt-iso-btn-kerteszeti-keszitmenyek\" data-filter=\".iso_210\">Kert\u00e9szeti k\u00e9sz\u00edtm\u00e9nyek<\/button><\/div><\/div><div class='rt-tpg-isotope' id='iso-tpg-3233234149'><div class=\"rt-col-md-3 rt-col-sm-6 rt-col-xs-12 even-grid-item rt-grid-item img_zoom_in isotope-item iso_210 rt-item-kerteszeti-keszitmenyek\" data-id=\"9476\"><div class=\"rt-holder\"><div class=\"rt-img-holder\"><a data-id='9476' class='' href='https:\/\/www.kittfort.cz\/hu\/termekek\/kerteszeti-keszitmenyek\/kemenyfa-apoloolaj\/'><img loading=\"lazy\" decoding=\"async\" width=\"1750\" height=\"1000\" src=\"https:\/\/www.kittfort.cz\/wp-content\/uploads\/2016\/07\/napousteci_olej.png\" class=\"rt-img-responsive \" alt=\"\" \/><\/a><\/div> <div class='rt-detail'><h4 class=\"entry-title\"><a data-id=\"9476\" class=\"\" href=\"https:\/\/www.kittfort.cz\/hu\/termekek\/kerteszeti-keszitmenyek\/kemenyfa-apoloolaj\/\">Kem\u00e9nyfa \u00e1pol\u00f3olaj<\/a><\/h4><div class='tpg-excerpt'>Term\u00e9szetes olajok kever\u00e9ke a fa v\u00e9delm\u00e9re, erezet\u00e9nek kiemel\u00e9s\u00e9re k\u00fcl- \u00e9s belt\u00e9rben egyar\u00e1nt. Alkalmazhat\u00f3 b\u00fatorokra, fabor\u00edt\u00e1sokra...<\/div><\/div><\/div><\/div><div class=\"rt-col-md-3 rt-col-sm-6 rt-col-xs-12 even-grid-item rt-grid-item img_zoom_in isotope-item iso_210 rt-item-kerteszeti-keszitmenyek\" data-id=\"9427\"><div class=\"rt-holder\"><div class=\"rt-img-holder\"><a data-id='9427' class='' href='https:\/\/www.kittfort.cz\/hu\/termekek\/kerteszeti-keszitmenyek\/oltoviasz\/'><img loading=\"lazy\" decoding=\"async\" width=\"400\" height=\"250\" src=\"https:\/\/www.kittfort.cz\/wp-content\/uploads\/2016\/07\/steparsky_vosk.png\" class=\"rt-img-responsive \" alt=\"\" \/><\/a><\/div> <div class='rt-detail'><h4 class=\"entry-title\"><a data-id=\"9427\" class=\"\" href=\"https:\/\/www.kittfort.cz\/hu\/termekek\/kerteszeti-keszitmenyek\/oltoviasz\/\">Olt\u00f3viasz<\/a><\/h4><div class='tpg-excerpt'>Az Olt\u00f3viasz m\u00e9hviaszb\u00f3l \u00e9s term\u00e9szetes gyant\u00e1b\u00f3l k\u00e9sz\u00fclt. Olt\u00e1shoz, szemez\u00e9shez \u00e9s fa s\u00e9r\u00fcl\u00e9seinek kezel\u00e9s\u00e9re 24\u00a0\u00b0C-fok feletti...<\/div><\/div><\/div><\/div><div class=\"rt-col-md-3 rt-col-sm-6 rt-col-xs-12 even-grid-item rt-grid-item img_zoom_in isotope-item iso_210 rt-item-kerteszeti-keszitmenyek\" data-id=\"9441\"><div class=\"rt-holder\"><div class=\"rt-img-holder\"><a data-id='9441' class='' href='https:\/\/www.kittfort.cz\/hu\/termekek\/kerteszeti-keszitmenyek\/fabalzsam\/'><img loading=\"lazy\" decoding=\"async\" width=\"400\" height=\"250\" src=\"https:\/\/www.kittfort.cz\/wp-content\/uploads\/2018\/06\/stromovy_balzam.png\" class=\"rt-img-responsive \" alt=\"\" \/><\/a><\/div> <div class='rt-detail'><h4 class=\"entry-title\"><a data-id=\"9441\" class=\"\" href=\"https:\/\/www.kittfort.cz\/hu\/termekek\/kerteszeti-keszitmenyek\/fabalzsam\/\">Fabalzsam<\/a><\/h4><div class='tpg-excerpt'>Val\u00f3di m\u00e9hviaszb\u00f3l k\u00e9sz\u00fclt seg\u00e9danyag n\u00f6v\u00e9nyek v\u00e9delm\u00e9re fokozott fert\u0151tlen\u00edt\u0151 hat\u00e1ssal...<\/div><\/div><\/div><\/div><div class=\"rt-col-md-3 rt-col-sm-6 rt-col-xs-12 even-grid-item rt-grid-item img_zoom_in isotope-item iso_210 rt-item-kerteszeti-keszitmenyek\" data-id=\"9486\"><div class=\"rt-holder\"><div class=\"rt-img-holder\"><a data-id='9486' class='' href='https:\/\/www.kittfort.cz\/hu\/termekek\/kerteszeti-keszitmenyek\/mesz-kert\/'><img loading=\"lazy\" decoding=\"async\" width=\"400\" height=\"250\" src=\"https:\/\/www.kittfort.cz\/wp-content\/uploads\/2016\/07\/vapno_certak.png\" class=\"rt-img-responsive \" alt=\"\" \/><\/a><\/div> <div class='rt-detail'><h4 class=\"entry-title\"><a data-id=\"9486\" class=\"\" href=\"https:\/\/www.kittfort.cz\/hu\/termekek\/kerteszeti-keszitmenyek\/mesz-kert\/\">\u010cer\u0165\u00e1k M\u00e9sz \u2013 Kert<\/a><\/h4><div class='tpg-excerpt'>Gyepre \u00e9s kertre haszn\u00e1lhat\u00f3 term\u00e9szetes \u00e1sv\u00e1nyi meszez\u0151 anyag, amely minden talajt\u00edpushoz \u00e9s a legt\u00f6bb n\u00f6v\u00e9nyhez...<\/div><\/div><\/div><\/div><div class=\"rt-col-md-3 rt-col-sm-6 rt-col-xs-12 even-grid-item rt-grid-item img_zoom_in isotope-item iso_251 rt-item-egyeb-ipari-alapanyagok iso_210 rt-item-kerteszeti-keszitmenyek\" data-id=\"9747\"><div class=\"rt-holder\"><div class=\"rt-img-holder\"><a data-id='9747' class='' href='https:\/\/www.kittfort.cz\/hu\/termekek\/ipari-alapanyagok\/rezgalic\/'><img loading=\"lazy\" decoding=\"async\" width=\"400\" height=\"250\" src=\"https:\/\/www.kittfort.cz\/wp-content\/uploads\/2017\/11\/modra_skalice17.png\" class=\"rt-img-responsive \" alt=\"\" \/><\/a><\/div> <div class='rt-detail'><h4 class=\"entry-title\"><a data-id=\"9747\" class=\"\" href=\"https:\/\/www.kittfort.cz\/hu\/termekek\/ipari-alapanyagok\/rezgalic\/\">R\u00e9zg\u00e1lic<\/a><\/h4><div class='tpg-excerpt'>A k\u00e9kg\u00e1lic k\u00e1rtev\u0151 \u00edrt\u00e1s\u00e1ra val\u00f3 k\u00e9sz\u00edtm\u00e9nyek gy\u00e1rt\u00e1s\u00e1ra, impregn\u00e1l\u00f3szerek el\u0151\u00e1ll\u00edt\u00e1s\u00e1ra, galvaniz\u00e1l\u00f3 s\u00f3k el\u0151\u00e1ll\u00edt\u00e1s\u00e1ra...<\/div><\/div><\/div><\/div><div class=\"rt-col-md-3 rt-col-sm-6 rt-col-xs-12 even-grid-item rt-grid-item img_zoom_in isotope-item iso_251 rt-item-egyeb-ipari-alapanyagok iso_210 rt-item-kerteszeti-keszitmenyek\" data-id=\"9743\"><div class=\"rt-holder\"><div class=\"rt-img-holder\"><a data-id='9743' class='' href='https:\/\/www.kittfort.cz\/hu\/termekek\/ipari-alapanyagok\/zoldgalic\/'><img loading=\"lazy\" decoding=\"async\" width=\"400\" height=\"250\" src=\"https:\/\/www.kittfort.cz\/wp-content\/uploads\/2017\/11\/zelena_skalice17.png\" class=\"rt-img-responsive \" alt=\"\" \/><\/a><\/div> <div class='rt-detail'><h4 class=\"entry-title\"><a data-id=\"9743\" class=\"\" href=\"https:\/\/www.kittfort.cz\/hu\/termekek\/ipari-alapanyagok\/zoldgalic\/\">Z\u00f6ldg\u00e1lic<\/a><\/h4><div class='tpg-excerpt'>A Z\u00f6ldg\u00e1lic moha \u00e9s zuzm\u00f3 f\u00fcves ter\u00fcletekr\u0151l val\u00f3 ki\u00edrt\u00e1s\u00e1ra, lev\u00e9lfodrosod\u00e1s ellen veget\u00e1ci\u00f3s id\u0151n k\u00edv\u00fcl, iv\u00f3v\u00edz...<\/div><\/div><\/div><\/div><div class=\"rt-col-md-3 rt-col-sm-6 rt-col-xs-12 even-grid-item rt-grid-item img_zoom_in isotope-item iso_210 rt-item-kerteszeti-keszitmenyek\" data-id=\"67267\"><div class=\"rt-holder\"><div class=\"rt-img-holder\"><a data-id='67267' class='' href='https:\/\/www.kittfort.cz\/hu\/termekek\/falfestekek\/certak-mesz-epulet\/'><img loading=\"lazy\" decoding=\"async\" width=\"400\" height=\"250\" src=\"https:\/\/www.kittfort.cz\/wp-content\/uploads\/2016\/08\/vapno_certak_stavba.png\" class=\"rt-img-responsive \" alt=\"\" \/><\/a><\/div> <div class='rt-detail'><h4 class=\"entry-title\"><a data-id=\"67267\" class=\"\" href=\"https:\/\/www.kittfort.cz\/hu\/termekek\/falfestekek\/certak-mesz-epulet\/\">\u010cer\u0165\u00e1k M\u00e9sz \u2013 \u00c9p\u00fclet<\/a><\/h4><div class='tpg-excerpt'>Pinc\u00e9k, ist\u00e1ll\u00f3k, kamr\u00e1k \u00e9s minden olyan hely bevon\u00e1s\u00e1ra haszn\u00e1lhat\u00f3 term\u00e9szetes \u00e1sv\u00e1nyi meszel\u0151 anyag, ahol a...<\/div><\/div><\/div><\/div><div class=\"rt-col-md-3 rt-col-sm-6 rt-col-xs-12 even-grid-item rt-grid-item img_zoom_in isotope-item iso_210 rt-item-kerteszeti-keszitmenyek\" data-id=\"66130\"><div class=\"rt-holder\"><div class=\"rt-img-holder\"><a data-id='66130' class='' href='https:\/\/www.kittfort.cz\/hu\/termekek\/falfestekek\/arnyekolo-festek-uveghazakhoz\/'><img loading=\"lazy\" decoding=\"async\" width=\"400\" height=\"250\" src=\"https:\/\/www.kittfort.cz\/wp-content\/uploads\/2018\/07\/stinici_barva.png\" class=\"rt-img-responsive \" alt=\"\" \/><\/a><\/div> <div class='rt-detail'><h4 class=\"entry-title\"><a data-id=\"66130\" class=\"\" href=\"https:\/\/www.kittfort.cz\/hu\/termekek\/falfestekek\/arnyekolo-festek-uveghazakhoz\/\">\u00c1rny\u00e9kol\u00f3 fest\u00e9k \u00fcvegh\u00e1zakhoz<\/a><\/h4><div class='tpg-excerpt'>\u00c1sv\u00e1nyi fest\u00e9k \u00fcvegh\u00e1zak \u00e9s \u00fcvegh\u00e1zak \u00fcvegkit\u00f6lt\u00e9s\u00e9nek \u00e1rny\u00e9kol\u00e1s\u00e1ra a\nnapf\u00e9ny perzsel\u0151 hat\u00e1sa ellen...<\/div><\/div><\/div><\/div><\/div><div class=\"isotope-term-no-post\"><p>No post found<\/p><\/div><div class=\"rt-loading-overlay\"><\/div><div class=\"rt-loading rt-ball-clip-rotate\"><div><\/div><\/div><\/div><div class='rt-pagination-wrap' data-total-pages='1' data-posts-per-page='8' data-type='load_on_scroll'  ><div class='rt-infinite-action'>\n\t\t\t\t\t\t\t\t\t\t\t\t<div class='rt-infinite-loading la-fire la-2x'>\n\t\t\t\t\t\t\t\t\t\t\t\t\t<div><\/div>\n\t\t\t\t\t\t\t\t\t\t\t\t\t<div><\/div>\n\t\t\t\t\t\t\t\t\t\t\t\t\t<div><\/div>\n\t\t\t\t\t\t\t\t\t\t\t\t<\/div>\n\t\t\t\t\t\t\t\t\t\t\t<\/div><\/div><\/div>\n","protected":false},"excerpt":{"rendered":"\u00c1rny\u00e9kol\u00f3 fest\u00e9k \u00fcvegh\u00e1zakhoz \u00c1sv\u00e1nyi fest\u00e9k \u00fcvegh\u00e1zak \u00e9s \u00fcvegh\u00e1zak \u00fcvegkit\u00f6lt\u00e9s\u00e9nek \u00e1rny\u00e9kol\u00e1s\u00e1ra anapf\u00e9ny perzsel\u0151 hat\u00e1sa ellen. A fest\u00e9k feh\u00e9r \u00e1rnyalatban k\u00e9sz\u00fcl, a<p class=\"readmore\"><a href=\"https:\/\/www.kittfort.cz\/hu\/termekek\/falfestekek\/arnyekolo-festek-uveghazakhoz\/\" title=\"Read \u00c1rny\u00e9kol\u00f3 fest\u00e9k \u00fcvegh\u00e1zakhoz\">Read more &raquo;<\/a><\/p>","protected":false},"author":1,"featured_media":40184,"parent":9451,"menu_order":310,"comment_status":"closed","ping_status":"closed","template":"full-page.php","meta":{"pgc_sgb_lightbox_settings":"","footnotes":""},"categories":[64],"tags":[],"class_list":["post-9471","page","type-page","status-publish","has-post-thumbnail","hentry","category-termekek"],"yoast_head":"<!-- This site is optimized with the Yoast SEO plugin v27.4 - https:\/\/yoast.com\/product\/yoast-seo-wordpress\/ -->\n<title>Kert\u00e9szeti k\u00e9sz\u00edtm\u00e9nyek - kittfort.hu<\/title>\n<meta name=\"robots\" content=\"index, follow, max-snippet:-1, max-image-preview:large, max-video-preview:-1\" \/>\n<link rel=\"canonical\" href=\"https:\/\/www.kittfort.cz\/hu\/termekek\/kerteszeti-keszitmenyek\/\" \/>\n<meta property=\"og:locale\" content=\"hu_HU\" \/>\n<meta property=\"og:type\" content=\"article\" \/>\n<meta property=\"og:title\" content=\"Kert\u00e9szeti k\u00e9sz\u00edtm\u00e9nyek - kittfort.hu\" \/>\n<meta property=\"og:url\" content=\"https:\/\/www.kittfort.cz\/hu\/termekek\/kerteszeti-keszitmenyek\/\" \/>\n<meta property=\"og:site_name\" content=\"kittfort.hu\" \/>\n<meta property=\"article:publisher\" content=\"https:\/\/www.facebook.com\/kittfort\" \/>\n<meta property=\"article:modified_time\" content=\"2023-05-11T20:03:32+00:00\" \/>\n<meta property=\"og:image\" content=\"https:\/\/www.kittfort.cz\/wp-content\/uploads\/2022\/04\/zahrada.png\" \/>\n\t<meta property=\"og:image:width\" content=\"600\" \/>\n\t<meta property=\"og:image:height\" content=\"375\" \/>\n\t<meta property=\"og:image:type\" content=\"image\/png\" \/>\n<meta name=\"twitter:card\" content=\"summary_large_image\" \/>\n<script type=\"application\/ld+json\" class=\"yoast-schema-graph\">{\"@context\":\"https:\\\/\\\/schema.org\",\"@graph\":[{\"@type\":\"WebPage\",\"@id\":\"https:\\\/\\\/www.kittfort.cz\\\/hu\\\/termekek\\\/kerteszeti-keszitmenyek\\\/\",\"url\":\"https:\\\/\\\/www.kittfort.cz\\\/hu\\\/termekek\\\/kerteszeti-keszitmenyek\\\/\",\"name\":\"Kert\u00e9szeti k\u00e9sz\u00edtm\u00e9nyek - kittfort.hu\",\"isPartOf\":{\"@id\":\"https:\\\/\\\/www.kittfort.cz\\\/bg\\\/#website\"},\"primaryImageOfPage\":{\"@id\":\"https:\\\/\\\/www.kittfort.cz\\\/hu\\\/termekek\\\/kerteszeti-keszitmenyek\\\/#primaryimage\"},\"image\":{\"@id\":\"https:\\\/\\\/www.kittfort.cz\\\/hu\\\/termekek\\\/kerteszeti-keszitmenyek\\\/#primaryimage\"},\"thumbnailUrl\":\"https:\\\/\\\/www.kittfort.cz\\\/wp-content\\\/uploads\\\/2022\\\/04\\\/zahrada.png\",\"datePublished\":\"2016-08-23T07:24:41+00:00\",\"dateModified\":\"2023-05-11T20:03:32+00:00\",\"breadcrumb\":{\"@id\":\"https:\\\/\\\/www.kittfort.cz\\\/hu\\\/termekek\\\/kerteszeti-keszitmenyek\\\/#breadcrumb\"},\"inLanguage\":\"hu\",\"potentialAction\":[{\"@type\":\"ReadAction\",\"target\":[\"https:\\\/\\\/www.kittfort.cz\\\/hu\\\/termekek\\\/kerteszeti-keszitmenyek\\\/\"]}]},{\"@type\":\"ImageObject\",\"inLanguage\":\"hu\",\"@id\":\"https:\\\/\\\/www.kittfort.cz\\\/hu\\\/termekek\\\/kerteszeti-keszitmenyek\\\/#primaryimage\",\"url\":\"https:\\\/\\\/www.kittfort.cz\\\/wp-content\\\/uploads\\\/2022\\\/04\\\/zahrada.png\",\"contentUrl\":\"https:\\\/\\\/www.kittfort.cz\\\/wp-content\\\/uploads\\\/2022\\\/04\\\/zahrada.png\",\"width\":600,\"height\":375},{\"@type\":\"BreadcrumbList\",\"@id\":\"https:\\\/\\\/www.kittfort.cz\\\/hu\\\/termekek\\\/kerteszeti-keszitmenyek\\\/#breadcrumb\",\"itemListElement\":[{\"@type\":\"ListItem\",\"position\":1,\"name\":\"Dom\u016f\",\"item\":\"https:\\\/\\\/www.kittfort.cz\\\/hu\\\/kezdooldal\\\/\"},{\"@type\":\"ListItem\",\"position\":2,\"name\":\"Term\u00e9kek\",\"item\":\"https:\\\/\\\/www.kittfort.cz\\\/hu\\\/termekek\\\/\"},{\"@type\":\"ListItem\",\"position\":3,\"name\":\"Kert\u00e9szeti k\u00e9sz\u00edtm\u00e9nyek\"}]},{\"@type\":\"WebSite\",\"@id\":\"https:\\\/\\\/www.kittfort.cz\\\/bg\\\/#website\",\"url\":\"https:\\\/\\\/www.kittfort.cz\\\/bg\\\/\",\"name\":\"KITTFORT.CZ\",\"description\":\"term\u00e9kek cs\u00facsmin\u0151s\u00e9gben\",\"publisher\":{\"@id\":\"https:\\\/\\\/www.kittfort.cz\\\/bg\\\/#organization\"},\"potentialAction\":[{\"@type\":\"SearchAction\",\"target\":{\"@type\":\"EntryPoint\",\"urlTemplate\":\"https:\\\/\\\/www.kittfort.cz\\\/bg\\\/?s={search_term_string}\"},\"query-input\":{\"@type\":\"PropertyValueSpecification\",\"valueRequired\":true,\"valueName\":\"search_term_string\"}}],\"inLanguage\":\"hu\"},{\"@type\":\"Organization\",\"@id\":\"https:\\\/\\\/www.kittfort.cz\\\/bg\\\/#organization\",\"name\":\"KITTFORT Praha\",\"url\":\"https:\\\/\\\/www.kittfort.cz\\\/bg\\\/\",\"logo\":{\"@type\":\"ImageObject\",\"inLanguage\":\"hu\",\"@id\":\"https:\\\/\\\/www.kittfort.cz\\\/bg\\\/#\\\/schema\\\/logo\\\/image\\\/\",\"url\":\"https:\\\/\\\/www.kittfort.cz\\\/wp-content\\\/uploads\\\/2019\\\/06\\\/KITTFORT-logo-ver-2018.png\",\"contentUrl\":\"https:\\\/\\\/www.kittfort.cz\\\/wp-content\\\/uploads\\\/2019\\\/06\\\/KITTFORT-logo-ver-2018.png\",\"width\":500,\"height\":151,\"caption\":\"KITTFORT Praha\"},\"image\":{\"@id\":\"https:\\\/\\\/www.kittfort.cz\\\/bg\\\/#\\\/schema\\\/logo\\\/image\\\/\"},\"sameAs\":[\"https:\\\/\\\/www.facebook.com\\\/kittfort\",\"https:\\\/\\\/instagram.com\\\/kittfort.cz\"]}]}<\/script>\n<!-- \/ Yoast SEO plugin. -->","yoast_head_json":{"title":"Kert\u00e9szeti k\u00e9sz\u00edtm\u00e9nyek - kittfort.hu","robots":{"index":"index","follow":"follow","max-snippet":"max-snippet:-1","max-image-preview":"max-image-preview:large","max-video-preview":"max-video-preview:-1"},"canonical":"https:\/\/www.kittfort.cz\/hu\/termekek\/kerteszeti-keszitmenyek\/","og_locale":"hu_HU","og_type":"article","og_title":"Kert\u00e9szeti k\u00e9sz\u00edtm\u00e9nyek - kittfort.hu","og_url":"https:\/\/www.kittfort.cz\/hu\/termekek\/kerteszeti-keszitmenyek\/","og_site_name":"kittfort.hu","article_publisher":"https:\/\/www.facebook.com\/kittfort","article_modified_time":"2023-05-11T20:03:32+00:00","og_image":[{"width":600,"height":375,"url":"https:\/\/www.kittfort.cz\/wp-content\/uploads\/2022\/04\/zahrada.png","type":"image\/png"}],"twitter_card":"summary_large_image","schema":{"@context":"https:\/\/schema.org","@graph":[{"@type":"WebPage","@id":"https:\/\/www.kittfort.cz\/hu\/termekek\/kerteszeti-keszitmenyek\/","url":"https:\/\/www.kittfort.cz\/hu\/termekek\/kerteszeti-keszitmenyek\/","name":"Kert\u00e9szeti k\u00e9sz\u00edtm\u00e9nyek - kittfort.hu","isPartOf":{"@id":"https:\/\/www.kittfort.cz\/bg\/#website"},"primaryImageOfPage":{"@id":"https:\/\/www.kittfort.cz\/hu\/termekek\/kerteszeti-keszitmenyek\/#primaryimage"},"image":{"@id":"https:\/\/www.kittfort.cz\/hu\/termekek\/kerteszeti-keszitmenyek\/#primaryimage"},"thumbnailUrl":"https:\/\/www.kittfort.cz\/wp-content\/uploads\/2022\/04\/zahrada.png","datePublished":"2016-08-23T07:24:41+00:00","dateModified":"2023-05-11T20:03:32+00:00","breadcrumb":{"@id":"https:\/\/www.kittfort.cz\/hu\/termekek\/kerteszeti-keszitmenyek\/#breadcrumb"},"inLanguage":"hu","potentialAction":[{"@type":"ReadAction","target":["https:\/\/www.kittfort.cz\/hu\/termekek\/kerteszeti-keszitmenyek\/"]}]},{"@type":"ImageObject","inLanguage":"hu","@id":"https:\/\/www.kittfort.cz\/hu\/termekek\/kerteszeti-keszitmenyek\/#primaryimage","url":"https:\/\/www.kittfort.cz\/wp-content\/uploads\/2022\/04\/zahrada.png","contentUrl":"https:\/\/www.kittfort.cz\/wp-content\/uploads\/2022\/04\/zahrada.png","width":600,"height":375},{"@type":"BreadcrumbList","@id":"https:\/\/www.kittfort.cz\/hu\/termekek\/kerteszeti-keszitmenyek\/#breadcrumb","itemListElement":[{"@type":"ListItem","position":1,"name":"Dom\u016f","item":"https:\/\/www.kittfort.cz\/hu\/kezdooldal\/"},{"@type":"ListItem","position":2,"name":"Term\u00e9kek","item":"https:\/\/www.kittfort.cz\/hu\/termekek\/"},{"@type":"ListItem","position":3,"name":"Kert\u00e9szeti k\u00e9sz\u00edtm\u00e9nyek"}]},{"@type":"WebSite","@id":"https:\/\/www.kittfort.cz\/bg\/#website","url":"https:\/\/www.kittfort.cz\/bg\/","name":"KITTFORT.CZ","description":"term\u00e9kek cs\u00facsmin\u0151s\u00e9gben","publisher":{"@id":"https:\/\/www.kittfort.cz\/bg\/#organization"},"potentialAction":[{"@type":"SearchAction","target":{"@type":"EntryPoint","urlTemplate":"https:\/\/www.kittfort.cz\/bg\/?s={search_term_string}"},"query-input":{"@type":"PropertyValueSpecification","valueRequired":true,"valueName":"search_term_string"}}],"inLanguage":"hu"},{"@type":"Organization","@id":"https:\/\/www.kittfort.cz\/bg\/#organization","name":"KITTFORT Praha","url":"https:\/\/www.kittfort.cz\/bg\/","logo":{"@type":"ImageObject","inLanguage":"hu","@id":"https:\/\/www.kittfort.cz\/bg\/#\/schema\/logo\/image\/","url":"https:\/\/www.kittfort.cz\/wp-content\/uploads\/2019\/06\/KITTFORT-logo-ver-2018.png","contentUrl":"https:\/\/www.kittfort.cz\/wp-content\/uploads\/2019\/06\/KITTFORT-logo-ver-2018.png","width":500,"height":151,"caption":"KITTFORT Praha"},"image":{"@id":"https:\/\/www.kittfort.cz\/bg\/#\/schema\/logo\/image\/"},"sameAs":["https:\/\/www.facebook.com\/kittfort","https:\/\/instagram.com\/kittfort.cz"]}]}},"rttpg_featured_image_url":{"full":["https:\/\/www.kittfort.cz\/wp-content\/uploads\/2022\/04\/zahrada.png",600,375,false],"landscape":["https:\/\/www.kittfort.cz\/wp-content\/uploads\/2022\/04\/zahrada.png",600,375,false],"portraits":["https:\/\/www.kittfort.cz\/wp-content\/uploads\/2022\/04\/zahrada.png",600,375,false],"thumbnail":["https:\/\/www.kittfort.cz\/wp-content\/uploads\/2022\/04\/zahrada-320x200.png",320,200,true],"medium":["https:\/\/www.kittfort.cz\/wp-content\/uploads\/2022\/04\/zahrada-400x250.png",400,250,true],"large":["https:\/\/www.kittfort.cz\/wp-content\/uploads\/2022\/04\/zahrada.png",600,375,false],"timeline-express":["https:\/\/www.kittfort.cz\/wp-content\/uploads\/2022\/04\/zahrada-350x120.png",350,120,true],"timeline-express-thumbnail":["https:\/\/www.kittfort.cz\/wp-content\/uploads\/2022\/04\/zahrada-200x120.png",200,120,true],"1536x1536":["https:\/\/www.kittfort.cz\/wp-content\/uploads\/2022\/04\/zahrada.png",600,375,false],"2048x2048":["https:\/\/www.kittfort.cz\/wp-content\/uploads\/2022\/04\/zahrada.png",600,375,false],"post-thumbnail":["https:\/\/www.kittfort.cz\/wp-content\/uploads\/2022\/04\/zahrada-250x250.png",250,250,true],"rpwe-thumbnail":["https:\/\/www.kittfort.cz\/wp-content\/uploads\/2022\/04\/zahrada-45x45.png",45,45,true],"fpw_square":["https:\/\/www.kittfort.cz\/wp-content\/uploads\/2022\/04\/zahrada-200x200.png",200,200,true],"fpw_banner":["https:\/\/www.kittfort.cz\/wp-content\/uploads\/2022\/04\/zahrada-400x150.png",400,150,true],"fpw_big":["https:\/\/www.kittfort.cz\/wp-content\/uploads\/2022\/04\/zahrada-400x250.png",400,250,true],"rt_custom":["https:\/\/www.kittfort.cz\/wp-content\/uploads\/2022\/04\/zahrada.png",600,375,false]},"rttpg_author":{"display_name":"kittfort","author_link":"https:\/\/www.kittfort.cz\/hu\/author\/kittfortcz\/"},"rttpg_comment":0,"rttpg_category":" <a href=\"https:\/\/www.kittfort.cz\/hu\/category\/termekek\/\" rel=\"tag\">Term\u00e9kek<\/a>","rttpg_excerpt":null,"_links":{"self":[{"href":"https:\/\/www.kittfort.cz\/hu\/wp-json\/wp\/v2\/pages\/9471","targetHints":{"allow":["GET"]}}],"collection":[{"href":"https:\/\/www.kittfort.cz\/hu\/wp-json\/wp\/v2\/pages"}],"about":[{"href":"https:\/\/www.kittfort.cz\/hu\/wp-json\/wp\/v2\/types\/page"}],"author":[{"embeddable":true,"href":"https:\/\/www.kittfort.cz\/hu\/wp-json\/wp\/v2\/users\/1"}],"replies":[{"embeddable":true,"href":"https:\/\/www.kittfort.cz\/hu\/wp-json\/wp\/v2\/comments?post=9471"}],"version-history":[{"count":0,"href":"https:\/\/www.kittfort.cz\/hu\/wp-json\/wp\/v2\/pages\/9471\/revisions"}],"up":[{"embeddable":true,"href":"https:\/\/www.kittfort.cz\/hu\/wp-json\/wp\/v2\/pages\/9451"}],"wp:featuredmedia":[{"embeddable":true,"href":"https:\/\/www.kittfort.cz\/hu\/wp-json\/wp\/v2\/media\/40184"}],"wp:attachment":[{"href":"https:\/\/www.kittfort.cz\/hu\/wp-json\/wp\/v2\/media?parent=9471"}],"wp:term":[{"taxonomy":"category","embeddable":true,"href":"https:\/\/www.kittfort.cz\/hu\/wp-json\/wp\/v2\/categories?post=9471"},{"taxonomy":"post_tag","embeddable":true,"href":"https:\/\/www.kittfort.cz\/hu\/wp-json\/wp\/v2\/tags?post=9471"}],"curies":[{"name":"wp","href":"https:\/\/api.w.org\/{rel}","templated":true}]}}