{"id":9752,"date":"2016-08-24T20:32:00","date_gmt":"2016-08-24T18:32:00","guid":{"rendered":"http:\/\/www.kittfort.cz\/hu\/?page_id=9752"},"modified":"2025-04-22T13:32:36","modified_gmt":"2025-04-22T11:32:36","slug":"klormesz","status":"publish","type":"page","link":"https:\/\/www.kittfort.cz\/hu\/termekek\/ipari-alapanyagok\/klormesz\/","title":{"rendered":"Kl\u00f3rm\u00e9sz"},"content":{"rendered":"\n<div class=\"wp-block-columns is-layout-flex wp-container-core-columns-is-layout-9d6595d7 wp-block-columns-is-layout-flex\">\n<div class=\"wp-block-column is-vertically-aligned-center is-layout-flow wp-block-column-is-layout-flow\"><div class=\"pgc-sgb-cb wp-block-pgcsimplygalleryblock-viewer \" data-gallery-id=\"00974810\"><div class=\"sgb-preloader\" id=\"pr_00974810\">\n\t<div class=\"sgb-square\" style=\"background:#d4d4d4\"><\/div>\n\t<div class=\"sgb-square\" style=\"background:#d4d4d4\"><\/div>\n\t<div class=\"sgb-square\" style=\"background:#d4d4d4\"><\/div>\n\t<div class=\"sgb-square\" style=\"background:#d4d4d4\"><\/div><\/div><div class=\"simply-gallery-amp pgc_sgb_slider \"><noscript><div class=\"sgb-gallery\"><div class=\"sgb-item\"><a href=\"https:\/\/www.kittfort.cz\/hu\/termekek\/ipari-alapanyagok\/klormesz\/chlorove-vapno-600g-2\/\" target=\"_blank\"><img decoding=\"async\" alt=\"Kl\u00f3rm\u00e9sz\" width=\"400\" height=\"400\" loading=\"lazy\" src=\"https:\/\/www.kittfort.cz\/wp-content\/uploads\/2023\/06\/Chlorove-vapno-600g-400x400.jpg\" srcset=\"https:\/\/www.kittfort.cz\/wp-content\/uploads\/2023\/06\/Chlorove-vapno-600g-400x400.jpg 400w,https:\/\/www.kittfort.cz\/wp-content\/uploads\/2023\/06\/Chlorove-vapno-600g.jpg 1500w\" sizes=\"auto, 250px\"\/><\/a><\/div><\/div><\/noscript><\/div><script type=\"application\/json\" class=\"sgb-data\">{\"isPremium\":true,\"galleryType\":\"pgc_sgb_viewer\",\"galleryId\":\"00974810\",\"images\":[{\"id\":55376,\"title\":\"Kl\u00f3rm\u00e9sz\",\"url\":\"https:\/\/www.kittfort.cz\/wp-content\/uploads\/2023\/06\/Chlorove-vapno-600g.jpg\",\"link\":\"https:\/\/www.kittfort.cz\/hu\/termekek\/ipari-alapanyagok\/klormesz\/chlorove-vapno-600g-2\/\",\"alt\":\"Kl\u00f3rm\u00e9sz\",\"description\":\"\",\"caption\":\"\",\"mime\":\"image\/jpeg\",\"type\":\"image\",\"width\":1500,\"height\":1500,\"sizes\":{\"thumbnail\":{\"url\":\"https:\/\/www.kittfort.cz\/wp-content\/uploads\/2023\/06\/Chlorove-vapno-600g-200x200.jpg\",\"height\":200,\"width\":200,\"orientation\":\"landscape\"},\"medium\":{\"url\":\"https:\/\/www.kittfort.cz\/wp-content\/uploads\/2023\/06\/Chlorove-vapno-600g-400x400.jpg\",\"height\":400,\"width\":400,\"orientation\":\"landscape\"},\"full\":{\"url\":\"https:\/\/www.kittfort.cz\/wp-content\/uploads\/2023\/06\/Chlorove-vapno-600g.jpg\",\"height\":1500,\"width\":1500,\"orientation\":\"landscape\"}},\"imageMeta\":{\"aperture\":\"22\",\"credit\":\"\",\"camera\":\"NIKON D5000\",\"caption\":\"\",\"created_timestamp\":\"1510162396\",\"copyright\":\"\",\"focal_length\":\"42\",\"iso\":\"200\",\"shutter_speed\":\"0.008\",\"title\":\"\",\"orientation\":\"1\",\"keywords\":[]},\"meta\":false,\"postlink\":\"https:\/\/www.kittfort.cz\/hu\/termekek\/ipari-alapanyagok\/klormesz\/chlorove-vapno-600g-2\/\"}],\"sliderRatio\":0.90000000000000002220446049250313080847263336181640625,\"sliderStyle\":\"cleanStyle\",\"sliderNextPrevAnimation\":\"fade\",\"sliderItemCounterEnable\":false,\"sliderBgColor\":\"rgba(255,255,255,0.61)\",\"sliderNavigationColor\":\"rgba(0,0,0,0)\",\"sliderNavigationColorOver\":\"rgba(0,0,0,0.16)\",\"sliderSocialShareEnabled\":false,\"sliderResizeEnable\":false,\"sliderItemDownload\":false,\"collectionColumns\":4,\"collectionthumbActiveColor\":\"rgba(237,237,237,1)\",\"openPopupId\":\"\",\"itemsMetaDataCollection\":[]}<\/script><script>(function(){if(window.PGC_SGB && window.PGC_SGB.searcher){window.PGC_SGB.searcher.initBlocks()}})()<\/script><\/div>\n\n\n<div style=\"height:3em\" aria-hidden=\"true\" class=\"wp-block-spacer\"><\/div>\n<\/div>\n\n\n\n<div class=\"wp-block-column is-layout-flow wp-block-column-is-layout-flow\">\n<div class=\"wp-block-group is-layout-flex wp-block-group-is-layout-flex\">\n<h3 class=\"wp-block-heading title-product\">Kl\u00f3rm\u00e9sz<\/h3>\n\n\n\n<p>A <strong>Kl\u00f3rm\u00e9sz <\/strong>kanaliz\u00e1ci\u00f3s lefoly\u00f3k, em\u00e9szt\u0151g\u00f6dr\u00f6k, ist\u00e1ll\u00f3k fert\u0151tlen\u00edt\u00e9s\u00e9re szolg\u00e1l. \u00c9vente 3-4 alkalommal javasoljuk a&nbsp;fert\u0151tlen\u00edt\u00e9st.<\/p>\n\n\n\n<p><\/p>\n<\/div>\n\n\n\n<div style=\"height:26px\" aria-hidden=\"true\" class=\"wp-block-spacer\"><\/div>\n\n\n\n<div class=\"wp-block-group is-layout-flex wp-block-group-is-layout-flex\">\n<div class=\"wp-block-buttons is-content-justification-space-between is-layout-flex wp-container-core-buttons-is-layout-256aec57 wp-block-buttons-is-layout-flex\">\n<div class=\"wp-block-button has-custom-font-size btn-txt\" style=\"font-size:1.5em\"><a class=\"wp-block-button__link wp-element-button\" href=\"https:\/\/www.kittfort.cz\/hu\/letoltes\/katalogusok-es-szorolapok\/\" title=\"Katal\u00f3gusok \u00e9s sz\u00f3r\u00f3lapok\" style=\"border-radius:0px\"><i class=\"fas fa-book-open\"><\/i><\/a><\/div>\n\n\n\n<div class=\"wp-block-button has-custom-font-size btn-txt\" style=\"font-size:1.5em\"><a class=\"wp-block-button__link wp-element-button\" href=\"https:\/\/www.kittfort.cz\/hu\/letoltes\/eladas-tamogatasa\/\" title=\"Elad\u00e1s t\u00e1mogat\u00e1sa\" style=\"border-radius:0px\"><i class=\"fas fa-palette\"><\/i><\/a><\/div>\n\n\n\n<div class=\"wp-block-button has-custom-font-size btn-txt\" style=\"font-size:1.5em\"><a class=\"wp-block-button__link wp-element-button\" href=\"https:\/\/www.youtube.com\/channel\/UCeBliorfsj942FmZp-hOC0A\" title=\"YouTube\" style=\"border-radius:0px\" target=\"_blank\" rel=\"noreferrer noopener\"><i class=\"fab fa-youtube\"><\/i><\/a><\/div>\n\n\n\n<div class=\"wp-block-button has-custom-font-size btn-txt\" style=\"font-size:1.5em\"><a class=\"wp-block-button__link wp-element-button\" href=\"javascript:window.print()\" title=\"Nyomtat\u00e1s\" style=\"border-radius:0px\"><i class=\"fas fa-print\"><\/i><\/a><\/div>\n<\/div>\n<\/div>\n<\/div>\n<\/div>\n\n\n\n<div class=\"wp-block-columns is-layout-flex wp-container-core-columns-is-layout-9d6595d7 wp-block-columns-is-layout-flex\">\n<div class=\"wp-block-column is-layout-flow wp-block-column-is-layout-flow\"><div id=\"accordions-9753\" class=\"accordions-9753 accordions\" data-accordions={&quot;lazyLoad&quot;:true,&quot;id&quot;:&quot;9753&quot;,&quot;event&quot;:&quot;click&quot;,&quot;collapsible&quot;:&quot;true&quot;,&quot;heightStyle&quot;:&quot;content&quot;,&quot;animateStyle&quot;:&quot;swing&quot;,&quot;animateDelay&quot;:1000,&quot;navigation&quot;:true,&quot;active&quot;:999,&quot;expandedOther&quot;:&quot;no&quot;}>\r\n                <div id=\"accordions-lazy-9753\" class=\"accordions-lazy\" accordionsId=\"9753\">\r\n                    <\/div>\r\n\r\n    <div class=\"items\"  style=\"display:none\" >\r\n    \r\n            <div post_id=\"9753\" itemcount=\"0\"  header_id=\"header-0\" id=\"header-0\" style=\"\" class=\"accordions-head head0 border-none\" toggle-text=\"\" main-text=\"Vonalk\u00f3dok\">\r\n                                    <span id=\"accordion-icons-0\" class=\"accordion-icons\">\r\n                        <span class=\"accordion-icon-active accordion-plus\"><i class=\"fa fa-plus\"><\/i><\/span>\r\n                        <span class=\"accordion-icon-inactive accordion-minus\"><i class=\"fa fa-minus\"><\/i><\/span>\r\n                    <\/span>\r\n                    <span id=\"header-text-0\" class=\"accordions-head-title\">Vonalk\u00f3dok<\/span>\r\n                            <\/div>\r\n            <div class=\"accordion-content content0 \">\r\n                <table class=\"tableProducts\">\n<tbody>\n<tr>\n<td>Kl\u00f3rm\u00e9sz 600 g<\/td>\n<td class=\"tblRight\">8595030513443<\/td>\n<\/tr>\n<\/tbody>\n<\/table>\n            <\/div>\r\n    \r\n            <div post_id=\"9753\" itemcount=\"1\"  header_id=\"header-1472063314709\" id=\"header-1472063314709\" style=\"\" class=\"accordions-head head1472063314709 border-none\" toggle-text=\"\" main-text=\"Let\u00f6lt\u00e9sek\">\r\n                                    <span id=\"accordion-icons-1472063314709\" class=\"accordion-icons\">\r\n                        <span class=\"accordion-icon-active accordion-plus\"><i class=\"fa fa-plus\"><\/i><\/span>\r\n                        <span class=\"accordion-icon-inactive accordion-minus\"><i class=\"fa fa-minus\"><\/i><\/span>\r\n                    <\/span>\r\n                    <span id=\"header-text-1472063314709\" class=\"accordions-head-title\">Let\u00f6lt\u00e9sek<\/span>\r\n                            <\/div>\r\n            <div class=\"accordion-content content1472063314709 \">\r\n                <table class=\"tableProducts\">\n<tbody>\n<tr>\n<td><i class=\"far fa-image\"><\/i> Kl\u00f3rm\u00e9sz<\/td>\n<td><a href=\"http:\/\/www.kittfort.cz\/wp-content\/uploads\/2017\/11\/Chlorove-vapno-600g-v2017.jpg\" target=\"_blank\"><i class=\"fas fa-download\"><\/i><\/a><\/td>\n<\/tr>\n<\/tbody>\n<\/table>\n<p>Megjegyz\u00e9s: A let\u00f6lthet\u0151 k\u00e9pek *.jpg form\u00e1tumban 300 DPI felbont\u00e1sban \u00e9s RGB sz\u00ednekben vannak.<\/p>\n            <\/div>\r\n    <\/div>\r\n\r\n\r\n\r\n            <\/div>\n<\/div>\n\n\n\n<div class=\"wp-block-column is-layout-flow wp-block-column-is-layout-flow\">\n<div class=\"wp-block-group is-layout-flex wp-block-group-is-layout-flex\">\n<div class=\"container overflow-hidden boxRightDetails\">\n<div class=\"row gy-2 boxRightDetails\">\n<div class=\"col-8 box1 p-4 boxRightDetailsBox\"><span>Kiszerel\u00e9s:<\/span>PE flakon biztons\u00e1gi z\u00e1rral \n 600 g<\/div>\n<div class=\"col-4 p-4 boxRightDetailsBox\"><span>Sz\u00edn\u00e1rnyalat:<\/span> feh\u00e9r<\/div>\n<div class=\"col-8 box1 p-4 boxRightDetailsBox\"><span>Alkalmaz\u00e1si h\u0151m\u00e9rs\u00e9klet:<\/span> a&nbsp;fel\u00fclet \u00e9s a&nbsp;k\u00f6rnyezet h\u0151m\u00e9rs\u00e9klete legyen perc +5&nbsp;\u00b0C<\/div>\n<div class=\"col-4 p-4 boxRightDetailsBox\"><span>Eszk\u00f6z\u00f6k tiszt\u00edt\u00e1sa:<\/span> v\u00edz<\/div>\n<div class=\"col-6 box1 p-4 boxRightDetailsBox\"><span>T\u00e1rol\u00e1s:<\/span> +5&nbsp;\u00b0C \u00e9s +25&nbsp;\u00b0C. Sz\u00e1raz helyen!<\/div>\n<div class=\"col-6 p-4 boxRightDetailsBox\"><span>Szavatoss\u00e1gi id\u0151:<\/span> 24 h\u00f3nap eredeti z\u00e1rt kiszerel\u00e9sben<\/div>\n<div class=\"col-6 box1 p-4 boxRightDetailsBox boxRed\"><span>Specifikus vesz\u00e9lyek:<\/span> Vesz\u00e9ly<\/div>\n<\/div>\n<\/div>\n<\/div>\n\n\n\n<div class=\"wp-block-group is-layout-flex wp-block-group-is-layout-flex\">\n<div style=\"height:1em;width:0px\" aria-hidden=\"true\" class=\"wp-block-spacer wp-container-content-1c8aa779\"><\/div>\n\n\n\n<p style=\"font-size:0.85em\">Biztons\u00e1gtechnikai adatlapra vagy m\u0171szaki adatlapra van sz\u00fcks\u00e9ge? \u00cdrjon nek\u00fcnk: <a href=\"mailto:lowgabriella@seznam.cz\">lowgabriella@seznam.cz<\/a><\/p>\n<\/div>\n<\/div>\n<\/div>\n\n\n\n<div style=\"height:40px\" aria-hidden=\"true\" class=\"wp-block-spacer\"><\/div>\n","protected":false},"excerpt":{"rendered":"<p>A Kl\u00f3rm\u00e9sz kanaliz\u00e1ci\u00f3s lefoly\u00f3k, em\u00e9szt\u0151g\u00f6dr\u00f6k, ist\u00e1ll\u00f3k fert\u0151tlen\u00edt\u00e9s\u00e9re<br \/>\n szolg\u00e1l. \u00c9vente 3-4 alkalommal javasoljuk a&nbsp;fert\u0151tlen\u00edt\u00e9st.<\/p>\n","protected":false},"author":1,"featured_media":33013,"parent":9467,"menu_order":5,"comment_status":"closed","ping_status":"closed","template":"full-page-product.php","meta":{"pgc_sgb_lightbox_settings":"","footnotes":""},"categories":[55],"tags":[251],"class_list":["post-9752","page","type-page","status-publish","has-post-thumbnail","hentry","category-ipari-alapanyagok","tag-egyeb-ipari-alapanyagok"],"yoast_head":"<!-- This site is optimized with the Yoast SEO plugin v27.4 - https:\/\/yoast.com\/product\/yoast-seo-wordpress\/ -->\n<title>Kl\u00f3rm\u00e9sz - kittfort.hu<\/title>\n<meta name=\"description\" content=\"A Kl\u00f3rm\u00e9sz kanaliz\u00e1ci\u00f3s lefoly\u00f3k, em\u00e9szt\u0151g\u00f6dr\u00f6k, ist\u00e1ll\u00f3k fert\u0151tlen\u00edt\u00e9s\u00e9re szolg\u00e1l.\" \/>\n<meta name=\"robots\" content=\"index, follow, max-snippet:-1, max-image-preview:large, max-video-preview:-1\" \/>\n<link rel=\"canonical\" href=\"https:\/\/www.kittfort.cz\/hu\/termekek\/ipari-alapanyagok\/klormesz\/\" \/>\n<meta property=\"og:locale\" content=\"hu_HU\" \/>\n<meta property=\"og:type\" content=\"article\" \/>\n<meta property=\"og:title\" content=\"Kl\u00f3rm\u00e9sz - kittfort.hu\" \/>\n<meta property=\"og:description\" content=\"A Kl\u00f3rm\u00e9sz kanaliz\u00e1ci\u00f3s lefoly\u00f3k, em\u00e9szt\u0151g\u00f6dr\u00f6k, ist\u00e1ll\u00f3k fert\u0151tlen\u00edt\u00e9s\u00e9re szolg\u00e1l.\" \/>\n<meta property=\"og:url\" content=\"https:\/\/www.kittfort.cz\/hu\/termekek\/ipari-alapanyagok\/klormesz\/\" \/>\n<meta property=\"og:site_name\" content=\"kittfort.hu\" \/>\n<meta property=\"article:publisher\" content=\"https:\/\/www.facebook.com\/kittfort\" \/>\n<meta property=\"article:modified_time\" content=\"2025-04-22T11:32:36+00:00\" \/>\n<meta property=\"og:image\" content=\"https:\/\/www.kittfort.cz\/wp-content\/uploads\/2017\/11\/chlorove_vapno17.png\" \/>\n\t<meta property=\"og:image:width\" content=\"400\" \/>\n\t<meta property=\"og:image:height\" content=\"250\" \/>\n\t<meta property=\"og:image:type\" content=\"image\/png\" \/>\n<meta name=\"twitter:card\" content=\"summary_large_image\" \/>\n<meta name=\"twitter:label1\" content=\"Becs\u00fclt olvas\u00e1si id\u0151\" \/>\n\t<meta name=\"twitter:data1\" content=\"2 perc\" \/>\n<script type=\"application\/ld+json\" class=\"yoast-schema-graph\">{\"@context\":\"https:\\\/\\\/schema.org\",\"@graph\":[{\"@type\":\"WebPage\",\"@id\":\"https:\\\/\\\/www.kittfort.cz\\\/hu\\\/termekek\\\/ipari-alapanyagok\\\/klormesz\\\/\",\"url\":\"https:\\\/\\\/www.kittfort.cz\\\/hu\\\/termekek\\\/ipari-alapanyagok\\\/klormesz\\\/\",\"name\":\"Kl\u00f3rm\u00e9sz - kittfort.hu\",\"isPartOf\":{\"@id\":\"https:\\\/\\\/www.kittfort.cz\\\/bg\\\/#website\"},\"primaryImageOfPage\":{\"@id\":\"https:\\\/\\\/www.kittfort.cz\\\/hu\\\/termekek\\\/ipari-alapanyagok\\\/klormesz\\\/#primaryimage\"},\"image\":{\"@id\":\"https:\\\/\\\/www.kittfort.cz\\\/hu\\\/termekek\\\/ipari-alapanyagok\\\/klormesz\\\/#primaryimage\"},\"thumbnailUrl\":\"https:\\\/\\\/www.kittfort.cz\\\/wp-content\\\/uploads\\\/2017\\\/11\\\/chlorove_vapno17.png\",\"datePublished\":\"2016-08-24T18:32:00+00:00\",\"dateModified\":\"2025-04-22T11:32:36+00:00\",\"description\":\"A Kl\u00f3rm\u00e9sz kanaliz\u00e1ci\u00f3s lefoly\u00f3k, em\u00e9szt\u0151g\u00f6dr\u00f6k, ist\u00e1ll\u00f3k fert\u0151tlen\u00edt\u00e9s\u00e9re szolg\u00e1l.\",\"breadcrumb\":{\"@id\":\"https:\\\/\\\/www.kittfort.cz\\\/hu\\\/termekek\\\/ipari-alapanyagok\\\/klormesz\\\/#breadcrumb\"},\"inLanguage\":\"hu\",\"potentialAction\":[{\"@type\":\"ReadAction\",\"target\":[\"https:\\\/\\\/www.kittfort.cz\\\/hu\\\/termekek\\\/ipari-alapanyagok\\\/klormesz\\\/\"]}]},{\"@type\":\"ImageObject\",\"inLanguage\":\"hu\",\"@id\":\"https:\\\/\\\/www.kittfort.cz\\\/hu\\\/termekek\\\/ipari-alapanyagok\\\/klormesz\\\/#primaryimage\",\"url\":\"https:\\\/\\\/www.kittfort.cz\\\/wp-content\\\/uploads\\\/2017\\\/11\\\/chlorove_vapno17.png\",\"contentUrl\":\"https:\\\/\\\/www.kittfort.cz\\\/wp-content\\\/uploads\\\/2017\\\/11\\\/chlorove_vapno17.png\",\"width\":400,\"height\":250},{\"@type\":\"BreadcrumbList\",\"@id\":\"https:\\\/\\\/www.kittfort.cz\\\/hu\\\/termekek\\\/ipari-alapanyagok\\\/klormesz\\\/#breadcrumb\",\"itemListElement\":[{\"@type\":\"ListItem\",\"position\":1,\"name\":\"Dom\u016f\",\"item\":\"https:\\\/\\\/www.kittfort.cz\\\/hu\\\/kezdooldal\\\/\"},{\"@type\":\"ListItem\",\"position\":2,\"name\":\"Term\u00e9kek\",\"item\":\"https:\\\/\\\/www.kittfort.cz\\\/hu\\\/termekek\\\/\"},{\"@type\":\"ListItem\",\"position\":3,\"name\":\"Ipari alapanyagok\",\"item\":\"https:\\\/\\\/www.kittfort.cz\\\/hu\\\/termekek\\\/ipari-alapanyagok\\\/\"},{\"@type\":\"ListItem\",\"position\":4,\"name\":\"Kl\u00f3rm\u00e9sz\"}]},{\"@type\":\"WebSite\",\"@id\":\"https:\\\/\\\/www.kittfort.cz\\\/bg\\\/#website\",\"url\":\"https:\\\/\\\/www.kittfort.cz\\\/bg\\\/\",\"name\":\"KITTFORT.CZ\",\"description\":\"term\u00e9kek cs\u00facsmin\u0151s\u00e9gben\",\"publisher\":{\"@id\":\"https:\\\/\\\/www.kittfort.cz\\\/bg\\\/#organization\"},\"potentialAction\":[{\"@type\":\"SearchAction\",\"target\":{\"@type\":\"EntryPoint\",\"urlTemplate\":\"https:\\\/\\\/www.kittfort.cz\\\/bg\\\/?s={search_term_string}\"},\"query-input\":{\"@type\":\"PropertyValueSpecification\",\"valueRequired\":true,\"valueName\":\"search_term_string\"}}],\"inLanguage\":\"hu\"},{\"@type\":\"Organization\",\"@id\":\"https:\\\/\\\/www.kittfort.cz\\\/bg\\\/#organization\",\"name\":\"KITTFORT Praha\",\"url\":\"https:\\\/\\\/www.kittfort.cz\\\/bg\\\/\",\"logo\":{\"@type\":\"ImageObject\",\"inLanguage\":\"hu\",\"@id\":\"https:\\\/\\\/www.kittfort.cz\\\/bg\\\/#\\\/schema\\\/logo\\\/image\\\/\",\"url\":\"https:\\\/\\\/www.kittfort.cz\\\/wp-content\\\/uploads\\\/2019\\\/06\\\/KITTFORT-logo-ver-2018.png\",\"contentUrl\":\"https:\\\/\\\/www.kittfort.cz\\\/wp-content\\\/uploads\\\/2019\\\/06\\\/KITTFORT-logo-ver-2018.png\",\"width\":500,\"height\":151,\"caption\":\"KITTFORT Praha\"},\"image\":{\"@id\":\"https:\\\/\\\/www.kittfort.cz\\\/bg\\\/#\\\/schema\\\/logo\\\/image\\\/\"},\"sameAs\":[\"https:\\\/\\\/www.facebook.com\\\/kittfort\",\"https:\\\/\\\/instagram.com\\\/kittfort.cz\"]}]}<\/script>\n<!-- \/ Yoast SEO plugin. -->","yoast_head_json":{"title":"Kl\u00f3rm\u00e9sz - kittfort.hu","description":"A Kl\u00f3rm\u00e9sz kanaliz\u00e1ci\u00f3s lefoly\u00f3k, em\u00e9szt\u0151g\u00f6dr\u00f6k, ist\u00e1ll\u00f3k fert\u0151tlen\u00edt\u00e9s\u00e9re szolg\u00e1l.","robots":{"index":"index","follow":"follow","max-snippet":"max-snippet:-1","max-image-preview":"max-image-preview:large","max-video-preview":"max-video-preview:-1"},"canonical":"https:\/\/www.kittfort.cz\/hu\/termekek\/ipari-alapanyagok\/klormesz\/","og_locale":"hu_HU","og_type":"article","og_title":"Kl\u00f3rm\u00e9sz - kittfort.hu","og_description":"A Kl\u00f3rm\u00e9sz kanaliz\u00e1ci\u00f3s lefoly\u00f3k, em\u00e9szt\u0151g\u00f6dr\u00f6k, ist\u00e1ll\u00f3k fert\u0151tlen\u00edt\u00e9s\u00e9re szolg\u00e1l.","og_url":"https:\/\/www.kittfort.cz\/hu\/termekek\/ipari-alapanyagok\/klormesz\/","og_site_name":"kittfort.hu","article_publisher":"https:\/\/www.facebook.com\/kittfort","article_modified_time":"2025-04-22T11:32:36+00:00","og_image":[{"width":400,"height":250,"url":"https:\/\/www.kittfort.cz\/wp-content\/uploads\/2017\/11\/chlorove_vapno17.png","type":"image\/png"}],"twitter_card":"summary_large_image","twitter_misc":{"Becs\u00fclt olvas\u00e1si id\u0151":"2 perc"},"schema":{"@context":"https:\/\/schema.org","@graph":[{"@type":"WebPage","@id":"https:\/\/www.kittfort.cz\/hu\/termekek\/ipari-alapanyagok\/klormesz\/","url":"https:\/\/www.kittfort.cz\/hu\/termekek\/ipari-alapanyagok\/klormesz\/","name":"Kl\u00f3rm\u00e9sz - kittfort.hu","isPartOf":{"@id":"https:\/\/www.kittfort.cz\/bg\/#website"},"primaryImageOfPage":{"@id":"https:\/\/www.kittfort.cz\/hu\/termekek\/ipari-alapanyagok\/klormesz\/#primaryimage"},"image":{"@id":"https:\/\/www.kittfort.cz\/hu\/termekek\/ipari-alapanyagok\/klormesz\/#primaryimage"},"thumbnailUrl":"https:\/\/www.kittfort.cz\/wp-content\/uploads\/2017\/11\/chlorove_vapno17.png","datePublished":"2016-08-24T18:32:00+00:00","dateModified":"2025-04-22T11:32:36+00:00","description":"A Kl\u00f3rm\u00e9sz kanaliz\u00e1ci\u00f3s lefoly\u00f3k, em\u00e9szt\u0151g\u00f6dr\u00f6k, ist\u00e1ll\u00f3k fert\u0151tlen\u00edt\u00e9s\u00e9re szolg\u00e1l.","breadcrumb":{"@id":"https:\/\/www.kittfort.cz\/hu\/termekek\/ipari-alapanyagok\/klormesz\/#breadcrumb"},"inLanguage":"hu","potentialAction":[{"@type":"ReadAction","target":["https:\/\/www.kittfort.cz\/hu\/termekek\/ipari-alapanyagok\/klormesz\/"]}]},{"@type":"ImageObject","inLanguage":"hu","@id":"https:\/\/www.kittfort.cz\/hu\/termekek\/ipari-alapanyagok\/klormesz\/#primaryimage","url":"https:\/\/www.kittfort.cz\/wp-content\/uploads\/2017\/11\/chlorove_vapno17.png","contentUrl":"https:\/\/www.kittfort.cz\/wp-content\/uploads\/2017\/11\/chlorove_vapno17.png","width":400,"height":250},{"@type":"BreadcrumbList","@id":"https:\/\/www.kittfort.cz\/hu\/termekek\/ipari-alapanyagok\/klormesz\/#breadcrumb","itemListElement":[{"@type":"ListItem","position":1,"name":"Dom\u016f","item":"https:\/\/www.kittfort.cz\/hu\/kezdooldal\/"},{"@type":"ListItem","position":2,"name":"Term\u00e9kek","item":"https:\/\/www.kittfort.cz\/hu\/termekek\/"},{"@type":"ListItem","position":3,"name":"Ipari alapanyagok","item":"https:\/\/www.kittfort.cz\/hu\/termekek\/ipari-alapanyagok\/"},{"@type":"ListItem","position":4,"name":"Kl\u00f3rm\u00e9sz"}]},{"@type":"WebSite","@id":"https:\/\/www.kittfort.cz\/bg\/#website","url":"https:\/\/www.kittfort.cz\/bg\/","name":"KITTFORT.CZ","description":"term\u00e9kek cs\u00facsmin\u0151s\u00e9gben","publisher":{"@id":"https:\/\/www.kittfort.cz\/bg\/#organization"},"potentialAction":[{"@type":"SearchAction","target":{"@type":"EntryPoint","urlTemplate":"https:\/\/www.kittfort.cz\/bg\/?s={search_term_string}"},"query-input":{"@type":"PropertyValueSpecification","valueRequired":true,"valueName":"search_term_string"}}],"inLanguage":"hu"},{"@type":"Organization","@id":"https:\/\/www.kittfort.cz\/bg\/#organization","name":"KITTFORT Praha","url":"https:\/\/www.kittfort.cz\/bg\/","logo":{"@type":"ImageObject","inLanguage":"hu","@id":"https:\/\/www.kittfort.cz\/bg\/#\/schema\/logo\/image\/","url":"https:\/\/www.kittfort.cz\/wp-content\/uploads\/2019\/06\/KITTFORT-logo-ver-2018.png","contentUrl":"https:\/\/www.kittfort.cz\/wp-content\/uploads\/2019\/06\/KITTFORT-logo-ver-2018.png","width":500,"height":151,"caption":"KITTFORT Praha"},"image":{"@id":"https:\/\/www.kittfort.cz\/bg\/#\/schema\/logo\/image\/"},"sameAs":["https:\/\/www.facebook.com\/kittfort","https:\/\/instagram.com\/kittfort.cz"]}]}},"rttpg_featured_image_url":{"full":["https:\/\/www.kittfort.cz\/wp-content\/uploads\/2017\/11\/chlorove_vapno17.png",400,250,false],"landscape":["https:\/\/www.kittfort.cz\/wp-content\/uploads\/2017\/11\/chlorove_vapno17.png",400,250,false],"portraits":["https:\/\/www.kittfort.cz\/wp-content\/uploads\/2017\/11\/chlorove_vapno17.png",400,250,false],"thumbnail":["https:\/\/www.kittfort.cz\/wp-content\/uploads\/2017\/11\/chlorove_vapno17-320x200.png",320,200,true],"medium":["https:\/\/www.kittfort.cz\/wp-content\/uploads\/2017\/11\/chlorove_vapno17-400x250.png",400,250,true],"large":["https:\/\/www.kittfort.cz\/wp-content\/uploads\/2017\/11\/chlorove_vapno17.png",400,250,false],"timeline-express":["https:\/\/www.kittfort.cz\/wp-content\/uploads\/2017\/11\/chlorove_vapno17.png",192,120,false],"timeline-express-thumbnail":["https:\/\/www.kittfort.cz\/wp-content\/uploads\/2017\/11\/chlorove_vapno17.png",192,120,false],"1536x1536":["https:\/\/www.kittfort.cz\/wp-content\/uploads\/2017\/11\/chlorove_vapno17.png",400,250,false],"2048x2048":["https:\/\/www.kittfort.cz\/wp-content\/uploads\/2017\/11\/chlorove_vapno17.png",400,250,false],"post-thumbnail":["https:\/\/www.kittfort.cz\/wp-content\/uploads\/2017\/11\/chlorove_vapno17-250x250.png",250,250,true],"rpwe-thumbnail":["https:\/\/www.kittfort.cz\/wp-content\/uploads\/2017\/11\/chlorove_vapno17-45x45.png",45,45,true],"fpw_square":["https:\/\/www.kittfort.cz\/wp-content\/uploads\/2017\/11\/chlorove_vapno17.png",200,125,false],"fpw_banner":["https:\/\/www.kittfort.cz\/wp-content\/uploads\/2017\/11\/chlorove_vapno17.png",240,150,false],"fpw_big":["https:\/\/www.kittfort.cz\/wp-content\/uploads\/2017\/11\/chlorove_vapno17.png",400,250,false],"rt_custom":["https:\/\/www.kittfort.cz\/wp-content\/uploads\/2017\/11\/chlorove_vapno17.png",400,250,false]},"rttpg_author":{"display_name":"kittfort","author_link":"https:\/\/www.kittfort.cz\/hu\/author\/kittfortcz\/"},"rttpg_comment":0,"rttpg_category":" <a href=\"https:\/\/www.kittfort.cz\/hu\/category\/ipari-alapanyagok\/\" rel=\"tag\">Ipari alapanyagok<\/a>","rttpg_excerpt":"A Kl\u00f3rm\u00e9sz kanaliz\u00e1ci\u00f3s lefoly\u00f3k, em\u00e9szt\u0151g\u00f6dr\u00f6k, ist\u00e1ll\u00f3k fert\u0151tlen\u00edt\u00e9s\u00e9re szolg\u00e1l. \u00c9vente 3-4 alkalommal javasoljuk a fert\u0151tlen\u00edt\u00e9st.","_links":{"self":[{"href":"https:\/\/www.kittfort.cz\/hu\/wp-json\/wp\/v2\/pages\/9752","targetHints":{"allow":["GET"]}}],"collection":[{"href":"https:\/\/www.kittfort.cz\/hu\/wp-json\/wp\/v2\/pages"}],"about":[{"href":"https:\/\/www.kittfort.cz\/hu\/wp-json\/wp\/v2\/types\/page"}],"author":[{"embeddable":true,"href":"https:\/\/www.kittfort.cz\/hu\/wp-json\/wp\/v2\/users\/1"}],"replies":[{"embeddable":true,"href":"https:\/\/www.kittfort.cz\/hu\/wp-json\/wp\/v2\/comments?post=9752"}],"version-history":[{"count":0,"href":"https:\/\/www.kittfort.cz\/hu\/wp-json\/wp\/v2\/pages\/9752\/revisions"}],"up":[{"embeddable":true,"href":"https:\/\/www.kittfort.cz\/hu\/wp-json\/wp\/v2\/pages\/9467"}],"wp:featuredmedia":[{"embeddable":true,"href":"https:\/\/www.kittfort.cz\/hu\/wp-json\/wp\/v2\/media\/33013"}],"wp:attachment":[{"href":"https:\/\/www.kittfort.cz\/hu\/wp-json\/wp\/v2\/media?parent=9752"}],"wp:term":[{"taxonomy":"category","embeddable":true,"href":"https:\/\/www.kittfort.cz\/hu\/wp-json\/wp\/v2\/categories?post=9752"},{"taxonomy":"post_tag","embeddable":true,"href":"https:\/\/www.kittfort.cz\/hu\/wp-json\/wp\/v2\/tags?post=9752"}],"curies":[{"name":"wp","href":"https:\/\/api.w.org\/{rel}","templated":true}]}}