{"id":9802,"date":"2016-08-24T22:06:18","date_gmt":"2016-08-24T20:06:18","guid":{"rendered":"http:\/\/www.kittfort.cz\/hu\/?page_id=9802"},"modified":"2025-04-23T21:47:45","modified_gmt":"2025-04-23T19:47:45","slug":"tapeta-por-alaku-tapetaragaszto","status":"publish","type":"page","link":"https:\/\/www.kittfort.cz\/hu\/termekek\/ragasztok\/tapeta-por-alaku-tapetaragaszto\/","title":{"rendered":"Tap\u00e9ta &#8211; por alak\u00fa tap\u00e9taragaszt\u00f3"},"content":{"rendered":"\n<div class=\"wp-block-columns is-layout-flex wp-container-core-columns-is-layout-9d6595d7 wp-block-columns-is-layout-flex\">\n<div class=\"wp-block-column is-vertically-aligned-center is-layout-flow wp-block-column-is-layout-flow\"><div class=\"pgc-sgb-cb wp-block-pgcsimplygalleryblock-viewer \" data-gallery-id=\"69778378\"><div class=\"sgb-preloader\" id=\"pr_69778378\">\n\t<div class=\"sgb-square\" style=\"background:#d4d4d4\"><\/div>\n\t<div class=\"sgb-square\" style=\"background:#d4d4d4\"><\/div>\n\t<div class=\"sgb-square\" style=\"background:#d4d4d4\"><\/div>\n\t<div class=\"sgb-square\" style=\"background:#d4d4d4\"><\/div><\/div><div class=\"simply-gallery-amp pgc_sgb_slider \"><noscript><div class=\"sgb-gallery\"><div class=\"sgb-item\"><a href=\"https:\/\/www.kittfort.cz\/hu\/termekek\/ragasztok\/tapeta-por-alaku-tapetaragaszto\/tapeta-profi-praskova-250g-3-2\/\" target=\"_blank\"><img decoding=\"async\" alt=\"Tap\u00e9ta - por alak\u00fa tap\u00e9taragaszt\u00f3\" width=\"400\" height=\"400\" loading=\"lazy\" src=\"https:\/\/www.kittfort.cz\/wp-content\/uploads\/2025\/01\/Tapeta-profi-praskova-250g-400x400.jpg\" srcset=\"https:\/\/www.kittfort.cz\/wp-content\/uploads\/2025\/01\/Tapeta-profi-praskova-250g-400x400.jpg 400w,https:\/\/www.kittfort.cz\/wp-content\/uploads\/2025\/01\/Tapeta-profi-praskova-250g-1500x1500.jpg 1500w,https:\/\/www.kittfort.cz\/wp-content\/uploads\/2025\/01\/Tapeta-profi-praskova-250g.jpg 2000w\" sizes=\"auto, 250px\"\/><\/a><\/div><\/div><\/noscript><\/div><script type=\"application\/json\" class=\"sgb-data\">{\"isPremium\":true,\"galleryType\":\"pgc_sgb_viewer\",\"galleryId\":\"69778378\",\"images\":[{\"id\":64674,\"title\":\"Tapeta profi praskova 250g\",\"url\":\"https:\/\/www.kittfort.cz\/wp-content\/uploads\/2025\/01\/Tapeta-profi-praskova-250g.jpg\",\"link\":\"https:\/\/www.kittfort.cz\/hu\/termekek\/ragasztok\/tapeta-por-alaku-tapetaragaszto\/tapeta-profi-praskova-250g-3-2\/\",\"alt\":\"Tap\u00e9ta - por alak\u00fa tap\u00e9taragaszt\u00f3\",\"description\":\"\",\"caption\":\"\",\"mime\":\"image\/jpeg\",\"type\":\"image\",\"width\":2000,\"height\":2000,\"sizes\":{\"thumbnail\":{\"url\":\"https:\/\/www.kittfort.cz\/wp-content\/uploads\/2025\/01\/Tapeta-profi-praskova-250g-200x200.jpg\",\"height\":200,\"width\":200,\"orientation\":\"landscape\"},\"medium\":{\"url\":\"https:\/\/www.kittfort.cz\/wp-content\/uploads\/2025\/01\/Tapeta-profi-praskova-250g-400x400.jpg\",\"height\":400,\"width\":400,\"orientation\":\"landscape\"},\"large\":{\"url\":\"https:\/\/www.kittfort.cz\/wp-content\/uploads\/2025\/01\/Tapeta-profi-praskova-250g-1500x1500.jpg\",\"height\":1500,\"width\":1500,\"orientation\":\"landscape\"},\"full\":{\"url\":\"https:\/\/www.kittfort.cz\/wp-content\/uploads\/2025\/01\/Tapeta-profi-praskova-250g.jpg\",\"height\":2000,\"width\":2000,\"orientation\":\"landscape\"}},\"imageMeta\":{\"aperture\":\"22\",\"credit\":\"\",\"camera\":\"NIKON D5000\",\"caption\":\"\",\"created_timestamp\":\"1466759748\",\"copyright\":\"\",\"focal_length\":\"26\",\"iso\":\"200\",\"shutter_speed\":\"0.008\",\"title\":\"\",\"orientation\":\"1\",\"keywords\":[]},\"meta\":false,\"postlink\":\"https:\/\/www.kittfort.cz\/hu\/termekek\/ragasztok\/tapeta-por-alaku-tapetaragaszto\/tapeta-profi-praskova-250g-3-2\/\"}],\"sliderRatio\":0.90000000000000002220446049250313080847263336181640625,\"sliderStyle\":\"cleanStyle\",\"sliderNextPrevAnimation\":\"fade\",\"sliderItemCounterEnable\":false,\"sliderBgColor\":\"rgba(255,255,255,0.61)\",\"sliderNavigationColor\":\"rgba(0,0,0,0)\",\"sliderNavigationColorOver\":\"rgba(0,0,0,0.16)\",\"sliderSocialShareEnabled\":false,\"sliderResizeEnable\":false,\"sliderItemDownload\":false,\"collectionColumns\":4,\"collectionthumbActiveColor\":\"rgba(237,237,237,1)\",\"openPopupId\":\"\",\"itemsMetaDataCollection\":[]}<\/script><script>(function(){if(window.PGC_SGB && window.PGC_SGB.searcher){window.PGC_SGB.searcher.initBlocks()}})()<\/script><\/div>\n\n\n<div style=\"height:3em\" aria-hidden=\"true\" class=\"wp-block-spacer\"><\/div>\n<\/div>\n\n\n\n<div class=\"wp-block-column is-layout-flow wp-block-column-is-layout-flow\">\n<div class=\"wp-block-group is-layout-flex wp-block-group-is-layout-flex\">\n<h3 class=\"wp-block-heading title-product\">Tap\u00e9ta &#8211; por alak\u00fa tap\u00e9taragaszt\u00f3<\/h3>\n\n\n\n<p>Hagyom\u00e1nyos tap\u00e9taragaszt\u00f3, amely alkalmas pap\u00edr, vinil, vlies \u00e9s habtap\u00e9t\u00e1k ragaszt\u00e1s\u00e1ra: falra, gipszkartonra, faburkolatra, m\u0171anyagra valamint egy\u00e9b m\u00e1s fel\u00fcletekre. Kever\u00e9si ar\u00e1ny k\u00f6nny\u0171 tap\u00e9t\u00e1khoz: a&nbsp;tasak tartalm\u00e1t 5l langyos v\u00edzben keverj\u00fck el, mely 50m\u00b2-re elegend\u0151.\n\nKever\u00e9si ar\u00e1ny neh\u00e9z tap\u00e9t\u00e1khoz: a&nbsp;tasak tartalm\u00e1t 4l langyos v\u00edzben keverj\u00fck el, mely 40m\u00b2-re elegend\u0151. A&nbsp;porragaszt\u00f3t \u00e1lland\u00f3 kever\u00e9s mellett lassan sz\u00f3rjuk a&nbsp;langyos v\u00edzbe. Bekever\u00e9s ut\u00e1n \u00e9s id\u0151nk\u00e9nti kever\u00e9ssel hagyjuk felold\u00f3dni a&nbsp;ragaszt\u00f3port kb. 25 percig.<\/p>\n\n\n\n<div style=\"height:42px;width:0px\" aria-hidden=\"true\" class=\"wp-block-spacer wp-container-content-83393143\"><\/div>\n<\/div>\n\n\n\n<div style=\"height:26px\" aria-hidden=\"true\" class=\"wp-block-spacer\"><\/div>\n\n\n\n<div class=\"wp-block-group is-layout-flex wp-block-group-is-layout-flex\">\n<div class=\"wp-block-buttons is-content-justification-space-between is-layout-flex wp-container-core-buttons-is-layout-256aec57 wp-block-buttons-is-layout-flex\">\n<div class=\"wp-block-button has-custom-font-size btn-txt\" style=\"font-size:1.5em\"><a class=\"wp-block-button__link wp-element-button\" href=\"https:\/\/www.kittfort.cz\/hu\/letoltes\/katalogusok-es-szorolapok\/\" title=\"Katal\u00f3gusok \u00e9s sz\u00f3r\u00f3lapok\" style=\"border-radius:0px\"><i class=\"fas fa-book-open\"><\/i><\/a><\/div>\n\n\n\n<div class=\"wp-block-button has-custom-font-size btn-txt\" style=\"font-size:1.5em\"><a class=\"wp-block-button__link wp-element-button\" href=\"https:\/\/www.kittfort.cz\/hu\/letoltes\/eladas-tamogatasa\/\" title=\"Elad\u00e1s t\u00e1mogat\u00e1sa\" style=\"border-radius:0px\"><i class=\"fas fa-palette\"><\/i><\/a><\/div>\n\n\n\n<div class=\"wp-block-button has-custom-font-size btn-txt\" style=\"font-size:1.5em\"><a class=\"wp-block-button__link wp-element-button\" href=\"https:\/\/www.youtube.com\/channel\/UCeBliorfsj942FmZp-hOC0A\" title=\"YouTube\" style=\"border-radius:0px\" target=\"_blank\" rel=\"noreferrer noopener\"><i class=\"fab fa-youtube\"><\/i><\/a><\/div>\n\n\n\n<div class=\"wp-block-button has-custom-font-size btn-txt\" style=\"font-size:1.5em\"><a class=\"wp-block-button__link wp-element-button\" href=\"javascript:window.print()\" title=\"Nyomtat\u00e1s\" style=\"border-radius:0px\"><i class=\"fas fa-print\"><\/i><\/a><\/div>\n<\/div>\n<\/div>\n<\/div>\n<\/div>\n\n\n\n<div class=\"wp-block-columns is-layout-flex wp-container-core-columns-is-layout-9d6595d7 wp-block-columns-is-layout-flex\">\n<div class=\"wp-block-column is-layout-flow wp-block-column-is-layout-flow\"><div id=\"accordions-9803\" class=\"accordions-9803 accordions\" data-accordions={&quot;lazyLoad&quot;:false,&quot;id&quot;:&quot;9803&quot;,&quot;event&quot;:&quot;click&quot;,&quot;collapsible&quot;:&quot;true&quot;,&quot;heightStyle&quot;:&quot;content&quot;,&quot;animateStyle&quot;:&quot;swing&quot;,&quot;animateDelay&quot;:1000,&quot;navigation&quot;:true,&quot;active&quot;:999,&quot;expandedOther&quot;:&quot;no&quot;}>\r\n                <div class=\"items\" >\r\n    \r\n            <div post_id=\"9803\" itemcount=\"0\"  header_id=\"header-0\" id=\"header-0\" style=\"\" class=\"accordions-head head0 border-none\" toggle-text=\"\" main-text=\"Vonalk\u00f3dok\">\r\n                                    <span id=\"accordion-icons-0\" class=\"accordion-icons\">\r\n                        <span class=\"accordion-icon-active accordion-plus\"><i class=\"fa fa-plus\"><\/i><\/span>\r\n                        <span class=\"accordion-icon-inactive accordion-minus\"><i class=\"fa fa-minus\"><\/i><\/span>\r\n                    <\/span>\r\n                    <span id=\"header-text-0\" class=\"accordions-head-title\">Vonalk\u00f3dok<\/span>\r\n                            <\/div>\r\n            <div class=\"accordion-content content0 \">\r\n                <table class=\"tableProducts\">\n<tbody>\n<tr>\n<td>Tap\u00e9ta - por alak\u00fa tap\u00e9taragaszt\u00f3 250 g<\/td>\n<td class=\"tblRight\">8595030523398<\/td>\n<\/tr>\n<\/tbody>\n<\/table>\n            <\/div>\r\n    \r\n            <div post_id=\"9803\" itemcount=\"1\"  header_id=\"header-1472068822658\" id=\"header-1472068822658\" style=\"\" class=\"accordions-head head1472068822658 border-none\" toggle-text=\"\" main-text=\"Let\u00f6lt\u00e9sek\">\r\n                                    <span id=\"accordion-icons-1472068822658\" class=\"accordion-icons\">\r\n                        <span class=\"accordion-icon-active accordion-plus\"><i class=\"fa fa-plus\"><\/i><\/span>\r\n                        <span class=\"accordion-icon-inactive accordion-minus\"><i class=\"fa fa-minus\"><\/i><\/span>\r\n                    <\/span>\r\n                    <span id=\"header-text-1472068822658\" class=\"accordions-head-title\">Let\u00f6lt\u00e9sek<\/span>\r\n                            <\/div>\r\n            <div class=\"accordion-content content1472068822658 \">\r\n                <table class=\"tableProducts\">\n<tbody>\n<tr>\n<td><i class=\"far fa-image\"><\/i> Tap\u00e9ta - por alak\u00fa tap\u00e9taragaszt\u00f3 250 g<\/td>\n<td><a href=\"https:\/\/www.kittfort.cz\/wp-content\/uploads\/2025\/01\/Tapeta-profi-praskova-250g_ver2025-scaled.jpg\" target=\"_blank\" rel=\"noopener\"><i class=\"fas fa-download\"><\/i><\/a><\/td>\n<\/tr>\n<\/tbody>\n<\/table>\n<p>Megjegyz\u00e9s: A let\u00f6lthet\u0151 k\u00e9pek *.jpg form\u00e1tumban 300 DPI felbont\u00e1sban \u00e9s RGB sz\u00ednekben vannak.<\/p>\n            <\/div>\r\n    <\/div>\r\n\r\n\r\n\r\n            <\/div>\n<\/div>\n\n\n\n<div class=\"wp-block-column is-layout-flow wp-block-column-is-layout-flow\">\n<div class=\"wp-block-group is-layout-flex wp-block-group-is-layout-flex\">\n<div class=\"container overflow-hidden boxRightDetails\">\n<div class=\"row gy-2 boxRightDetails\">\n<div class=\"col-4 p-4 boxRightDetailsBox\"><span>Kiszerel\u00e9s:<\/span> PE&nbsp;250 g<\/div>\n<div class=\"col-4 box2 p-4 boxRightDetailsBox\"><span>Sz\u00edn\u00e1rnyalat:<\/span> s\u00e1rg\u00e1ssz\u00fcrke<\/div>\n<div class=\"col-4 p-4 boxRightDetailsBox\"><span>Ragaszt\u00e1s:<\/span> pap\u00edr, vinil, vlies, habtap\u00e9t\u00e1k, fototap\u00e9t\u00e1k, poszterek, plak\u00e1tok<\/div>\n<div class=\"col-4 p-4 boxRightDetailsBox\"><span>Alkalmaz\u00e1s:<\/span> ecset<\/div>\n<div class=\"col-4 box2 p-4 boxRightDetailsBox\"><span>Kiad\u00f3ss\u00e1g:<\/span> 250 g \/ 50&nbsp;m\u00b2<\/div>\n<div class=\"col-4 p-4 boxRightDetailsBox\"><span>H\u00edg\u00edt\u00f3:<\/span> v\u00edz<\/div>\n<div class=\"col-6 box1 p-4 boxRightDetailsBox\"><span>Porsz\u00e1raz:<\/span> fel\u00fcletsz\u00e1raz 60 perc, teljes \u00e1tsz\u00e1rad\u00e1s 24&nbsp;\u00f3ra 20&nbsp;\u00b0C-on<\/div>\n<div class=\"col-6 p-4 boxRightDetailsBox\"><span>T\u00e1rol\u00e1s:<\/span> +5&nbsp;\u00b0C \u00e9s +25&nbsp;\u00b0C. Fagyvesz\u00e9lyes!<\/div>\n<div class=\"col-8 box1 p-4 boxRightDetailsBox\"><span>Szavatoss\u00e1gi id\u0151:<\/span> 36 h\u00f3nap eredeti z\u00e1rt kiszerel\u00e9sben<\/div>\n<div class=\"col-4 p-4 boxRightDetailsBox boxRed\"><span>Specifikus vesz\u00e9lyek:<\/span> Nincs<\/div>\n<\/div>\n<\/div>\n<\/div>\n\n\n\n<div class=\"wp-block-group is-layout-flex wp-block-group-is-layout-flex\">\n<div style=\"height:1em;width:0px\" aria-hidden=\"true\" class=\"wp-block-spacer wp-container-content-1c8aa779\"><\/div>\n\n\n\n<p style=\"font-size:0.85em\">Biztons\u00e1gtechnikai adatlapra vagy m\u0171szaki adatlapra van sz\u00fcks\u00e9ge? \u00cdrjon nek\u00fcnk: <a href=\"mailto:lowgabriella@seznam.cz\">lowgabriella@seznam.cz<\/a><\/p>\n<\/div>\n<\/div>\n<\/div>\n\n\n\n<div style=\"height:40px\" aria-hidden=\"true\" class=\"wp-block-spacer\"><\/div>\n","protected":false},"excerpt":{"rendered":"<p>Hagyom\u00e1nyos por alak\u00fa tap\u00e9taragaszt\u00f3 pap\u00edrtap\u00e9ta falra, vakolatra, f\u00e1ra, farostlemezre.<\/p>\n","protected":false},"author":1,"featured_media":64682,"parent":9461,"menu_order":4,"comment_status":"closed","ping_status":"closed","template":"full-page-product.php","meta":{"pgc_sgb_lightbox_settings":"","footnotes":""},"categories":[58],"tags":[267],"class_list":["post-9802","page","type-page","status-publish","has-post-thumbnail","hentry","category-ragasztok","tag-tapeta-es-bordur-ragasztok"],"yoast_head":"<!-- This site is optimized with the Yoast SEO plugin v27.4 - https:\/\/yoast.com\/product\/yoast-seo-wordpress\/ -->\n<title>Tap\u00e9ta - por alak\u00fa tap\u00e9taragaszt\u00f3 - kittfort.hu<\/title>\n<meta name=\"description\" content=\"Hagyom\u00e1nyos por alak\u00fa tap\u00e9taragaszt\u00f3 pap\u00edrtap\u00e9ta falra, vakolatra, f\u00e1ra, farostlemezre.\" \/>\n<meta name=\"robots\" content=\"index, follow, max-snippet:-1, max-image-preview:large, max-video-preview:-1\" \/>\n<link rel=\"canonical\" href=\"https:\/\/www.kittfort.cz\/hu\/termekek\/ragasztok\/tapeta-por-alaku-tapetaragaszto\/\" \/>\n<meta property=\"og:locale\" content=\"hu_HU\" \/>\n<meta property=\"og:type\" content=\"article\" \/>\n<meta property=\"og:title\" content=\"Tap\u00e9ta - por alak\u00fa tap\u00e9taragaszt\u00f3 - kittfort.hu\" \/>\n<meta property=\"og:description\" content=\"Hagyom\u00e1nyos por alak\u00fa tap\u00e9taragaszt\u00f3 pap\u00edrtap\u00e9ta falra, vakolatra, f\u00e1ra, farostlemezre.\" \/>\n<meta property=\"og:url\" content=\"https:\/\/www.kittfort.cz\/hu\/termekek\/ragasztok\/tapeta-por-alaku-tapetaragaszto\/\" \/>\n<meta property=\"og:site_name\" content=\"kittfort.hu\" \/>\n<meta property=\"article:publisher\" content=\"https:\/\/www.facebook.com\/kittfort\" \/>\n<meta property=\"article:modified_time\" content=\"2025-04-23T19:47:45+00:00\" \/>\n<meta property=\"og:image\" content=\"https:\/\/www.kittfort.cz\/wp-content\/uploads\/2025\/01\/tapeta-praskova.png\" \/>\n\t<meta property=\"og:image:width\" content=\"400\" \/>\n\t<meta property=\"og:image:height\" content=\"250\" \/>\n\t<meta property=\"og:image:type\" content=\"image\/png\" \/>\n<meta name=\"twitter:card\" content=\"summary_large_image\" \/>\n<meta name=\"twitter:label1\" content=\"Becs\u00fclt olvas\u00e1si id\u0151\" \/>\n\t<meta name=\"twitter:data1\" content=\"3 perc\" \/>\n<script type=\"application\/ld+json\" class=\"yoast-schema-graph\">{\"@context\":\"https:\\\/\\\/schema.org\",\"@graph\":[{\"@type\":\"WebPage\",\"@id\":\"https:\\\/\\\/www.kittfort.cz\\\/hu\\\/termekek\\\/ragasztok\\\/tapeta-por-alaku-tapetaragaszto\\\/\",\"url\":\"https:\\\/\\\/www.kittfort.cz\\\/hu\\\/termekek\\\/ragasztok\\\/tapeta-por-alaku-tapetaragaszto\\\/\",\"name\":\"Tap\u00e9ta - por alak\u00fa tap\u00e9taragaszt\u00f3 - kittfort.hu\",\"isPartOf\":{\"@id\":\"https:\\\/\\\/www.kittfort.cz\\\/bg\\\/#website\"},\"primaryImageOfPage\":{\"@id\":\"https:\\\/\\\/www.kittfort.cz\\\/hu\\\/termekek\\\/ragasztok\\\/tapeta-por-alaku-tapetaragaszto\\\/#primaryimage\"},\"image\":{\"@id\":\"https:\\\/\\\/www.kittfort.cz\\\/hu\\\/termekek\\\/ragasztok\\\/tapeta-por-alaku-tapetaragaszto\\\/#primaryimage\"},\"thumbnailUrl\":\"https:\\\/\\\/www.kittfort.cz\\\/wp-content\\\/uploads\\\/2025\\\/01\\\/tapeta-praskova.png\",\"datePublished\":\"2016-08-24T20:06:18+00:00\",\"dateModified\":\"2025-04-23T19:47:45+00:00\",\"description\":\"Hagyom\u00e1nyos por alak\u00fa tap\u00e9taragaszt\u00f3 pap\u00edrtap\u00e9ta falra, vakolatra, f\u00e1ra, farostlemezre.\",\"breadcrumb\":{\"@id\":\"https:\\\/\\\/www.kittfort.cz\\\/hu\\\/termekek\\\/ragasztok\\\/tapeta-por-alaku-tapetaragaszto\\\/#breadcrumb\"},\"inLanguage\":\"hu\",\"potentialAction\":[{\"@type\":\"ReadAction\",\"target\":[\"https:\\\/\\\/www.kittfort.cz\\\/hu\\\/termekek\\\/ragasztok\\\/tapeta-por-alaku-tapetaragaszto\\\/\"]}]},{\"@type\":\"ImageObject\",\"inLanguage\":\"hu\",\"@id\":\"https:\\\/\\\/www.kittfort.cz\\\/hu\\\/termekek\\\/ragasztok\\\/tapeta-por-alaku-tapetaragaszto\\\/#primaryimage\",\"url\":\"https:\\\/\\\/www.kittfort.cz\\\/wp-content\\\/uploads\\\/2025\\\/01\\\/tapeta-praskova.png\",\"contentUrl\":\"https:\\\/\\\/www.kittfort.cz\\\/wp-content\\\/uploads\\\/2025\\\/01\\\/tapeta-praskova.png\",\"width\":400,\"height\":250,\"caption\":\"TAPETA pr\u00e1\u0161kov\u00e9 lepidlo\"},{\"@type\":\"BreadcrumbList\",\"@id\":\"https:\\\/\\\/www.kittfort.cz\\\/hu\\\/termekek\\\/ragasztok\\\/tapeta-por-alaku-tapetaragaszto\\\/#breadcrumb\",\"itemListElement\":[{\"@type\":\"ListItem\",\"position\":1,\"name\":\"Dom\u016f\",\"item\":\"https:\\\/\\\/www.kittfort.cz\\\/hu\\\/kezdooldal\\\/\"},{\"@type\":\"ListItem\",\"position\":2,\"name\":\"Term\u00e9kek\",\"item\":\"https:\\\/\\\/www.kittfort.cz\\\/hu\\\/termekek\\\/\"},{\"@type\":\"ListItem\",\"position\":3,\"name\":\"Ragaszt\u00f3k\",\"item\":\"https:\\\/\\\/www.kittfort.cz\\\/hu\\\/termekek\\\/ragasztok\\\/\"},{\"@type\":\"ListItem\",\"position\":4,\"name\":\"Tap\u00e9ta &#8211; por alak\u00fa tap\u00e9taragaszt\u00f3\"}]},{\"@type\":\"WebSite\",\"@id\":\"https:\\\/\\\/www.kittfort.cz\\\/bg\\\/#website\",\"url\":\"https:\\\/\\\/www.kittfort.cz\\\/bg\\\/\",\"name\":\"KITTFORT.CZ\",\"description\":\"term\u00e9kek cs\u00facsmin\u0151s\u00e9gben\",\"publisher\":{\"@id\":\"https:\\\/\\\/www.kittfort.cz\\\/bg\\\/#organization\"},\"potentialAction\":[{\"@type\":\"SearchAction\",\"target\":{\"@type\":\"EntryPoint\",\"urlTemplate\":\"https:\\\/\\\/www.kittfort.cz\\\/bg\\\/?s={search_term_string}\"},\"query-input\":{\"@type\":\"PropertyValueSpecification\",\"valueRequired\":true,\"valueName\":\"search_term_string\"}}],\"inLanguage\":\"hu\"},{\"@type\":\"Organization\",\"@id\":\"https:\\\/\\\/www.kittfort.cz\\\/bg\\\/#organization\",\"name\":\"KITTFORT Praha\",\"url\":\"https:\\\/\\\/www.kittfort.cz\\\/bg\\\/\",\"logo\":{\"@type\":\"ImageObject\",\"inLanguage\":\"hu\",\"@id\":\"https:\\\/\\\/www.kittfort.cz\\\/bg\\\/#\\\/schema\\\/logo\\\/image\\\/\",\"url\":\"https:\\\/\\\/www.kittfort.cz\\\/wp-content\\\/uploads\\\/2019\\\/06\\\/KITTFORT-logo-ver-2018.png\",\"contentUrl\":\"https:\\\/\\\/www.kittfort.cz\\\/wp-content\\\/uploads\\\/2019\\\/06\\\/KITTFORT-logo-ver-2018.png\",\"width\":500,\"height\":151,\"caption\":\"KITTFORT Praha\"},\"image\":{\"@id\":\"https:\\\/\\\/www.kittfort.cz\\\/bg\\\/#\\\/schema\\\/logo\\\/image\\\/\"},\"sameAs\":[\"https:\\\/\\\/www.facebook.com\\\/kittfort\",\"https:\\\/\\\/instagram.com\\\/kittfort.cz\"]}]}<\/script>\n<!-- \/ Yoast SEO plugin. -->","yoast_head_json":{"title":"Tap\u00e9ta - por alak\u00fa tap\u00e9taragaszt\u00f3 - kittfort.hu","description":"Hagyom\u00e1nyos por alak\u00fa tap\u00e9taragaszt\u00f3 pap\u00edrtap\u00e9ta falra, vakolatra, f\u00e1ra, farostlemezre.","robots":{"index":"index","follow":"follow","max-snippet":"max-snippet:-1","max-image-preview":"max-image-preview:large","max-video-preview":"max-video-preview:-1"},"canonical":"https:\/\/www.kittfort.cz\/hu\/termekek\/ragasztok\/tapeta-por-alaku-tapetaragaszto\/","og_locale":"hu_HU","og_type":"article","og_title":"Tap\u00e9ta - por alak\u00fa tap\u00e9taragaszt\u00f3 - kittfort.hu","og_description":"Hagyom\u00e1nyos por alak\u00fa tap\u00e9taragaszt\u00f3 pap\u00edrtap\u00e9ta falra, vakolatra, f\u00e1ra, farostlemezre.","og_url":"https:\/\/www.kittfort.cz\/hu\/termekek\/ragasztok\/tapeta-por-alaku-tapetaragaszto\/","og_site_name":"kittfort.hu","article_publisher":"https:\/\/www.facebook.com\/kittfort","article_modified_time":"2025-04-23T19:47:45+00:00","og_image":[{"width":400,"height":250,"url":"https:\/\/www.kittfort.cz\/wp-content\/uploads\/2025\/01\/tapeta-praskova.png","type":"image\/png"}],"twitter_card":"summary_large_image","twitter_misc":{"Becs\u00fclt olvas\u00e1si id\u0151":"3 perc"},"schema":{"@context":"https:\/\/schema.org","@graph":[{"@type":"WebPage","@id":"https:\/\/www.kittfort.cz\/hu\/termekek\/ragasztok\/tapeta-por-alaku-tapetaragaszto\/","url":"https:\/\/www.kittfort.cz\/hu\/termekek\/ragasztok\/tapeta-por-alaku-tapetaragaszto\/","name":"Tap\u00e9ta - por alak\u00fa tap\u00e9taragaszt\u00f3 - kittfort.hu","isPartOf":{"@id":"https:\/\/www.kittfort.cz\/bg\/#website"},"primaryImageOfPage":{"@id":"https:\/\/www.kittfort.cz\/hu\/termekek\/ragasztok\/tapeta-por-alaku-tapetaragaszto\/#primaryimage"},"image":{"@id":"https:\/\/www.kittfort.cz\/hu\/termekek\/ragasztok\/tapeta-por-alaku-tapetaragaszto\/#primaryimage"},"thumbnailUrl":"https:\/\/www.kittfort.cz\/wp-content\/uploads\/2025\/01\/tapeta-praskova.png","datePublished":"2016-08-24T20:06:18+00:00","dateModified":"2025-04-23T19:47:45+00:00","description":"Hagyom\u00e1nyos por alak\u00fa tap\u00e9taragaszt\u00f3 pap\u00edrtap\u00e9ta falra, vakolatra, f\u00e1ra, farostlemezre.","breadcrumb":{"@id":"https:\/\/www.kittfort.cz\/hu\/termekek\/ragasztok\/tapeta-por-alaku-tapetaragaszto\/#breadcrumb"},"inLanguage":"hu","potentialAction":[{"@type":"ReadAction","target":["https:\/\/www.kittfort.cz\/hu\/termekek\/ragasztok\/tapeta-por-alaku-tapetaragaszto\/"]}]},{"@type":"ImageObject","inLanguage":"hu","@id":"https:\/\/www.kittfort.cz\/hu\/termekek\/ragasztok\/tapeta-por-alaku-tapetaragaszto\/#primaryimage","url":"https:\/\/www.kittfort.cz\/wp-content\/uploads\/2025\/01\/tapeta-praskova.png","contentUrl":"https:\/\/www.kittfort.cz\/wp-content\/uploads\/2025\/01\/tapeta-praskova.png","width":400,"height":250,"caption":"TAPETA pr\u00e1\u0161kov\u00e9 lepidlo"},{"@type":"BreadcrumbList","@id":"https:\/\/www.kittfort.cz\/hu\/termekek\/ragasztok\/tapeta-por-alaku-tapetaragaszto\/#breadcrumb","itemListElement":[{"@type":"ListItem","position":1,"name":"Dom\u016f","item":"https:\/\/www.kittfort.cz\/hu\/kezdooldal\/"},{"@type":"ListItem","position":2,"name":"Term\u00e9kek","item":"https:\/\/www.kittfort.cz\/hu\/termekek\/"},{"@type":"ListItem","position":3,"name":"Ragaszt\u00f3k","item":"https:\/\/www.kittfort.cz\/hu\/termekek\/ragasztok\/"},{"@type":"ListItem","position":4,"name":"Tap\u00e9ta &#8211; por alak\u00fa tap\u00e9taragaszt\u00f3"}]},{"@type":"WebSite","@id":"https:\/\/www.kittfort.cz\/bg\/#website","url":"https:\/\/www.kittfort.cz\/bg\/","name":"KITTFORT.CZ","description":"term\u00e9kek cs\u00facsmin\u0151s\u00e9gben","publisher":{"@id":"https:\/\/www.kittfort.cz\/bg\/#organization"},"potentialAction":[{"@type":"SearchAction","target":{"@type":"EntryPoint","urlTemplate":"https:\/\/www.kittfort.cz\/bg\/?s={search_term_string}"},"query-input":{"@type":"PropertyValueSpecification","valueRequired":true,"valueName":"search_term_string"}}],"inLanguage":"hu"},{"@type":"Organization","@id":"https:\/\/www.kittfort.cz\/bg\/#organization","name":"KITTFORT Praha","url":"https:\/\/www.kittfort.cz\/bg\/","logo":{"@type":"ImageObject","inLanguage":"hu","@id":"https:\/\/www.kittfort.cz\/bg\/#\/schema\/logo\/image\/","url":"https:\/\/www.kittfort.cz\/wp-content\/uploads\/2019\/06\/KITTFORT-logo-ver-2018.png","contentUrl":"https:\/\/www.kittfort.cz\/wp-content\/uploads\/2019\/06\/KITTFORT-logo-ver-2018.png","width":500,"height":151,"caption":"KITTFORT Praha"},"image":{"@id":"https:\/\/www.kittfort.cz\/bg\/#\/schema\/logo\/image\/"},"sameAs":["https:\/\/www.facebook.com\/kittfort","https:\/\/instagram.com\/kittfort.cz"]}]}},"rttpg_featured_image_url":{"full":["https:\/\/www.kittfort.cz\/wp-content\/uploads\/2025\/01\/tapeta-praskova.png",400,250,false],"landscape":["https:\/\/www.kittfort.cz\/wp-content\/uploads\/2025\/01\/tapeta-praskova.png",400,250,false],"portraits":["https:\/\/www.kittfort.cz\/wp-content\/uploads\/2025\/01\/tapeta-praskova.png",400,250,false],"thumbnail":["https:\/\/www.kittfort.cz\/wp-content\/uploads\/2025\/01\/tapeta-praskova-320x200.png",320,200,true],"medium":["https:\/\/www.kittfort.cz\/wp-content\/uploads\/2025\/01\/tapeta-praskova.png",400,250,false],"large":["https:\/\/www.kittfort.cz\/wp-content\/uploads\/2025\/01\/tapeta-praskova.png",400,250,false],"timeline-express":["https:\/\/www.kittfort.cz\/wp-content\/uploads\/2025\/01\/tapeta-praskova-350x120.png",350,120,true],"timeline-express-thumbnail":["https:\/\/www.kittfort.cz\/wp-content\/uploads\/2025\/01\/tapeta-praskova-200x120.png",200,120,true],"1536x1536":["https:\/\/www.kittfort.cz\/wp-content\/uploads\/2025\/01\/tapeta-praskova.png",400,250,false],"2048x2048":["https:\/\/www.kittfort.cz\/wp-content\/uploads\/2025\/01\/tapeta-praskova.png",400,250,false],"post-thumbnail":["https:\/\/www.kittfort.cz\/wp-content\/uploads\/2025\/01\/tapeta-praskova-250x250.png",250,250,true],"rpwe-thumbnail":["https:\/\/www.kittfort.cz\/wp-content\/uploads\/2025\/01\/tapeta-praskova-45x45.png",45,45,true],"fpw_square":["https:\/\/www.kittfort.cz\/wp-content\/uploads\/2025\/01\/tapeta-praskova-200x200.png",200,200,true],"fpw_banner":["https:\/\/www.kittfort.cz\/wp-content\/uploads\/2025\/01\/tapeta-praskova-400x150.png",400,150,true],"fpw_big":["https:\/\/www.kittfort.cz\/wp-content\/uploads\/2025\/01\/tapeta-praskova.png",400,250,false],"rt_custom":["https:\/\/www.kittfort.cz\/wp-content\/uploads\/2025\/01\/tapeta-praskova.png",400,250,false]},"rttpg_author":{"display_name":"kittfort","author_link":"https:\/\/www.kittfort.cz\/hu\/author\/kittfortcz\/"},"rttpg_comment":0,"rttpg_category":" <a href=\"https:\/\/www.kittfort.cz\/hu\/category\/ragasztok\/\" rel=\"tag\">Ragaszt\u00f3k<\/a>","rttpg_excerpt":"Hagyom\u00e1nyos por alak\u00fa tap\u00e9taragaszt\u00f3 pap\u00edrtap\u00e9ta falra, vakolatra, f\u00e1ra, farostlemezre.","_links":{"self":[{"href":"https:\/\/www.kittfort.cz\/hu\/wp-json\/wp\/v2\/pages\/9802","targetHints":{"allow":["GET"]}}],"collection":[{"href":"https:\/\/www.kittfort.cz\/hu\/wp-json\/wp\/v2\/pages"}],"about":[{"href":"https:\/\/www.kittfort.cz\/hu\/wp-json\/wp\/v2\/types\/page"}],"author":[{"embeddable":true,"href":"https:\/\/www.kittfort.cz\/hu\/wp-json\/wp\/v2\/users\/1"}],"replies":[{"embeddable":true,"href":"https:\/\/www.kittfort.cz\/hu\/wp-json\/wp\/v2\/comments?post=9802"}],"version-history":[{"count":0,"href":"https:\/\/www.kittfort.cz\/hu\/wp-json\/wp\/v2\/pages\/9802\/revisions"}],"up":[{"embeddable":true,"href":"https:\/\/www.kittfort.cz\/hu\/wp-json\/wp\/v2\/pages\/9461"}],"wp:featuredmedia":[{"embeddable":true,"href":"https:\/\/www.kittfort.cz\/hu\/wp-json\/wp\/v2\/media\/64682"}],"wp:attachment":[{"href":"https:\/\/www.kittfort.cz\/hu\/wp-json\/wp\/v2\/media?parent=9802"}],"wp:term":[{"taxonomy":"category","embeddable":true,"href":"https:\/\/www.kittfort.cz\/hu\/wp-json\/wp\/v2\/categories?post=9802"},{"taxonomy":"post_tag","embeddable":true,"href":"https:\/\/www.kittfort.cz\/hu\/wp-json\/wp\/v2\/tags?post=9802"}],"curies":[{"name":"wp","href":"https:\/\/api.w.org\/{rel}","templated":true}]}}