{"id":20703,"date":"2018-05-21T18:58:16","date_gmt":"2018-05-21T16:58:16","guid":{"rendered":"http:\/\/www.kittfort.cz\/?page_id=20703"},"modified":"2023-05-11T16:34:57","modified_gmt":"2023-05-11T14:34:57","slug":"korzystanie-z-cookies","status":"publish","type":"page","link":"https:\/\/www.kittfort.cz\/pl\/korzystanie-z-cookies\/","title":{"rendered":"Korzystanie z&nbsp;cookies"},"content":{"rendered":"\n<p>Nasze strony internetowe www.kittfort.cz u\u017cywaj\u0105 plik\u00f3w cookies, poniewa\u017c chcemy wiedzie\u0107, jak u\u017cytkownicy korzystaj\u0105 z&nbsp;tre\u015bci na naszych stronach internetowych, co pomo\u017ce nam je udoskonala\u0107.<\/p>\n\n\n\n<p>Przegl\u0105daj\u0105c dalej nasze strony internetowe, wyra\u017casz zgod\u0119 na korzystanie z&nbsp;plik\u00f3w cookies.<\/p>\n\n\n\n<h3 class=\"wp-block-heading\">Co to s\u0105 pliki cookies (ciasteczka)?<\/h3>\n\n\n\n<p>Cookies to plik tekstowy, kt\u00f3ry odwiedzona strona internetowa wysy\u0142a do przegl\u0105darki. Dzi\u0119ki niemu strona internetowa rejestruje informacje o&nbsp;Twojej wizycie, np. preferowany j\u0119zyk i&nbsp;inne ustawienia, przez co kolejna wizyta mo\u017ce by\u0107 \u0142atwiejsza i&nbsp;bardziej produktywna. Pliki cookies s\u0105 wa\u017cne. Bez nich przegl\u0105danie stron internetowych by\u0142oby znacznie trudniejsze.<\/p>\n\n\n\n<h3 class=\"wp-block-heading\">Jak z&nbsp;nich korzystamy?<\/h3>\n\n\n\n<p>Wykorzystujemy nast\u0119puj\u0105ce pliki cookies:<\/p>\n\n\n\n<ul class=\"wp-block-list\"><li>Niezb\u0119dne: cookies, kt\u00f3re s\u0105 bardzo istotne dla poruszania si\u0119 przez u\u017cytkownik\u00f3w po&nbsp;stronach internetowych i&nbsp;korzystania z&nbsp;ich funkcji<\/li><li>Analityczne\/funkcjonalne: cookies, kt\u00f3re gromadz\u0105 informacje o&nbsp;tym, ilu u\u017cytkownik\u00f3w odwiedzi\u0142o nasze strony, jak poruszali si\u0119 po&nbsp;stronach internetowych, kt\u00f3re strony odwiedzaj\u0105 najcz\u0119\u015bciej, czy otrzymuj\u0105 komunikaty o&nbsp;b\u0142\u0119dach. Pomaga nam to poprawia\u0107 dzia\u0142anie naszych stron internetowych.<\/li><\/ul>\n\n\n\n<p>Cookies mo\u017cna odrzuci\u0107 z&nbsp;pomoc\u0105 przegl\u0105darki internetowej lub umo\u017cliwi\u0107 korzystanie tylko z&nbsp;niekt\u00f3rych ich rodzaj\u00f3w.<\/p>\n\n\n\n<p>Ograniczenie korzystania z&nbsp;cookies mo\u017ce wp\u0142ywa\u0107 na niekt\u00f3re funkcje, istotne dla optymalnego dzia\u0142ania stron internetowych. Je\u017celi kt\u00f3ra\u015b z&nbsp;funkcji stron internetowych nie dzia\u0142a, warto sprawdzi\u0107 ustawienia cookies w przegl\u0105darce i&nbsp;zezwoli\u0107 na korzystanie z&nbsp;cookies na danym urz\u0105dzeniu.<\/p>\n\n\n\n<p>Ustawianie cookies w najpopularniejszych przegl\u0105darkach:<br><a href=\"https:\/\/support.google.com\/chrome\/answer\/95647?hl=pl\" target=\"_blank\" rel=\"noopener noreferrer\">Google Chrome<\/a><br><a href=\"https:\/\/support.microsoft.com\/pl-pl\/help\/278835\/how-to-delete-cookie-files-in-internet-explorer\" target=\"_blank\" rel=\"noopener noreferrer\">Internet Explorer<\/a><br><a href=\"https:\/\/support.mozilla.org\/pl\/kb\/ciasteczka\" target=\"_blank\" rel=\"noopener noreferrer\">Mozilla Firefox<\/a><br><a href=\"https:\/\/support.apple.com\/kb\/PH21411?locale=pl_PL\">Safari<\/a><\/p>\n","protected":false},"excerpt":{"rendered":"<p>Nasze strony internetowe www.kittfort.cz u\u017cywaj\u0105 plik\u00f3w cookies, poniewa\u017c chcemy wiedzie\u0107, jak u\u017cytkownicy korzystaj\u0105 z&nbsp;tre\u015bci na naszych stronach internetowych, co pomo\u017ce<\/p>\n<p class=\"readmore\"><a href=\"https:\/\/www.kittfort.cz\/pl\/korzystanie-z-cookies\/\" title=\"Read Korzystanie z&nbsp;cookies\">Read more &raquo;<\/a><\/p>\n","protected":false},"author":1,"featured_media":0,"parent":0,"menu_order":10,"comment_status":"closed","ping_status":"closed","template":"full-page.php","meta":{"pgc_sgb_lightbox_settings":"","footnotes":""},"categories":[21],"tags":[],"class_list":["post-20703","page","type-page","status-publish","hentry","category-bez-kategorii"],"yoast_head":"<!-- This site is optimized with the Yoast SEO plugin v27.5 - https:\/\/yoast.com\/product\/yoast-seo-wordpress\/ -->\n<title>Korzystanie z cookies - KITTFORT.CZ<\/title>\n<meta name=\"robots\" content=\"index, follow, max-snippet:-1, max-image-preview:large, max-video-preview:-1\" \/>\n<link rel=\"canonical\" href=\"https:\/\/www.kittfort.cz\/pl\/korzystanie-z-cookies\/\" \/>\n<meta property=\"og:locale\" content=\"pl_PL\" \/>\n<meta property=\"og:type\" content=\"article\" \/>\n<meta property=\"og:title\" content=\"Korzystanie z cookies - KITTFORT.CZ\" \/>\n<meta property=\"og:description\" content=\"Nasze strony internetowe www.kittfort.cz u\u017cywaj\u0105 plik\u00f3w cookies, poniewa\u017c chcemy wiedzie\u0107, jak u\u017cytkownicy korzystaj\u0105 z&nbsp;tre\u015bci na naszych stronach internetowych, co pomo\u017ceRead more &raquo;\" \/>\n<meta property=\"og:url\" content=\"https:\/\/www.kittfort.cz\/pl\/korzystanie-z-cookies\/\" \/>\n<meta property=\"og:site_name\" content=\"KITTFORT.CZ\" \/>\n<meta property=\"article:publisher\" content=\"https:\/\/www.facebook.com\/kittfort\" \/>\n<meta property=\"article:modified_time\" content=\"2023-05-11T14:34:57+00:00\" \/>\n<meta name=\"twitter:card\" content=\"summary_large_image\" \/>\n<meta name=\"twitter:label1\" content=\"Szacowany czas czytania\" \/>\n\t<meta name=\"twitter:data1\" content=\"1 minuta\" \/>\n<script type=\"application\/ld+json\" class=\"yoast-schema-graph\">{\"@context\":\"https:\\\/\\\/schema.org\",\"@graph\":[{\"@type\":\"WebPage\",\"@id\":\"https:\\\/\\\/www.kittfort.cz\\\/pl\\\/korzystanie-z-cookies\\\/\",\"url\":\"https:\\\/\\\/www.kittfort.cz\\\/pl\\\/korzystanie-z-cookies\\\/\",\"name\":\"Korzystanie z cookies - KITTFORT.CZ\",\"isPartOf\":{\"@id\":\"https:\\\/\\\/www.kittfort.cz\\\/bg\\\/#website\"},\"datePublished\":\"2018-05-21T16:58:16+00:00\",\"dateModified\":\"2023-05-11T14:34:57+00:00\",\"breadcrumb\":{\"@id\":\"https:\\\/\\\/www.kittfort.cz\\\/pl\\\/korzystanie-z-cookies\\\/#breadcrumb\"},\"inLanguage\":\"pl-PL\",\"potentialAction\":[{\"@type\":\"ReadAction\",\"target\":[\"https:\\\/\\\/www.kittfort.cz\\\/pl\\\/korzystanie-z-cookies\\\/\"]}]},{\"@type\":\"BreadcrumbList\",\"@id\":\"https:\\\/\\\/www.kittfort.cz\\\/pl\\\/korzystanie-z-cookies\\\/#breadcrumb\",\"itemListElement\":[{\"@type\":\"ListItem\",\"position\":1,\"name\":\"Dom\u016f\",\"item\":\"https:\\\/\\\/www.kittfort.cz\\\/pl\\\/strona-glowna\\\/\"},{\"@type\":\"ListItem\",\"position\":2,\"name\":\"Korzystanie z&nbsp;cookies\"}]},{\"@type\":\"WebSite\",\"@id\":\"https:\\\/\\\/www.kittfort.cz\\\/bg\\\/#website\",\"url\":\"https:\\\/\\\/www.kittfort.cz\\\/bg\\\/\",\"name\":\"KITTFORT.CZ\",\"description\":\"czeskie produkty najwy\u017cszej jako\u015bci\",\"publisher\":{\"@id\":\"https:\\\/\\\/www.kittfort.cz\\\/bg\\\/#organization\"},\"potentialAction\":[{\"@type\":\"SearchAction\",\"target\":{\"@type\":\"EntryPoint\",\"urlTemplate\":\"https:\\\/\\\/www.kittfort.cz\\\/bg\\\/?s={search_term_string}\"},\"query-input\":{\"@type\":\"PropertyValueSpecification\",\"valueRequired\":true,\"valueName\":\"search_term_string\"}}],\"inLanguage\":\"pl-PL\"},{\"@type\":\"Organization\",\"@id\":\"https:\\\/\\\/www.kittfort.cz\\\/bg\\\/#organization\",\"name\":\"KITTFORT Praha\",\"url\":\"https:\\\/\\\/www.kittfort.cz\\\/bg\\\/\",\"logo\":{\"@type\":\"ImageObject\",\"inLanguage\":\"pl-PL\",\"@id\":\"https:\\\/\\\/www.kittfort.cz\\\/bg\\\/#\\\/schema\\\/logo\\\/image\\\/\",\"url\":\"https:\\\/\\\/www.kittfort.cz\\\/wp-content\\\/uploads\\\/2019\\\/06\\\/KITTFORT-logo-ver-2018.png\",\"contentUrl\":\"https:\\\/\\\/www.kittfort.cz\\\/wp-content\\\/uploads\\\/2019\\\/06\\\/KITTFORT-logo-ver-2018.png\",\"width\":500,\"height\":151,\"caption\":\"KITTFORT Praha\"},\"image\":{\"@id\":\"https:\\\/\\\/www.kittfort.cz\\\/bg\\\/#\\\/schema\\\/logo\\\/image\\\/\"},\"sameAs\":[\"https:\\\/\\\/www.facebook.com\\\/kittfort\",\"https:\\\/\\\/instagram.com\\\/kittfort.cz\"]}]}<\/script>\n<!-- \/ Yoast SEO plugin. -->","yoast_head_json":{"title":"Korzystanie z cookies - KITTFORT.CZ","robots":{"index":"index","follow":"follow","max-snippet":"max-snippet:-1","max-image-preview":"max-image-preview:large","max-video-preview":"max-video-preview:-1"},"canonical":"https:\/\/www.kittfort.cz\/pl\/korzystanie-z-cookies\/","og_locale":"pl_PL","og_type":"article","og_title":"Korzystanie z cookies - KITTFORT.CZ","og_description":"Nasze strony internetowe www.kittfort.cz u\u017cywaj\u0105 plik\u00f3w cookies, poniewa\u017c chcemy wiedzie\u0107, jak u\u017cytkownicy korzystaj\u0105 z&nbsp;tre\u015bci na naszych stronach internetowych, co pomo\u017ceRead more &raquo;","og_url":"https:\/\/www.kittfort.cz\/pl\/korzystanie-z-cookies\/","og_site_name":"KITTFORT.CZ","article_publisher":"https:\/\/www.facebook.com\/kittfort","article_modified_time":"2023-05-11T14:34:57+00:00","twitter_card":"summary_large_image","twitter_misc":{"Szacowany czas czytania":"1 minuta"},"schema":{"@context":"https:\/\/schema.org","@graph":[{"@type":"WebPage","@id":"https:\/\/www.kittfort.cz\/pl\/korzystanie-z-cookies\/","url":"https:\/\/www.kittfort.cz\/pl\/korzystanie-z-cookies\/","name":"Korzystanie z cookies - KITTFORT.CZ","isPartOf":{"@id":"https:\/\/www.kittfort.cz\/bg\/#website"},"datePublished":"2018-05-21T16:58:16+00:00","dateModified":"2023-05-11T14:34:57+00:00","breadcrumb":{"@id":"https:\/\/www.kittfort.cz\/pl\/korzystanie-z-cookies\/#breadcrumb"},"inLanguage":"pl-PL","potentialAction":[{"@type":"ReadAction","target":["https:\/\/www.kittfort.cz\/pl\/korzystanie-z-cookies\/"]}]},{"@type":"BreadcrumbList","@id":"https:\/\/www.kittfort.cz\/pl\/korzystanie-z-cookies\/#breadcrumb","itemListElement":[{"@type":"ListItem","position":1,"name":"Dom\u016f","item":"https:\/\/www.kittfort.cz\/pl\/strona-glowna\/"},{"@type":"ListItem","position":2,"name":"Korzystanie z&nbsp;cookies"}]},{"@type":"WebSite","@id":"https:\/\/www.kittfort.cz\/bg\/#website","url":"https:\/\/www.kittfort.cz\/bg\/","name":"KITTFORT.CZ","description":"czeskie produkty najwy\u017cszej jako\u015bci","publisher":{"@id":"https:\/\/www.kittfort.cz\/bg\/#organization"},"potentialAction":[{"@type":"SearchAction","target":{"@type":"EntryPoint","urlTemplate":"https:\/\/www.kittfort.cz\/bg\/?s={search_term_string}"},"query-input":{"@type":"PropertyValueSpecification","valueRequired":true,"valueName":"search_term_string"}}],"inLanguage":"pl-PL"},{"@type":"Organization","@id":"https:\/\/www.kittfort.cz\/bg\/#organization","name":"KITTFORT Praha","url":"https:\/\/www.kittfort.cz\/bg\/","logo":{"@type":"ImageObject","inLanguage":"pl-PL","@id":"https:\/\/www.kittfort.cz\/bg\/#\/schema\/logo\/image\/","url":"https:\/\/www.kittfort.cz\/wp-content\/uploads\/2019\/06\/KITTFORT-logo-ver-2018.png","contentUrl":"https:\/\/www.kittfort.cz\/wp-content\/uploads\/2019\/06\/KITTFORT-logo-ver-2018.png","width":500,"height":151,"caption":"KITTFORT Praha"},"image":{"@id":"https:\/\/www.kittfort.cz\/bg\/#\/schema\/logo\/image\/"},"sameAs":["https:\/\/www.facebook.com\/kittfort","https:\/\/instagram.com\/kittfort.cz"]}]}},"rttpg_featured_image_url":null,"rttpg_author":{"display_name":"kittfort","author_link":"https:\/\/www.kittfort.cz\/pl\/author\/kittfortcz\/"},"rttpg_comment":0,"rttpg_category":" <a href=\"https:\/\/www.kittfort.cz\/pl\/category\/bez-kategorii\/\" rel=\"tag\">Bez kategorii<\/a>","rttpg_excerpt":"Nasze strony internetowe www.kittfort.cz u\u017cywaj\u0105 plik\u00f3w cookies, poniewa\u017c chcemy wiedzie\u0107, jak u\u017cytkownicy korzystaj\u0105 z&nbsp;tre\u015bci na naszych stronach internetowych, co pomo\u017ceRead more &raquo;","_links":{"self":[{"href":"https:\/\/www.kittfort.cz\/pl\/wp-json\/wp\/v2\/pages\/20703","targetHints":{"allow":["GET"]}}],"collection":[{"href":"https:\/\/www.kittfort.cz\/pl\/wp-json\/wp\/v2\/pages"}],"about":[{"href":"https:\/\/www.kittfort.cz\/pl\/wp-json\/wp\/v2\/types\/page"}],"author":[{"embeddable":true,"href":"https:\/\/www.kittfort.cz\/pl\/wp-json\/wp\/v2\/users\/1"}],"replies":[{"embeddable":true,"href":"https:\/\/www.kittfort.cz\/pl\/wp-json\/wp\/v2\/comments?post=20703"}],"version-history":[{"count":0,"href":"https:\/\/www.kittfort.cz\/pl\/wp-json\/wp\/v2\/pages\/20703\/revisions"}],"wp:attachment":[{"href":"https:\/\/www.kittfort.cz\/pl\/wp-json\/wp\/v2\/media?parent=20703"}],"wp:term":[{"taxonomy":"category","embeddable":true,"href":"https:\/\/www.kittfort.cz\/pl\/wp-json\/wp\/v2\/categories?post=20703"},{"taxonomy":"post_tag","embeddable":true,"href":"https:\/\/www.kittfort.cz\/pl\/wp-json\/wp\/v2\/tags?post=20703"}],"curies":[{"name":"wp","href":"https:\/\/api.w.org\/{rel}","templated":true}]}}