{"id":45214,"date":"2023-05-11T09:59:48","date_gmt":"2023-05-11T07:59:48","guid":{"rendered":"https:\/\/www.kittfort.cz\/?page_id=45214"},"modified":"2025-05-04T20:34:08","modified_gmt":"2025-05-04T18:34:08","slug":"strona-glowna","status":"publish","type":"page","link":"https:\/\/www.kittfort.cz\/pl\/","title":{"rendered":"Strona g\u0142\u00f3wna"},"content":{"rendered":"\n<div class=\"wp-block-columns is-layout-flex wp-container-core-columns-is-layout-9d6595d7 wp-block-columns-is-layout-flex\">\n<div class=\"wp-block-column has-background is-layout-flow wp-block-column-is-layout-flow\" style=\"background-color:#efefef;flex-basis:32%\">\n<div class=\"wp-block-columns is-layout-flex wp-container-core-columns-is-layout-9d6595d7 wp-block-columns-is-layout-flex\">\n<div class=\"wp-block-column banner-left-barva is-layout-flow wp-block-column-is-layout-flow\">\n<figure class=\"wp-block-image size-full is-style-default\"><img loading=\"lazy\" decoding=\"async\" width=\"1500\" height=\"996\" src=\"https:\/\/www.kittfort.cz\/wp-content\/uploads\/2019\/08\/novy-sklad01.jpg\" alt=\"Kittfort\" class=\"wp-image-29533\" srcset=\"https:\/\/www.kittfort.cz\/wp-content\/uploads\/2019\/08\/novy-sklad01.jpg 1500w, https:\/\/www.kittfort.cz\/wp-content\/uploads\/2019\/08\/novy-sklad01-301x200.jpg 301w, https:\/\/www.kittfort.cz\/wp-content\/uploads\/2019\/08\/novy-sklad01-400x266.jpg 400w, https:\/\/www.kittfort.cz\/wp-content\/uploads\/2019\/08\/novy-sklad01-768x510.jpg 768w\" sizes=\"auto, (max-width: 1500px) 100vw, 1500px\" \/><\/figure>\n\n\n\n<div style=\"height:15px\" aria-hidden=\"true\" class=\"wp-block-spacer\"><\/div>\n\n\n\n<p><strong>Kittort Praha s.r.o.<\/strong> to czeska firma rodzinna obecna na rynku europejskim ju\u017c od 1993 roku. Dzi\u0119ki swojej szerokiej ofercie nale\u017cy do wa\u017cnych producent\u00f3w kit\u00f3w, klej\u00f3w, \u017cywic, farb tonuj\u0105cych, surowc\u00f3w budowlanych, chemii przemys\u0142owej i&nbsp;preparat\u00f3w ogrodowych.<\/p>\n\n\n\n<div class=\"wp-block-buttons is-layout-flex wp-block-buttons-is-layout-flex\">\n<div class=\"wp-block-button btn-new\"><a class=\"wp-block-button__link wp-element-button\" href=\"https:\/\/www.kittfort.cz\/pl\/o-firmie\/\" style=\"border-radius:0px\">Czytaj wi\u0119cej<\/a><\/div>\n<\/div>\n<\/div>\n<\/div>\n<\/div>\n\n\n\n<div class=\"wp-block-column banner-right-img is-layout-flow wp-block-column-is-layout-flow\" style=\"flex-basis:66.66%\">\n<figure class=\"wp-block-image size-full\"><img loading=\"lazy\" decoding=\"async\" width=\"992\" height=\"850\" src=\"http:\/\/www.kittfort.cz\/wp-content\/uploads\/2023\/01\/banner-svet-barev-2023-PL.jpg\" alt=\"\" class=\"wp-image-43638\" srcset=\"https:\/\/www.kittfort.cz\/wp-content\/uploads\/2023\/01\/banner-svet-barev-2023-PL.jpg 992w, https:\/\/www.kittfort.cz\/wp-content\/uploads\/2023\/01\/banner-svet-barev-2023-PL-400x343.jpg 400w, https:\/\/www.kittfort.cz\/wp-content\/uploads\/2023\/01\/banner-svet-barev-2023-PL-233x200.jpg 233w, https:\/\/www.kittfort.cz\/wp-content\/uploads\/2023\/01\/banner-svet-barev-2023-PL-768x658.jpg 768w\" sizes=\"auto, (max-width: 992px) 100vw, 992px\" \/><\/figure>\n<\/div>\n<\/div>\n","protected":false},"excerpt":{"rendered":"<p>Kittort Praha s.r.o. to czeska firma rodzinna obecna na rynku europejskim ju\u017c od 1993 roku. Dzi\u0119ki swojej szerokiej ofercie nale\u017cy<\/p>\n<p class=\"readmore\"><a href=\"https:\/\/www.kittfort.cz\/pl\/\" title=\"Read Strona g\u0142\u00f3wna\">Read more &raquo;<\/a><\/p>\n","protected":false},"author":1,"featured_media":43662,"parent":0,"menu_order":1,"comment_status":"closed","ping_status":"closed","template":"full-page.php","meta":{"pgc_sgb_lightbox_settings":"","footnotes":""},"categories":[21],"tags":[],"class_list":["post-45214","page","type-page","status-publish","has-post-thumbnail","hentry","category-bez-kategorii"],"yoast_head":"<!-- This site is optimized with the Yoast SEO plugin v27.4 - https:\/\/yoast.com\/product\/yoast-seo-wordpress\/ -->\n<title>Strona g\u0142\u00f3wna - KITTFORT.CZ<\/title>\n<meta name=\"description\" content=\"Kittfort Praha jest producentem farb wewn\u0119trznych i barwi\u0105cych, uszczelniaczy, klej\u00f3w, \u017cywic, materia\u0142\u00f3w budowlanych, drogerii technicznych i produkt\u00f3w ogrodniczych.\" \/>\n<meta name=\"robots\" content=\"index, follow, max-snippet:-1, max-image-preview:large, max-video-preview:-1\" \/>\n<link rel=\"canonical\" href=\"https:\/\/www.kittfort.cz\/pl\/strona-glowna\/\" \/>\n<meta property=\"og:locale\" content=\"pl_PL\" \/>\n<meta property=\"og:type\" content=\"article\" \/>\n<meta property=\"og:title\" content=\"Strona g\u0142\u00f3wna - KITTFORT.CZ\" \/>\n<meta property=\"og:description\" content=\"Kittfort Praha jest producentem farb wewn\u0119trznych i barwi\u0105cych, uszczelniaczy, klej\u00f3w, \u017cywic, materia\u0142\u00f3w budowlanych, drogerii technicznych i produkt\u00f3w ogrodniczych.\" \/>\n<meta property=\"og:url\" content=\"https:\/\/www.kittfort.cz\/pl\/strona-glowna\/\" \/>\n<meta property=\"og:site_name\" content=\"KITTFORT.CZ\" \/>\n<meta property=\"article:publisher\" content=\"https:\/\/www.facebook.com\/kittfort\" \/>\n<meta property=\"article:modified_time\" content=\"2025-05-04T18:34:08+00:00\" \/>\n<meta property=\"og:image\" content=\"https:\/\/www.kittfort.cz\/wp-content\/uploads\/2023\/01\/banner-svet-barev-2023.jpg\" \/>\n\t<meta property=\"og:image:width\" content=\"992\" \/>\n\t<meta property=\"og:image:height\" content=\"850\" \/>\n\t<meta property=\"og:image:type\" content=\"image\/jpeg\" \/>\n<meta name=\"twitter:card\" content=\"summary_large_image\" \/>\n<meta name=\"twitter:label1\" content=\"Szacowany czas czytania\" \/>\n\t<meta name=\"twitter:data1\" content=\"1 minuta\" \/>\n<script type=\"application\/ld+json\" class=\"yoast-schema-graph\">{\"@context\":\"https:\\\/\\\/schema.org\",\"@graph\":[{\"@type\":\"WebPage\",\"@id\":\"https:\\\/\\\/www.kittfort.cz\\\/pl\\\/strona-glowna\\\/\",\"url\":\"https:\\\/\\\/www.kittfort.cz\\\/pl\\\/strona-glowna\\\/\",\"name\":\"Strona g\u0142\u00f3wna - KITTFORT.CZ\",\"isPartOf\":{\"@id\":\"https:\\\/\\\/www.kittfort.cz\\\/bg\\\/#website\"},\"primaryImageOfPage\":{\"@id\":\"https:\\\/\\\/www.kittfort.cz\\\/pl\\\/strona-glowna\\\/#primaryimage\"},\"image\":{\"@id\":\"https:\\\/\\\/www.kittfort.cz\\\/pl\\\/strona-glowna\\\/#primaryimage\"},\"thumbnailUrl\":\"https:\\\/\\\/www.kittfort.cz\\\/wp-content\\\/uploads\\\/2023\\\/01\\\/banner-svet-barev-2023.jpg\",\"datePublished\":\"2023-05-11T07:59:48+00:00\",\"dateModified\":\"2025-05-04T18:34:08+00:00\",\"description\":\"Kittfort Praha jest producentem farb wewn\u0119trznych i barwi\u0105cych, uszczelniaczy, klej\u00f3w, \u017cywic, materia\u0142\u00f3w budowlanych, drogerii technicznych i produkt\u00f3w ogrodniczych.\",\"breadcrumb\":{\"@id\":\"https:\\\/\\\/www.kittfort.cz\\\/pl\\\/strona-glowna\\\/#breadcrumb\"},\"inLanguage\":\"pl-PL\",\"potentialAction\":[{\"@type\":\"ReadAction\",\"target\":[\"https:\\\/\\\/www.kittfort.cz\\\/pl\\\/strona-glowna\\\/\"]}]},{\"@type\":\"ImageObject\",\"inLanguage\":\"pl-PL\",\"@id\":\"https:\\\/\\\/www.kittfort.cz\\\/pl\\\/strona-glowna\\\/#primaryimage\",\"url\":\"https:\\\/\\\/www.kittfort.cz\\\/wp-content\\\/uploads\\\/2023\\\/01\\\/banner-svet-barev-2023.jpg\",\"contentUrl\":\"https:\\\/\\\/www.kittfort.cz\\\/wp-content\\\/uploads\\\/2023\\\/01\\\/banner-svet-barev-2023.jpg\",\"width\":992,\"height\":850,\"caption\":\"Sv\u011bt barev Colorline\"},{\"@type\":\"BreadcrumbList\",\"@id\":\"https:\\\/\\\/www.kittfort.cz\\\/pl\\\/strona-glowna\\\/#breadcrumb\",\"itemListElement\":[{\"@type\":\"ListItem\",\"position\":1,\"name\":\"Dom\u016f\",\"item\":\"https:\\\/\\\/www.kittfort.cz\\\/pl\\\/strona-glowna\\\/\"},{\"@type\":\"ListItem\",\"position\":2,\"name\":\"Strona g\u0142\u00f3wna\"}]},{\"@type\":\"WebSite\",\"@id\":\"https:\\\/\\\/www.kittfort.cz\\\/bg\\\/#website\",\"url\":\"https:\\\/\\\/www.kittfort.cz\\\/bg\\\/\",\"name\":\"KITTFORT.CZ\",\"description\":\"czeskie produkty najwy\u017cszej jako\u015bci\",\"publisher\":{\"@id\":\"https:\\\/\\\/www.kittfort.cz\\\/bg\\\/#organization\"},\"potentialAction\":[{\"@type\":\"SearchAction\",\"target\":{\"@type\":\"EntryPoint\",\"urlTemplate\":\"https:\\\/\\\/www.kittfort.cz\\\/bg\\\/?s={search_term_string}\"},\"query-input\":{\"@type\":\"PropertyValueSpecification\",\"valueRequired\":true,\"valueName\":\"search_term_string\"}}],\"inLanguage\":\"pl-PL\"},{\"@type\":\"Organization\",\"@id\":\"https:\\\/\\\/www.kittfort.cz\\\/bg\\\/#organization\",\"name\":\"KITTFORT Praha\",\"url\":\"https:\\\/\\\/www.kittfort.cz\\\/bg\\\/\",\"logo\":{\"@type\":\"ImageObject\",\"inLanguage\":\"pl-PL\",\"@id\":\"https:\\\/\\\/www.kittfort.cz\\\/bg\\\/#\\\/schema\\\/logo\\\/image\\\/\",\"url\":\"https:\\\/\\\/www.kittfort.cz\\\/wp-content\\\/uploads\\\/2019\\\/06\\\/KITTFORT-logo-ver-2018.png\",\"contentUrl\":\"https:\\\/\\\/www.kittfort.cz\\\/wp-content\\\/uploads\\\/2019\\\/06\\\/KITTFORT-logo-ver-2018.png\",\"width\":500,\"height\":151,\"caption\":\"KITTFORT Praha\"},\"image\":{\"@id\":\"https:\\\/\\\/www.kittfort.cz\\\/bg\\\/#\\\/schema\\\/logo\\\/image\\\/\"},\"sameAs\":[\"https:\\\/\\\/www.facebook.com\\\/kittfort\",\"https:\\\/\\\/instagram.com\\\/kittfort.cz\"]}]}<\/script>\n<!-- \/ Yoast SEO plugin. -->","yoast_head_json":{"title":"Strona g\u0142\u00f3wna - KITTFORT.CZ","description":"Kittfort Praha jest producentem farb wewn\u0119trznych i barwi\u0105cych, uszczelniaczy, klej\u00f3w, \u017cywic, materia\u0142\u00f3w budowlanych, drogerii technicznych i produkt\u00f3w ogrodniczych.","robots":{"index":"index","follow":"follow","max-snippet":"max-snippet:-1","max-image-preview":"max-image-preview:large","max-video-preview":"max-video-preview:-1"},"canonical":"https:\/\/www.kittfort.cz\/pl\/strona-glowna\/","og_locale":"pl_PL","og_type":"article","og_title":"Strona g\u0142\u00f3wna - KITTFORT.CZ","og_description":"Kittfort Praha jest producentem farb wewn\u0119trznych i barwi\u0105cych, uszczelniaczy, klej\u00f3w, \u017cywic, materia\u0142\u00f3w budowlanych, drogerii technicznych i produkt\u00f3w ogrodniczych.","og_url":"https:\/\/www.kittfort.cz\/pl\/strona-glowna\/","og_site_name":"KITTFORT.CZ","article_publisher":"https:\/\/www.facebook.com\/kittfort","article_modified_time":"2025-05-04T18:34:08+00:00","og_image":[{"width":992,"height":850,"url":"https:\/\/www.kittfort.cz\/wp-content\/uploads\/2023\/01\/banner-svet-barev-2023.jpg","type":"image\/jpeg"}],"twitter_card":"summary_large_image","twitter_misc":{"Szacowany czas czytania":"1 minuta"},"schema":{"@context":"https:\/\/schema.org","@graph":[{"@type":"WebPage","@id":"https:\/\/www.kittfort.cz\/pl\/strona-glowna\/","url":"https:\/\/www.kittfort.cz\/pl\/strona-glowna\/","name":"Strona g\u0142\u00f3wna - KITTFORT.CZ","isPartOf":{"@id":"https:\/\/www.kittfort.cz\/bg\/#website"},"primaryImageOfPage":{"@id":"https:\/\/www.kittfort.cz\/pl\/strona-glowna\/#primaryimage"},"image":{"@id":"https:\/\/www.kittfort.cz\/pl\/strona-glowna\/#primaryimage"},"thumbnailUrl":"https:\/\/www.kittfort.cz\/wp-content\/uploads\/2023\/01\/banner-svet-barev-2023.jpg","datePublished":"2023-05-11T07:59:48+00:00","dateModified":"2025-05-04T18:34:08+00:00","description":"Kittfort Praha jest producentem farb wewn\u0119trznych i barwi\u0105cych, uszczelniaczy, klej\u00f3w, \u017cywic, materia\u0142\u00f3w budowlanych, drogerii technicznych i produkt\u00f3w ogrodniczych.","breadcrumb":{"@id":"https:\/\/www.kittfort.cz\/pl\/strona-glowna\/#breadcrumb"},"inLanguage":"pl-PL","potentialAction":[{"@type":"ReadAction","target":["https:\/\/www.kittfort.cz\/pl\/strona-glowna\/"]}]},{"@type":"ImageObject","inLanguage":"pl-PL","@id":"https:\/\/www.kittfort.cz\/pl\/strona-glowna\/#primaryimage","url":"https:\/\/www.kittfort.cz\/wp-content\/uploads\/2023\/01\/banner-svet-barev-2023.jpg","contentUrl":"https:\/\/www.kittfort.cz\/wp-content\/uploads\/2023\/01\/banner-svet-barev-2023.jpg","width":992,"height":850,"caption":"Sv\u011bt barev Colorline"},{"@type":"BreadcrumbList","@id":"https:\/\/www.kittfort.cz\/pl\/strona-glowna\/#breadcrumb","itemListElement":[{"@type":"ListItem","position":1,"name":"Dom\u016f","item":"https:\/\/www.kittfort.cz\/pl\/strona-glowna\/"},{"@type":"ListItem","position":2,"name":"Strona g\u0142\u00f3wna"}]},{"@type":"WebSite","@id":"https:\/\/www.kittfort.cz\/bg\/#website","url":"https:\/\/www.kittfort.cz\/bg\/","name":"KITTFORT.CZ","description":"czeskie produkty najwy\u017cszej jako\u015bci","publisher":{"@id":"https:\/\/www.kittfort.cz\/bg\/#organization"},"potentialAction":[{"@type":"SearchAction","target":{"@type":"EntryPoint","urlTemplate":"https:\/\/www.kittfort.cz\/bg\/?s={search_term_string}"},"query-input":{"@type":"PropertyValueSpecification","valueRequired":true,"valueName":"search_term_string"}}],"inLanguage":"pl-PL"},{"@type":"Organization","@id":"https:\/\/www.kittfort.cz\/bg\/#organization","name":"KITTFORT Praha","url":"https:\/\/www.kittfort.cz\/bg\/","logo":{"@type":"ImageObject","inLanguage":"pl-PL","@id":"https:\/\/www.kittfort.cz\/bg\/#\/schema\/logo\/image\/","url":"https:\/\/www.kittfort.cz\/wp-content\/uploads\/2019\/06\/KITTFORT-logo-ver-2018.png","contentUrl":"https:\/\/www.kittfort.cz\/wp-content\/uploads\/2019\/06\/KITTFORT-logo-ver-2018.png","width":500,"height":151,"caption":"KITTFORT Praha"},"image":{"@id":"https:\/\/www.kittfort.cz\/bg\/#\/schema\/logo\/image\/"},"sameAs":["https:\/\/www.facebook.com\/kittfort","https:\/\/instagram.com\/kittfort.cz"]}]}},"rttpg_featured_image_url":{"full":["https:\/\/www.kittfort.cz\/wp-content\/uploads\/2023\/01\/banner-svet-barev-2023.jpg",992,850,false],"landscape":["https:\/\/www.kittfort.cz\/wp-content\/uploads\/2023\/01\/banner-svet-barev-2023.jpg",992,850,false],"portraits":["https:\/\/www.kittfort.cz\/wp-content\/uploads\/2023\/01\/banner-svet-barev-2023.jpg",992,850,false],"thumbnail":["https:\/\/www.kittfort.cz\/wp-content\/uploads\/2023\/01\/banner-svet-barev-2023-233x200.jpg",233,200,true],"medium":["https:\/\/www.kittfort.cz\/wp-content\/uploads\/2023\/01\/banner-svet-barev-2023-400x343.jpg",400,343,true],"large":["https:\/\/www.kittfort.cz\/wp-content\/uploads\/2023\/01\/banner-svet-barev-2023.jpg",870,745,false],"timeline-express":["https:\/\/www.kittfort.cz\/wp-content\/uploads\/2023\/01\/banner-svet-barev-2023-350x120.jpg",350,120,true],"timeline-express-thumbnail":["https:\/\/www.kittfort.cz\/wp-content\/uploads\/2023\/01\/banner-svet-barev-2023-200x120.jpg",200,120,true],"1536x1536":["https:\/\/www.kittfort.cz\/wp-content\/uploads\/2023\/01\/banner-svet-barev-2023.jpg",992,850,false],"2048x2048":["https:\/\/www.kittfort.cz\/wp-content\/uploads\/2023\/01\/banner-svet-barev-2023.jpg",992,850,false],"post-thumbnail":["https:\/\/www.kittfort.cz\/wp-content\/uploads\/2023\/01\/banner-svet-barev-2023-250x250.jpg",250,250,true],"rpwe-thumbnail":["https:\/\/www.kittfort.cz\/wp-content\/uploads\/2023\/01\/banner-svet-barev-2023-45x45.jpg",45,45,true],"fpw_square":["https:\/\/www.kittfort.cz\/wp-content\/uploads\/2023\/01\/banner-svet-barev-2023-200x200.jpg",200,200,true],"fpw_banner":["https:\/\/www.kittfort.cz\/wp-content\/uploads\/2023\/01\/banner-svet-barev-2023-400x150.jpg",400,150,true],"fpw_big":["https:\/\/www.kittfort.cz\/wp-content\/uploads\/2023\/01\/banner-svet-barev-2023-400x343.jpg",400,343,true],"rt_custom":["https:\/\/www.kittfort.cz\/wp-content\/uploads\/2023\/01\/banner-svet-barev-2023.jpg",992,850,false]},"rttpg_author":{"display_name":"kittfort","author_link":"https:\/\/www.kittfort.cz\/pl\/author\/kittfortcz\/"},"rttpg_comment":0,"rttpg_category":" <a href=\"https:\/\/www.kittfort.cz\/pl\/category\/bez-kategorii\/\" rel=\"tag\">Bez kategorii<\/a>","rttpg_excerpt":"Kittort Praha s.r.o. to czeska firma rodzinna obecna na rynku europejskim ju\u017c od 1993 roku. Dzi\u0119ki swojej szerokiej ofercie nale\u017cyRead more &raquo;","_links":{"self":[{"href":"https:\/\/www.kittfort.cz\/pl\/wp-json\/wp\/v2\/pages\/45214","targetHints":{"allow":["GET"]}}],"collection":[{"href":"https:\/\/www.kittfort.cz\/pl\/wp-json\/wp\/v2\/pages"}],"about":[{"href":"https:\/\/www.kittfort.cz\/pl\/wp-json\/wp\/v2\/types\/page"}],"author":[{"embeddable":true,"href":"https:\/\/www.kittfort.cz\/pl\/wp-json\/wp\/v2\/users\/1"}],"replies":[{"embeddable":true,"href":"https:\/\/www.kittfort.cz\/pl\/wp-json\/wp\/v2\/comments?post=45214"}],"version-history":[{"count":0,"href":"https:\/\/www.kittfort.cz\/pl\/wp-json\/wp\/v2\/pages\/45214\/revisions"}],"wp:featuredmedia":[{"embeddable":true,"href":"https:\/\/www.kittfort.cz\/pl\/wp-json\/wp\/v2\/media\/43662"}],"wp:attachment":[{"href":"https:\/\/www.kittfort.cz\/pl\/wp-json\/wp\/v2\/media?parent=45214"}],"wp:term":[{"taxonomy":"category","embeddable":true,"href":"https:\/\/www.kittfort.cz\/pl\/wp-json\/wp\/v2\/categories?post=45214"},{"taxonomy":"post_tag","embeddable":true,"href":"https:\/\/www.kittfort.cz\/pl\/wp-json\/wp\/v2\/tags?post=45214"}],"curies":[{"name":"wp","href":"https:\/\/api.w.org\/{rel}","templated":true}]}}