{"id":12677,"date":"2016-12-12T08:36:43","date_gmt":"2016-12-12T07:36:43","guid":{"rendered":"http:\/\/www.kittfort.cz\/sk\/?page_id=12677"},"modified":"2020-08-17T22:48:22","modified_gmt":"2020-08-17T20:48:22","slug":"katalogy-a-brozury","status":"publish","type":"page","link":"https:\/\/www.kittfort.cz\/sk\/na-stiahnutie\/katalogy-a-brozury\/","title":{"rendered":"Katal\u00f3gy a&nbsp;bro\u017e\u00fary"},"content":{"rendered":"<h4>Katal\u00f3gy<\/h4>\n<div class='w3eden'>\n    <div class=''>\n\n        \n        <div id=\"content_wpdm_package_1\">\n            <div class='row'><div class='col-lg-3 col-md-6 col-12'><!-- WPDM Link Template: List Group -->\n\n    <div class=\"list-group wpdm-lt-card\" style=\"margin: 0 0 15px 0\">\n        <!--a href=\"https:\/\/www.kittfort.cz\/sk\/download\/ako-vycistit\/\" class=\"d-block\"-->\n            <img src='https:\/\/www.kittfort.cz\/wp-content\/uploads\/wpdm-cache\/37aaf825e2baafbcfce7533a881d7f8d.jpg' alt='AKO vy\u010disti\u0165' class='card-img-top' \/>        <!--\/a-->\n\n        <div class=\"list-group-item d-flex justify-content-between align-items-center\">\n            <h3 class=\"p-0 m-0 elipsis\">AKO vy\u010disti\u0165<\/h3>\n        <\/div>\n        <div class=\"list-group-item d-flex justify-content-between align-items-cente\">\n            Popis <span class=\"badge\"><p><a href=\"https:\/\/www.kittfort.cz\/sk\/eco-home-product\/\">On-line verze bro\u017eurky<\/a><\/p>\n<\/span>\n        <\/div>\n        <div class=\"list-group-item d-flex justify-content-between align-items-cente\">\n            Ve\u013ekos\u0165 s\u00faboru <span class=\"badge\">4 MB<\/span>\n        <\/div>\n        <div class=\"list-group-item d-flex justify-content-between align-items-cente\">\n            Stiahnu\u0165 <span class=\"badge\">46<\/span>\n        <\/div>\n        <div class=\"list-group-item d-flex justify-content-between align-items-center\">\n                        <a class='wpdm-download-link download-on-click btn btn-success ' rel='nofollow' href='#' data-downloadurl=\"https:\/\/www.kittfort.cz\/sk\/download\/ako-vycistit\/?wpdmdl=62367&refresh=69f1a789317911777444745\">Stiahnu\u0165<\/a>\n        <\/div>\n    <\/div>\n\n\n<\/div><div class='col-lg-3 col-md-6 col-12'><!-- WPDM Link Template: List Group -->\n\n    <div class=\"list-group wpdm-lt-card\" style=\"margin: 0 0 15px 0\">\n        <!--a href=\"https:\/\/www.kittfort.cz\/sk\/download\/kittfort-katalog-2020-2021\/\" class=\"d-block\"-->\n            <img src='https:\/\/www.kittfort.cz\/wp-content\/uploads\/wpdm-cache\/6d94be44c913e920a200b1fc7d427c1a.jpg' alt='Kittfort katal\u00f3g 2020\/2021' class='card-img-top' \/>        <!--\/a-->\n\n        <div class=\"list-group-item d-flex justify-content-between align-items-center\">\n            <h3 class=\"p-0 m-0 elipsis\">Kittfort katal\u00f3g 2020\/2021<\/h3>\n        <\/div>\n        <div class=\"list-group-item d-flex justify-content-between align-items-cente\">\n            Popis <span class=\"badge\"><p><a title=\"Kittfort katalog 2020\/2021\" href=\"http:\/\/www.kittfort.cz\/sk\/na-stiahnutie\/katalogy-a-brozury\/kittfort-katalog-2020-2021\/\" target=\"_blank\" rel=\"noopener\">On-line verzia katal\u00f3gu<\/a><\/p>\n<\/span>\n        <\/div>\n        <div class=\"list-group-item d-flex justify-content-between align-items-cente\">\n            Ve\u013ekos\u0165 s\u00faboru <span class=\"badge\">19 429 KB  <\/span>\n        <\/div>\n        <div class=\"list-group-item d-flex justify-content-between align-items-cente\">\n            Stiahnu\u0165 <span class=\"badge\">51<\/span>\n        <\/div>\n        <div class=\"list-group-item d-flex justify-content-between align-items-center\">\n                        <a class='wpdm-download-link download-on-click btn btn-success ' rel='nofollow' href='#' data-downloadurl=\"https:\/\/www.kittfort.cz\/sk\/download\/kittfort-katalog-2020-2021\/?wpdmdl=33954&refresh=69f1a789501731777444745\">Stiahnu\u0165<\/a>\n        <\/div>\n    <\/div>\n\n\n<\/div><\/div>            <div style='clear:both'><\/div><div class='text-center'><ul class='pagination wpdm-pagination pagination-centered text-center'><\/ul><\/div><div style='clear:both'><\/div>        <\/div>\n\n        <div style='clear:both'><\/div>\n    <\/div>\n<\/div>\n\n","protected":false},"excerpt":{"rendered":"<p>Katal\u00f3gy<\/p>\n","protected":false},"author":1,"featured_media":22351,"parent":18377,"menu_order":2,"comment_status":"closed","ping_status":"closed","template":"full-page.php","meta":{"pgc_sgb_lightbox_settings":"","footnotes":""},"categories":[23],"tags":[],"class_list":["post-12677","page","type-page","status-publish","has-post-thumbnail","hentry","category-uncategorized-sk"],"yoast_head":"<!-- This site is optimized with the Yoast SEO plugin v27.4 - https:\/\/yoast.com\/product\/yoast-seo-wordpress\/ -->\n<title>Katal\u00f3gy a bro\u017e\u00fary - KITTFORT.CZ<\/title>\n<meta name=\"robots\" content=\"index, follow, max-snippet:-1, max-image-preview:large, max-video-preview:-1\" \/>\n<link rel=\"canonical\" href=\"https:\/\/www.kittfort.cz\/sk\/na-stiahnutie\/katalogy-a-brozury\/\" \/>\n<meta property=\"og:locale\" content=\"sk_SK\" \/>\n<meta property=\"og:type\" content=\"article\" \/>\n<meta property=\"og:title\" content=\"Katal\u00f3gy a bro\u017e\u00fary - KITTFORT.CZ\" \/>\n<meta property=\"og:description\" content=\"Katal\u00f3gy\" \/>\n<meta property=\"og:url\" content=\"https:\/\/www.kittfort.cz\/sk\/na-stiahnutie\/katalogy-a-brozury\/\" \/>\n<meta property=\"og:site_name\" content=\"KITTFORT.CZ\" \/>\n<meta property=\"article:publisher\" content=\"https:\/\/www.facebook.com\/kittfort\" \/>\n<meta property=\"article:modified_time\" content=\"2020-08-17T20:48:22+00:00\" \/>\n<meta property=\"og:image\" content=\"https:\/\/www.kittfort.cz\/wp-content\/uploads\/2018\/06\/mustr_prehled-katalogy.png\" \/>\n\t<meta property=\"og:image:width\" content=\"400\" \/>\n\t<meta property=\"og:image:height\" content=\"250\" \/>\n\t<meta property=\"og:image:type\" content=\"image\/png\" \/>\n<meta name=\"twitter:card\" content=\"summary_large_image\" \/>\n<script type=\"application\/ld+json\" class=\"yoast-schema-graph\">{\"@context\":\"https:\\\/\\\/schema.org\",\"@graph\":[{\"@type\":\"WebPage\",\"@id\":\"https:\\\/\\\/www.kittfort.cz\\\/sk\\\/na-stiahnutie\\\/katalogy-a-brozury\\\/\",\"url\":\"https:\\\/\\\/www.kittfort.cz\\\/sk\\\/na-stiahnutie\\\/katalogy-a-brozury\\\/\",\"name\":\"Katal\u00f3gy a bro\u017e\u00fary - KITTFORT.CZ\",\"isPartOf\":{\"@id\":\"https:\\\/\\\/www.kittfort.cz\\\/bg\\\/#website\"},\"primaryImageOfPage\":{\"@id\":\"https:\\\/\\\/www.kittfort.cz\\\/sk\\\/na-stiahnutie\\\/katalogy-a-brozury\\\/#primaryimage\"},\"image\":{\"@id\":\"https:\\\/\\\/www.kittfort.cz\\\/sk\\\/na-stiahnutie\\\/katalogy-a-brozury\\\/#primaryimage\"},\"thumbnailUrl\":\"https:\\\/\\\/www.kittfort.cz\\\/wp-content\\\/uploads\\\/2018\\\/06\\\/mustr_prehled-katalogy.png\",\"datePublished\":\"2016-12-12T07:36:43+00:00\",\"dateModified\":\"2020-08-17T20:48:22+00:00\",\"breadcrumb\":{\"@id\":\"https:\\\/\\\/www.kittfort.cz\\\/sk\\\/na-stiahnutie\\\/katalogy-a-brozury\\\/#breadcrumb\"},\"inLanguage\":\"sk-SK\",\"potentialAction\":[{\"@type\":\"ReadAction\",\"target\":[\"https:\\\/\\\/www.kittfort.cz\\\/sk\\\/na-stiahnutie\\\/katalogy-a-brozury\\\/\"]}]},{\"@type\":\"ImageObject\",\"inLanguage\":\"sk-SK\",\"@id\":\"https:\\\/\\\/www.kittfort.cz\\\/sk\\\/na-stiahnutie\\\/katalogy-a-brozury\\\/#primaryimage\",\"url\":\"https:\\\/\\\/www.kittfort.cz\\\/wp-content\\\/uploads\\\/2018\\\/06\\\/mustr_prehled-katalogy.png\",\"contentUrl\":\"https:\\\/\\\/www.kittfort.cz\\\/wp-content\\\/uploads\\\/2018\\\/06\\\/mustr_prehled-katalogy.png\",\"width\":400,\"height\":250},{\"@type\":\"BreadcrumbList\",\"@id\":\"https:\\\/\\\/www.kittfort.cz\\\/sk\\\/na-stiahnutie\\\/katalogy-a-brozury\\\/#breadcrumb\",\"itemListElement\":[{\"@type\":\"ListItem\",\"position\":1,\"name\":\"Dom\u016f\",\"item\":\"https:\\\/\\\/www.kittfort.cz\\\/sk\\\/uvodna-stranka\\\/\"},{\"@type\":\"ListItem\",\"position\":2,\"name\":\"Na stiahnutie\",\"item\":\"https:\\\/\\\/www.kittfort.cz\\\/sk\\\/na-stiahnutie\\\/\"},{\"@type\":\"ListItem\",\"position\":3,\"name\":\"Katal\u00f3gy a&nbsp;bro\u017e\u00fary\"}]},{\"@type\":\"WebSite\",\"@id\":\"https:\\\/\\\/www.kittfort.cz\\\/bg\\\/#website\",\"url\":\"https:\\\/\\\/www.kittfort.cz\\\/bg\\\/\",\"name\":\"KITTFORT.CZ\",\"description\":\"\u010desk\u00e9 v\u00fdrobky najvy\u0161\u0161ej kvality\",\"publisher\":{\"@id\":\"https:\\\/\\\/www.kittfort.cz\\\/bg\\\/#organization\"},\"potentialAction\":[{\"@type\":\"SearchAction\",\"target\":{\"@type\":\"EntryPoint\",\"urlTemplate\":\"https:\\\/\\\/www.kittfort.cz\\\/bg\\\/?s={search_term_string}\"},\"query-input\":{\"@type\":\"PropertyValueSpecification\",\"valueRequired\":true,\"valueName\":\"search_term_string\"}}],\"inLanguage\":\"sk-SK\"},{\"@type\":\"Organization\",\"@id\":\"https:\\\/\\\/www.kittfort.cz\\\/bg\\\/#organization\",\"name\":\"KITTFORT Praha\",\"url\":\"https:\\\/\\\/www.kittfort.cz\\\/bg\\\/\",\"logo\":{\"@type\":\"ImageObject\",\"inLanguage\":\"sk-SK\",\"@id\":\"https:\\\/\\\/www.kittfort.cz\\\/bg\\\/#\\\/schema\\\/logo\\\/image\\\/\",\"url\":\"https:\\\/\\\/www.kittfort.cz\\\/wp-content\\\/uploads\\\/2019\\\/06\\\/KITTFORT-logo-ver-2018.png\",\"contentUrl\":\"https:\\\/\\\/www.kittfort.cz\\\/wp-content\\\/uploads\\\/2019\\\/06\\\/KITTFORT-logo-ver-2018.png\",\"width\":500,\"height\":151,\"caption\":\"KITTFORT Praha\"},\"image\":{\"@id\":\"https:\\\/\\\/www.kittfort.cz\\\/bg\\\/#\\\/schema\\\/logo\\\/image\\\/\"},\"sameAs\":[\"https:\\\/\\\/www.facebook.com\\\/kittfort\",\"https:\\\/\\\/instagram.com\\\/kittfort.cz\"]}]}<\/script>\n<!-- \/ Yoast SEO plugin. -->","yoast_head_json":{"title":"Katal\u00f3gy a bro\u017e\u00fary - KITTFORT.CZ","robots":{"index":"index","follow":"follow","max-snippet":"max-snippet:-1","max-image-preview":"max-image-preview:large","max-video-preview":"max-video-preview:-1"},"canonical":"https:\/\/www.kittfort.cz\/sk\/na-stiahnutie\/katalogy-a-brozury\/","og_locale":"sk_SK","og_type":"article","og_title":"Katal\u00f3gy a bro\u017e\u00fary - KITTFORT.CZ","og_description":"Katal\u00f3gy","og_url":"https:\/\/www.kittfort.cz\/sk\/na-stiahnutie\/katalogy-a-brozury\/","og_site_name":"KITTFORT.CZ","article_publisher":"https:\/\/www.facebook.com\/kittfort","article_modified_time":"2020-08-17T20:48:22+00:00","og_image":[{"width":400,"height":250,"url":"https:\/\/www.kittfort.cz\/wp-content\/uploads\/2018\/06\/mustr_prehled-katalogy.png","type":"image\/png"}],"twitter_card":"summary_large_image","schema":{"@context":"https:\/\/schema.org","@graph":[{"@type":"WebPage","@id":"https:\/\/www.kittfort.cz\/sk\/na-stiahnutie\/katalogy-a-brozury\/","url":"https:\/\/www.kittfort.cz\/sk\/na-stiahnutie\/katalogy-a-brozury\/","name":"Katal\u00f3gy a bro\u017e\u00fary - KITTFORT.CZ","isPartOf":{"@id":"https:\/\/www.kittfort.cz\/bg\/#website"},"primaryImageOfPage":{"@id":"https:\/\/www.kittfort.cz\/sk\/na-stiahnutie\/katalogy-a-brozury\/#primaryimage"},"image":{"@id":"https:\/\/www.kittfort.cz\/sk\/na-stiahnutie\/katalogy-a-brozury\/#primaryimage"},"thumbnailUrl":"https:\/\/www.kittfort.cz\/wp-content\/uploads\/2018\/06\/mustr_prehled-katalogy.png","datePublished":"2016-12-12T07:36:43+00:00","dateModified":"2020-08-17T20:48:22+00:00","breadcrumb":{"@id":"https:\/\/www.kittfort.cz\/sk\/na-stiahnutie\/katalogy-a-brozury\/#breadcrumb"},"inLanguage":"sk-SK","potentialAction":[{"@type":"ReadAction","target":["https:\/\/www.kittfort.cz\/sk\/na-stiahnutie\/katalogy-a-brozury\/"]}]},{"@type":"ImageObject","inLanguage":"sk-SK","@id":"https:\/\/www.kittfort.cz\/sk\/na-stiahnutie\/katalogy-a-brozury\/#primaryimage","url":"https:\/\/www.kittfort.cz\/wp-content\/uploads\/2018\/06\/mustr_prehled-katalogy.png","contentUrl":"https:\/\/www.kittfort.cz\/wp-content\/uploads\/2018\/06\/mustr_prehled-katalogy.png","width":400,"height":250},{"@type":"BreadcrumbList","@id":"https:\/\/www.kittfort.cz\/sk\/na-stiahnutie\/katalogy-a-brozury\/#breadcrumb","itemListElement":[{"@type":"ListItem","position":1,"name":"Dom\u016f","item":"https:\/\/www.kittfort.cz\/sk\/uvodna-stranka\/"},{"@type":"ListItem","position":2,"name":"Na stiahnutie","item":"https:\/\/www.kittfort.cz\/sk\/na-stiahnutie\/"},{"@type":"ListItem","position":3,"name":"Katal\u00f3gy a&nbsp;bro\u017e\u00fary"}]},{"@type":"WebSite","@id":"https:\/\/www.kittfort.cz\/bg\/#website","url":"https:\/\/www.kittfort.cz\/bg\/","name":"KITTFORT.CZ","description":"\u010desk\u00e9 v\u00fdrobky najvy\u0161\u0161ej kvality","publisher":{"@id":"https:\/\/www.kittfort.cz\/bg\/#organization"},"potentialAction":[{"@type":"SearchAction","target":{"@type":"EntryPoint","urlTemplate":"https:\/\/www.kittfort.cz\/bg\/?s={search_term_string}"},"query-input":{"@type":"PropertyValueSpecification","valueRequired":true,"valueName":"search_term_string"}}],"inLanguage":"sk-SK"},{"@type":"Organization","@id":"https:\/\/www.kittfort.cz\/bg\/#organization","name":"KITTFORT Praha","url":"https:\/\/www.kittfort.cz\/bg\/","logo":{"@type":"ImageObject","inLanguage":"sk-SK","@id":"https:\/\/www.kittfort.cz\/bg\/#\/schema\/logo\/image\/","url":"https:\/\/www.kittfort.cz\/wp-content\/uploads\/2019\/06\/KITTFORT-logo-ver-2018.png","contentUrl":"https:\/\/www.kittfort.cz\/wp-content\/uploads\/2019\/06\/KITTFORT-logo-ver-2018.png","width":500,"height":151,"caption":"KITTFORT Praha"},"image":{"@id":"https:\/\/www.kittfort.cz\/bg\/#\/schema\/logo\/image\/"},"sameAs":["https:\/\/www.facebook.com\/kittfort","https:\/\/instagram.com\/kittfort.cz"]}]}},"rttpg_featured_image_url":{"full":["https:\/\/www.kittfort.cz\/wp-content\/uploads\/2018\/06\/mustr_prehled-katalogy.png",400,250,false],"landscape":["https:\/\/www.kittfort.cz\/wp-content\/uploads\/2018\/06\/mustr_prehled-katalogy.png",400,250,false],"portraits":["https:\/\/www.kittfort.cz\/wp-content\/uploads\/2018\/06\/mustr_prehled-katalogy.png",400,250,false],"thumbnail":["https:\/\/www.kittfort.cz\/wp-content\/uploads\/2018\/06\/mustr_prehled-katalogy-320x200.png",320,200,true],"medium":["https:\/\/www.kittfort.cz\/wp-content\/uploads\/2018\/06\/mustr_prehled-katalogy-400x250.png",400,250,true],"large":["https:\/\/www.kittfort.cz\/wp-content\/uploads\/2018\/06\/mustr_prehled-katalogy.png",400,250,false],"timeline-express":["https:\/\/www.kittfort.cz\/wp-content\/uploads\/2018\/06\/mustr_prehled-katalogy-350x120.png",350,120,true],"timeline-express-thumbnail":["https:\/\/www.kittfort.cz\/wp-content\/uploads\/2018\/06\/mustr_prehled-katalogy-200x120.png",200,120,true],"1536x1536":["https:\/\/www.kittfort.cz\/wp-content\/uploads\/2018\/06\/mustr_prehled-katalogy.png",400,250,false],"2048x2048":["https:\/\/www.kittfort.cz\/wp-content\/uploads\/2018\/06\/mustr_prehled-katalogy.png",400,250,false],"post-thumbnail":["https:\/\/www.kittfort.cz\/wp-content\/uploads\/2018\/06\/mustr_prehled-katalogy-250x250.png",250,250,true],"rpwe-thumbnail":["https:\/\/www.kittfort.cz\/wp-content\/uploads\/2018\/06\/mustr_prehled-katalogy-45x45.png",45,45,true],"fpw_square":["https:\/\/www.kittfort.cz\/wp-content\/uploads\/2018\/06\/mustr_prehled-katalogy.png",200,125,false],"fpw_banner":["https:\/\/www.kittfort.cz\/wp-content\/uploads\/2018\/06\/mustr_prehled-katalogy.png",240,150,false],"fpw_big":["https:\/\/www.kittfort.cz\/wp-content\/uploads\/2018\/06\/mustr_prehled-katalogy.png",400,250,false],"rt_custom":["https:\/\/www.kittfort.cz\/wp-content\/uploads\/2018\/06\/mustr_prehled-katalogy.png",400,250,false]},"rttpg_author":{"display_name":"kittfort","author_link":"https:\/\/www.kittfort.cz\/sk\/author\/kittfortcz\/"},"rttpg_comment":0,"rttpg_category":" <a href=\"https:\/\/www.kittfort.cz\/sk\/category\/uncategorized-sk\/\" rel=\"tag\">Uncategorized @sk<\/a>","rttpg_excerpt":"Katal\u00f3gy","_links":{"self":[{"href":"https:\/\/www.kittfort.cz\/sk\/wp-json\/wp\/v2\/pages\/12677","targetHints":{"allow":["GET"]}}],"collection":[{"href":"https:\/\/www.kittfort.cz\/sk\/wp-json\/wp\/v2\/pages"}],"about":[{"href":"https:\/\/www.kittfort.cz\/sk\/wp-json\/wp\/v2\/types\/page"}],"author":[{"embeddable":true,"href":"https:\/\/www.kittfort.cz\/sk\/wp-json\/wp\/v2\/users\/1"}],"replies":[{"embeddable":true,"href":"https:\/\/www.kittfort.cz\/sk\/wp-json\/wp\/v2\/comments?post=12677"}],"version-history":[{"count":0,"href":"https:\/\/www.kittfort.cz\/sk\/wp-json\/wp\/v2\/pages\/12677\/revisions"}],"up":[{"embeddable":true,"href":"https:\/\/www.kittfort.cz\/sk\/wp-json\/wp\/v2\/pages\/18377"}],"wp:featuredmedia":[{"embeddable":true,"href":"https:\/\/www.kittfort.cz\/sk\/wp-json\/wp\/v2\/media\/22351"}],"wp:attachment":[{"href":"https:\/\/www.kittfort.cz\/sk\/wp-json\/wp\/v2\/media?parent=12677"}],"wp:term":[{"taxonomy":"category","embeddable":true,"href":"https:\/\/www.kittfort.cz\/sk\/wp-json\/wp\/v2\/categories?post=12677"},{"taxonomy":"post_tag","embeddable":true,"href":"https:\/\/www.kittfort.cz\/sk\/wp-json\/wp\/v2\/tags?post=12677"}],"curies":[{"name":"wp","href":"https:\/\/api.w.org\/{rel}","templated":true}]}}