{"id":12997,"date":"2016-07-26T12:37:10","date_gmt":"2016-07-26T10:37:10","guid":{"rendered":"http:\/\/www.kittfort.cz\/sk\/produkty\/pripravky-pro-zahradu\/"},"modified":"2023-05-11T22:03:25","modified_gmt":"2023-05-11T20:03:25","slug":"pripravky-pro-zahradu","status":"publish","type":"page","link":"https:\/\/www.kittfort.cz\/sk\/produkty\/pripravky-pro-zahradu\/","title":{"rendered":"Pr\u00edpravky pre z\u00e1hradu"},"content":{"rendered":"<style type='text\/css' media='all'>#rt-tpg-container-2579107516 .rt-holder .rt-woo-info .price{color:#55a108;}body .rt-tpg-container .rt-tpg-isotope-buttons .selected,\n\t\t\t\t\t#rt-tpg-container-2579107516 .layout12 .rt-holder:hover .rt-detail,\n\t\t\t\t\t#rt-tpg-container-2579107516 .isotope8 .rt-holder:hover .rt-detail,\n\t\t\t\t\t#rt-tpg-container-2579107516 .carousel8 .rt-holder:hover .rt-detail,\n\t\t\t\t\t#rt-tpg-container-2579107516 .layout13 .rt-holder .overlay .post-info,\n\t\t\t\t\t#rt-tpg-container-2579107516 .isotope9 .rt-holder .overlay .post-info,\n\t\t\t\t\t#rt-tpg-container-2579107516.rt-tpg-container .layout4 .rt-holder .rt-detail,\n\t\t\t\t\t.rt-modal-2579107516 .md-content,\n\t\t\t\t\t.rt-modal-2579107516 .md-content > .rt-md-content-holder .rt-md-content,\n\t\t\t\t\t.rt-popup-wrap-2579107516.rt-popup-wrap .rt-popup-navigation-wrap,\n\t\t\t\t\t#rt-tpg-container-2579107516 .carousel9 .rt-holder .overlay .post-info{background-color:#55a108;}#rt-tpg-container-2579107516 .layout5 .rt-holder .overlay, #rt-tpg-container-2579107516 .isotope2 .rt-holder .overlay, #rt-tpg-container-2579107516 .carousel2 .rt-holder .overlay,#rt-tpg-container-2579107516 .layout15 .rt-holder h3, #rt-tpg-container-2579107516 .isotope11 .rt-holder h3, #rt-tpg-container-2579107516 .carousel11 .rt-holder h3, #rt-tpg-container-2579107516 .layout16 .rt-holder h3,\n\t\t\t\t\t#rt-tpg-container-2579107516 .isotope12 .rt-holder h3, #rt-tpg-container-2579107516 .carousel12 .rt-holder h3 {background-color:rgba(85,161,8,0.1);}#rt-tpg-container-2579107516 .read-more a{border-radius:px;}#rt-tpg-container-2579107516 .rt-img-holder img.rt-img-responsive,#rt-tpg-container-2579107516 .rt-img-holder,\n\t\t\t\t\t#rt-tpg-container-2579107516 .rt-post-overlay .post-img,\n\t\t\t\t\t#rt-tpg-container-2579107516 .post-sm .post-img,\n\t\t\t\t\t#rt-tpg-container-2579107516 .rt-post-grid .post-img,\n\t\t\t\t\t#rt-tpg-container-2579107516 .post-img img {border-radius:px;}#rt-tpg-container-2579107516 .isotope8 .rt-holder h2.entry-title,\n\t\t\t\t\t#rt-tpg-container-2579107516 .isotope8 .rt-holder h3.entry-title,\n\t\t\t\t\t#rt-tpg-container-2579107516 .isotope8 .rt-holder h4.entry-title,\n\t\t\t\t\t#rt-tpg-container-2579107516 .isotope8 .rt-holder h2.entry-title a,\n\t\t\t\t\t#rt-tpg-container-2579107516 .isotope8 .rt-holder h3.entry-title a,\n\t\t\t\t\t#rt-tpg-container-2579107516 .isotope8 .rt-holder h4.entry-title a,\n\t\t\t\t\t#rt-tpg-container-2579107516 .rt-holder .rt-woo-info h2 a,\n\t\t\t\t\t#rt-tpg-container-2579107516 .rt-holder .rt-woo-info h3 a,\n\t\t\t\t\t#rt-tpg-container-2579107516 .rt-holder .rt-woo-info h4 a,\n\t\t\t\t\t#rt-tpg-container-2579107516 .post-content .post-title,\n\t\t\t\t\t#rt-tpg-container-2579107516 .rt-post-grid .post-title,\n\t\t\t\t\t#rt-tpg-container-2579107516 .rt-post-grid .post-title a,\n\t\t\t\t\t#rt-tpg-container-2579107516 .post-content .post-title a,\n\t\t\t\t\t#rt-tpg-container-2579107516 .rt-holder .rt-woo-info h2,\n\t\t\t\t\t#rt-tpg-container-2579107516 .rt-holder .rt-woo-info h3,\n\t\t\t\t\t#rt-tpg-container-2579107516 .rt-holder .rt-woo-info h4{font-size:18px;line-height:28px;}#rt-tpg-container-2579107516 .post-grid-lg-style-1 .post-title,\n\t\t\t\t\t\t#rt-tpg-container-2579107516 .post-grid-lg-style-1 .post-title a,\n\t\t\t\t\t\t#rt-tpg-container-2579107516 .big-layout .post-title,\n\t\t\t\t\t\t#rt-tpg-container-2579107516 .big-layout .post-title a,\n\t\t\t\t\t\t#rt-tpg-container-2579107516 .post-grid-lg-style-1 .post-title,\n\t\t\t\t\t\t#rt-tpg-container-2579107516 .post-grid-lg-style-1 .post-title a {font-size:26px;line-height:36px;}#rt-tpg-container-2579107516 .isotope8 .rt-holder .tpg-excerpt,#rt-tpg-container-2579107516 .isotope8 .tpg-excerpt,#rt-tpg-container-2579107516 .isotope8 .rt-holder .post-content,#rt-tpg-container-2579107516 .rt-holder .rt-woo-info p,#rt-tpg-container-2579107516 .post-content p {font-size:14px;}<\/style><div class='rt-container-fluid rt-tpg-container tpg-shortcode-main-wrapper ' id='rt-tpg-container-2579107516'   data-layout='isotope8' data-grid-style='even' data-desktop-col='4'  data-tab-col='2'  data-mobile-col='1' data-sc-id='12996'><div data-title='Loading ...' class='rt-row rt-content-loader   isotope8 tpg-pre-loader'><div class=\"tpg-iso-filter\"><div id='iso-button-2579107516' class='rt-tpg-isotope-buttons button-group filter-button-group option-set' data-url='' data-count=''><button class=\"rt-iso-btn-pripravky-pre-zahradu\" data-filter=\".iso_209\">Pr\u00edpravky pre z\u00e1hradu<\/button><\/div><\/div><div class='rt-tpg-isotope' id='iso-tpg-2579107516'><div class=\"rt-col-md-3 rt-col-sm-6 rt-col-xs-12 even-grid-item rt-grid-item img_zoom_in isotope-item iso_209 rt-item-pripravky-pre-zahradu\" data-id=\"12999\"><div class=\"rt-holder\"><div class=\"rt-img-holder\"><a data-id='12999' class='' href='https:\/\/www.kittfort.cz\/sk\/produkty\/pripravky-pro-zahradu\/prirodny-napustaci-olej\/'><img loading=\"lazy\" decoding=\"async\" width=\"1750\" height=\"1000\" src=\"https:\/\/www.kittfort.cz\/wp-content\/uploads\/2016\/07\/napousteci_olej.png\" class=\"rt-img-responsive \" alt=\"\" \/><\/a><\/div> <div class='rt-detail'><h4 class=\"entry-title\"><a data-id=\"12999\" class=\"\" href=\"https:\/\/www.kittfort.cz\/sk\/produkty\/pripravky-pro-zahradu\/prirodny-napustaci-olej\/\">Nap\u00fa\u0161\u0165ac\u00ed olej<\/a><\/h4><div class='tpg-excerpt'>Zmes pr\u00edrodn\u00fdch olejov na ochranu a zv\u00fdraznenie kresby dreva, chr\u00e1ni pred starnut\u00edm dreva ako v...<\/div><\/div><\/div><\/div><div class=\"rt-col-md-3 rt-col-sm-6 rt-col-xs-12 even-grid-item rt-grid-item img_zoom_in isotope-item iso_209 rt-item-pripravky-pre-zahradu\" data-id=\"29877\"><div class=\"rt-holder\"><div class=\"rt-img-holder\"><a data-id='29877' class='' href='https:\/\/www.kittfort.cz\/sk\/produkty\/pripravky-pro-zahradu\/lanovy-olej\/'><img loading=\"lazy\" decoding=\"async\" width=\"400\" height=\"250\" src=\"https:\/\/www.kittfort.cz\/wp-content\/uploads\/2019\/09\/lnenyOlej19.png\" class=\"rt-img-responsive \" alt=\"\" \/><\/a><\/div> <div class='rt-detail'><h4 class=\"entry-title\"><a data-id=\"29877\" class=\"\" href=\"https:\/\/www.kittfort.cz\/sk\/produkty\/pripravky-pro-zahradu\/lanovy-olej\/\">\u013danov\u00fd olej<\/a><\/h4><div class='tpg-excerpt'>Ur\u010den\u00fd pre nap\u00fa\u0161\u0165anie dreva, nariedenie olejov\u00fdch, alkydov\u00fdch farieb...<\/div><\/div><\/div><\/div><div class=\"rt-col-md-3 rt-col-sm-6 rt-col-xs-12 even-grid-item rt-grid-item img_zoom_in isotope-item iso_209 rt-item-pripravky-pre-zahradu\" data-id=\"13008\"><div class=\"rt-holder\"><div class=\"rt-img-holder\"><a data-id='13008' class='' href='https:\/\/www.kittfort.cz\/sk\/produkty\/pripravky-pro-zahradu\/steparsky-vosk-zahrada\/'><img loading=\"lazy\" decoding=\"async\" width=\"400\" height=\"250\" src=\"https:\/\/www.kittfort.cz\/wp-content\/uploads\/2016\/07\/steparsky_vosk.png\" class=\"rt-img-responsive \" alt=\"\" \/><\/a><\/div> <div class='rt-detail'><h4 class=\"entry-title\"><a data-id=\"13008\" class=\"\" href=\"https:\/\/www.kittfort.cz\/sk\/produkty\/pripravky-pro-zahradu\/steparsky-vosk-zahrada\/\">\u0160tep\u00e1rsky vosk Z\u00e1hrada<\/a><\/h4><div class='tpg-excerpt'>Vyroben\u00fd z prav\u00e9ho v\u010delieho vosku a pr\u00edrodn\u00fdch \u017eiv\u00edc. Je ur\u010den\u00fd na priame pou\u017eitie za studena...<\/div><\/div><\/div><\/div><div class=\"rt-col-md-3 rt-col-sm-6 rt-col-xs-12 even-grid-item rt-grid-item img_zoom_in isotope-item iso_209 rt-item-pripravky-pre-zahradu\" data-id=\"13013\"><div class=\"rt-holder\"><div class=\"rt-img-holder\"><a data-id='13013' class='' href='https:\/\/www.kittfort.cz\/sk\/produkty\/pripravky-pro-zahradu\/stromovy-balzam\/'><img loading=\"lazy\" decoding=\"async\" width=\"400\" height=\"250\" src=\"https:\/\/www.kittfort.cz\/wp-content\/uploads\/2018\/06\/stromovy_balzam.png\" class=\"rt-img-responsive \" alt=\"\" \/><\/a><\/div> <div class='rt-detail'><h4 class=\"entry-title\"><a data-id=\"13013\" class=\"\" href=\"https:\/\/www.kittfort.cz\/sk\/produkty\/pripravky-pro-zahradu\/stromovy-balzam\/\">Stromov\u00fd balzam<\/a><\/h4><div class='tpg-excerpt'>Pomocn\u00fd pr\u00edpravok na ochranu rastl\u00edn z prav\u00e9ho v\u010delieho vosku so zv\u00fd\u0161en\u00fdm dezinfek\u010dn\u00fdm \u00fa\u010dinkom. Je ur\u010den\u00fd...<\/div><\/div><\/div><\/div><div class=\"rt-col-md-3 rt-col-sm-6 rt-col-xs-12 even-grid-item rt-grid-item img_zoom_in isotope-item iso_209 rt-item-pripravky-pre-zahradu\" data-id=\"13023\"><div class=\"rt-holder\"><div class=\"rt-img-holder\"><a data-id='13023' class='' href='https:\/\/www.kittfort.cz\/sk\/produkty\/pripravky-pro-zahradu\/vapno-certak\/'><img loading=\"lazy\" decoding=\"async\" width=\"400\" height=\"250\" src=\"https:\/\/www.kittfort.cz\/wp-content\/uploads\/2016\/07\/vapno_certak.png\" class=\"rt-img-responsive \" alt=\"\" \/><\/a><\/div> <div class='rt-detail'><h4 class=\"entry-title\"><a data-id=\"13023\" class=\"\" href=\"https:\/\/www.kittfort.cz\/sk\/produkty\/pripravky-pro-zahradu\/vapno-certak\/\">V\u00e1pno \u010cer\u0165\u00e1k Z\u00e1hrada<\/a><\/h4><div class='tpg-excerpt'>Pr\u00edrodn\u00e1 miner\u00e1lna l\u00e1tka, ktor\u00e1 je vhodn\u00e1 na v\u0161etky typy p\u00f4dy a pre v\u00e4\u010d\u0161inu rastl\u00edn s...<\/div><\/div><\/div><\/div><div class=\"rt-col-md-3 rt-col-sm-6 rt-col-xs-12 even-grid-item rt-grid-item img_zoom_in isotope-item iso_249 rt-item-ostatne-technicke-suroviny iso_209 rt-item-pripravky-pre-zahradu\" data-id=\"13232\"><div class=\"rt-holder\"><div class=\"rt-img-holder\"><a data-id='13232' class='' href='https:\/\/www.kittfort.cz\/sk\/produkty\/technicke-suroviny\/modra-skalica\/'><img loading=\"lazy\" decoding=\"async\" width=\"400\" height=\"250\" src=\"https:\/\/www.kittfort.cz\/wp-content\/uploads\/2017\/11\/modra_skalice17.png\" class=\"rt-img-responsive \" alt=\"\" \/><\/a><\/div> <div class='rt-detail'><h4 class=\"entry-title\"><a data-id=\"13232\" class=\"\" href=\"https:\/\/www.kittfort.cz\/sk\/produkty\/technicke-suroviny\/modra-skalica\/\">Modr\u00e1 skalica<\/a><\/h4><div class='tpg-excerpt'>Pou\u017e\u00edva sa na v\u00fdrobu prostriedkov na ni\u010denie \u0161kodcov, impregna\u010dn\u00fdch l\u00e1tok na drevo, v\u00fdrobu sol\u00ed ku...<\/div><\/div><\/div><\/div><div class=\"rt-col-md-3 rt-col-sm-6 rt-col-xs-12 even-grid-item rt-grid-item img_zoom_in isotope-item iso_249 rt-item-ostatne-technicke-suroviny iso_209 rt-item-pripravky-pre-zahradu\" data-id=\"13237\"><div class=\"rt-holder\"><div class=\"rt-img-holder\"><a data-id='13237' class='' href='https:\/\/www.kittfort.cz\/sk\/produkty\/technicke-suroviny\/zelena-skalica\/'><img loading=\"lazy\" decoding=\"async\" width=\"400\" height=\"250\" src=\"https:\/\/www.kittfort.cz\/wp-content\/uploads\/2017\/11\/zelena_skalice17.png\" class=\"rt-img-responsive \" alt=\"\" \/><\/a><\/div> <div class='rt-detail'><h4 class=\"entry-title\"><a data-id=\"13237\" class=\"\" href=\"https:\/\/www.kittfort.cz\/sk\/produkty\/technicke-suroviny\/zelena-skalica\/\">Zelen\u00e1 skalica<\/a><\/h4><div class='tpg-excerpt'>Pou\u017e\u00edva sa na ni\u010denie machov a li\u0161ajn\u00edkov, proti chrastavosti a ku\u010deravosti ovocn\u00fdch stromov v dobe...<\/div><\/div><\/div><\/div><div class=\"rt-col-md-3 rt-col-sm-6 rt-col-xs-12 even-grid-item rt-grid-item img_zoom_in isotope-item iso_209 rt-item-pripravky-pre-zahradu\" data-id=\"14216\"><div class=\"rt-holder\"><div class=\"rt-img-holder\"><a data-id='14216' class='' href='https:\/\/www.kittfort.cz\/sk\/produkty\/maliarske-natery\/vapno-certak-pre-stavbu\/'><img loading=\"lazy\" decoding=\"async\" width=\"400\" height=\"250\" src=\"https:\/\/www.kittfort.cz\/wp-content\/uploads\/2016\/08\/vapno_certak_stavba.png\" class=\"rt-img-responsive \" alt=\"\" \/><\/a><\/div> <div class='rt-detail'><h4 class=\"entry-title\"><a data-id=\"14216\" class=\"\" href=\"https:\/\/www.kittfort.cz\/sk\/produkty\/maliarske-natery\/vapno-certak-pre-stavbu\/\">V\u00e1pno \u010cer\u0165\u00e1k pre stavbu<\/a><\/h4><div class='tpg-excerpt'>Pr\u00edrodn\u00fd miner\u00e1lny n\u00e1ter ur\u010den\u00fd na n\u00e1tery pivn\u00edc, stod\u00f4l, \u0161pajza a v\u0161etk\u00fdch miest, kde je kladen\u00fd...<\/div><\/div><\/div><\/div><\/div><div class=\"isotope-term-no-post\"><p>No post found<\/p><\/div><div class=\"rt-loading-overlay\"><\/div><div class=\"rt-loading rt-ball-clip-rotate\"><div><\/div><\/div><\/div><div class='rt-pagination-wrap' data-total-pages='2' data-posts-per-page='8' data-type='load_on_scroll'  ><div class='rt-infinite-action'>\n\t\t\t\t\t\t\t\t\t\t\t\t<div class='rt-infinite-loading la-fire la-2x'>\n\t\t\t\t\t\t\t\t\t\t\t\t\t<div><\/div>\n\t\t\t\t\t\t\t\t\t\t\t\t\t<div><\/div>\n\t\t\t\t\t\t\t\t\t\t\t\t\t<div><\/div>\n\t\t\t\t\t\t\t\t\t\t\t\t<\/div>\n\t\t\t\t\t\t\t\t\t\t\t<\/div><\/div><\/div>\n","protected":false},"excerpt":{"rendered":"V\u00e1pno \u010cer\u0165\u00e1k\u00ae pre stavbu V\u00e1pno \u010cer\u0165\u00e1k pre stavbu je pr\u00edrodn\u00fd miner\u00e1lny n\u00e1ter ur\u010den\u00fd na n\u00e1tery pivn\u00edc, stod\u00f4l, \u0161pajza a v\u0161etk\u00fdch<p class=\"readmore\"><a href=\"https:\/\/www.kittfort.cz\/sk\/produkty\/maliarske-natery\/vapno-certak-pre-stavbu\/\" title=\"Read V\u00e1pno \u010cer\u0165\u00e1k pre stavbu\">Read more &raquo;<\/a><\/p>","protected":false},"author":1,"featured_media":40187,"parent":12690,"menu_order":310,"comment_status":"closed","ping_status":"closed","template":"full-page.php","meta":{"pgc_sgb_lightbox_settings":"","footnotes":""},"categories":[77],"tags":[],"class_list":["post-12997","page","type-page","status-publish","has-post-thumbnail","hentry","category-produkty-sk"],"yoast_head":"<!-- This site is optimized with the Yoast SEO plugin v27.4 - https:\/\/yoast.com\/product\/yoast-seo-wordpress\/ -->\n<title>Pr\u00edpravky pre z\u00e1hradu - KITTFORT.CZ<\/title>\n<meta name=\"robots\" content=\"index, follow, max-snippet:-1, max-image-preview:large, max-video-preview:-1\" \/>\n<link rel=\"canonical\" href=\"https:\/\/www.kittfort.cz\/sk\/produkty\/pripravky-pro-zahradu\/\" \/>\n<meta property=\"og:locale\" content=\"sk_SK\" \/>\n<meta property=\"og:type\" content=\"article\" \/>\n<meta property=\"og:title\" content=\"Pr\u00edpravky pre z\u00e1hradu - KITTFORT.CZ\" \/>\n<meta property=\"og:url\" content=\"https:\/\/www.kittfort.cz\/sk\/produkty\/pripravky-pro-zahradu\/\" \/>\n<meta property=\"og:site_name\" content=\"KITTFORT.CZ\" \/>\n<meta property=\"article:publisher\" content=\"https:\/\/www.facebook.com\/kittfort\" \/>\n<meta property=\"article:modified_time\" content=\"2023-05-11T20:03:25+00:00\" \/>\n<meta property=\"og:image\" content=\"https:\/\/www.kittfort.cz\/wp-content\/uploads\/2022\/04\/zahrada.png\" \/>\n\t<meta property=\"og:image:width\" content=\"600\" \/>\n\t<meta property=\"og:image:height\" content=\"375\" \/>\n\t<meta property=\"og:image:type\" content=\"image\/png\" \/>\n<meta name=\"twitter:card\" content=\"summary_large_image\" \/>\n<script type=\"application\/ld+json\" class=\"yoast-schema-graph\">{\"@context\":\"https:\\\/\\\/schema.org\",\"@graph\":[{\"@type\":\"WebPage\",\"@id\":\"https:\\\/\\\/www.kittfort.cz\\\/sk\\\/produkty\\\/pripravky-pro-zahradu\\\/\",\"url\":\"https:\\\/\\\/www.kittfort.cz\\\/sk\\\/produkty\\\/pripravky-pro-zahradu\\\/\",\"name\":\"Pr\u00edpravky pre z\u00e1hradu - KITTFORT.CZ\",\"isPartOf\":{\"@id\":\"https:\\\/\\\/www.kittfort.cz\\\/bg\\\/#website\"},\"primaryImageOfPage\":{\"@id\":\"https:\\\/\\\/www.kittfort.cz\\\/sk\\\/produkty\\\/pripravky-pro-zahradu\\\/#primaryimage\"},\"image\":{\"@id\":\"https:\\\/\\\/www.kittfort.cz\\\/sk\\\/produkty\\\/pripravky-pro-zahradu\\\/#primaryimage\"},\"thumbnailUrl\":\"https:\\\/\\\/www.kittfort.cz\\\/wp-content\\\/uploads\\\/2022\\\/04\\\/zahrada.png\",\"datePublished\":\"2016-07-26T10:37:10+00:00\",\"dateModified\":\"2023-05-11T20:03:25+00:00\",\"breadcrumb\":{\"@id\":\"https:\\\/\\\/www.kittfort.cz\\\/sk\\\/produkty\\\/pripravky-pro-zahradu\\\/#breadcrumb\"},\"inLanguage\":\"sk-SK\",\"potentialAction\":[{\"@type\":\"ReadAction\",\"target\":[\"https:\\\/\\\/www.kittfort.cz\\\/sk\\\/produkty\\\/pripravky-pro-zahradu\\\/\"]}]},{\"@type\":\"ImageObject\",\"inLanguage\":\"sk-SK\",\"@id\":\"https:\\\/\\\/www.kittfort.cz\\\/sk\\\/produkty\\\/pripravky-pro-zahradu\\\/#primaryimage\",\"url\":\"https:\\\/\\\/www.kittfort.cz\\\/wp-content\\\/uploads\\\/2022\\\/04\\\/zahrada.png\",\"contentUrl\":\"https:\\\/\\\/www.kittfort.cz\\\/wp-content\\\/uploads\\\/2022\\\/04\\\/zahrada.png\",\"width\":600,\"height\":375},{\"@type\":\"BreadcrumbList\",\"@id\":\"https:\\\/\\\/www.kittfort.cz\\\/sk\\\/produkty\\\/pripravky-pro-zahradu\\\/#breadcrumb\",\"itemListElement\":[{\"@type\":\"ListItem\",\"position\":1,\"name\":\"Dom\u016f\",\"item\":\"https:\\\/\\\/www.kittfort.cz\\\/sk\\\/uvodna-stranka\\\/\"},{\"@type\":\"ListItem\",\"position\":2,\"name\":\"Produkty\",\"item\":\"https:\\\/\\\/www.kittfort.cz\\\/sk\\\/produkty\\\/\"},{\"@type\":\"ListItem\",\"position\":3,\"name\":\"Pr\u00edpravky pre z\u00e1hradu\"}]},{\"@type\":\"WebSite\",\"@id\":\"https:\\\/\\\/www.kittfort.cz\\\/bg\\\/#website\",\"url\":\"https:\\\/\\\/www.kittfort.cz\\\/bg\\\/\",\"name\":\"KITTFORT.CZ\",\"description\":\"\u010desk\u00e9 v\u00fdrobky najvy\u0161\u0161ej kvality\",\"publisher\":{\"@id\":\"https:\\\/\\\/www.kittfort.cz\\\/bg\\\/#organization\"},\"potentialAction\":[{\"@type\":\"SearchAction\",\"target\":{\"@type\":\"EntryPoint\",\"urlTemplate\":\"https:\\\/\\\/www.kittfort.cz\\\/bg\\\/?s={search_term_string}\"},\"query-input\":{\"@type\":\"PropertyValueSpecification\",\"valueRequired\":true,\"valueName\":\"search_term_string\"}}],\"inLanguage\":\"sk-SK\"},{\"@type\":\"Organization\",\"@id\":\"https:\\\/\\\/www.kittfort.cz\\\/bg\\\/#organization\",\"name\":\"KITTFORT Praha\",\"url\":\"https:\\\/\\\/www.kittfort.cz\\\/bg\\\/\",\"logo\":{\"@type\":\"ImageObject\",\"inLanguage\":\"sk-SK\",\"@id\":\"https:\\\/\\\/www.kittfort.cz\\\/bg\\\/#\\\/schema\\\/logo\\\/image\\\/\",\"url\":\"https:\\\/\\\/www.kittfort.cz\\\/wp-content\\\/uploads\\\/2019\\\/06\\\/KITTFORT-logo-ver-2018.png\",\"contentUrl\":\"https:\\\/\\\/www.kittfort.cz\\\/wp-content\\\/uploads\\\/2019\\\/06\\\/KITTFORT-logo-ver-2018.png\",\"width\":500,\"height\":151,\"caption\":\"KITTFORT Praha\"},\"image\":{\"@id\":\"https:\\\/\\\/www.kittfort.cz\\\/bg\\\/#\\\/schema\\\/logo\\\/image\\\/\"},\"sameAs\":[\"https:\\\/\\\/www.facebook.com\\\/kittfort\",\"https:\\\/\\\/instagram.com\\\/kittfort.cz\"]}]}<\/script>\n<!-- \/ Yoast SEO plugin. -->","yoast_head_json":{"title":"Pr\u00edpravky pre z\u00e1hradu - KITTFORT.CZ","robots":{"index":"index","follow":"follow","max-snippet":"max-snippet:-1","max-image-preview":"max-image-preview:large","max-video-preview":"max-video-preview:-1"},"canonical":"https:\/\/www.kittfort.cz\/sk\/produkty\/pripravky-pro-zahradu\/","og_locale":"sk_SK","og_type":"article","og_title":"Pr\u00edpravky pre z\u00e1hradu - KITTFORT.CZ","og_url":"https:\/\/www.kittfort.cz\/sk\/produkty\/pripravky-pro-zahradu\/","og_site_name":"KITTFORT.CZ","article_publisher":"https:\/\/www.facebook.com\/kittfort","article_modified_time":"2023-05-11T20:03:25+00:00","og_image":[{"width":600,"height":375,"url":"https:\/\/www.kittfort.cz\/wp-content\/uploads\/2022\/04\/zahrada.png","type":"image\/png"}],"twitter_card":"summary_large_image","schema":{"@context":"https:\/\/schema.org","@graph":[{"@type":"WebPage","@id":"https:\/\/www.kittfort.cz\/sk\/produkty\/pripravky-pro-zahradu\/","url":"https:\/\/www.kittfort.cz\/sk\/produkty\/pripravky-pro-zahradu\/","name":"Pr\u00edpravky pre z\u00e1hradu - KITTFORT.CZ","isPartOf":{"@id":"https:\/\/www.kittfort.cz\/bg\/#website"},"primaryImageOfPage":{"@id":"https:\/\/www.kittfort.cz\/sk\/produkty\/pripravky-pro-zahradu\/#primaryimage"},"image":{"@id":"https:\/\/www.kittfort.cz\/sk\/produkty\/pripravky-pro-zahradu\/#primaryimage"},"thumbnailUrl":"https:\/\/www.kittfort.cz\/wp-content\/uploads\/2022\/04\/zahrada.png","datePublished":"2016-07-26T10:37:10+00:00","dateModified":"2023-05-11T20:03:25+00:00","breadcrumb":{"@id":"https:\/\/www.kittfort.cz\/sk\/produkty\/pripravky-pro-zahradu\/#breadcrumb"},"inLanguage":"sk-SK","potentialAction":[{"@type":"ReadAction","target":["https:\/\/www.kittfort.cz\/sk\/produkty\/pripravky-pro-zahradu\/"]}]},{"@type":"ImageObject","inLanguage":"sk-SK","@id":"https:\/\/www.kittfort.cz\/sk\/produkty\/pripravky-pro-zahradu\/#primaryimage","url":"https:\/\/www.kittfort.cz\/wp-content\/uploads\/2022\/04\/zahrada.png","contentUrl":"https:\/\/www.kittfort.cz\/wp-content\/uploads\/2022\/04\/zahrada.png","width":600,"height":375},{"@type":"BreadcrumbList","@id":"https:\/\/www.kittfort.cz\/sk\/produkty\/pripravky-pro-zahradu\/#breadcrumb","itemListElement":[{"@type":"ListItem","position":1,"name":"Dom\u016f","item":"https:\/\/www.kittfort.cz\/sk\/uvodna-stranka\/"},{"@type":"ListItem","position":2,"name":"Produkty","item":"https:\/\/www.kittfort.cz\/sk\/produkty\/"},{"@type":"ListItem","position":3,"name":"Pr\u00edpravky pre z\u00e1hradu"}]},{"@type":"WebSite","@id":"https:\/\/www.kittfort.cz\/bg\/#website","url":"https:\/\/www.kittfort.cz\/bg\/","name":"KITTFORT.CZ","description":"\u010desk\u00e9 v\u00fdrobky najvy\u0161\u0161ej kvality","publisher":{"@id":"https:\/\/www.kittfort.cz\/bg\/#organization"},"potentialAction":[{"@type":"SearchAction","target":{"@type":"EntryPoint","urlTemplate":"https:\/\/www.kittfort.cz\/bg\/?s={search_term_string}"},"query-input":{"@type":"PropertyValueSpecification","valueRequired":true,"valueName":"search_term_string"}}],"inLanguage":"sk-SK"},{"@type":"Organization","@id":"https:\/\/www.kittfort.cz\/bg\/#organization","name":"KITTFORT Praha","url":"https:\/\/www.kittfort.cz\/bg\/","logo":{"@type":"ImageObject","inLanguage":"sk-SK","@id":"https:\/\/www.kittfort.cz\/bg\/#\/schema\/logo\/image\/","url":"https:\/\/www.kittfort.cz\/wp-content\/uploads\/2019\/06\/KITTFORT-logo-ver-2018.png","contentUrl":"https:\/\/www.kittfort.cz\/wp-content\/uploads\/2019\/06\/KITTFORT-logo-ver-2018.png","width":500,"height":151,"caption":"KITTFORT Praha"},"image":{"@id":"https:\/\/www.kittfort.cz\/bg\/#\/schema\/logo\/image\/"},"sameAs":["https:\/\/www.facebook.com\/kittfort","https:\/\/instagram.com\/kittfort.cz"]}]}},"rttpg_featured_image_url":{"full":["https:\/\/www.kittfort.cz\/wp-content\/uploads\/2022\/04\/zahrada.png",600,375,false],"landscape":["https:\/\/www.kittfort.cz\/wp-content\/uploads\/2022\/04\/zahrada.png",600,375,false],"portraits":["https:\/\/www.kittfort.cz\/wp-content\/uploads\/2022\/04\/zahrada.png",600,375,false],"thumbnail":["https:\/\/www.kittfort.cz\/wp-content\/uploads\/2022\/04\/zahrada-320x200.png",320,200,true],"medium":["https:\/\/www.kittfort.cz\/wp-content\/uploads\/2022\/04\/zahrada-400x250.png",400,250,true],"large":["https:\/\/www.kittfort.cz\/wp-content\/uploads\/2022\/04\/zahrada.png",600,375,false],"timeline-express":["https:\/\/www.kittfort.cz\/wp-content\/uploads\/2022\/04\/zahrada-350x120.png",350,120,true],"timeline-express-thumbnail":["https:\/\/www.kittfort.cz\/wp-content\/uploads\/2022\/04\/zahrada-200x120.png",200,120,true],"1536x1536":["https:\/\/www.kittfort.cz\/wp-content\/uploads\/2022\/04\/zahrada.png",600,375,false],"2048x2048":["https:\/\/www.kittfort.cz\/wp-content\/uploads\/2022\/04\/zahrada.png",600,375,false],"post-thumbnail":["https:\/\/www.kittfort.cz\/wp-content\/uploads\/2022\/04\/zahrada-250x250.png",250,250,true],"rpwe-thumbnail":["https:\/\/www.kittfort.cz\/wp-content\/uploads\/2022\/04\/zahrada-45x45.png",45,45,true],"fpw_square":["https:\/\/www.kittfort.cz\/wp-content\/uploads\/2022\/04\/zahrada-200x200.png",200,200,true],"fpw_banner":["https:\/\/www.kittfort.cz\/wp-content\/uploads\/2022\/04\/zahrada-400x150.png",400,150,true],"fpw_big":["https:\/\/www.kittfort.cz\/wp-content\/uploads\/2022\/04\/zahrada-400x250.png",400,250,true],"rt_custom":["https:\/\/www.kittfort.cz\/wp-content\/uploads\/2022\/04\/zahrada.png",600,375,false]},"rttpg_author":{"display_name":"kittfort","author_link":"https:\/\/www.kittfort.cz\/sk\/author\/kittfortcz\/"},"rttpg_comment":0,"rttpg_category":" <a href=\"https:\/\/www.kittfort.cz\/sk\/category\/produkty-sk\/\" rel=\"tag\">Produkty<\/a>","rttpg_excerpt":null,"_links":{"self":[{"href":"https:\/\/www.kittfort.cz\/sk\/wp-json\/wp\/v2\/pages\/12997","targetHints":{"allow":["GET"]}}],"collection":[{"href":"https:\/\/www.kittfort.cz\/sk\/wp-json\/wp\/v2\/pages"}],"about":[{"href":"https:\/\/www.kittfort.cz\/sk\/wp-json\/wp\/v2\/types\/page"}],"author":[{"embeddable":true,"href":"https:\/\/www.kittfort.cz\/sk\/wp-json\/wp\/v2\/users\/1"}],"replies":[{"embeddable":true,"href":"https:\/\/www.kittfort.cz\/sk\/wp-json\/wp\/v2\/comments?post=12997"}],"version-history":[{"count":0,"href":"https:\/\/www.kittfort.cz\/sk\/wp-json\/wp\/v2\/pages\/12997\/revisions"}],"up":[{"embeddable":true,"href":"https:\/\/www.kittfort.cz\/sk\/wp-json\/wp\/v2\/pages\/12690"}],"wp:featuredmedia":[{"embeddable":true,"href":"https:\/\/www.kittfort.cz\/sk\/wp-json\/wp\/v2\/media\/40187"}],"wp:attachment":[{"href":"https:\/\/www.kittfort.cz\/sk\/wp-json\/wp\/v2\/media?parent=12997"}],"wp:term":[{"taxonomy":"category","embeddable":true,"href":"https:\/\/www.kittfort.cz\/sk\/wp-json\/wp\/v2\/categories?post=12997"},{"taxonomy":"post_tag","embeddable":true,"href":"https:\/\/www.kittfort.cz\/sk\/wp-json\/wp\/v2\/tags?post=12997"}],"curies":[{"name":"wp","href":"https:\/\/api.w.org\/{rel}","templated":true}]}}