{"id":13202,"date":"2016-12-20T16:23:00","date_gmt":"2016-12-20T15:23:00","guid":{"rendered":"http:\/\/www.kittfort.cz\/sk\/?page_id=13202"},"modified":"2023-05-11T21:59:13","modified_gmt":"2023-05-11T19:59:13","slug":"technicke-suroviny","status":"publish","type":"page","link":"https:\/\/www.kittfort.cz\/sk\/produkty\/technicke-suroviny\/","title":{"rendered":"Technick\u00e9 suroviny"},"content":{"rendered":"<style type='text\/css' media='all'>#rt-tpg-container-997337591 .rt-holder .rt-woo-info .price{color:#1aa108;}body .rt-tpg-container .rt-tpg-isotope-buttons .selected,\n\t\t\t\t\t#rt-tpg-container-997337591 .layout12 .rt-holder:hover .rt-detail,\n\t\t\t\t\t#rt-tpg-container-997337591 .isotope8 .rt-holder:hover .rt-detail,\n\t\t\t\t\t#rt-tpg-container-997337591 .carousel8 .rt-holder:hover .rt-detail,\n\t\t\t\t\t#rt-tpg-container-997337591 .layout13 .rt-holder .overlay .post-info,\n\t\t\t\t\t#rt-tpg-container-997337591 .isotope9 .rt-holder .overlay .post-info,\n\t\t\t\t\t#rt-tpg-container-997337591.rt-tpg-container .layout4 .rt-holder .rt-detail,\n\t\t\t\t\t.rt-modal-997337591 .md-content,\n\t\t\t\t\t.rt-modal-997337591 .md-content > .rt-md-content-holder .rt-md-content,\n\t\t\t\t\t.rt-popup-wrap-997337591.rt-popup-wrap .rt-popup-navigation-wrap,\n\t\t\t\t\t#rt-tpg-container-997337591 .carousel9 .rt-holder .overlay .post-info{background-color:#1aa108;}#rt-tpg-container-997337591 .layout5 .rt-holder .overlay, #rt-tpg-container-997337591 .isotope2 .rt-holder .overlay, #rt-tpg-container-997337591 .carousel2 .rt-holder .overlay,#rt-tpg-container-997337591 .layout15 .rt-holder h3, #rt-tpg-container-997337591 .isotope11 .rt-holder h3, #rt-tpg-container-997337591 .carousel11 .rt-holder h3, #rt-tpg-container-997337591 .layout16 .rt-holder h3,\n\t\t\t\t\t#rt-tpg-container-997337591 .isotope12 .rt-holder h3, #rt-tpg-container-997337591 .carousel12 .rt-holder h3 {background-color:rgba(26,161,8,0.1);}#rt-tpg-container-997337591 .read-more a{border-radius:px;}#rt-tpg-container-997337591 .rt-img-holder img.rt-img-responsive,#rt-tpg-container-997337591 .rt-img-holder,\n\t\t\t\t\t#rt-tpg-container-997337591 .rt-post-overlay .post-img,\n\t\t\t\t\t#rt-tpg-container-997337591 .post-sm .post-img,\n\t\t\t\t\t#rt-tpg-container-997337591 .rt-post-grid .post-img,\n\t\t\t\t\t#rt-tpg-container-997337591 .post-img img {border-radius:px;}#rt-tpg-container-997337591 .isotope8 .rt-holder h2.entry-title,\n\t\t\t\t\t#rt-tpg-container-997337591 .isotope8 .rt-holder h3.entry-title,\n\t\t\t\t\t#rt-tpg-container-997337591 .isotope8 .rt-holder h4.entry-title,\n\t\t\t\t\t#rt-tpg-container-997337591 .isotope8 .rt-holder h2.entry-title a,\n\t\t\t\t\t#rt-tpg-container-997337591 .isotope8 .rt-holder h3.entry-title a,\n\t\t\t\t\t#rt-tpg-container-997337591 .isotope8 .rt-holder h4.entry-title a,\n\t\t\t\t\t#rt-tpg-container-997337591 .rt-holder .rt-woo-info h2 a,\n\t\t\t\t\t#rt-tpg-container-997337591 .rt-holder .rt-woo-info h3 a,\n\t\t\t\t\t#rt-tpg-container-997337591 .rt-holder .rt-woo-info h4 a,\n\t\t\t\t\t#rt-tpg-container-997337591 .post-content .post-title,\n\t\t\t\t\t#rt-tpg-container-997337591 .rt-post-grid .post-title,\n\t\t\t\t\t#rt-tpg-container-997337591 .rt-post-grid .post-title a,\n\t\t\t\t\t#rt-tpg-container-997337591 .post-content .post-title a,\n\t\t\t\t\t#rt-tpg-container-997337591 .rt-holder .rt-woo-info h2,\n\t\t\t\t\t#rt-tpg-container-997337591 .rt-holder .rt-woo-info h3,\n\t\t\t\t\t#rt-tpg-container-997337591 .rt-holder .rt-woo-info h4{font-size:18px;line-height:28px;}#rt-tpg-container-997337591 .post-grid-lg-style-1 .post-title,\n\t\t\t\t\t\t#rt-tpg-container-997337591 .post-grid-lg-style-1 .post-title a,\n\t\t\t\t\t\t#rt-tpg-container-997337591 .big-layout .post-title,\n\t\t\t\t\t\t#rt-tpg-container-997337591 .big-layout .post-title a,\n\t\t\t\t\t\t#rt-tpg-container-997337591 .post-grid-lg-style-1 .post-title,\n\t\t\t\t\t\t#rt-tpg-container-997337591 .post-grid-lg-style-1 .post-title a {font-size:26px;line-height:36px;}#rt-tpg-container-997337591 .isotope8 .rt-holder .tpg-excerpt,#rt-tpg-container-997337591 .isotope8 .tpg-excerpt,#rt-tpg-container-997337591 .isotope8 .rt-holder .post-content,#rt-tpg-container-997337591 .rt-holder .rt-woo-info p,#rt-tpg-container-997337591 .post-content p {font-size:14px;}<\/style><div class='rt-container-fluid rt-tpg-container tpg-shortcode-main-wrapper ' id='rt-tpg-container-997337591'   data-layout='isotope8' data-grid-style='even' data-desktop-col='4'  data-tab-col='2'  data-mobile-col='1' data-sc-id='13201'><div data-title='Loading ...' class='rt-row rt-content-loader   isotope8 tpg-pre-loader'><div class=\"tpg-iso-filter\"><div id='iso-button-997337591' class='rt-tpg-isotope-buttons button-group filter-button-group option-set' data-url='' data-count=''><button class='rt-iso-btn-all selected' data-filter='*'>zobrazi\u0165 v\u0161etko<\/button><button class=\"rt-iso-btn-hydroxidy-sk\" data-filter=\".iso_248\">Hydroxidy<\/button><button class=\"rt-iso-btn-ostatne-technicke-suroviny\" data-filter=\".iso_249\">Ostatn\u00e9 technick\u00e9 suroviny<\/button><\/div><\/div><div class='rt-tpg-isotope' id='iso-tpg-997337591'><div class=\"rt-col-md-3 rt-col-sm-6 rt-col-xs-12 even-grid-item rt-grid-item img_zoom_in isotope-item iso_248 rt-item-hydroxidy-sk\" data-id=\"22146\"><div class=\"rt-holder\"><div class=\"rt-img-holder\"><a data-id='22146' class='' href='https:\/\/www.kittfort.cz\/sk\/produkty\/technicke-suroviny\/hydroxid-sodny-perle-alu\/'><img loading=\"lazy\" decoding=\"async\" width=\"400\" height=\"250\" src=\"https:\/\/www.kittfort.cz\/wp-content\/uploads\/2018\/07\/hydroxid_perle_alu.png\" class=\"rt-img-responsive \" alt=\"\" \/><\/a><\/div> <div class='rt-detail'><h4 class=\"entry-title\"><a data-id=\"22146\" class=\"\" href=\"https:\/\/www.kittfort.cz\/sk\/produkty\/technicke-suroviny\/hydroxid-sodny-perle-alu\/\">Hydroxid sodn\u00fd &#8211; perle ALU<\/a><\/h4><div class='tpg-excerpt'>Pre v\u0161eobecne zn\u00e1me pou\u017eitie, zaist\u00ed dokonal\u00e9 pre\u010distenie a priechodnos\u0165 ka\u017ed\u00e9ho zanesen\u00e9ho odpadu a potrubia potl\u00e1\u010da...<\/div><\/div><\/div><\/div><div class=\"rt-col-md-3 rt-col-sm-6 rt-col-xs-12 even-grid-item rt-grid-item img_zoom_in isotope-item iso_248 rt-item-hydroxidy-sk\" data-id=\"13208\"><div class=\"rt-holder\"><div class=\"rt-img-holder\"><a data-id='13208' class='' href='https:\/\/www.kittfort.cz\/sk\/produkty\/technicke-suroviny\/hydroxid-sodny-perle\/'><img loading=\"lazy\" decoding=\"async\" width=\"400\" height=\"250\" src=\"https:\/\/www.kittfort.cz\/wp-content\/uploads\/2025\/02\/hydroxid-perle.png\" class=\"rt-img-responsive \" alt=\"Hydroxid sodn\u00fd\" \/><\/a><\/div> <div class='rt-detail'><h4 class=\"entry-title\"><a data-id=\"13208\" class=\"\" href=\"https:\/\/www.kittfort.cz\/sk\/produkty\/technicke-suroviny\/hydroxid-sodny-perle\/\">Hydroxid sodn\u00fd &#8211; perle<\/a><\/h4><div class='tpg-excerpt'>Na \u010distenie a vy\u010distenie upchat\u00e9ho odpadu a potrubia...<\/div><\/div><\/div><\/div><div class=\"rt-col-md-3 rt-col-sm-6 rt-col-xs-12 even-grid-item rt-grid-item img_zoom_in isotope-item iso_248 rt-item-hydroxidy-sk\" data-id=\"13220\"><div class=\"rt-holder\"><div class=\"rt-img-holder\"><a data-id='13220' class='' href='https:\/\/www.kittfort.cz\/sk\/produkty\/technicke-suroviny\/hydroxid-sodny-gel\/'><img loading=\"lazy\" decoding=\"async\" width=\"400\" height=\"250\" src=\"https:\/\/www.kittfort.cz\/wp-content\/uploads\/2024\/02\/hydroxid-sodny-gel.png\" class=\"rt-img-responsive \" alt=\"Hydroxid sodn\u00fd gel\" \/><\/a><\/div> <div class='rt-detail'><h4 class=\"entry-title\"><a data-id=\"13220\" class=\"\" href=\"https:\/\/www.kittfort.cz\/sk\/produkty\/technicke-suroviny\/hydroxid-sodny-gel\/\">Hydroxid sodn\u00fd &#8211; g\u00e9l<\/a><\/h4><div class='tpg-excerpt'>Hydroxid sodn\u00fd aktiv g\u00e9l je siln\u00fd univerz\u00e1lny g\u00e9lov\u00fd \u010disti\u010d odpadov a potrubia s pou\u017eitim na...<\/div><\/div><\/div><\/div><div class=\"rt-col-md-3 rt-col-sm-6 rt-col-xs-12 even-grid-item rt-grid-item img_zoom_in isotope-item iso_249 rt-item-ostatne-technicke-suroviny\" data-id=\"13225\"><div class=\"rt-holder\"><div class=\"rt-img-holder\"><a data-id='13225' class='' href='https:\/\/www.kittfort.cz\/sk\/produkty\/technicke-suroviny\/chlorove-vapno\/'><img loading=\"lazy\" decoding=\"async\" width=\"400\" height=\"250\" src=\"https:\/\/www.kittfort.cz\/wp-content\/uploads\/2017\/11\/chlorove_vapno17.png\" class=\"rt-img-responsive \" alt=\"\" \/><\/a><\/div> <div class='rt-detail'><h4 class=\"entry-title\"><a data-id=\"13225\" class=\"\" href=\"https:\/\/www.kittfort.cz\/sk\/produkty\/technicke-suroviny\/chlorove-vapno\/\">Chl\u00f3rov\u00e9 v\u00e1pno<\/a><\/h4><div class='tpg-excerpt'>Na dezinfekciu kanaliza\u010dn\u00fdch odpadkov a potrub\u00ed, \u017e\u00famp a tie\u017e na dezinfekciu priestorov sl\u00fa\u017eiacich na pestovanie...<\/div><\/div><\/div><\/div><div class=\"rt-col-md-3 rt-col-sm-6 rt-col-xs-12 even-grid-item rt-grid-item img_zoom_in isotope-item iso_249 rt-item-ostatne-technicke-suroviny iso_209 rt-item-pripravky-pre-zahradu\" data-id=\"13232\"><div class=\"rt-holder\"><div class=\"rt-img-holder\"><a data-id='13232' class='' href='https:\/\/www.kittfort.cz\/sk\/produkty\/technicke-suroviny\/modra-skalica\/'><img loading=\"lazy\" decoding=\"async\" width=\"400\" height=\"250\" src=\"https:\/\/www.kittfort.cz\/wp-content\/uploads\/2017\/11\/modra_skalice17.png\" class=\"rt-img-responsive \" alt=\"\" \/><\/a><\/div> <div class='rt-detail'><h4 class=\"entry-title\"><a data-id=\"13232\" class=\"\" href=\"https:\/\/www.kittfort.cz\/sk\/produkty\/technicke-suroviny\/modra-skalica\/\">Modr\u00e1 skalica<\/a><\/h4><div class='tpg-excerpt'>Pou\u017e\u00edva sa na v\u00fdrobu prostriedkov na ni\u010denie \u0161kodcov, impregna\u010dn\u00fdch l\u00e1tok na drevo, v\u00fdrobu sol\u00ed ku...<\/div><\/div><\/div><\/div><div class=\"rt-col-md-3 rt-col-sm-6 rt-col-xs-12 even-grid-item rt-grid-item img_zoom_in isotope-item iso_249 rt-item-ostatne-technicke-suroviny iso_209 rt-item-pripravky-pre-zahradu\" data-id=\"13237\"><div class=\"rt-holder\"><div class=\"rt-img-holder\"><a data-id='13237' class='' href='https:\/\/www.kittfort.cz\/sk\/produkty\/technicke-suroviny\/zelena-skalica\/'><img loading=\"lazy\" decoding=\"async\" width=\"400\" height=\"250\" src=\"https:\/\/www.kittfort.cz\/wp-content\/uploads\/2017\/11\/zelena_skalice17.png\" class=\"rt-img-responsive \" alt=\"\" \/><\/a><\/div> <div class='rt-detail'><h4 class=\"entry-title\"><a data-id=\"13237\" class=\"\" href=\"https:\/\/www.kittfort.cz\/sk\/produkty\/technicke-suroviny\/zelena-skalica\/\">Zelen\u00e1 skalica<\/a><\/h4><div class='tpg-excerpt'>Pou\u017e\u00edva sa na ni\u010denie machov a li\u0161ajn\u00edkov, proti chrastavosti a ku\u010deravosti ovocn\u00fdch stromov v dobe...<\/div><\/div><\/div><\/div><div class=\"rt-col-md-3 rt-col-sm-6 rt-col-xs-12 even-grid-item rt-grid-item img_zoom_in isotope-item iso_249 rt-item-ostatne-technicke-suroviny\" data-id=\"13243\"><div class=\"rt-holder\"><div class=\"rt-img-holder\"><a data-id='13243' class='' href='https:\/\/www.kittfort.cz\/sk\/produkty\/technicke-suroviny\/posypova-sol\/'><img loading=\"lazy\" decoding=\"async\" width=\"400\" height=\"250\" src=\"https:\/\/www.kittfort.cz\/wp-content\/uploads\/2023\/10\/posypova-sul.png\" class=\"rt-img-responsive \" alt=\"Posypov\u00e1 s\u016fl 7 kg\" \/><\/a><\/div> <div class='rt-detail'><h4 class=\"entry-title\"><a data-id=\"13243\" class=\"\" href=\"https:\/\/www.kittfort.cz\/sk\/produkty\/technicke-suroviny\/posypova-sol\/\">Posypov\u00e1 so\u013e<\/a><\/h4><div class='tpg-excerpt'>Rozmrazovac\u00ed prostriedok na uvo\u013e\u0148ovanie u\u0161liapan\u00e9ho a ujazden\u00e9ho snehu a n\u00e1mrazy z chodn\u00edkov, komunik\u00e1ci\u00ed a dopravn\u00fdch...<\/div><\/div><\/div><\/div><div class=\"rt-col-md-3 rt-col-sm-6 rt-col-xs-12 even-grid-item rt-grid-item img_zoom_in isotope-item iso_249 rt-item-ostatne-technicke-suroviny\" data-id=\"13248\"><div class=\"rt-holder\"><div class=\"rt-img-holder\"><a data-id='13248' class='' href='https:\/\/www.kittfort.cz\/sk\/produkty\/technicke-suroviny\/samotova-vymazavacia-hmota\/'><img loading=\"lazy\" decoding=\"async\" width=\"400\" height=\"250\" src=\"https:\/\/www.kittfort.cz\/wp-content\/uploads\/2023\/12\/samot.png\" class=\"rt-img-responsive \" alt=\"\" \/><\/a><\/div> <div class='rt-detail'><h4 class=\"entry-title\"><a data-id=\"13248\" class=\"\" href=\"https:\/\/www.kittfort.cz\/sk\/produkty\/technicke-suroviny\/samotova-vymazavacia-hmota\/\">\u0160amotov\u00e1 vymaz\u00e1vacia hmota<\/a><\/h4><div class='tpg-excerpt'>Pou\u017e\u00edva sa na opravy v\u00fdmuroviek men\u0161\u00edch ohn\u00edsk v\u0161etk\u00e9ho druhu a na vlepovanie \u013eah\u010den\u00fdch oh\u0148ovzdorn\u00fdch dosiek...<\/div><\/div><\/div><\/div><div class=\"rt-col-md-3 rt-col-sm-6 rt-col-xs-12 even-grid-item rt-grid-item img_zoom_in isotope-item iso_249 rt-item-ostatne-technicke-suroviny\" data-id=\"13256\"><div class=\"rt-holder\"><div class=\"rt-img-holder\"><a data-id='13256' class='' href='https:\/\/www.kittfort.cz\/sk\/produkty\/technicke-suroviny\/kalafuna\/'><img loading=\"lazy\" decoding=\"async\" width=\"400\" height=\"250\" src=\"https:\/\/www.kittfort.cz\/wp-content\/uploads\/2023\/01\/kalafuna.png\" class=\"rt-img-responsive \" alt=\"Kalafuna\" \/><\/a><\/div> <div class='rt-detail'><h4 class=\"entry-title\"><a data-id=\"13256\" class=\"\" href=\"https:\/\/www.kittfort.cz\/sk\/produkty\/technicke-suroviny\/kalafuna\/\">Kalaf\u00fana<\/a><\/h4><div class='tpg-excerpt'>Sl\u00fa\u017ei predov\u0161etk\u00fdm pri dom\u00e1cich zab\u00edja\u010dk\u00e1ch a na odstr\u00e1nenie \u0161tet\u00edn z o\u0161\u00edpan\u00fdch a tie\u017e peria z...<\/div><\/div><\/div><\/div><div class=\"rt-col-md-3 rt-col-sm-6 rt-col-xs-12 even-grid-item rt-grid-item img_zoom_in isotope-item iso_249 rt-item-ostatne-technicke-suroviny\" data-id=\"13262\"><div class=\"rt-holder\"><div class=\"rt-img-holder\"><a data-id='13262' class='' href='https:\/\/www.kittfort.cz\/sk\/produkty\/technicke-suroviny\/kostny-glej\/'><img loading=\"lazy\" decoding=\"async\" width=\"400\" height=\"250\" src=\"https:\/\/www.kittfort.cz\/wp-content\/uploads\/2016\/08\/kostni_klih.png\" class=\"rt-img-responsive \" alt=\"\" \/><\/a><\/div> <div class='rt-detail'><h4 class=\"entry-title\"><a data-id=\"13262\" class=\"\" href=\"https:\/\/www.kittfort.cz\/sk\/produkty\/technicke-suroviny\/kostny-glej\/\">Kostn\u00fd glej<\/a><\/h4><div class='tpg-excerpt'>Ur\u010den\u00fd na lepenie, glejovanie a predov\u0161etk\u00fdm na opravy a re\u0161taurovanie star\u00e9ho dreven\u00e9ho n\u00e1bytku...<\/div><\/div><\/div><\/div><\/div><div class=\"isotope-term-no-post\"><p>No post found<\/p><\/div><div class=\"rt-loading-overlay\"><\/div><div class=\"rt-loading rt-ball-clip-rotate\"><div><\/div><\/div><\/div><\/div>\n","protected":false},"excerpt":{"rendered":"Kostn\u00fd glej Kostn\u00fd glej je ur\u010den\u00fd na lepenie, glejovanie a predov\u0161etk\u00fdm na opravy a re\u0161taurovanie star\u00e9ho dreven\u00e9ho n\u00e1bytku. Kostn\u00fd glej<p class=\"readmore\"><a href=\"https:\/\/www.kittfort.cz\/sk\/produkty\/technicke-suroviny\/kostny-glej\/\" title=\"Read Kostn\u00fd glej\">Read more &raquo;<\/a><\/p>","protected":false},"author":1,"featured_media":40196,"parent":12690,"menu_order":37,"comment_status":"closed","ping_status":"closed","template":"full-page.php","meta":{"pgc_sgb_lightbox_settings":"","footnotes":""},"categories":[77],"tags":[],"class_list":["post-13202","page","type-page","status-publish","has-post-thumbnail","hentry","category-produkty-sk"],"yoast_head":"<!-- This site is optimized with the Yoast SEO plugin v27.6 - https:\/\/yoast.com\/product\/yoast-seo-wordpress\/ -->\n<title>Technick\u00e9 suroviny - KITTFORT.CZ<\/title>\n<meta name=\"robots\" content=\"index, follow, max-snippet:-1, max-image-preview:large, max-video-preview:-1\" \/>\n<link rel=\"canonical\" href=\"https:\/\/www.kittfort.cz\/sk\/produkty\/technicke-suroviny\/\" \/>\n<meta property=\"og:locale\" content=\"sk_SK\" \/>\n<meta property=\"og:type\" content=\"article\" \/>\n<meta property=\"og:title\" content=\"Technick\u00e9 suroviny - KITTFORT.CZ\" \/>\n<meta property=\"og:url\" content=\"https:\/\/www.kittfort.cz\/sk\/produkty\/technicke-suroviny\/\" \/>\n<meta property=\"og:site_name\" content=\"KITTFORT.CZ\" \/>\n<meta property=\"article:publisher\" content=\"https:\/\/www.facebook.com\/kittfort\" \/>\n<meta property=\"article:modified_time\" content=\"2023-05-11T19:59:13+00:00\" \/>\n<meta property=\"og:image\" content=\"https:\/\/www.kittfort.cz\/wp-content\/uploads\/2022\/04\/cistici-pripravky.png\" \/>\n\t<meta property=\"og:image:width\" content=\"600\" \/>\n\t<meta property=\"og:image:height\" content=\"375\" \/>\n\t<meta property=\"og:image:type\" content=\"image\/png\" \/>\n<meta name=\"twitter:card\" content=\"summary_large_image\" \/>\n<script type=\"application\/ld+json\" class=\"yoast-schema-graph\">{\"@context\":\"https:\\\/\\\/schema.org\",\"@graph\":[{\"@type\":\"WebPage\",\"@id\":\"https:\\\/\\\/www.kittfort.cz\\\/sk\\\/produkty\\\/technicke-suroviny\\\/\",\"url\":\"https:\\\/\\\/www.kittfort.cz\\\/sk\\\/produkty\\\/technicke-suroviny\\\/\",\"name\":\"Technick\u00e9 suroviny - KITTFORT.CZ\",\"isPartOf\":{\"@id\":\"https:\\\/\\\/www.kittfort.cz\\\/bg\\\/#website\"},\"primaryImageOfPage\":{\"@id\":\"https:\\\/\\\/www.kittfort.cz\\\/sk\\\/produkty\\\/technicke-suroviny\\\/#primaryimage\"},\"image\":{\"@id\":\"https:\\\/\\\/www.kittfort.cz\\\/sk\\\/produkty\\\/technicke-suroviny\\\/#primaryimage\"},\"thumbnailUrl\":\"https:\\\/\\\/www.kittfort.cz\\\/wp-content\\\/uploads\\\/2022\\\/04\\\/cistici-pripravky.png\",\"datePublished\":\"2016-12-20T15:23:00+00:00\",\"dateModified\":\"2023-05-11T19:59:13+00:00\",\"breadcrumb\":{\"@id\":\"https:\\\/\\\/www.kittfort.cz\\\/sk\\\/produkty\\\/technicke-suroviny\\\/#breadcrumb\"},\"inLanguage\":\"sk-SK\",\"potentialAction\":[{\"@type\":\"ReadAction\",\"target\":[\"https:\\\/\\\/www.kittfort.cz\\\/sk\\\/produkty\\\/technicke-suroviny\\\/\"]}]},{\"@type\":\"ImageObject\",\"inLanguage\":\"sk-SK\",\"@id\":\"https:\\\/\\\/www.kittfort.cz\\\/sk\\\/produkty\\\/technicke-suroviny\\\/#primaryimage\",\"url\":\"https:\\\/\\\/www.kittfort.cz\\\/wp-content\\\/uploads\\\/2022\\\/04\\\/cistici-pripravky.png\",\"contentUrl\":\"https:\\\/\\\/www.kittfort.cz\\\/wp-content\\\/uploads\\\/2022\\\/04\\\/cistici-pripravky.png\",\"width\":600,\"height\":375},{\"@type\":\"BreadcrumbList\",\"@id\":\"https:\\\/\\\/www.kittfort.cz\\\/sk\\\/produkty\\\/technicke-suroviny\\\/#breadcrumb\",\"itemListElement\":[{\"@type\":\"ListItem\",\"position\":1,\"name\":\"Dom\u016f\",\"item\":\"https:\\\/\\\/www.kittfort.cz\\\/sk\\\/uvodna-stranka\\\/\"},{\"@type\":\"ListItem\",\"position\":2,\"name\":\"Produkty\",\"item\":\"https:\\\/\\\/www.kittfort.cz\\\/sk\\\/produkty\\\/\"},{\"@type\":\"ListItem\",\"position\":3,\"name\":\"Technick\u00e9 suroviny\"}]},{\"@type\":\"WebSite\",\"@id\":\"https:\\\/\\\/www.kittfort.cz\\\/bg\\\/#website\",\"url\":\"https:\\\/\\\/www.kittfort.cz\\\/bg\\\/\",\"name\":\"KITTFORT.CZ\",\"description\":\"\u010desk\u00e9 v\u00fdrobky najvy\u0161\u0161ej kvality\",\"publisher\":{\"@id\":\"https:\\\/\\\/www.kittfort.cz\\\/bg\\\/#organization\"},\"potentialAction\":[{\"@type\":\"SearchAction\",\"target\":{\"@type\":\"EntryPoint\",\"urlTemplate\":\"https:\\\/\\\/www.kittfort.cz\\\/bg\\\/?s={search_term_string}\"},\"query-input\":{\"@type\":\"PropertyValueSpecification\",\"valueRequired\":true,\"valueName\":\"search_term_string\"}}],\"inLanguage\":\"sk-SK\"},{\"@type\":\"Organization\",\"@id\":\"https:\\\/\\\/www.kittfort.cz\\\/bg\\\/#organization\",\"name\":\"KITTFORT Praha\",\"url\":\"https:\\\/\\\/www.kittfort.cz\\\/bg\\\/\",\"logo\":{\"@type\":\"ImageObject\",\"inLanguage\":\"sk-SK\",\"@id\":\"https:\\\/\\\/www.kittfort.cz\\\/bg\\\/#\\\/schema\\\/logo\\\/image\\\/\",\"url\":\"https:\\\/\\\/www.kittfort.cz\\\/wp-content\\\/uploads\\\/2019\\\/06\\\/KITTFORT-logo-ver-2018.png\",\"contentUrl\":\"https:\\\/\\\/www.kittfort.cz\\\/wp-content\\\/uploads\\\/2019\\\/06\\\/KITTFORT-logo-ver-2018.png\",\"width\":500,\"height\":151,\"caption\":\"KITTFORT Praha\"},\"image\":{\"@id\":\"https:\\\/\\\/www.kittfort.cz\\\/bg\\\/#\\\/schema\\\/logo\\\/image\\\/\"},\"sameAs\":[\"https:\\\/\\\/www.facebook.com\\\/kittfort\",\"https:\\\/\\\/instagram.com\\\/kittfort.cz\"]}]}<\/script>\n<!-- \/ Yoast SEO plugin. -->","yoast_head_json":{"title":"Technick\u00e9 suroviny - KITTFORT.CZ","robots":{"index":"index","follow":"follow","max-snippet":"max-snippet:-1","max-image-preview":"max-image-preview:large","max-video-preview":"max-video-preview:-1"},"canonical":"https:\/\/www.kittfort.cz\/sk\/produkty\/technicke-suroviny\/","og_locale":"sk_SK","og_type":"article","og_title":"Technick\u00e9 suroviny - KITTFORT.CZ","og_url":"https:\/\/www.kittfort.cz\/sk\/produkty\/technicke-suroviny\/","og_site_name":"KITTFORT.CZ","article_publisher":"https:\/\/www.facebook.com\/kittfort","article_modified_time":"2023-05-11T19:59:13+00:00","og_image":[{"width":600,"height":375,"url":"https:\/\/www.kittfort.cz\/wp-content\/uploads\/2022\/04\/cistici-pripravky.png","type":"image\/png"}],"twitter_card":"summary_large_image","schema":{"@context":"https:\/\/schema.org","@graph":[{"@type":"WebPage","@id":"https:\/\/www.kittfort.cz\/sk\/produkty\/technicke-suroviny\/","url":"https:\/\/www.kittfort.cz\/sk\/produkty\/technicke-suroviny\/","name":"Technick\u00e9 suroviny - KITTFORT.CZ","isPartOf":{"@id":"https:\/\/www.kittfort.cz\/bg\/#website"},"primaryImageOfPage":{"@id":"https:\/\/www.kittfort.cz\/sk\/produkty\/technicke-suroviny\/#primaryimage"},"image":{"@id":"https:\/\/www.kittfort.cz\/sk\/produkty\/technicke-suroviny\/#primaryimage"},"thumbnailUrl":"https:\/\/www.kittfort.cz\/wp-content\/uploads\/2022\/04\/cistici-pripravky.png","datePublished":"2016-12-20T15:23:00+00:00","dateModified":"2023-05-11T19:59:13+00:00","breadcrumb":{"@id":"https:\/\/www.kittfort.cz\/sk\/produkty\/technicke-suroviny\/#breadcrumb"},"inLanguage":"sk-SK","potentialAction":[{"@type":"ReadAction","target":["https:\/\/www.kittfort.cz\/sk\/produkty\/technicke-suroviny\/"]}]},{"@type":"ImageObject","inLanguage":"sk-SK","@id":"https:\/\/www.kittfort.cz\/sk\/produkty\/technicke-suroviny\/#primaryimage","url":"https:\/\/www.kittfort.cz\/wp-content\/uploads\/2022\/04\/cistici-pripravky.png","contentUrl":"https:\/\/www.kittfort.cz\/wp-content\/uploads\/2022\/04\/cistici-pripravky.png","width":600,"height":375},{"@type":"BreadcrumbList","@id":"https:\/\/www.kittfort.cz\/sk\/produkty\/technicke-suroviny\/#breadcrumb","itemListElement":[{"@type":"ListItem","position":1,"name":"Dom\u016f","item":"https:\/\/www.kittfort.cz\/sk\/uvodna-stranka\/"},{"@type":"ListItem","position":2,"name":"Produkty","item":"https:\/\/www.kittfort.cz\/sk\/produkty\/"},{"@type":"ListItem","position":3,"name":"Technick\u00e9 suroviny"}]},{"@type":"WebSite","@id":"https:\/\/www.kittfort.cz\/bg\/#website","url":"https:\/\/www.kittfort.cz\/bg\/","name":"KITTFORT.CZ","description":"\u010desk\u00e9 v\u00fdrobky najvy\u0161\u0161ej kvality","publisher":{"@id":"https:\/\/www.kittfort.cz\/bg\/#organization"},"potentialAction":[{"@type":"SearchAction","target":{"@type":"EntryPoint","urlTemplate":"https:\/\/www.kittfort.cz\/bg\/?s={search_term_string}"},"query-input":{"@type":"PropertyValueSpecification","valueRequired":true,"valueName":"search_term_string"}}],"inLanguage":"sk-SK"},{"@type":"Organization","@id":"https:\/\/www.kittfort.cz\/bg\/#organization","name":"KITTFORT Praha","url":"https:\/\/www.kittfort.cz\/bg\/","logo":{"@type":"ImageObject","inLanguage":"sk-SK","@id":"https:\/\/www.kittfort.cz\/bg\/#\/schema\/logo\/image\/","url":"https:\/\/www.kittfort.cz\/wp-content\/uploads\/2019\/06\/KITTFORT-logo-ver-2018.png","contentUrl":"https:\/\/www.kittfort.cz\/wp-content\/uploads\/2019\/06\/KITTFORT-logo-ver-2018.png","width":500,"height":151,"caption":"KITTFORT Praha"},"image":{"@id":"https:\/\/www.kittfort.cz\/bg\/#\/schema\/logo\/image\/"},"sameAs":["https:\/\/www.facebook.com\/kittfort","https:\/\/instagram.com\/kittfort.cz"]}]}},"rttpg_featured_image_url":{"full":["https:\/\/www.kittfort.cz\/wp-content\/uploads\/2022\/04\/cistici-pripravky.png",600,375,false],"landscape":["https:\/\/www.kittfort.cz\/wp-content\/uploads\/2022\/04\/cistici-pripravky.png",600,375,false],"portraits":["https:\/\/www.kittfort.cz\/wp-content\/uploads\/2022\/04\/cistici-pripravky.png",600,375,false],"thumbnail":["https:\/\/www.kittfort.cz\/wp-content\/uploads\/2022\/04\/cistici-pripravky-320x200.png",320,200,true],"medium":["https:\/\/www.kittfort.cz\/wp-content\/uploads\/2022\/04\/cistici-pripravky-400x250.png",400,250,true],"large":["https:\/\/www.kittfort.cz\/wp-content\/uploads\/2022\/04\/cistici-pripravky.png",600,375,false],"timeline-express":["https:\/\/www.kittfort.cz\/wp-content\/uploads\/2022\/04\/cistici-pripravky-350x120.png",350,120,true],"timeline-express-thumbnail":["https:\/\/www.kittfort.cz\/wp-content\/uploads\/2022\/04\/cistici-pripravky-200x120.png",200,120,true],"1536x1536":["https:\/\/www.kittfort.cz\/wp-content\/uploads\/2022\/04\/cistici-pripravky.png",600,375,false],"2048x2048":["https:\/\/www.kittfort.cz\/wp-content\/uploads\/2022\/04\/cistici-pripravky.png",600,375,false],"post-thumbnail":["https:\/\/www.kittfort.cz\/wp-content\/uploads\/2022\/04\/cistici-pripravky-250x250.png",250,250,true],"rpwe-thumbnail":["https:\/\/www.kittfort.cz\/wp-content\/uploads\/2022\/04\/cistici-pripravky-45x45.png",45,45,true],"fpw_square":["https:\/\/www.kittfort.cz\/wp-content\/uploads\/2022\/04\/cistici-pripravky-200x200.png",200,200,true],"fpw_banner":["https:\/\/www.kittfort.cz\/wp-content\/uploads\/2022\/04\/cistici-pripravky-400x150.png",400,150,true],"fpw_big":["https:\/\/www.kittfort.cz\/wp-content\/uploads\/2022\/04\/cistici-pripravky-400x250.png",400,250,true],"rt_custom":["https:\/\/www.kittfort.cz\/wp-content\/uploads\/2022\/04\/cistici-pripravky.png",600,375,false]},"rttpg_author":{"display_name":"kittfort","author_link":"https:\/\/www.kittfort.cz\/sk\/author\/kittfortcz\/"},"rttpg_comment":0,"rttpg_category":" <a href=\"https:\/\/www.kittfort.cz\/sk\/category\/produkty-sk\/\" rel=\"tag\">Produkty<\/a>","rttpg_excerpt":null,"_links":{"self":[{"href":"https:\/\/www.kittfort.cz\/sk\/wp-json\/wp\/v2\/pages\/13202","targetHints":{"allow":["GET"]}}],"collection":[{"href":"https:\/\/www.kittfort.cz\/sk\/wp-json\/wp\/v2\/pages"}],"about":[{"href":"https:\/\/www.kittfort.cz\/sk\/wp-json\/wp\/v2\/types\/page"}],"author":[{"embeddable":true,"href":"https:\/\/www.kittfort.cz\/sk\/wp-json\/wp\/v2\/users\/1"}],"replies":[{"embeddable":true,"href":"https:\/\/www.kittfort.cz\/sk\/wp-json\/wp\/v2\/comments?post=13202"}],"version-history":[{"count":0,"href":"https:\/\/www.kittfort.cz\/sk\/wp-json\/wp\/v2\/pages\/13202\/revisions"}],"up":[{"embeddable":true,"href":"https:\/\/www.kittfort.cz\/sk\/wp-json\/wp\/v2\/pages\/12690"}],"wp:featuredmedia":[{"embeddable":true,"href":"https:\/\/www.kittfort.cz\/sk\/wp-json\/wp\/v2\/media\/40196"}],"wp:attachment":[{"href":"https:\/\/www.kittfort.cz\/sk\/wp-json\/wp\/v2\/media?parent=13202"}],"wp:term":[{"taxonomy":"category","embeddable":true,"href":"https:\/\/www.kittfort.cz\/sk\/wp-json\/wp\/v2\/categories?post=13202"},{"taxonomy":"post_tag","embeddable":true,"href":"https:\/\/www.kittfort.cz\/sk\/wp-json\/wp\/v2\/tags?post=13202"}],"curies":[{"name":"wp","href":"https:\/\/api.w.org\/{rel}","templated":true}]}}