{"id":13237,"date":"2016-12-20T18:30:44","date_gmt":"2016-12-20T17:30:44","guid":{"rendered":"http:\/\/www.kittfort.cz\/sk\/?page_id=13237"},"modified":"2025-05-04T20:26:51","modified_gmt":"2025-05-04T18:26:51","slug":"zelena-skalica","status":"publish","type":"page","link":"https:\/\/www.kittfort.cz\/sk\/produkty\/technicke-suroviny\/zelena-skalica\/","title":{"rendered":"Zelen\u00e1 skalica"},"content":{"rendered":"\n<div class=\"wp-block-columns is-layout-flex wp-container-core-columns-is-layout-9d6595d7 wp-block-columns-is-layout-flex\">\n<div class=\"wp-block-column is-vertically-aligned-center is-layout-flow wp-block-column-is-layout-flow\"><div class=\"pgc-sgb-cb wp-block-pgcsimplygalleryblock-viewer \" data-gallery-id=\"2d388088\"><div class=\"sgb-preloader\" id=\"pr_2d388088\">\n\t<div class=\"sgb-square\" style=\"background:#d4d4d4\"><\/div>\n\t<div class=\"sgb-square\" style=\"background:#d4d4d4\"><\/div>\n\t<div class=\"sgb-square\" style=\"background:#d4d4d4\"><\/div>\n\t<div class=\"sgb-square\" style=\"background:#d4d4d4\"><\/div><\/div><div class=\"simply-gallery-amp pgc_sgb_slider \"><noscript><div class=\"sgb-gallery\"><div class=\"sgb-item\"><a href=\"https:\/\/www.kittfort.cz\/sk\/produkty\/technicke-suroviny\/zelena-skalica\/zelena-skalice-2\/\" target=\"_blank\"><img decoding=\"async\" alt=\"Zelen\u00e1 skalica\" width=\"400\" height=\"400\" loading=\"lazy\" src=\"https:\/\/www.kittfort.cz\/wp-content\/uploads\/2023\/06\/Zelena-skalice-400x400.jpg\" srcset=\"https:\/\/www.kittfort.cz\/wp-content\/uploads\/2023\/06\/Zelena-skalice-400x400.jpg 400w,https:\/\/www.kittfort.cz\/wp-content\/uploads\/2023\/06\/Zelena-skalice.jpg 1500w\" sizes=\"auto, 250px\"\/><\/a><\/div><\/div><\/noscript><\/div><script type=\"application\/json\" class=\"sgb-data\">{\"isPremium\":true,\"galleryType\":\"pgc_sgb_viewer\",\"galleryId\":\"2d388088\",\"images\":[{\"id\":54779,\"title\":\"Zelen\u00e1 skalica\",\"url\":\"https:\/\/www.kittfort.cz\/wp-content\/uploads\/2023\/06\/Zelena-skalice.jpg\",\"link\":\"https:\/\/www.kittfort.cz\/sk\/produkty\/technicke-suroviny\/zelena-skalica\/zelena-skalice-2\/\",\"alt\":\"Zelen\u00e1 skalica\",\"description\":\"\",\"caption\":\"\",\"mime\":\"image\/jpeg\",\"type\":\"image\",\"width\":1500,\"height\":1500,\"sizes\":{\"thumbnail\":{\"url\":\"https:\/\/www.kittfort.cz\/wp-content\/uploads\/2023\/06\/Zelena-skalice-200x200.jpg\",\"height\":200,\"width\":200,\"orientation\":\"landscape\"},\"medium\":{\"url\":\"https:\/\/www.kittfort.cz\/wp-content\/uploads\/2023\/06\/Zelena-skalice-400x400.jpg\",\"height\":400,\"width\":400,\"orientation\":\"landscape\"},\"full\":{\"url\":\"https:\/\/www.kittfort.cz\/wp-content\/uploads\/2023\/06\/Zelena-skalice.jpg\",\"height\":1500,\"width\":1500,\"orientation\":\"landscape\"}},\"imageMeta\":{\"aperture\":\"22\",\"credit\":\"\",\"camera\":\"NIKON D5000\",\"caption\":\"\",\"created_timestamp\":\"1510164166\",\"copyright\":\"\",\"focal_length\":\"40\",\"iso\":\"200\",\"shutter_speed\":\"0.008\",\"title\":\"\",\"orientation\":\"1\",\"keywords\":[]},\"meta\":false,\"postlink\":\"https:\/\/www.kittfort.cz\/sk\/produkty\/technicke-suroviny\/zelena-skalica\/zelena-skalice-2\/\"}],\"sliderRatio\":0.90000000000000002220446049250313080847263336181640625,\"sliderStyle\":\"cleanStyle\",\"sliderNextPrevAnimation\":\"fade\",\"sliderItemCounterEnable\":false,\"sliderBgColor\":\"rgba(255,255,255,0.61)\",\"sliderNavigationColor\":\"rgba(0,0,0,0)\",\"sliderNavigationColorOver\":\"rgba(0,0,0,0.16)\",\"sliderSocialShareEnabled\":false,\"sliderResizeEnable\":false,\"sliderItemDownload\":false,\"collectionColumns\":4,\"collectionthumbActiveColor\":\"rgba(237,237,237,1)\",\"openPopupId\":\"\",\"itemsMetaDataCollection\":[]}<\/script><script>(function(){if(window.PGC_SGB && window.PGC_SGB.searcher){window.PGC_SGB.searcher.initBlocks()}})()<\/script><\/div>\n\n\n<div style=\"height:3em\" aria-hidden=\"true\" class=\"wp-block-spacer\"><\/div>\n<\/div>\n\n\n\n<div class=\"wp-block-column is-layout-flow wp-block-column-is-layout-flow\">\n<div class=\"wp-block-group is-layout-flex wp-block-group-is-layout-flex\">\n<h3 class=\"wp-block-heading title-product\">Zelen\u00e1 skalica<\/h3>\n\n\n\n<p><strong>Zelen\u00e1 skalica<\/strong> (s\u00edran \u017eeleznat\u00fd FeSO<sub>4<\/sub>.7H<sub>2<\/sub>O) sa pou\u017e\u00edva na ni\u010denie machov a&nbsp;li\u0161ajn\u00edkov, proti chrastavosti a&nbsp;ku\u010deravosti ovocn\u00fdch stromov v&nbsp;dobe vegeta\u010dn\u00e9ho k\u013eudu, predov\u0161etk\u00fdm vo vod\u00e1renstve ako koagulant pri \u00faprave pitn\u00fdch, priemyseln\u00fdch a&nbsp;odpadov\u00fdch v\u00f4d a&nbsp;na \u010fal\u0161ie priemyseln\u00e9 \u00fa\u010dely. <\/p>\n\n\n\n<p><strong>D\u00e1vkovanie: <\/strong>machy a&nbsp;li\u0161ajn\u00edky 4% roztok a&nbsp;chrastavos\u0165 a&nbsp;ku\u010deravos\u0165 stromov 8% roztok.<\/p>\n<\/div>\n\n\n\n<div style=\"height:26px\" aria-hidden=\"true\" class=\"wp-block-spacer\"><\/div>\n\n\n\n<div class=\"wp-block-group is-layout-flex wp-block-group-is-layout-flex\">\n<div class=\"wp-block-buttons is-content-justification-space-between is-layout-flex wp-container-core-buttons-is-layout-256aec57 wp-block-buttons-is-layout-flex\">\n<div class=\"wp-block-button has-custom-font-size btn-txt\" style=\"font-size:1.5em\"><a class=\"wp-block-button__link wp-element-button\" href=\"https:\/\/www.kittfort.cz\/sk\/na-stiahnutie\/katalogy-a-brozury\/\" title=\"Katal\u00f3gy a bro\u017e\u00fary\" style=\"border-radius:0px\"><i class=\"fas fa-book-open\"><\/i><\/a><\/div>\n\n\n\n<div class=\"wp-block-button has-custom-font-size btn-txt\" style=\"font-size:1.5em\"><a class=\"wp-block-button__link wp-element-button\" href=\"https:\/\/www.kittfort.cz\/sk\/na-stiahnutie\/propagacne-materialy\/\" title=\"Propaga\u010dn\u00e9 materi\u00e1ly\" style=\"border-radius:0px\"><i class=\"fas fa-palette\"><\/i><\/a><\/div>\n\n\n\n<div class=\"wp-block-button has-custom-font-size btn-txt\" style=\"font-size:1.5em\"><a class=\"wp-block-button__link wp-element-button\" href=\"https:\/\/www.youtube.com\/channel\/UCeBliorfsj942FmZp-hOC0A\" title=\"YouTube\" style=\"border-radius:0px\" target=\"_blank\" rel=\"noreferrer noopener\"><i class=\"fab fa-youtube\"><\/i><\/a><\/div>\n\n\n\n<div class=\"wp-block-button has-custom-font-size btn-txt\" style=\"font-size:1.5em\"><a class=\"wp-block-button__link wp-element-button\" href=\"javascript:window.print()\" title=\"Vytla\u010di\u0165\" style=\"border-radius:0px\"><i class=\"fas fa-print\"><\/i><\/a><\/div>\n<\/div>\n<\/div>\n<\/div>\n<\/div>\n\n\n\n<div class=\"wp-block-columns is-layout-flex wp-container-core-columns-is-layout-9d6595d7 wp-block-columns-is-layout-flex\">\n<div class=\"wp-block-column is-layout-flow wp-block-column-is-layout-flow\"><div id=\"accordions-13238\" class=\"accordions-13238 accordions\" data-accordions={&quot;lazyLoad&quot;:true,&quot;id&quot;:&quot;13238&quot;,&quot;event&quot;:&quot;click&quot;,&quot;collapsible&quot;:&quot;true&quot;,&quot;heightStyle&quot;:&quot;content&quot;,&quot;animateStyle&quot;:&quot;swing&quot;,&quot;animateDelay&quot;:1000,&quot;navigation&quot;:true,&quot;active&quot;:999,&quot;expandedOther&quot;:&quot;no&quot;}>\r\n                <div id=\"accordions-lazy-13238\" class=\"accordions-lazy\" accordionsId=\"13238\">\r\n                    <\/div>\r\n\r\n    <div class=\"items\"  style=\"display:none\" >\r\n    \r\n            <div post_id=\"13238\" itemcount=\"0\"  header_id=\"header-0\" id=\"header-0\" style=\"\" class=\"accordions-head head0 border-none\" toggle-text=\"\" main-text=\"EAN\">\r\n                                    <span id=\"accordion-icons-0\" class=\"accordion-icons\">\r\n                        <span class=\"accordion-icon-active accordion-plus\"><i class=\"fa fa-plus\"><\/i><\/span>\r\n                        <span class=\"accordion-icon-inactive accordion-minus\"><i class=\"fa fa-minus\"><\/i><\/span>\r\n                    <\/span>\r\n                    <span id=\"header-text-0\" class=\"accordions-head-title\">EAN<\/span>\r\n                            <\/div>\r\n            <div class=\"accordion-content content0 \">\r\n                <table class=\"tableProducts\" border=\"0\" cellspacing=\"0\" cellpadding=\"5\">\n<tbody>\n<tr>\n<td>Zelen\u00e1 skalica 1 kg<\/td>\n<td class=\"tblRight\">8595030510220<\/td>\n<\/tr>\n<\/tbody>\n<\/table>\n            <\/div>\r\n    \r\n            <div post_id=\"13238\" itemcount=\"1\"  header_id=\"header-1482254801461\" id=\"header-1482254801461\" style=\"\" class=\"accordions-head head1482254801461 border-none\" toggle-text=\"\" main-text=\"Na stiahnutie\">\r\n                                    <span id=\"accordion-icons-1482254801461\" class=\"accordion-icons\">\r\n                        <span class=\"accordion-icon-active accordion-plus\"><i class=\"fa fa-plus\"><\/i><\/span>\r\n                        <span class=\"accordion-icon-inactive accordion-minus\"><i class=\"fa fa-minus\"><\/i><\/span>\r\n                    <\/span>\r\n                    <span id=\"header-text-1482254801461\" class=\"accordions-head-title\">Na stiahnutie<\/span>\r\n                            <\/div>\r\n            <div class=\"accordion-content content1482254801461 \">\r\n                <table class=\"tableProducts\" border=\"0\" cellspacing=\"0\" cellpadding=\"5\">\n<tbody>\n<tr>\n<td><i class=\"far fa-image\"><\/i> Zelen\u00e1 skalica<\/td>\n<td><a title=\"form\u00e1t jpg\" href=\"http:\/\/www.kittfort.cz\/wp-content\/uploads\/2017\/11\/Zelena-skalice-1kg-v2017.jpg\" target=\"_blank\" rel=\"noopener\"><i class=\"fas fa-download\"><\/i><\/a><\/td>\n<\/tr>\n<\/tbody>\n<\/table>\n<p>Pozn\u00e1mka: Obr\u00e1zky na stiahnutie vo form\u00e1te *.jpg s\u00fa v rozl\u00ed\u0161en\u00ed 300 DPI a RGB farb\u00e1ch.<\/p>\n            <\/div>\r\n    <\/div>\r\n\r\n\r\n\r\n            <\/div>\n<\/div>\n\n\n\n<div class=\"wp-block-column is-layout-flow wp-block-column-is-layout-flow\">\n<div class=\"wp-block-group is-layout-flex wp-block-group-is-layout-flex\">\n<div class=\"container overflow-hidden boxRightDetails\">\n<div class=\"row gy-2 boxRightDetails\">\n<div class=\"col-4 p-4 boxRightDetailsBox\"><span>Balenie:<\/span> 1&nbsp;kg<\/div>\n<div class=\"col-4 box2 p-4 boxRightDetailsBox\"><span>Odtie\u0148:<\/span> tmavo zelen\u00e1 a\u017e hned\u00e1<\/div>\n<div class=\"col-4 p-4 boxRightDetailsBox\"><span>Riedidlo a&nbsp;um\u00fdvanie pom\u00f4cok:<\/span> tepl\u00e1 voda<\/div>\n<div class=\"col-6 box1 p-4 boxRightDetailsBox\"><span>Skladovanie a&nbsp;preprava:<\/span> +5&nbsp;\u00b0C a\u017e +25&nbsp;\u00b0C na suchom mieste. Uchov\u00e1vajte mimo dosahu det\u00ed!<\/div>\n<div class=\"col-6 p-4 boxRightDetailsBox\"><span>Z\u00e1ru\u010dn\u00e1 doba:<\/span> 24 mesiacov od d\u00e1tumu plnenia uveden\u00e9ho na obale v&nbsp;neporu\u0161enom balen\u00ed<\/div>\n<div class=\"col-4 box1 p-4 boxRightDetailsBox boxRed\"><span>\u0160pecifick\u00e1 rizikovos\u0165:<\/span> Varovanie<\/div>\n<div class=\"col-8 p-4 boxRightDetailsBox boxRed\"><span>V\u00fdstra\u017en\u00e9 upozornenia: <\/span> \u0160kodliv\u00fd po&nbsp;po\u017eit\u00ed. Sp\u00f4sobuje v\u00e1\u017ene poleptanie ko\u017ee a&nbsp;po\u0161kodenie o\u010d\u00ed. Dr\u00e1\u017edi ko\u017eu. Sp\u00f4sobuje v\u00e1\u017ene podr\u00e1\u017edenie o\u010d\u00ed.<\/div>\n<\/div>\n<\/div>\n<\/div>\n<\/div>\n<\/div>\n\n\n\n<div style=\"height:40px\" aria-hidden=\"true\" class=\"wp-block-spacer\"><\/div>\n","protected":false},"excerpt":{"rendered":"<p>Pou\u017e\u00edva sa na ni\u010denie machov a&nbsp;li\u0161ajn\u00edkov, proti chrastavosti a&nbsp;ku\u010deravosti ovocn\u00fdch stromov v&nbsp;dobe vegeta\u010dn\u00e9ho k\u013eudu, predov\u0161etk\u00fdm vo vod\u00e1renstve ako koagulant pri \u00faprave pitn\u00fdch, priemyseln\u00fdch a&nbsp;odpadov\u00fdch v\u00f4d a&nbsp;na \u010fal\u0161ie priemyseln\u00e9 \u00fa\u010dely.<\/p>\n","protected":false},"author":1,"featured_media":33052,"parent":13202,"menu_order":7,"comment_status":"closed","ping_status":"closed","template":"full-page-product.php","meta":{"pgc_sgb_lightbox_settings":"","footnotes":""},"categories":[89],"tags":[249,209],"class_list":["post-13237","page","type-page","status-publish","has-post-thumbnail","hentry","category-technicke-suroviny-sk","tag-ostatne-technicke-suroviny","tag-pripravky-pre-zahradu"],"yoast_head":"<!-- This site is optimized with the Yoast SEO plugin v27.4 - https:\/\/yoast.com\/product\/yoast-seo-wordpress\/ -->\n<title>Zelen\u00e1 skalica - KITTFORT.CZ<\/title>\n<meta name=\"description\" content=\"Zelen\u00e1 skalica sa pou\u017e\u00edva na ni\u010denie machov a\u00a0li\u0161ajn\u00edkov, proti chrastavosti a ku\u010deravosti ovocn\u00fdch stromov v dobe vegeta\u010dn\u00e9ho k\u013eudu, predov\u0161etk\u00fdm vo vod\u00e1renstve ako koagulant pri \u00faprave pitn\u00fdch, priemyseln\u00fdch a odpadov\u00fdch v\u00f4d.\" \/>\n<meta name=\"robots\" content=\"index, follow, max-snippet:-1, max-image-preview:large, max-video-preview:-1\" \/>\n<link rel=\"canonical\" href=\"https:\/\/www.kittfort.cz\/sk\/produkty\/technicke-suroviny\/zelena-skalica\/\" \/>\n<meta property=\"og:locale\" content=\"sk_SK\" \/>\n<meta property=\"og:type\" content=\"article\" \/>\n<meta property=\"og:title\" content=\"Zelen\u00e1 skalica - KITTFORT.CZ\" \/>\n<meta property=\"og:description\" content=\"Zelen\u00e1 skalica sa pou\u017e\u00edva na ni\u010denie machov a\u00a0li\u0161ajn\u00edkov, proti chrastavosti a ku\u010deravosti ovocn\u00fdch stromov v dobe vegeta\u010dn\u00e9ho k\u013eudu, predov\u0161etk\u00fdm vo vod\u00e1renstve ako koagulant pri \u00faprave pitn\u00fdch, priemyseln\u00fdch a odpadov\u00fdch v\u00f4d.\" \/>\n<meta property=\"og:url\" content=\"https:\/\/www.kittfort.cz\/sk\/produkty\/technicke-suroviny\/zelena-skalica\/\" \/>\n<meta property=\"og:site_name\" content=\"KITTFORT.CZ\" \/>\n<meta property=\"article:publisher\" content=\"https:\/\/www.facebook.com\/kittfort\" \/>\n<meta property=\"article:modified_time\" content=\"2025-05-04T18:26:51+00:00\" \/>\n<meta property=\"og:image\" content=\"https:\/\/www.kittfort.cz\/wp-content\/uploads\/2017\/11\/zelena_skalice17.png\" \/>\n\t<meta property=\"og:image:width\" content=\"400\" \/>\n\t<meta property=\"og:image:height\" content=\"250\" \/>\n\t<meta property=\"og:image:type\" content=\"image\/png\" \/>\n<meta name=\"twitter:card\" content=\"summary_large_image\" \/>\n<meta name=\"twitter:label1\" content=\"Predpokladan\u00fd \u010das \u010d\u00edtania\" \/>\n\t<meta name=\"twitter:data1\" content=\"2 min\u00faty\" \/>\n<script type=\"application\/ld+json\" class=\"yoast-schema-graph\">{\"@context\":\"https:\\\/\\\/schema.org\",\"@graph\":[{\"@type\":\"WebPage\",\"@id\":\"https:\\\/\\\/www.kittfort.cz\\\/sk\\\/produkty\\\/technicke-suroviny\\\/zelena-skalica\\\/\",\"url\":\"https:\\\/\\\/www.kittfort.cz\\\/sk\\\/produkty\\\/technicke-suroviny\\\/zelena-skalica\\\/\",\"name\":\"Zelen\u00e1 skalica - KITTFORT.CZ\",\"isPartOf\":{\"@id\":\"https:\\\/\\\/www.kittfort.cz\\\/bg\\\/#website\"},\"primaryImageOfPage\":{\"@id\":\"https:\\\/\\\/www.kittfort.cz\\\/sk\\\/produkty\\\/technicke-suroviny\\\/zelena-skalica\\\/#primaryimage\"},\"image\":{\"@id\":\"https:\\\/\\\/www.kittfort.cz\\\/sk\\\/produkty\\\/technicke-suroviny\\\/zelena-skalica\\\/#primaryimage\"},\"thumbnailUrl\":\"https:\\\/\\\/www.kittfort.cz\\\/wp-content\\\/uploads\\\/2017\\\/11\\\/zelena_skalice17.png\",\"datePublished\":\"2016-12-20T17:30:44+00:00\",\"dateModified\":\"2025-05-04T18:26:51+00:00\",\"description\":\"Zelen\u00e1 skalica sa pou\u017e\u00edva na ni\u010denie machov a\u00a0li\u0161ajn\u00edkov, proti chrastavosti a ku\u010deravosti ovocn\u00fdch stromov v dobe vegeta\u010dn\u00e9ho k\u013eudu, predov\u0161etk\u00fdm vo vod\u00e1renstve ako koagulant pri \u00faprave pitn\u00fdch, priemyseln\u00fdch a odpadov\u00fdch v\u00f4d.\",\"breadcrumb\":{\"@id\":\"https:\\\/\\\/www.kittfort.cz\\\/sk\\\/produkty\\\/technicke-suroviny\\\/zelena-skalica\\\/#breadcrumb\"},\"inLanguage\":\"sk-SK\",\"potentialAction\":[{\"@type\":\"ReadAction\",\"target\":[\"https:\\\/\\\/www.kittfort.cz\\\/sk\\\/produkty\\\/technicke-suroviny\\\/zelena-skalica\\\/\"]}]},{\"@type\":\"ImageObject\",\"inLanguage\":\"sk-SK\",\"@id\":\"https:\\\/\\\/www.kittfort.cz\\\/sk\\\/produkty\\\/technicke-suroviny\\\/zelena-skalica\\\/#primaryimage\",\"url\":\"https:\\\/\\\/www.kittfort.cz\\\/wp-content\\\/uploads\\\/2017\\\/11\\\/zelena_skalice17.png\",\"contentUrl\":\"https:\\\/\\\/www.kittfort.cz\\\/wp-content\\\/uploads\\\/2017\\\/11\\\/zelena_skalice17.png\",\"width\":400,\"height\":250},{\"@type\":\"BreadcrumbList\",\"@id\":\"https:\\\/\\\/www.kittfort.cz\\\/sk\\\/produkty\\\/technicke-suroviny\\\/zelena-skalica\\\/#breadcrumb\",\"itemListElement\":[{\"@type\":\"ListItem\",\"position\":1,\"name\":\"Dom\u016f\",\"item\":\"https:\\\/\\\/www.kittfort.cz\\\/sk\\\/uvodna-stranka\\\/\"},{\"@type\":\"ListItem\",\"position\":2,\"name\":\"Produkty\",\"item\":\"https:\\\/\\\/www.kittfort.cz\\\/sk\\\/produkty\\\/\"},{\"@type\":\"ListItem\",\"position\":3,\"name\":\"Technick\u00e9 suroviny\",\"item\":\"https:\\\/\\\/www.kittfort.cz\\\/sk\\\/produkty\\\/technicke-suroviny\\\/\"},{\"@type\":\"ListItem\",\"position\":4,\"name\":\"Zelen\u00e1 skalica\"}]},{\"@type\":\"WebSite\",\"@id\":\"https:\\\/\\\/www.kittfort.cz\\\/bg\\\/#website\",\"url\":\"https:\\\/\\\/www.kittfort.cz\\\/bg\\\/\",\"name\":\"KITTFORT.CZ\",\"description\":\"\u010desk\u00e9 v\u00fdrobky najvy\u0161\u0161ej kvality\",\"publisher\":{\"@id\":\"https:\\\/\\\/www.kittfort.cz\\\/bg\\\/#organization\"},\"potentialAction\":[{\"@type\":\"SearchAction\",\"target\":{\"@type\":\"EntryPoint\",\"urlTemplate\":\"https:\\\/\\\/www.kittfort.cz\\\/bg\\\/?s={search_term_string}\"},\"query-input\":{\"@type\":\"PropertyValueSpecification\",\"valueRequired\":true,\"valueName\":\"search_term_string\"}}],\"inLanguage\":\"sk-SK\"},{\"@type\":\"Organization\",\"@id\":\"https:\\\/\\\/www.kittfort.cz\\\/bg\\\/#organization\",\"name\":\"KITTFORT Praha\",\"url\":\"https:\\\/\\\/www.kittfort.cz\\\/bg\\\/\",\"logo\":{\"@type\":\"ImageObject\",\"inLanguage\":\"sk-SK\",\"@id\":\"https:\\\/\\\/www.kittfort.cz\\\/bg\\\/#\\\/schema\\\/logo\\\/image\\\/\",\"url\":\"https:\\\/\\\/www.kittfort.cz\\\/wp-content\\\/uploads\\\/2019\\\/06\\\/KITTFORT-logo-ver-2018.png\",\"contentUrl\":\"https:\\\/\\\/www.kittfort.cz\\\/wp-content\\\/uploads\\\/2019\\\/06\\\/KITTFORT-logo-ver-2018.png\",\"width\":500,\"height\":151,\"caption\":\"KITTFORT Praha\"},\"image\":{\"@id\":\"https:\\\/\\\/www.kittfort.cz\\\/bg\\\/#\\\/schema\\\/logo\\\/image\\\/\"},\"sameAs\":[\"https:\\\/\\\/www.facebook.com\\\/kittfort\",\"https:\\\/\\\/instagram.com\\\/kittfort.cz\"]}]}<\/script>\n<!-- \/ Yoast SEO plugin. -->","yoast_head_json":{"title":"Zelen\u00e1 skalica - KITTFORT.CZ","description":"Zelen\u00e1 skalica sa pou\u017e\u00edva na ni\u010denie machov a\u00a0li\u0161ajn\u00edkov, proti chrastavosti a ku\u010deravosti ovocn\u00fdch stromov v dobe vegeta\u010dn\u00e9ho k\u013eudu, predov\u0161etk\u00fdm vo vod\u00e1renstve ako koagulant pri \u00faprave pitn\u00fdch, priemyseln\u00fdch a odpadov\u00fdch v\u00f4d.","robots":{"index":"index","follow":"follow","max-snippet":"max-snippet:-1","max-image-preview":"max-image-preview:large","max-video-preview":"max-video-preview:-1"},"canonical":"https:\/\/www.kittfort.cz\/sk\/produkty\/technicke-suroviny\/zelena-skalica\/","og_locale":"sk_SK","og_type":"article","og_title":"Zelen\u00e1 skalica - KITTFORT.CZ","og_description":"Zelen\u00e1 skalica sa pou\u017e\u00edva na ni\u010denie machov a\u00a0li\u0161ajn\u00edkov, proti chrastavosti a ku\u010deravosti ovocn\u00fdch stromov v dobe vegeta\u010dn\u00e9ho k\u013eudu, predov\u0161etk\u00fdm vo vod\u00e1renstve ako koagulant pri \u00faprave pitn\u00fdch, priemyseln\u00fdch a odpadov\u00fdch v\u00f4d.","og_url":"https:\/\/www.kittfort.cz\/sk\/produkty\/technicke-suroviny\/zelena-skalica\/","og_site_name":"KITTFORT.CZ","article_publisher":"https:\/\/www.facebook.com\/kittfort","article_modified_time":"2025-05-04T18:26:51+00:00","og_image":[{"width":400,"height":250,"url":"https:\/\/www.kittfort.cz\/wp-content\/uploads\/2017\/11\/zelena_skalice17.png","type":"image\/png"}],"twitter_card":"summary_large_image","twitter_misc":{"Predpokladan\u00fd \u010das \u010d\u00edtania":"2 min\u00faty"},"schema":{"@context":"https:\/\/schema.org","@graph":[{"@type":"WebPage","@id":"https:\/\/www.kittfort.cz\/sk\/produkty\/technicke-suroviny\/zelena-skalica\/","url":"https:\/\/www.kittfort.cz\/sk\/produkty\/technicke-suroviny\/zelena-skalica\/","name":"Zelen\u00e1 skalica - KITTFORT.CZ","isPartOf":{"@id":"https:\/\/www.kittfort.cz\/bg\/#website"},"primaryImageOfPage":{"@id":"https:\/\/www.kittfort.cz\/sk\/produkty\/technicke-suroviny\/zelena-skalica\/#primaryimage"},"image":{"@id":"https:\/\/www.kittfort.cz\/sk\/produkty\/technicke-suroviny\/zelena-skalica\/#primaryimage"},"thumbnailUrl":"https:\/\/www.kittfort.cz\/wp-content\/uploads\/2017\/11\/zelena_skalice17.png","datePublished":"2016-12-20T17:30:44+00:00","dateModified":"2025-05-04T18:26:51+00:00","description":"Zelen\u00e1 skalica sa pou\u017e\u00edva na ni\u010denie machov a\u00a0li\u0161ajn\u00edkov, proti chrastavosti a ku\u010deravosti ovocn\u00fdch stromov v dobe vegeta\u010dn\u00e9ho k\u013eudu, predov\u0161etk\u00fdm vo vod\u00e1renstve ako koagulant pri \u00faprave pitn\u00fdch, priemyseln\u00fdch a odpadov\u00fdch v\u00f4d.","breadcrumb":{"@id":"https:\/\/www.kittfort.cz\/sk\/produkty\/technicke-suroviny\/zelena-skalica\/#breadcrumb"},"inLanguage":"sk-SK","potentialAction":[{"@type":"ReadAction","target":["https:\/\/www.kittfort.cz\/sk\/produkty\/technicke-suroviny\/zelena-skalica\/"]}]},{"@type":"ImageObject","inLanguage":"sk-SK","@id":"https:\/\/www.kittfort.cz\/sk\/produkty\/technicke-suroviny\/zelena-skalica\/#primaryimage","url":"https:\/\/www.kittfort.cz\/wp-content\/uploads\/2017\/11\/zelena_skalice17.png","contentUrl":"https:\/\/www.kittfort.cz\/wp-content\/uploads\/2017\/11\/zelena_skalice17.png","width":400,"height":250},{"@type":"BreadcrumbList","@id":"https:\/\/www.kittfort.cz\/sk\/produkty\/technicke-suroviny\/zelena-skalica\/#breadcrumb","itemListElement":[{"@type":"ListItem","position":1,"name":"Dom\u016f","item":"https:\/\/www.kittfort.cz\/sk\/uvodna-stranka\/"},{"@type":"ListItem","position":2,"name":"Produkty","item":"https:\/\/www.kittfort.cz\/sk\/produkty\/"},{"@type":"ListItem","position":3,"name":"Technick\u00e9 suroviny","item":"https:\/\/www.kittfort.cz\/sk\/produkty\/technicke-suroviny\/"},{"@type":"ListItem","position":4,"name":"Zelen\u00e1 skalica"}]},{"@type":"WebSite","@id":"https:\/\/www.kittfort.cz\/bg\/#website","url":"https:\/\/www.kittfort.cz\/bg\/","name":"KITTFORT.CZ","description":"\u010desk\u00e9 v\u00fdrobky najvy\u0161\u0161ej kvality","publisher":{"@id":"https:\/\/www.kittfort.cz\/bg\/#organization"},"potentialAction":[{"@type":"SearchAction","target":{"@type":"EntryPoint","urlTemplate":"https:\/\/www.kittfort.cz\/bg\/?s={search_term_string}"},"query-input":{"@type":"PropertyValueSpecification","valueRequired":true,"valueName":"search_term_string"}}],"inLanguage":"sk-SK"},{"@type":"Organization","@id":"https:\/\/www.kittfort.cz\/bg\/#organization","name":"KITTFORT Praha","url":"https:\/\/www.kittfort.cz\/bg\/","logo":{"@type":"ImageObject","inLanguage":"sk-SK","@id":"https:\/\/www.kittfort.cz\/bg\/#\/schema\/logo\/image\/","url":"https:\/\/www.kittfort.cz\/wp-content\/uploads\/2019\/06\/KITTFORT-logo-ver-2018.png","contentUrl":"https:\/\/www.kittfort.cz\/wp-content\/uploads\/2019\/06\/KITTFORT-logo-ver-2018.png","width":500,"height":151,"caption":"KITTFORT Praha"},"image":{"@id":"https:\/\/www.kittfort.cz\/bg\/#\/schema\/logo\/image\/"},"sameAs":["https:\/\/www.facebook.com\/kittfort","https:\/\/instagram.com\/kittfort.cz"]}]}},"rttpg_featured_image_url":{"full":["https:\/\/www.kittfort.cz\/wp-content\/uploads\/2017\/11\/zelena_skalice17.png",400,250,false],"landscape":["https:\/\/www.kittfort.cz\/wp-content\/uploads\/2017\/11\/zelena_skalice17.png",400,250,false],"portraits":["https:\/\/www.kittfort.cz\/wp-content\/uploads\/2017\/11\/zelena_skalice17.png",400,250,false],"thumbnail":["https:\/\/www.kittfort.cz\/wp-content\/uploads\/2017\/11\/zelena_skalice17-320x200.png",320,200,true],"medium":["https:\/\/www.kittfort.cz\/wp-content\/uploads\/2017\/11\/zelena_skalice17-400x250.png",400,250,true],"large":["https:\/\/www.kittfort.cz\/wp-content\/uploads\/2017\/11\/zelena_skalice17.png",400,250,false],"timeline-express":["https:\/\/www.kittfort.cz\/wp-content\/uploads\/2017\/11\/zelena_skalice17.png",192,120,false],"timeline-express-thumbnail":["https:\/\/www.kittfort.cz\/wp-content\/uploads\/2017\/11\/zelena_skalice17.png",192,120,false],"1536x1536":["https:\/\/www.kittfort.cz\/wp-content\/uploads\/2017\/11\/zelena_skalice17.png",400,250,false],"2048x2048":["https:\/\/www.kittfort.cz\/wp-content\/uploads\/2017\/11\/zelena_skalice17.png",400,250,false],"post-thumbnail":["https:\/\/www.kittfort.cz\/wp-content\/uploads\/2017\/11\/zelena_skalice17-250x250.png",250,250,true],"rpwe-thumbnail":["https:\/\/www.kittfort.cz\/wp-content\/uploads\/2017\/11\/zelena_skalice17-45x45.png",45,45,true],"fpw_square":["https:\/\/www.kittfort.cz\/wp-content\/uploads\/2017\/11\/zelena_skalice17.png",200,125,false],"fpw_banner":["https:\/\/www.kittfort.cz\/wp-content\/uploads\/2017\/11\/zelena_skalice17.png",240,150,false],"fpw_big":["https:\/\/www.kittfort.cz\/wp-content\/uploads\/2017\/11\/zelena_skalice17.png",400,250,false],"rt_custom":["https:\/\/www.kittfort.cz\/wp-content\/uploads\/2017\/11\/zelena_skalice17.png",400,250,false]},"rttpg_author":{"display_name":"kittfort","author_link":"https:\/\/www.kittfort.cz\/sk\/author\/kittfortcz\/"},"rttpg_comment":0,"rttpg_category":" <a href=\"https:\/\/www.kittfort.cz\/sk\/category\/technicke-suroviny-sk\/\" rel=\"tag\">Technick\u00e9 suroviny<\/a>","rttpg_excerpt":"Pou\u017e\u00edva sa na ni\u010denie machov a li\u0161ajn\u00edkov, proti chrastavosti a ku\u010deravosti ovocn\u00fdch stromov v dobe vegeta\u010dn\u00e9ho k\u013eudu, predov\u0161etk\u00fdm vo vod\u00e1renstve ako koagulant pri \u00faprave pitn\u00fdch, priemyseln\u00fdch a odpadov\u00fdch v\u00f4d a na \u010fal\u0161ie priemyseln\u00e9 \u00fa\u010dely.","_links":{"self":[{"href":"https:\/\/www.kittfort.cz\/sk\/wp-json\/wp\/v2\/pages\/13237","targetHints":{"allow":["GET"]}}],"collection":[{"href":"https:\/\/www.kittfort.cz\/sk\/wp-json\/wp\/v2\/pages"}],"about":[{"href":"https:\/\/www.kittfort.cz\/sk\/wp-json\/wp\/v2\/types\/page"}],"author":[{"embeddable":true,"href":"https:\/\/www.kittfort.cz\/sk\/wp-json\/wp\/v2\/users\/1"}],"replies":[{"embeddable":true,"href":"https:\/\/www.kittfort.cz\/sk\/wp-json\/wp\/v2\/comments?post=13237"}],"version-history":[{"count":0,"href":"https:\/\/www.kittfort.cz\/sk\/wp-json\/wp\/v2\/pages\/13237\/revisions"}],"up":[{"embeddable":true,"href":"https:\/\/www.kittfort.cz\/sk\/wp-json\/wp\/v2\/pages\/13202"}],"wp:featuredmedia":[{"embeddable":true,"href":"https:\/\/www.kittfort.cz\/sk\/wp-json\/wp\/v2\/media\/33052"}],"wp:attachment":[{"href":"https:\/\/www.kittfort.cz\/sk\/wp-json\/wp\/v2\/media?parent=13237"}],"wp:term":[{"taxonomy":"category","embeddable":true,"href":"https:\/\/www.kittfort.cz\/sk\/wp-json\/wp\/v2\/categories?post=13237"},{"taxonomy":"post_tag","embeddable":true,"href":"https:\/\/www.kittfort.cz\/sk\/wp-json\/wp\/v2\/tags?post=13237"}],"curies":[{"name":"wp","href":"https:\/\/api.w.org\/{rel}","templated":true}]}}