{"id":14686,"date":"2017-01-03T18:59:54","date_gmt":"2017-01-03T17:59:54","guid":{"rendered":"http:\/\/www.kittfort.cz\/sk\/?page_id=14686"},"modified":"2025-05-04T17:54:46","modified_gmt":"2025-05-04T15:54:46","slug":"striebrenka","status":"publish","type":"page","link":"https:\/\/www.kittfort.cz\/sk\/produkty\/farby-a-naterove-hmoty\/striebrenka\/","title":{"rendered":"Striebrenka"},"content":{"rendered":"\n<div class=\"wp-block-columns is-layout-flex wp-container-core-columns-is-layout-9d6595d7 wp-block-columns-is-layout-flex\">\n<div class=\"wp-block-column is-vertically-aligned-center is-layout-flow wp-block-column-is-layout-flow\"><div class=\"pgc-sgb-cb wp-block-pgcsimplygalleryblock-viewer \" data-gallery-id=\"97880510\"><div class=\"sgb-preloader\" id=\"pr_97880510\">\n\t<div class=\"sgb-square\" style=\"background:#d4d4d4\"><\/div>\n\t<div class=\"sgb-square\" style=\"background:#d4d4d4\"><\/div>\n\t<div class=\"sgb-square\" style=\"background:#d4d4d4\"><\/div>\n\t<div class=\"sgb-square\" style=\"background:#d4d4d4\"><\/div><\/div><div class=\"simply-gallery-amp pgc_sgb_slider \"><noscript><div class=\"sgb-gallery\"><div class=\"sgb-item\"><a href=\"https:\/\/www.kittfort.cz\/sk\/pgc_simply_gallery\/baleni-pe\/stribrenka-100g-2\/\" target=\"_blank\"><img decoding=\"async\" alt=\"Striebrenka\" width=\"400\" height=\"400\" loading=\"lazy\" src=\"https:\/\/www.kittfort.cz\/wp-content\/uploads\/2023\/06\/Stribrenka-100g-400x400.jpg\" srcset=\"https:\/\/www.kittfort.cz\/wp-content\/uploads\/2023\/06\/Stribrenka-100g-400x400.jpg 400w,https:\/\/www.kittfort.cz\/wp-content\/uploads\/2023\/06\/Stribrenka-100g.jpg 1500w\" sizes=\"auto, 250px\"\/><\/a><\/div><\/div><\/noscript><\/div><script type=\"application\/json\" class=\"sgb-data\">{\"isPremium\":true,\"galleryType\":\"pgc_sgb_viewer\",\"galleryId\":\"97880510\",\"images\":[{\"id\":55046,\"title\":\"Striebrenka 100g\",\"url\":\"https:\/\/www.kittfort.cz\/wp-content\/uploads\/2023\/06\/Stribrenka-100g.jpg\",\"link\":\"https:\/\/www.kittfort.cz\/sk\/pgc_simply_gallery\/baleni-pe\/stribrenka-100g-2\/\",\"alt\":\"Striebrenka\",\"description\":\"\",\"caption\":\"\",\"mime\":\"image\/jpeg\",\"type\":\"image\",\"width\":1500,\"height\":1500,\"sizes\":{\"thumbnail\":{\"url\":\"https:\/\/www.kittfort.cz\/wp-content\/uploads\/2023\/06\/Stribrenka-100g-200x200.jpg\",\"height\":200,\"width\":200,\"orientation\":\"landscape\"},\"medium\":{\"url\":\"https:\/\/www.kittfort.cz\/wp-content\/uploads\/2023\/06\/Stribrenka-100g-400x400.jpg\",\"height\":400,\"width\":400,\"orientation\":\"landscape\"},\"full\":{\"url\":\"https:\/\/www.kittfort.cz\/wp-content\/uploads\/2023\/06\/Stribrenka-100g.jpg\",\"height\":1500,\"width\":1500,\"orientation\":\"landscape\"}},\"imageMeta\":{\"aperture\":\"29\",\"credit\":\"\",\"camera\":\"NIKON D5000\",\"caption\":\"\",\"created_timestamp\":\"1552416343\",\"copyright\":\"\",\"focal_length\":\"55\",\"iso\":\"200\",\"shutter_speed\":\"0.008\",\"title\":\"\",\"orientation\":\"1\",\"keywords\":[]},\"meta\":false,\"postlink\":\"https:\/\/www.kittfort.cz\/sk\/pgc_simply_gallery\/baleni-pe\/stribrenka-100g-2\/\"}],\"sliderRatio\":0.90000000000000002220446049250313080847263336181640625,\"sliderStyle\":\"cleanStyle\",\"sliderNextPrevAnimation\":\"fade\",\"sliderItemCounterEnable\":false,\"sliderBgColor\":\"rgba(255,255,255,0.61)\",\"sliderNavigationColor\":\"rgba(0,0,0,0)\",\"sliderNavigationColorOver\":\"rgba(0,0,0,0.16)\",\"sliderSocialShareEnabled\":false,\"sliderResizeEnable\":false,\"sliderItemDownload\":false,\"collectionColumns\":4,\"collectionthumbActiveColor\":\"rgba(237,237,237,1)\",\"openPopupId\":\"\",\"itemsMetaDataCollection\":[]}<\/script><script>(function(){if(window.PGC_SGB && window.PGC_SGB.searcher){window.PGC_SGB.searcher.initBlocks()}})()<\/script><\/div>\n\n\n<div style=\"height:3em\" aria-hidden=\"true\" class=\"wp-block-spacer\"><\/div>\n<\/div>\n\n\n\n<div class=\"wp-block-column is-layout-flow wp-block-column-is-layout-flow\">\n<div class=\"wp-block-group is-layout-flex wp-block-group-is-layout-flex\">\n<h3 class=\"wp-block-heading title-product\">Striebrenka<\/h3>\n\n\n\n<p><strong>Striebrenka <\/strong>je ur\u010den\u00e1 na n\u00e1tery kachie\u013e, kom\u00ednov, vykurovac\u00edch telies, v\u00fdfukov a&nbsp;in\u00fdch predmetov s&nbsp;maxim\u00e1lnou povrchovou teplotou do 500&nbsp;\u00b0C. Nan\u00e1\u0161ame na dokonale pripraven\u00fd podklad, ktor\u00fd je zbaven\u00fd hrdze, mastn\u00f4t a&nbsp;ne\u010dist\u00f4t. Nan\u00e1\u0161ame na dokonale pripraven\u00fd podklad, ktor\u00fd je zbaven\u00fd hrdze, prachu, mastn\u00f4t a&nbsp;ne\u010dist\u00f4t. Nan\u00e1\u0161ame v&nbsp;s\u00favisl\u00fdch vrstv\u00e1ch pomocou \u0161tetca na e\u0161te tepl\u00fd podklad cca +50&nbsp;\u00b0C. Odpor\u00fa\u010dame nan\u00e1\u0161a\u0165 vo dvoch slab\u00fdch vrstv\u00e1ch, najlep\u0161ie 2 hodiny po&nbsp;sebe.<\/p>\n\n\n\n<p><\/p>\n<\/div>\n\n\n\n<div style=\"height:26px\" aria-hidden=\"true\" class=\"wp-block-spacer\"><\/div>\n\n\n\n<div class=\"wp-block-group is-layout-flex wp-block-group-is-layout-flex\">\n<div class=\"wp-block-buttons is-content-justification-space-between is-layout-flex wp-container-core-buttons-is-layout-256aec57 wp-block-buttons-is-layout-flex\">\n<div class=\"wp-block-button has-custom-font-size btn-txt\" style=\"font-size:1.5em\"><a class=\"wp-block-button__link wp-element-button\" href=\"https:\/\/www.kittfort.cz\/sk\/na-stiahnutie\/katalogy-a-brozury\/\" title=\"Katal\u00f3gy a bro\u017e\u00fary\" style=\"border-radius:0px\"><i class=\"fas fa-book-open\"><\/i><\/a><\/div>\n\n\n\n<div class=\"wp-block-button has-custom-font-size btn-txt\" style=\"font-size:1.5em\"><a class=\"wp-block-button__link wp-element-button\" href=\"https:\/\/www.kittfort.cz\/sk\/na-stiahnutie\/propagacne-materialy\/\" title=\"Propaga\u010dn\u00e9 materi\u00e1ly\" style=\"border-radius:0px\"><i class=\"fas fa-palette\"><\/i><\/a><\/div>\n\n\n\n<div class=\"wp-block-button has-custom-font-size btn-txt\" style=\"font-size:1.5em\"><a class=\"wp-block-button__link wp-element-button\" href=\"https:\/\/www.youtube.com\/channel\/UCeBliorfsj942FmZp-hOC0A\" title=\"YouTube\" style=\"border-radius:0px\" target=\"_blank\" rel=\"noreferrer noopener\"><i class=\"fab fa-youtube\"><\/i><\/a><\/div>\n\n\n\n<div class=\"wp-block-button has-custom-font-size btn-txt\" style=\"font-size:1.5em\"><a class=\"wp-block-button__link wp-element-button\" href=\"javascript:window.print()\" title=\"Vytla\u010di\u0165\" style=\"border-radius:0px\"><i class=\"fas fa-print\"><\/i><\/a><\/div>\n<\/div>\n<\/div>\n<\/div>\n<\/div>\n\n\n\n<div class=\"wp-block-columns is-layout-flex wp-container-core-columns-is-layout-9d6595d7 wp-block-columns-is-layout-flex\">\n<div class=\"wp-block-column is-layout-flow wp-block-column-is-layout-flow\"><div id=\"accordions-14687\" class=\"accordions-14687 accordions\" data-accordions={&quot;lazyLoad&quot;:false,&quot;id&quot;:&quot;14687&quot;,&quot;event&quot;:&quot;click&quot;,&quot;collapsible&quot;:&quot;true&quot;,&quot;heightStyle&quot;:&quot;content&quot;,&quot;animateStyle&quot;:&quot;swing&quot;,&quot;animateDelay&quot;:1000,&quot;navigation&quot;:true,&quot;active&quot;:999,&quot;expandedOther&quot;:&quot;no&quot;}>\r\n                <div class=\"items\" >\r\n    \r\n            <div post_id=\"14687\" itemcount=\"0\"  header_id=\"header-0\" id=\"header-0\" style=\"\" class=\"accordions-head head0 border-none\" toggle-text=\"\" main-text=\"EAN\">\r\n                                    <span id=\"accordion-icons-0\" class=\"accordion-icons\">\r\n                        <span class=\"accordion-icon-active accordion-plus\"><i class=\"fa fa-plus\"><\/i><\/span>\r\n                        <span class=\"accordion-icon-inactive accordion-minus\"><i class=\"fa fa-minus\"><\/i><\/span>\r\n                    <\/span>\r\n                    <span id=\"header-text-0\" class=\"accordions-head-title\">EAN<\/span>\r\n                            <\/div>\r\n            <div class=\"accordion-content content0 \">\r\n                <table class=\"tableProducts\" border=\"0\" cellspacing=\"0\" cellpadding=\"5\">\n<tbody>\n<tr>\n<td>Striebrenka 100 g<\/td>\n<td class=\"tblRight\">8595030521516<\/td>\n<\/tr>\n<\/tbody>\n<\/table>\n            <\/div>\r\n    \r\n            <div post_id=\"14687\" itemcount=\"1\"  header_id=\"header-1483466296538\" id=\"header-1483466296538\" style=\"\" class=\"accordions-head head1483466296538 border-none\" toggle-text=\"\" main-text=\"Na stiahnutie\">\r\n                                    <span id=\"accordion-icons-1483466296538\" class=\"accordion-icons\">\r\n                        <span class=\"accordion-icon-active accordion-plus\"><i class=\"fa fa-plus\"><\/i><\/span>\r\n                        <span class=\"accordion-icon-inactive accordion-minus\"><i class=\"fa fa-minus\"><\/i><\/span>\r\n                    <\/span>\r\n                    <span id=\"header-text-1483466296538\" class=\"accordions-head-title\">Na stiahnutie<\/span>\r\n                            <\/div>\r\n            <div class=\"accordion-content content1483466296538 \">\r\n                <table class=\"tableProducts\" border=\"0\" cellspacing=\"0\" cellpadding=\"5\">\n<tbody>\n<tr>\n<td><i class=\"far fa-image\"><\/i> Striebrenka<\/td>\n<td><a title=\"form\u00e1t jpg\" href=\"https:\/\/www.kittfort.cz\/wp-content\/uploads\/2019\/03\/Stribrenka-100g-v2019.jpg\" target=\"_blank\" rel=\"noopener\"><i class=\"fas fa-download\"><\/i><\/a><\/td>\n<\/tr>\n<\/tbody>\n<\/table>\n<p>Pozn\u00e1mka: Obr\u00e1zky na stiahnutie vo form\u00e1te *.jpg s\u00fa v rozl\u00ed\u0161en\u00ed 300 DPI a RGB farb\u00e1ch.<\/p>\n            <\/div>\r\n    <\/div>\r\n\r\n\r\n\r\n            <\/div>\n<\/div>\n\n\n\n<div class=\"wp-block-column is-layout-flow wp-block-column-is-layout-flow\">\n<div class=\"wp-block-group is-layout-flex wp-block-group-is-layout-flex\">\n<div class=\"container overflow-hidden boxRightDetails\">\n<div class=\"row gy-2 boxRightDetails\">\n<div class=\"col-4 p-4 boxRightDetailsBox\"><span>Balenie:<\/span> PET f\u013ea\u0161a 100g<\/div>\n<div class=\"col-4 box2 p-4 boxRightDetailsBox\"><span>Odtie\u0148:<\/span> strieborn\u00e1 0910<\/div>\n<div class=\"col-4 p-4 boxRightDetailsBox\"><span>Aplik\u00e1cia:<\/span> \u0161tetec<\/div>\n<div class=\"col-4 p-4 boxRightDetailsBox\"><span>Podklad:<\/span> kov<\/div>\n<div class=\"col-4 box2 p-4 boxRightDetailsBox\"><span>Schnutia:<\/span> cca.&nbsp;2 hod.<\/div>\n<div class=\"col-4 p-4 boxRightDetailsBox\"><span>Riedidlo a&nbsp;um\u00fdvanie pom\u00f4cok:<\/span> voda<\/div>\n<div class=\"col-12 p-4 boxRightDetailsBox\"><span>Skladovanie:<\/span> +5&nbsp;\u00b0C do +25&nbsp;\u00b0C na suchom mieste. Chr\u00e1\u0148te pred mrazom! Uchov\u00e1vajte mimo dosahu det\u00ed!<\/div>\n<div class=\"col-8 box1 p-4 boxRightDetailsBox\"><span>Z\u00e1ru\u010dn\u00e1 doba:<\/span> 24 mesiacov od d\u00e1tumu plnenia v&nbsp;neporu\u0161enom balen\u00ed<\/div>\n<div class=\"col-4 p-4 boxRightDetailsBox boxRed\"><span>\u0160pecifick\u00e1 rizikovos\u0165:<\/span> Varovanie<\/div>\n<div class=\"col-12 p-4 boxRightDetailsBox boxRed\"><span>V\u00fdstra\u017en\u00e9 upozornenia: <\/span> Ve\u013emi hor\u013eav\u00e1 kvapalina a&nbsp;pary. Hor\u013eav\u00e1 tuh\u00e1 l\u00e1tka. Pri kontakte s&nbsp;vodou uvo\u013e\u0148uje hor\u013eav\u00e9 plyny. Dr\u00e1\u017edi ko\u017eu. Sp\u00f4sobuje v\u00e1\u017ene podr\u00e1\u017edenie o\u010d\u00ed. M\u00f4\u017ee sp\u00f4sobi\u0165 ospalos\u0165 alebo z\u00e1vraty.<\/div>\n<\/div>\n<\/div>\n<\/div>\n<\/div>\n<\/div>\n\n\n\n<div style=\"height:40px\" aria-hidden=\"true\" class=\"wp-block-spacer\"><\/div>\n","protected":false},"excerpt":{"rendered":"<p>Ur\u010den\u00e1 na n\u00e1tery kachie\u013e, kom\u00ednov, vykurovac\u00edch telies, v\u00fdfukov a&nbsp;in\u00fdch predmetov s&nbsp;maxim\u00e1lnou povrchovou teplotou do 500&nbsp;\u00b0C.<\/p>\n","protected":false},"author":1,"featured_media":24261,"parent":14662,"menu_order":10,"comment_status":"closed","ping_status":"closed","template":"full-page-product.php","meta":{"pgc_sgb_lightbox_settings":"","footnotes":""},"categories":[96],"tags":[301],"class_list":["post-14686","page","type-page","status-publish","has-post-thumbnail","hentry","category-farby-a-naterove-hmoty","tag-vypalovacie-farby"],"yoast_head":"<!-- This site is optimized with the Yoast SEO plugin v27.4 - https:\/\/yoast.com\/product\/yoast-seo-wordpress\/ -->\n<title>Striebrenka - KITTFORT.CZ<\/title>\n<meta name=\"description\" content=\"Striebrenka je ur\u010den\u00e1 na n\u00e1tery kachie\u013e, kom\u00ednov, vykurovac\u00edch telies, v\u00fdfukov a in\u00fdch predmetov s maxim\u00e1lnou povrchovou teplotou do 500 \u00b0C.\" \/>\n<meta name=\"robots\" content=\"index, follow, max-snippet:-1, max-image-preview:large, max-video-preview:-1\" \/>\n<link rel=\"canonical\" href=\"https:\/\/www.kittfort.cz\/hu\/termekek\/festekek-es-egyeb-bevonatok\/ezustfestek-tuzallo-aluminium-festek\/\" \/>\n<meta property=\"og:locale\" content=\"sk_SK\" \/>\n<meta property=\"og:type\" content=\"article\" \/>\n<meta property=\"og:title\" content=\"Striebrenka - KITTFORT.CZ\" \/>\n<meta property=\"og:description\" content=\"Striebrenka je ur\u010den\u00e1 na n\u00e1tery kachie\u013e, kom\u00ednov, vykurovac\u00edch telies, v\u00fdfukov a in\u00fdch predmetov s maxim\u00e1lnou povrchovou teplotou do 500 \u00b0C.\" \/>\n<meta property=\"og:url\" content=\"https:\/\/www.kittfort.cz\/hu\/termekek\/festekek-es-egyeb-bevonatok\/ezustfestek-tuzallo-aluminium-festek\/\" \/>\n<meta property=\"og:site_name\" content=\"KITTFORT.CZ\" \/>\n<meta property=\"article:publisher\" content=\"https:\/\/www.facebook.com\/kittfort\" \/>\n<meta property=\"article:modified_time\" content=\"2025-05-04T15:54:46+00:00\" \/>\n<meta property=\"og:image\" content=\"https:\/\/www.kittfort.cz\/wp-content\/uploads\/2019\/03\/stribrenka19.png\" \/>\n\t<meta property=\"og:image:width\" content=\"400\" \/>\n\t<meta property=\"og:image:height\" content=\"250\" \/>\n\t<meta property=\"og:image:type\" content=\"image\/png\" \/>\n<meta name=\"twitter:card\" content=\"summary_large_image\" \/>\n<meta name=\"twitter:label1\" content=\"Predpokladan\u00fd \u010das \u010d\u00edtania\" \/>\n\t<meta name=\"twitter:data1\" content=\"3 min\u00faty\" \/>\n<script type=\"application\/ld+json\" class=\"yoast-schema-graph\">{\"@context\":\"https:\\\/\\\/schema.org\",\"@graph\":[{\"@type\":\"WebPage\",\"@id\":\"https:\\\/\\\/www.kittfort.cz\\\/hu\\\/termekek\\\/festekek-es-egyeb-bevonatok\\\/ezustfestek-tuzallo-aluminium-festek\\\/\",\"url\":\"https:\\\/\\\/www.kittfort.cz\\\/hu\\\/termekek\\\/festekek-es-egyeb-bevonatok\\\/ezustfestek-tuzallo-aluminium-festek\\\/\",\"name\":\"Striebrenka - KITTFORT.CZ\",\"isPartOf\":{\"@id\":\"https:\\\/\\\/www.kittfort.cz\\\/bg\\\/#website\"},\"primaryImageOfPage\":{\"@id\":\"https:\\\/\\\/www.kittfort.cz\\\/hu\\\/termekek\\\/festekek-es-egyeb-bevonatok\\\/ezustfestek-tuzallo-aluminium-festek\\\/#primaryimage\"},\"image\":{\"@id\":\"https:\\\/\\\/www.kittfort.cz\\\/hu\\\/termekek\\\/festekek-es-egyeb-bevonatok\\\/ezustfestek-tuzallo-aluminium-festek\\\/#primaryimage\"},\"thumbnailUrl\":\"https:\\\/\\\/www.kittfort.cz\\\/wp-content\\\/uploads\\\/2019\\\/03\\\/stribrenka19.png\",\"datePublished\":\"2017-01-03T17:59:54+00:00\",\"dateModified\":\"2025-05-04T15:54:46+00:00\",\"description\":\"Striebrenka je ur\u010den\u00e1 na n\u00e1tery kachie\u013e, kom\u00ednov, vykurovac\u00edch telies, v\u00fdfukov a in\u00fdch predmetov s maxim\u00e1lnou povrchovou teplotou do 500 \u00b0C.\",\"breadcrumb\":{\"@id\":\"https:\\\/\\\/www.kittfort.cz\\\/hu\\\/termekek\\\/festekek-es-egyeb-bevonatok\\\/ezustfestek-tuzallo-aluminium-festek\\\/#breadcrumb\"},\"inLanguage\":\"sk-SK\",\"potentialAction\":[{\"@type\":\"ReadAction\",\"target\":[\"https:\\\/\\\/www.kittfort.cz\\\/hu\\\/termekek\\\/festekek-es-egyeb-bevonatok\\\/ezustfestek-tuzallo-aluminium-festek\\\/\"]}]},{\"@type\":\"ImageObject\",\"inLanguage\":\"sk-SK\",\"@id\":\"https:\\\/\\\/www.kittfort.cz\\\/hu\\\/termekek\\\/festekek-es-egyeb-bevonatok\\\/ezustfestek-tuzallo-aluminium-festek\\\/#primaryimage\",\"url\":\"https:\\\/\\\/www.kittfort.cz\\\/wp-content\\\/uploads\\\/2019\\\/03\\\/stribrenka19.png\",\"contentUrl\":\"https:\\\/\\\/www.kittfort.cz\\\/wp-content\\\/uploads\\\/2019\\\/03\\\/stribrenka19.png\",\"width\":400,\"height\":250},{\"@type\":\"BreadcrumbList\",\"@id\":\"https:\\\/\\\/www.kittfort.cz\\\/hu\\\/termekek\\\/festekek-es-egyeb-bevonatok\\\/ezustfestek-tuzallo-aluminium-festek\\\/#breadcrumb\",\"itemListElement\":[{\"@type\":\"ListItem\",\"position\":1,\"name\":\"Dom\u016f\",\"item\":\"https:\\\/\\\/www.kittfort.cz\\\/sk\\\/uvodna-stranka\\\/\"},{\"@type\":\"ListItem\",\"position\":2,\"name\":\"Produkty\",\"item\":\"https:\\\/\\\/www.kittfort.cz\\\/sk\\\/produkty\\\/\"},{\"@type\":\"ListItem\",\"position\":3,\"name\":\"Farby a&nbsp;n\u00e1terov\u00e9 hmoty\",\"item\":\"https:\\\/\\\/www.kittfort.cz\\\/sk\\\/produkty\\\/farby-a-naterove-hmoty\\\/\"},{\"@type\":\"ListItem\",\"position\":4,\"name\":\"Striebrenka\"}]},{\"@type\":\"WebSite\",\"@id\":\"https:\\\/\\\/www.kittfort.cz\\\/bg\\\/#website\",\"url\":\"https:\\\/\\\/www.kittfort.cz\\\/bg\\\/\",\"name\":\"KITTFORT.CZ\",\"description\":\"\u010desk\u00e9 v\u00fdrobky najvy\u0161\u0161ej kvality\",\"publisher\":{\"@id\":\"https:\\\/\\\/www.kittfort.cz\\\/bg\\\/#organization\"},\"potentialAction\":[{\"@type\":\"SearchAction\",\"target\":{\"@type\":\"EntryPoint\",\"urlTemplate\":\"https:\\\/\\\/www.kittfort.cz\\\/bg\\\/?s={search_term_string}\"},\"query-input\":{\"@type\":\"PropertyValueSpecification\",\"valueRequired\":true,\"valueName\":\"search_term_string\"}}],\"inLanguage\":\"sk-SK\"},{\"@type\":\"Organization\",\"@id\":\"https:\\\/\\\/www.kittfort.cz\\\/bg\\\/#organization\",\"name\":\"KITTFORT Praha\",\"url\":\"https:\\\/\\\/www.kittfort.cz\\\/bg\\\/\",\"logo\":{\"@type\":\"ImageObject\",\"inLanguage\":\"sk-SK\",\"@id\":\"https:\\\/\\\/www.kittfort.cz\\\/bg\\\/#\\\/schema\\\/logo\\\/image\\\/\",\"url\":\"https:\\\/\\\/www.kittfort.cz\\\/wp-content\\\/uploads\\\/2019\\\/06\\\/KITTFORT-logo-ver-2018.png\",\"contentUrl\":\"https:\\\/\\\/www.kittfort.cz\\\/wp-content\\\/uploads\\\/2019\\\/06\\\/KITTFORT-logo-ver-2018.png\",\"width\":500,\"height\":151,\"caption\":\"KITTFORT Praha\"},\"image\":{\"@id\":\"https:\\\/\\\/www.kittfort.cz\\\/bg\\\/#\\\/schema\\\/logo\\\/image\\\/\"},\"sameAs\":[\"https:\\\/\\\/www.facebook.com\\\/kittfort\",\"https:\\\/\\\/instagram.com\\\/kittfort.cz\"]}]}<\/script>\n<!-- \/ Yoast SEO plugin. -->","yoast_head_json":{"title":"Striebrenka - KITTFORT.CZ","description":"Striebrenka je ur\u010den\u00e1 na n\u00e1tery kachie\u013e, kom\u00ednov, vykurovac\u00edch telies, v\u00fdfukov a in\u00fdch predmetov s maxim\u00e1lnou povrchovou teplotou do 500 \u00b0C.","robots":{"index":"index","follow":"follow","max-snippet":"max-snippet:-1","max-image-preview":"max-image-preview:large","max-video-preview":"max-video-preview:-1"},"canonical":"https:\/\/www.kittfort.cz\/hu\/termekek\/festekek-es-egyeb-bevonatok\/ezustfestek-tuzallo-aluminium-festek\/","og_locale":"sk_SK","og_type":"article","og_title":"Striebrenka - KITTFORT.CZ","og_description":"Striebrenka je ur\u010den\u00e1 na n\u00e1tery kachie\u013e, kom\u00ednov, vykurovac\u00edch telies, v\u00fdfukov a in\u00fdch predmetov s maxim\u00e1lnou povrchovou teplotou do 500 \u00b0C.","og_url":"https:\/\/www.kittfort.cz\/hu\/termekek\/festekek-es-egyeb-bevonatok\/ezustfestek-tuzallo-aluminium-festek\/","og_site_name":"KITTFORT.CZ","article_publisher":"https:\/\/www.facebook.com\/kittfort","article_modified_time":"2025-05-04T15:54:46+00:00","og_image":[{"width":400,"height":250,"url":"https:\/\/www.kittfort.cz\/wp-content\/uploads\/2019\/03\/stribrenka19.png","type":"image\/png"}],"twitter_card":"summary_large_image","twitter_misc":{"Predpokladan\u00fd \u010das \u010d\u00edtania":"3 min\u00faty"},"schema":{"@context":"https:\/\/schema.org","@graph":[{"@type":"WebPage","@id":"https:\/\/www.kittfort.cz\/hu\/termekek\/festekek-es-egyeb-bevonatok\/ezustfestek-tuzallo-aluminium-festek\/","url":"https:\/\/www.kittfort.cz\/hu\/termekek\/festekek-es-egyeb-bevonatok\/ezustfestek-tuzallo-aluminium-festek\/","name":"Striebrenka - KITTFORT.CZ","isPartOf":{"@id":"https:\/\/www.kittfort.cz\/bg\/#website"},"primaryImageOfPage":{"@id":"https:\/\/www.kittfort.cz\/hu\/termekek\/festekek-es-egyeb-bevonatok\/ezustfestek-tuzallo-aluminium-festek\/#primaryimage"},"image":{"@id":"https:\/\/www.kittfort.cz\/hu\/termekek\/festekek-es-egyeb-bevonatok\/ezustfestek-tuzallo-aluminium-festek\/#primaryimage"},"thumbnailUrl":"https:\/\/www.kittfort.cz\/wp-content\/uploads\/2019\/03\/stribrenka19.png","datePublished":"2017-01-03T17:59:54+00:00","dateModified":"2025-05-04T15:54:46+00:00","description":"Striebrenka je ur\u010den\u00e1 na n\u00e1tery kachie\u013e, kom\u00ednov, vykurovac\u00edch telies, v\u00fdfukov a in\u00fdch predmetov s maxim\u00e1lnou povrchovou teplotou do 500 \u00b0C.","breadcrumb":{"@id":"https:\/\/www.kittfort.cz\/hu\/termekek\/festekek-es-egyeb-bevonatok\/ezustfestek-tuzallo-aluminium-festek\/#breadcrumb"},"inLanguage":"sk-SK","potentialAction":[{"@type":"ReadAction","target":["https:\/\/www.kittfort.cz\/hu\/termekek\/festekek-es-egyeb-bevonatok\/ezustfestek-tuzallo-aluminium-festek\/"]}]},{"@type":"ImageObject","inLanguage":"sk-SK","@id":"https:\/\/www.kittfort.cz\/hu\/termekek\/festekek-es-egyeb-bevonatok\/ezustfestek-tuzallo-aluminium-festek\/#primaryimage","url":"https:\/\/www.kittfort.cz\/wp-content\/uploads\/2019\/03\/stribrenka19.png","contentUrl":"https:\/\/www.kittfort.cz\/wp-content\/uploads\/2019\/03\/stribrenka19.png","width":400,"height":250},{"@type":"BreadcrumbList","@id":"https:\/\/www.kittfort.cz\/hu\/termekek\/festekek-es-egyeb-bevonatok\/ezustfestek-tuzallo-aluminium-festek\/#breadcrumb","itemListElement":[{"@type":"ListItem","position":1,"name":"Dom\u016f","item":"https:\/\/www.kittfort.cz\/sk\/uvodna-stranka\/"},{"@type":"ListItem","position":2,"name":"Produkty","item":"https:\/\/www.kittfort.cz\/sk\/produkty\/"},{"@type":"ListItem","position":3,"name":"Farby a&nbsp;n\u00e1terov\u00e9 hmoty","item":"https:\/\/www.kittfort.cz\/sk\/produkty\/farby-a-naterove-hmoty\/"},{"@type":"ListItem","position":4,"name":"Striebrenka"}]},{"@type":"WebSite","@id":"https:\/\/www.kittfort.cz\/bg\/#website","url":"https:\/\/www.kittfort.cz\/bg\/","name":"KITTFORT.CZ","description":"\u010desk\u00e9 v\u00fdrobky najvy\u0161\u0161ej kvality","publisher":{"@id":"https:\/\/www.kittfort.cz\/bg\/#organization"},"potentialAction":[{"@type":"SearchAction","target":{"@type":"EntryPoint","urlTemplate":"https:\/\/www.kittfort.cz\/bg\/?s={search_term_string}"},"query-input":{"@type":"PropertyValueSpecification","valueRequired":true,"valueName":"search_term_string"}}],"inLanguage":"sk-SK"},{"@type":"Organization","@id":"https:\/\/www.kittfort.cz\/bg\/#organization","name":"KITTFORT Praha","url":"https:\/\/www.kittfort.cz\/bg\/","logo":{"@type":"ImageObject","inLanguage":"sk-SK","@id":"https:\/\/www.kittfort.cz\/bg\/#\/schema\/logo\/image\/","url":"https:\/\/www.kittfort.cz\/wp-content\/uploads\/2019\/06\/KITTFORT-logo-ver-2018.png","contentUrl":"https:\/\/www.kittfort.cz\/wp-content\/uploads\/2019\/06\/KITTFORT-logo-ver-2018.png","width":500,"height":151,"caption":"KITTFORT Praha"},"image":{"@id":"https:\/\/www.kittfort.cz\/bg\/#\/schema\/logo\/image\/"},"sameAs":["https:\/\/www.facebook.com\/kittfort","https:\/\/instagram.com\/kittfort.cz"]}]}},"rttpg_featured_image_url":{"full":["https:\/\/www.kittfort.cz\/wp-content\/uploads\/2019\/03\/stribrenka19.png",400,250,false],"landscape":["https:\/\/www.kittfort.cz\/wp-content\/uploads\/2019\/03\/stribrenka19.png",400,250,false],"portraits":["https:\/\/www.kittfort.cz\/wp-content\/uploads\/2019\/03\/stribrenka19.png",400,250,false],"thumbnail":["https:\/\/www.kittfort.cz\/wp-content\/uploads\/2019\/03\/stribrenka19-320x200.png",320,200,true],"medium":["https:\/\/www.kittfort.cz\/wp-content\/uploads\/2019\/03\/stribrenka19-400x250.png",400,250,true],"large":["https:\/\/www.kittfort.cz\/wp-content\/uploads\/2019\/03\/stribrenka19.png",400,250,false],"timeline-express":["https:\/\/www.kittfort.cz\/wp-content\/uploads\/2019\/03\/stribrenka19-350x120.png",350,120,true],"timeline-express-thumbnail":["https:\/\/www.kittfort.cz\/wp-content\/uploads\/2019\/03\/stribrenka19-200x120.png",200,120,true],"1536x1536":["https:\/\/www.kittfort.cz\/wp-content\/uploads\/2019\/03\/stribrenka19.png",400,250,false],"2048x2048":["https:\/\/www.kittfort.cz\/wp-content\/uploads\/2019\/03\/stribrenka19.png",400,250,false],"post-thumbnail":["https:\/\/www.kittfort.cz\/wp-content\/uploads\/2019\/03\/stribrenka19-250x250.png",250,250,true],"rpwe-thumbnail":["https:\/\/www.kittfort.cz\/wp-content\/uploads\/2019\/03\/stribrenka19-45x45.png",45,45,true],"fpw_square":["https:\/\/www.kittfort.cz\/wp-content\/uploads\/2019\/03\/stribrenka19-200x200.png",200,200,true],"fpw_banner":["https:\/\/www.kittfort.cz\/wp-content\/uploads\/2019\/03\/stribrenka19-400x150.png",400,150,true],"fpw_big":["https:\/\/www.kittfort.cz\/wp-content\/uploads\/2019\/03\/stribrenka19-400x250.png",400,250,true],"rt_custom":["https:\/\/www.kittfort.cz\/wp-content\/uploads\/2019\/03\/stribrenka19.png",400,250,false]},"rttpg_author":{"display_name":"kittfort","author_link":"https:\/\/www.kittfort.cz\/sk\/author\/kittfortcz\/"},"rttpg_comment":0,"rttpg_category":" <a href=\"https:\/\/www.kittfort.cz\/sk\/category\/farby-a-naterove-hmoty\/\" rel=\"tag\">Farby a n\u00e1terov\u00e9 hmoty<\/a>","rttpg_excerpt":"Ur\u010den\u00e1 na n\u00e1tery kachie\u013e, kom\u00ednov, vykurovac\u00edch telies, v\u00fdfukov a in\u00fdch predmetov s maxim\u00e1lnou povrchovou teplotou do 500 \u00b0C.","_links":{"self":[{"href":"https:\/\/www.kittfort.cz\/sk\/wp-json\/wp\/v2\/pages\/14686","targetHints":{"allow":["GET"]}}],"collection":[{"href":"https:\/\/www.kittfort.cz\/sk\/wp-json\/wp\/v2\/pages"}],"about":[{"href":"https:\/\/www.kittfort.cz\/sk\/wp-json\/wp\/v2\/types\/page"}],"author":[{"embeddable":true,"href":"https:\/\/www.kittfort.cz\/sk\/wp-json\/wp\/v2\/users\/1"}],"replies":[{"embeddable":true,"href":"https:\/\/www.kittfort.cz\/sk\/wp-json\/wp\/v2\/comments?post=14686"}],"version-history":[{"count":0,"href":"https:\/\/www.kittfort.cz\/sk\/wp-json\/wp\/v2\/pages\/14686\/revisions"}],"up":[{"embeddable":true,"href":"https:\/\/www.kittfort.cz\/sk\/wp-json\/wp\/v2\/pages\/14662"}],"wp:featuredmedia":[{"embeddable":true,"href":"https:\/\/www.kittfort.cz\/sk\/wp-json\/wp\/v2\/media\/24261"}],"wp:attachment":[{"href":"https:\/\/www.kittfort.cz\/sk\/wp-json\/wp\/v2\/media?parent=14686"}],"wp:term":[{"taxonomy":"category","embeddable":true,"href":"https:\/\/www.kittfort.cz\/sk\/wp-json\/wp\/v2\/categories?post=14686"},{"taxonomy":"post_tag","embeddable":true,"href":"https:\/\/www.kittfort.cz\/sk\/wp-json\/wp\/v2\/tags?post=14686"}],"curies":[{"name":"wp","href":"https:\/\/api.w.org\/{rel}","templated":true}]}}