{"id":18357,"date":"2017-09-06T10:31:49","date_gmt":"2017-09-06T08:31:49","guid":{"rendered":"http:\/\/www.kittfort.cz\/?page_id=18357\/"},"modified":"2023-05-11T22:12:14","modified_gmt":"2023-05-11T20:12:14","slug":"svet-farieb","status":"publish","type":"page","link":"https:\/\/www.kittfort.cz\/sk\/svet-farieb\/","title":{"rendered":"Svet farieb"},"content":{"rendered":"<style type='text\/css' media='all'>#rt-tpg-container-2517884832 .rt-holder .rt-woo-info .price{color:#898989;}body .rt-tpg-container .rt-tpg-isotope-buttons .selected,\n\t\t\t\t\t#rt-tpg-container-2517884832 .layout12 .rt-holder:hover .rt-detail,\n\t\t\t\t\t#rt-tpg-container-2517884832 .isotope8 .rt-holder:hover .rt-detail,\n\t\t\t\t\t#rt-tpg-container-2517884832 .carousel8 .rt-holder:hover .rt-detail,\n\t\t\t\t\t#rt-tpg-container-2517884832 .layout13 .rt-holder .overlay .post-info,\n\t\t\t\t\t#rt-tpg-container-2517884832 .isotope9 .rt-holder .overlay .post-info,\n\t\t\t\t\t#rt-tpg-container-2517884832.rt-tpg-container .layout4 .rt-holder .rt-detail,\n\t\t\t\t\t.rt-modal-2517884832 .md-content,\n\t\t\t\t\t.rt-modal-2517884832 .md-content > .rt-md-content-holder .rt-md-content,\n\t\t\t\t\t.rt-popup-wrap-2517884832.rt-popup-wrap .rt-popup-navigation-wrap,\n\t\t\t\t\t#rt-tpg-container-2517884832 .carousel9 .rt-holder .overlay .post-info{background-color:#898989;}#rt-tpg-container-2517884832 .layout5 .rt-holder .overlay, #rt-tpg-container-2517884832 .isotope2 .rt-holder .overlay, #rt-tpg-container-2517884832 .carousel2 .rt-holder .overlay,#rt-tpg-container-2517884832 .layout15 .rt-holder h3, #rt-tpg-container-2517884832 .isotope11 .rt-holder h3, #rt-tpg-container-2517884832 .carousel11 .rt-holder h3, #rt-tpg-container-2517884832 .layout16 .rt-holder h3,\n\t\t\t\t\t#rt-tpg-container-2517884832 .isotope12 .rt-holder h3, #rt-tpg-container-2517884832 .carousel12 .rt-holder h3 {background-color:rgba(137,137,137,0.5);}#rt-tpg-container-2517884832 .rt-post-overlay .post-img > a:first-of-type::after,#rt-tpg-container-2517884832 .rt-holder .overlay:hover{background-image: none;background-color:rgba(0,0,0,0.5);}#rt-tpg-container-2517884832 .read-more a{border-radius:px;}#rt-tpg-container-2517884832 .rt-img-holder img.rt-img-responsive,#rt-tpg-container-2517884832 .rt-img-holder,\n\t\t\t\t\t#rt-tpg-container-2517884832 .rt-post-overlay .post-img,\n\t\t\t\t\t#rt-tpg-container-2517884832 .post-sm .post-img,\n\t\t\t\t\t#rt-tpg-container-2517884832 .rt-post-grid .post-img,\n\t\t\t\t\t#rt-tpg-container-2517884832 .post-img img {border-radius:px;}<\/style><div class='rt-container-fluid rt-tpg-container tpg-shortcode-main-wrapper category' id='rt-tpg-container-2517884832'   data-layout='layout5' data-grid-style='even' data-desktop-col='3'  data-tab-col='2'  data-mobile-col='1' data-sc-id='18359'><div data-title='Loading ...' class='rt-row rt-content-loader   layout5 tpg-even '><div class=\"rt-col-md-4 rt-col-sm-6 rt-col-xs-12 even-grid-item rt-grid-item\" data-id=\"14219\"><div class=\"rt-holder\"><div class=\"overlay\"><h2 class=\"entry-title\"><a data-id=\"14219\" class=\"\" href=\"https:\/\/www.kittfort.cz\/sk\/svet-farieb\/colorline-system\/\">COLORLINE\u00ae syst\u00e9m<\/a><\/h2><\/div> <a data-id='14219' class='' href='https:\/\/www.kittfort.cz\/sk\/svet-farieb\/colorline-system\/'><img loading=\"lazy\" decoding=\"async\" width=\"320\" height=\"200\" src=\"https:\/\/www.kittfort.cz\/wp-content\/uploads\/2018\/12\/ktg_colorline-320x200.jpg\" class=\"rt-img-responsive \" alt=\"\" \/><\/a><\/div><\/div><div class=\"rt-col-md-4 rt-col-sm-6 rt-col-xs-12 even-grid-item rt-grid-item\" data-id=\"14591\"><div class=\"rt-holder\"><div class=\"overlay\"><h2 class=\"entry-title\"><a data-id=\"14591\" class=\"\" href=\"https:\/\/www.kittfort.cz\/sk\/svet-farieb\/farby-a-inspiracie\/\">Farby a&nbsp;in\u0161pir\u00e1cie<\/a><\/h2><\/div> <a data-id='14591' class='' href='https:\/\/www.kittfort.cz\/sk\/svet-farieb\/farby-a-inspiracie\/'><img loading=\"lazy\" decoding=\"async\" width=\"323\" height=\"200\" src=\"https:\/\/www.kittfort.cz\/wp-content\/uploads\/2016\/07\/DSC_0062_panorama-323x200.jpg\" class=\"rt-img-responsive \" alt=\"interi\u00e9r\" \/><\/a><\/div><\/div><\/div><\/div>\n","protected":false},"excerpt":{"rendered":"Farby v interi\u00e9ri Svet bez farieb je nepredstavite\u013en\u00fd. Aj pri tvorbe interi\u00e9ru maj\u00fa farby svoju nezastupite\u013en\u00fa funkciu. Pou\u017eit\u00edm vhodn\u00e9 skladby<p class=\"readmore\"><a href=\"https:\/\/www.kittfort.cz\/sk\/svet-farieb\/farby-a-inspiracie\/neutralne-farby\/\" title=\"Read Neutr\u00e1lne farby\">Read more &raquo;<\/a><\/p>","protected":false},"author":1,"featured_media":0,"parent":0,"menu_order":4,"comment_status":"closed","ping_status":"closed","template":"full-page.php","meta":{"pgc_sgb_lightbox_settings":"","footnotes":""},"categories":[150],"tags":[],"class_list":["post-18357","page","type-page","status-publish","hentry","category-svet-farieb"],"yoast_head":"<!-- This site is optimized with the Yoast SEO plugin v27.4 - https:\/\/yoast.com\/product\/yoast-seo-wordpress\/ -->\n<title>Svet farieb - KITTFORT.CZ<\/title>\n<meta name=\"robots\" content=\"index, follow, max-snippet:-1, max-image-preview:large, max-video-preview:-1\" \/>\n<link rel=\"canonical\" href=\"https:\/\/www.kittfort.cz\/sk\/svet-farieb\/\" \/>\n<meta property=\"og:locale\" content=\"sk_SK\" \/>\n<meta property=\"og:type\" content=\"article\" \/>\n<meta property=\"og:title\" content=\"Svet farieb - KITTFORT.CZ\" \/>\n<meta property=\"og:url\" content=\"https:\/\/www.kittfort.cz\/sk\/svet-farieb\/\" \/>\n<meta property=\"og:site_name\" content=\"KITTFORT.CZ\" \/>\n<meta property=\"article:publisher\" content=\"https:\/\/www.facebook.com\/kittfort\" \/>\n<meta property=\"article:modified_time\" content=\"2023-05-11T20:12:14+00:00\" \/>\n<meta name=\"twitter:card\" content=\"summary_large_image\" \/>\n<script type=\"application\/ld+json\" class=\"yoast-schema-graph\">{\"@context\":\"https:\\\/\\\/schema.org\",\"@graph\":[{\"@type\":\"WebPage\",\"@id\":\"https:\\\/\\\/www.kittfort.cz\\\/sk\\\/svet-farieb\\\/\",\"url\":\"https:\\\/\\\/www.kittfort.cz\\\/sk\\\/svet-farieb\\\/\",\"name\":\"Svet farieb - KITTFORT.CZ\",\"isPartOf\":{\"@id\":\"https:\\\/\\\/www.kittfort.cz\\\/bg\\\/#website\"},\"datePublished\":\"2017-09-06T08:31:49+00:00\",\"dateModified\":\"2023-05-11T20:12:14+00:00\",\"breadcrumb\":{\"@id\":\"https:\\\/\\\/www.kittfort.cz\\\/sk\\\/svet-farieb\\\/#breadcrumb\"},\"inLanguage\":\"sk-SK\",\"potentialAction\":[{\"@type\":\"ReadAction\",\"target\":[\"https:\\\/\\\/www.kittfort.cz\\\/sk\\\/svet-farieb\\\/\"]}]},{\"@type\":\"BreadcrumbList\",\"@id\":\"https:\\\/\\\/www.kittfort.cz\\\/sk\\\/svet-farieb\\\/#breadcrumb\",\"itemListElement\":[{\"@type\":\"ListItem\",\"position\":1,\"name\":\"Dom\u016f\",\"item\":\"https:\\\/\\\/www.kittfort.cz\\\/sk\\\/uvodna-stranka\\\/\"},{\"@type\":\"ListItem\",\"position\":2,\"name\":\"Svet farieb\"}]},{\"@type\":\"WebSite\",\"@id\":\"https:\\\/\\\/www.kittfort.cz\\\/bg\\\/#website\",\"url\":\"https:\\\/\\\/www.kittfort.cz\\\/bg\\\/\",\"name\":\"KITTFORT.CZ\",\"description\":\"\u010desk\u00e9 v\u00fdrobky najvy\u0161\u0161ej kvality\",\"publisher\":{\"@id\":\"https:\\\/\\\/www.kittfort.cz\\\/bg\\\/#organization\"},\"potentialAction\":[{\"@type\":\"SearchAction\",\"target\":{\"@type\":\"EntryPoint\",\"urlTemplate\":\"https:\\\/\\\/www.kittfort.cz\\\/bg\\\/?s={search_term_string}\"},\"query-input\":{\"@type\":\"PropertyValueSpecification\",\"valueRequired\":true,\"valueName\":\"search_term_string\"}}],\"inLanguage\":\"sk-SK\"},{\"@type\":\"Organization\",\"@id\":\"https:\\\/\\\/www.kittfort.cz\\\/bg\\\/#organization\",\"name\":\"KITTFORT Praha\",\"url\":\"https:\\\/\\\/www.kittfort.cz\\\/bg\\\/\",\"logo\":{\"@type\":\"ImageObject\",\"inLanguage\":\"sk-SK\",\"@id\":\"https:\\\/\\\/www.kittfort.cz\\\/bg\\\/#\\\/schema\\\/logo\\\/image\\\/\",\"url\":\"https:\\\/\\\/www.kittfort.cz\\\/wp-content\\\/uploads\\\/2019\\\/06\\\/KITTFORT-logo-ver-2018.png\",\"contentUrl\":\"https:\\\/\\\/www.kittfort.cz\\\/wp-content\\\/uploads\\\/2019\\\/06\\\/KITTFORT-logo-ver-2018.png\",\"width\":500,\"height\":151,\"caption\":\"KITTFORT Praha\"},\"image\":{\"@id\":\"https:\\\/\\\/www.kittfort.cz\\\/bg\\\/#\\\/schema\\\/logo\\\/image\\\/\"},\"sameAs\":[\"https:\\\/\\\/www.facebook.com\\\/kittfort\",\"https:\\\/\\\/instagram.com\\\/kittfort.cz\"]}]}<\/script>\n<!-- \/ Yoast SEO plugin. -->","yoast_head_json":{"title":"Svet farieb - KITTFORT.CZ","robots":{"index":"index","follow":"follow","max-snippet":"max-snippet:-1","max-image-preview":"max-image-preview:large","max-video-preview":"max-video-preview:-1"},"canonical":"https:\/\/www.kittfort.cz\/sk\/svet-farieb\/","og_locale":"sk_SK","og_type":"article","og_title":"Svet farieb - KITTFORT.CZ","og_url":"https:\/\/www.kittfort.cz\/sk\/svet-farieb\/","og_site_name":"KITTFORT.CZ","article_publisher":"https:\/\/www.facebook.com\/kittfort","article_modified_time":"2023-05-11T20:12:14+00:00","twitter_card":"summary_large_image","schema":{"@context":"https:\/\/schema.org","@graph":[{"@type":"WebPage","@id":"https:\/\/www.kittfort.cz\/sk\/svet-farieb\/","url":"https:\/\/www.kittfort.cz\/sk\/svet-farieb\/","name":"Svet farieb - KITTFORT.CZ","isPartOf":{"@id":"https:\/\/www.kittfort.cz\/bg\/#website"},"datePublished":"2017-09-06T08:31:49+00:00","dateModified":"2023-05-11T20:12:14+00:00","breadcrumb":{"@id":"https:\/\/www.kittfort.cz\/sk\/svet-farieb\/#breadcrumb"},"inLanguage":"sk-SK","potentialAction":[{"@type":"ReadAction","target":["https:\/\/www.kittfort.cz\/sk\/svet-farieb\/"]}]},{"@type":"BreadcrumbList","@id":"https:\/\/www.kittfort.cz\/sk\/svet-farieb\/#breadcrumb","itemListElement":[{"@type":"ListItem","position":1,"name":"Dom\u016f","item":"https:\/\/www.kittfort.cz\/sk\/uvodna-stranka\/"},{"@type":"ListItem","position":2,"name":"Svet farieb"}]},{"@type":"WebSite","@id":"https:\/\/www.kittfort.cz\/bg\/#website","url":"https:\/\/www.kittfort.cz\/bg\/","name":"KITTFORT.CZ","description":"\u010desk\u00e9 v\u00fdrobky najvy\u0161\u0161ej kvality","publisher":{"@id":"https:\/\/www.kittfort.cz\/bg\/#organization"},"potentialAction":[{"@type":"SearchAction","target":{"@type":"EntryPoint","urlTemplate":"https:\/\/www.kittfort.cz\/bg\/?s={search_term_string}"},"query-input":{"@type":"PropertyValueSpecification","valueRequired":true,"valueName":"search_term_string"}}],"inLanguage":"sk-SK"},{"@type":"Organization","@id":"https:\/\/www.kittfort.cz\/bg\/#organization","name":"KITTFORT Praha","url":"https:\/\/www.kittfort.cz\/bg\/","logo":{"@type":"ImageObject","inLanguage":"sk-SK","@id":"https:\/\/www.kittfort.cz\/bg\/#\/schema\/logo\/image\/","url":"https:\/\/www.kittfort.cz\/wp-content\/uploads\/2019\/06\/KITTFORT-logo-ver-2018.png","contentUrl":"https:\/\/www.kittfort.cz\/wp-content\/uploads\/2019\/06\/KITTFORT-logo-ver-2018.png","width":500,"height":151,"caption":"KITTFORT Praha"},"image":{"@id":"https:\/\/www.kittfort.cz\/bg\/#\/schema\/logo\/image\/"},"sameAs":["https:\/\/www.facebook.com\/kittfort","https:\/\/instagram.com\/kittfort.cz"]}]}},"rttpg_featured_image_url":null,"rttpg_author":{"display_name":"kittfort","author_link":"https:\/\/www.kittfort.cz\/sk\/author\/kittfortcz\/"},"rttpg_comment":0,"rttpg_category":" <a href=\"https:\/\/www.kittfort.cz\/sk\/category\/svet-farieb\/\" rel=\"tag\">Svet farieb<\/a>","rttpg_excerpt":null,"_links":{"self":[{"href":"https:\/\/www.kittfort.cz\/sk\/wp-json\/wp\/v2\/pages\/18357","targetHints":{"allow":["GET"]}}],"collection":[{"href":"https:\/\/www.kittfort.cz\/sk\/wp-json\/wp\/v2\/pages"}],"about":[{"href":"https:\/\/www.kittfort.cz\/sk\/wp-json\/wp\/v2\/types\/page"}],"author":[{"embeddable":true,"href":"https:\/\/www.kittfort.cz\/sk\/wp-json\/wp\/v2\/users\/1"}],"replies":[{"embeddable":true,"href":"https:\/\/www.kittfort.cz\/sk\/wp-json\/wp\/v2\/comments?post=18357"}],"version-history":[{"count":0,"href":"https:\/\/www.kittfort.cz\/sk\/wp-json\/wp\/v2\/pages\/18357\/revisions"}],"wp:attachment":[{"href":"https:\/\/www.kittfort.cz\/sk\/wp-json\/wp\/v2\/media?parent=18357"}],"wp:term":[{"taxonomy":"category","embeddable":true,"href":"https:\/\/www.kittfort.cz\/sk\/wp-json\/wp\/v2\/categories?post=18357"},{"taxonomy":"post_tag","embeddable":true,"href":"https:\/\/www.kittfort.cz\/sk\/wp-json\/wp\/v2\/tags?post=18357"}],"curies":[{"name":"wp","href":"https:\/\/api.w.org\/{rel}","templated":true}]}}