{"id":18377,"date":"2017-09-06T10:59:19","date_gmt":"2017-09-06T08:59:19","guid":{"rendered":"http:\/\/www.kittfort.cz\/?page_id=18377\/"},"modified":"2023-05-11T15:29:27","modified_gmt":"2023-05-11T13:29:27","slug":"na-stiahnutie","status":"publish","type":"page","link":"https:\/\/www.kittfort.cz\/sk\/na-stiahnutie\/","title":{"rendered":"Na stiahnutie"},"content":{"rendered":"<style type='text\/css' media='all'>#rt-tpg-container-2518701708 .rt-holder .rt-woo-info .price{color:#898989;}body .rt-tpg-container .rt-tpg-isotope-buttons .selected,\n\t\t\t\t\t#rt-tpg-container-2518701708 .layout12 .rt-holder:hover .rt-detail,\n\t\t\t\t\t#rt-tpg-container-2518701708 .isotope8 .rt-holder:hover .rt-detail,\n\t\t\t\t\t#rt-tpg-container-2518701708 .carousel8 .rt-holder:hover .rt-detail,\n\t\t\t\t\t#rt-tpg-container-2518701708 .layout13 .rt-holder .overlay .post-info,\n\t\t\t\t\t#rt-tpg-container-2518701708 .isotope9 .rt-holder .overlay .post-info,\n\t\t\t\t\t#rt-tpg-container-2518701708.rt-tpg-container .layout4 .rt-holder .rt-detail,\n\t\t\t\t\t.rt-modal-2518701708 .md-content,\n\t\t\t\t\t.rt-modal-2518701708 .md-content > .rt-md-content-holder .rt-md-content,\n\t\t\t\t\t.rt-popup-wrap-2518701708.rt-popup-wrap .rt-popup-navigation-wrap,\n\t\t\t\t\t#rt-tpg-container-2518701708 .carousel9 .rt-holder .overlay .post-info{background-color:#898989;}#rt-tpg-container-2518701708 .layout5 .rt-holder .overlay, #rt-tpg-container-2518701708 .isotope2 .rt-holder .overlay, #rt-tpg-container-2518701708 .carousel2 .rt-holder .overlay,#rt-tpg-container-2518701708 .layout15 .rt-holder h3, #rt-tpg-container-2518701708 .isotope11 .rt-holder h3, #rt-tpg-container-2518701708 .carousel11 .rt-holder h3, #rt-tpg-container-2518701708 .layout16 .rt-holder h3,\n\t\t\t\t\t#rt-tpg-container-2518701708 .isotope12 .rt-holder h3, #rt-tpg-container-2518701708 .carousel12 .rt-holder h3 {background-color:rgba(137,137,137,0.8);}#rt-tpg-container-2518701708 .read-more a{border-radius:px;}#rt-tpg-container-2518701708 .rt-img-holder img.rt-img-responsive,#rt-tpg-container-2518701708 .rt-img-holder,\n\t\t\t\t\t#rt-tpg-container-2518701708 .rt-post-overlay .post-img,\n\t\t\t\t\t#rt-tpg-container-2518701708 .post-sm .post-img,\n\t\t\t\t\t#rt-tpg-container-2518701708 .rt-post-grid .post-img,\n\t\t\t\t\t#rt-tpg-container-2518701708 .post-img img {border-radius:px;}<\/style><div class='rt-container-fluid rt-tpg-container tpg-shortcode-main-wrapper category' id='rt-tpg-container-2518701708'   data-layout='layout5' data-grid-style='even' data-desktop-col='3'  data-tab-col='2'  data-mobile-col='1' data-sc-id='18376'><div data-title='Loading ...' class='rt-row rt-content-loader   layout5 tpg-even '><div class=\"rt-col-md-4 rt-col-sm-6 rt-col-xs-12 even-grid-item rt-grid-item\" data-id=\"14961\"><div class=\"rt-holder\"><div class=\"overlay\"><h2 class=\"entry-title\"><a data-id=\"14961\" class=\" tpg-single-popup\" href=\"https:\/\/www.kittfort.cz\/sk\/na-stiahnutie\/propagacne-materialy\/\">Propaga\u010dn\u00e9 materi\u00e1ly<\/a><\/h2><\/div> <a data-id='14961' class=' tpg-single-popup' href='https:\/\/www.kittfort.cz\/sk\/na-stiahnutie\/propagacne-materialy\/'><img loading=\"lazy\" decoding=\"async\" width=\"320\" height=\"200\" src=\"https:\/\/www.kittfort.cz\/wp-content\/uploads\/2016\/07\/mustr_prehled-vzorkovnice-320x200.png\" class=\"rt-img-responsive \" alt=\"\" \/><\/a><\/div><\/div><div class=\"rt-col-md-4 rt-col-sm-6 rt-col-xs-12 even-grid-item rt-grid-item\" data-id=\"12677\"><div class=\"rt-holder\"><div class=\"overlay\"><h2 class=\"entry-title\"><a data-id=\"12677\" class=\" tpg-single-popup\" href=\"https:\/\/www.kittfort.cz\/sk\/na-stiahnutie\/katalogy-a-brozury\/\">Katal\u00f3gy a&nbsp;bro\u017e\u00fary<\/a><\/h2><\/div> <a data-id='12677' class=' tpg-single-popup' href='https:\/\/www.kittfort.cz\/sk\/na-stiahnutie\/katalogy-a-brozury\/'><img loading=\"lazy\" decoding=\"async\" width=\"320\" height=\"200\" src=\"https:\/\/www.kittfort.cz\/wp-content\/uploads\/2018\/06\/mustr_prehled-katalogy-320x200.png\" class=\"rt-img-responsive \" alt=\"\" \/><\/a><\/div><\/div><\/div><\/div>\n","protected":false},"excerpt":{"rendered":"Katal\u00f3gy AKO vy\u010disti\u0165 Popis On-line verze bro\u017eurky Ve\u013ekos\u0165 s\u00faboru 4 MB Stiahnu\u0165 46 Stiahnu\u0165 Kittfort katal\u00f3g 2020\/2021 Popis On-line verzia<p class=\"readmore\"><a href=\"https:\/\/www.kittfort.cz\/sk\/na-stiahnutie\/katalogy-a-brozury\/\" title=\"Read Katal\u00f3gy a&nbsp;bro\u017e\u00fary\">Read more &raquo;<\/a><\/p>","protected":false},"author":1,"featured_media":0,"parent":0,"menu_order":5,"comment_status":"closed","ping_status":"closed","template":"full-page.php","meta":{"pgc_sgb_lightbox_settings":"","footnotes":""},"categories":[23],"tags":[],"class_list":["post-18377","page","type-page","status-publish","hentry","category-uncategorized-sk"],"yoast_head":"<!-- This site is optimized with the Yoast SEO plugin v27.4 - https:\/\/yoast.com\/product\/yoast-seo-wordpress\/ -->\n<title>Na stiahnutie - KITTFORT.CZ<\/title>\n<meta name=\"robots\" content=\"index, follow, max-snippet:-1, max-image-preview:large, max-video-preview:-1\" \/>\n<link rel=\"canonical\" href=\"https:\/\/www.kittfort.cz\/sk\/na-stiahnutie\/\" \/>\n<meta property=\"og:locale\" content=\"sk_SK\" \/>\n<meta property=\"og:type\" content=\"article\" \/>\n<meta property=\"og:title\" content=\"Na stiahnutie - KITTFORT.CZ\" \/>\n<meta property=\"og:url\" content=\"https:\/\/www.kittfort.cz\/sk\/na-stiahnutie\/\" \/>\n<meta property=\"og:site_name\" content=\"KITTFORT.CZ\" \/>\n<meta property=\"article:publisher\" content=\"https:\/\/www.facebook.com\/kittfort\" \/>\n<meta property=\"article:modified_time\" content=\"2023-05-11T13:29:27+00:00\" \/>\n<meta name=\"twitter:card\" content=\"summary_large_image\" \/>\n<script type=\"application\/ld+json\" class=\"yoast-schema-graph\">{\"@context\":\"https:\\\/\\\/schema.org\",\"@graph\":[{\"@type\":\"WebPage\",\"@id\":\"https:\\\/\\\/www.kittfort.cz\\\/sk\\\/na-stiahnutie\\\/\",\"url\":\"https:\\\/\\\/www.kittfort.cz\\\/sk\\\/na-stiahnutie\\\/\",\"name\":\"Na stiahnutie - KITTFORT.CZ\",\"isPartOf\":{\"@id\":\"https:\\\/\\\/www.kittfort.cz\\\/bg\\\/#website\"},\"datePublished\":\"2017-09-06T08:59:19+00:00\",\"dateModified\":\"2023-05-11T13:29:27+00:00\",\"breadcrumb\":{\"@id\":\"https:\\\/\\\/www.kittfort.cz\\\/sk\\\/na-stiahnutie\\\/#breadcrumb\"},\"inLanguage\":\"sk-SK\",\"potentialAction\":[{\"@type\":\"ReadAction\",\"target\":[\"https:\\\/\\\/www.kittfort.cz\\\/sk\\\/na-stiahnutie\\\/\"]}]},{\"@type\":\"BreadcrumbList\",\"@id\":\"https:\\\/\\\/www.kittfort.cz\\\/sk\\\/na-stiahnutie\\\/#breadcrumb\",\"itemListElement\":[{\"@type\":\"ListItem\",\"position\":1,\"name\":\"Dom\u016f\",\"item\":\"https:\\\/\\\/www.kittfort.cz\\\/sk\\\/uvodna-stranka\\\/\"},{\"@type\":\"ListItem\",\"position\":2,\"name\":\"Na stiahnutie\"}]},{\"@type\":\"WebSite\",\"@id\":\"https:\\\/\\\/www.kittfort.cz\\\/bg\\\/#website\",\"url\":\"https:\\\/\\\/www.kittfort.cz\\\/bg\\\/\",\"name\":\"KITTFORT.CZ\",\"description\":\"\u010desk\u00e9 v\u00fdrobky najvy\u0161\u0161ej kvality\",\"publisher\":{\"@id\":\"https:\\\/\\\/www.kittfort.cz\\\/bg\\\/#organization\"},\"potentialAction\":[{\"@type\":\"SearchAction\",\"target\":{\"@type\":\"EntryPoint\",\"urlTemplate\":\"https:\\\/\\\/www.kittfort.cz\\\/bg\\\/?s={search_term_string}\"},\"query-input\":{\"@type\":\"PropertyValueSpecification\",\"valueRequired\":true,\"valueName\":\"search_term_string\"}}],\"inLanguage\":\"sk-SK\"},{\"@type\":\"Organization\",\"@id\":\"https:\\\/\\\/www.kittfort.cz\\\/bg\\\/#organization\",\"name\":\"KITTFORT Praha\",\"url\":\"https:\\\/\\\/www.kittfort.cz\\\/bg\\\/\",\"logo\":{\"@type\":\"ImageObject\",\"inLanguage\":\"sk-SK\",\"@id\":\"https:\\\/\\\/www.kittfort.cz\\\/bg\\\/#\\\/schema\\\/logo\\\/image\\\/\",\"url\":\"https:\\\/\\\/www.kittfort.cz\\\/wp-content\\\/uploads\\\/2019\\\/06\\\/KITTFORT-logo-ver-2018.png\",\"contentUrl\":\"https:\\\/\\\/www.kittfort.cz\\\/wp-content\\\/uploads\\\/2019\\\/06\\\/KITTFORT-logo-ver-2018.png\",\"width\":500,\"height\":151,\"caption\":\"KITTFORT Praha\"},\"image\":{\"@id\":\"https:\\\/\\\/www.kittfort.cz\\\/bg\\\/#\\\/schema\\\/logo\\\/image\\\/\"},\"sameAs\":[\"https:\\\/\\\/www.facebook.com\\\/kittfort\",\"https:\\\/\\\/instagram.com\\\/kittfort.cz\"]}]}<\/script>\n<!-- \/ Yoast SEO plugin. -->","yoast_head_json":{"title":"Na stiahnutie - KITTFORT.CZ","robots":{"index":"index","follow":"follow","max-snippet":"max-snippet:-1","max-image-preview":"max-image-preview:large","max-video-preview":"max-video-preview:-1"},"canonical":"https:\/\/www.kittfort.cz\/sk\/na-stiahnutie\/","og_locale":"sk_SK","og_type":"article","og_title":"Na stiahnutie - KITTFORT.CZ","og_url":"https:\/\/www.kittfort.cz\/sk\/na-stiahnutie\/","og_site_name":"KITTFORT.CZ","article_publisher":"https:\/\/www.facebook.com\/kittfort","article_modified_time":"2023-05-11T13:29:27+00:00","twitter_card":"summary_large_image","schema":{"@context":"https:\/\/schema.org","@graph":[{"@type":"WebPage","@id":"https:\/\/www.kittfort.cz\/sk\/na-stiahnutie\/","url":"https:\/\/www.kittfort.cz\/sk\/na-stiahnutie\/","name":"Na stiahnutie - KITTFORT.CZ","isPartOf":{"@id":"https:\/\/www.kittfort.cz\/bg\/#website"},"datePublished":"2017-09-06T08:59:19+00:00","dateModified":"2023-05-11T13:29:27+00:00","breadcrumb":{"@id":"https:\/\/www.kittfort.cz\/sk\/na-stiahnutie\/#breadcrumb"},"inLanguage":"sk-SK","potentialAction":[{"@type":"ReadAction","target":["https:\/\/www.kittfort.cz\/sk\/na-stiahnutie\/"]}]},{"@type":"BreadcrumbList","@id":"https:\/\/www.kittfort.cz\/sk\/na-stiahnutie\/#breadcrumb","itemListElement":[{"@type":"ListItem","position":1,"name":"Dom\u016f","item":"https:\/\/www.kittfort.cz\/sk\/uvodna-stranka\/"},{"@type":"ListItem","position":2,"name":"Na stiahnutie"}]},{"@type":"WebSite","@id":"https:\/\/www.kittfort.cz\/bg\/#website","url":"https:\/\/www.kittfort.cz\/bg\/","name":"KITTFORT.CZ","description":"\u010desk\u00e9 v\u00fdrobky najvy\u0161\u0161ej kvality","publisher":{"@id":"https:\/\/www.kittfort.cz\/bg\/#organization"},"potentialAction":[{"@type":"SearchAction","target":{"@type":"EntryPoint","urlTemplate":"https:\/\/www.kittfort.cz\/bg\/?s={search_term_string}"},"query-input":{"@type":"PropertyValueSpecification","valueRequired":true,"valueName":"search_term_string"}}],"inLanguage":"sk-SK"},{"@type":"Organization","@id":"https:\/\/www.kittfort.cz\/bg\/#organization","name":"KITTFORT Praha","url":"https:\/\/www.kittfort.cz\/bg\/","logo":{"@type":"ImageObject","inLanguage":"sk-SK","@id":"https:\/\/www.kittfort.cz\/bg\/#\/schema\/logo\/image\/","url":"https:\/\/www.kittfort.cz\/wp-content\/uploads\/2019\/06\/KITTFORT-logo-ver-2018.png","contentUrl":"https:\/\/www.kittfort.cz\/wp-content\/uploads\/2019\/06\/KITTFORT-logo-ver-2018.png","width":500,"height":151,"caption":"KITTFORT Praha"},"image":{"@id":"https:\/\/www.kittfort.cz\/bg\/#\/schema\/logo\/image\/"},"sameAs":["https:\/\/www.facebook.com\/kittfort","https:\/\/instagram.com\/kittfort.cz"]}]}},"rttpg_featured_image_url":null,"rttpg_author":{"display_name":"kittfort","author_link":"https:\/\/www.kittfort.cz\/sk\/author\/kittfortcz\/"},"rttpg_comment":0,"rttpg_category":" <a href=\"https:\/\/www.kittfort.cz\/sk\/category\/uncategorized-sk\/\" rel=\"tag\">Uncategorized @sk<\/a>","rttpg_excerpt":null,"_links":{"self":[{"href":"https:\/\/www.kittfort.cz\/sk\/wp-json\/wp\/v2\/pages\/18377","targetHints":{"allow":["GET"]}}],"collection":[{"href":"https:\/\/www.kittfort.cz\/sk\/wp-json\/wp\/v2\/pages"}],"about":[{"href":"https:\/\/www.kittfort.cz\/sk\/wp-json\/wp\/v2\/types\/page"}],"author":[{"embeddable":true,"href":"https:\/\/www.kittfort.cz\/sk\/wp-json\/wp\/v2\/users\/1"}],"replies":[{"embeddable":true,"href":"https:\/\/www.kittfort.cz\/sk\/wp-json\/wp\/v2\/comments?post=18377"}],"version-history":[{"count":0,"href":"https:\/\/www.kittfort.cz\/sk\/wp-json\/wp\/v2\/pages\/18377\/revisions"}],"wp:attachment":[{"href":"https:\/\/www.kittfort.cz\/sk\/wp-json\/wp\/v2\/media?parent=18377"}],"wp:term":[{"taxonomy":"category","embeddable":true,"href":"https:\/\/www.kittfort.cz\/sk\/wp-json\/wp\/v2\/categories?post=18377"},{"taxonomy":"post_tag","embeddable":true,"href":"https:\/\/www.kittfort.cz\/sk\/wp-json\/wp\/v2\/tags?post=18377"}],"curies":[{"name":"wp","href":"https:\/\/api.w.org\/{rel}","templated":true}]}}