{"id":44007,"date":"2023-02-15T22:13:39","date_gmt":"2023-02-15T21:13:39","guid":{"rendered":"https:\/\/www.kittfort.cz\/?page_id=44007"},"modified":"2025-05-04T18:10:30","modified_gmt":"2025-05-04T16:10:30","slug":"sorbent-kitchen-garden","status":"publish","type":"page","link":"https:\/\/www.kittfort.cz\/sk\/produkty\/cistiace-pripravky-a-odmastovace\/sorbent-kitchen-garden\/","title":{"rendered":"Sorbent kitchen &#038; garden"},"content":{"rendered":"\n<div class=\"wp-block-columns is-layout-flex wp-container-core-columns-is-layout-9d6595d7 wp-block-columns-is-layout-flex\">\n<div class=\"wp-block-column is-vertically-aligned-center is-layout-flow wp-block-column-is-layout-flow\"><div class=\"pgc-sgb-cb wp-block-pgcsimplygalleryblock-viewer \" data-gallery-id=\"0dc31462\"><div class=\"sgb-preloader\" id=\"pr_0dc31462\">\n\t<div class=\"sgb-square\" style=\"background:#d4d4d4\"><\/div>\n\t<div class=\"sgb-square\" style=\"background:#d4d4d4\"><\/div>\n\t<div class=\"sgb-square\" style=\"background:#d4d4d4\"><\/div>\n\t<div class=\"sgb-square\" style=\"background:#d4d4d4\"><\/div><\/div><div class=\"simply-gallery-amp pgc_sgb_slider \"><noscript><div class=\"sgb-gallery\"><div class=\"sgb-item\"><a href=\"https:\/\/www.kittfort.cz\/sk\/produkty\/cistiace-pripravky-a-odmastovace\/sorbent-kitchen-garden\/sorbent-kitchen-garden-02m2-2-2\/\" target=\"_blank\"><img decoding=\"async\" alt=\"Sorbent kitchen &amp; garden\" width=\"400\" height=\"400\" loading=\"lazy\" src=\"https:\/\/www.kittfort.cz\/wp-content\/uploads\/2023\/06\/SORBENT-kitchen-garden-02m2-400x400.jpg\" srcset=\"https:\/\/www.kittfort.cz\/wp-content\/uploads\/2023\/06\/SORBENT-kitchen-garden-02m2-400x400.jpg 400w,https:\/\/www.kittfort.cz\/wp-content\/uploads\/2023\/06\/SORBENT-kitchen-garden-02m2.jpg 1500w\" sizes=\"auto, 250px\"\/><\/a><\/div><\/div><\/noscript><\/div><script type=\"application\/json\" class=\"sgb-data\">{\"isPremium\":true,\"galleryType\":\"pgc_sgb_viewer\",\"galleryId\":\"0dc31462\",\"images\":[{\"id\":54619,\"title\":\"SORBENT kitchen-garden 02m2\",\"url\":\"https:\/\/www.kittfort.cz\/wp-content\/uploads\/2023\/06\/SORBENT-kitchen-garden-02m2.jpg\",\"link\":\"https:\/\/www.kittfort.cz\/sk\/produkty\/cistiace-pripravky-a-odmastovace\/sorbent-kitchen-garden\/sorbent-kitchen-garden-02m2-2-2\/\",\"alt\":\"Sorbent kitchen \\u0026amp; garden\",\"description\":\"\",\"caption\":\"\",\"mime\":\"image\/jpeg\",\"type\":\"image\",\"width\":1500,\"height\":1500,\"sizes\":{\"thumbnail\":{\"url\":\"https:\/\/www.kittfort.cz\/wp-content\/uploads\/2023\/06\/SORBENT-kitchen-garden-02m2-200x200.jpg\",\"height\":200,\"width\":200,\"orientation\":\"landscape\"},\"medium\":{\"url\":\"https:\/\/www.kittfort.cz\/wp-content\/uploads\/2023\/06\/SORBENT-kitchen-garden-02m2-400x400.jpg\",\"height\":400,\"width\":400,\"orientation\":\"landscape\"},\"full\":{\"url\":\"https:\/\/www.kittfort.cz\/wp-content\/uploads\/2023\/06\/SORBENT-kitchen-garden-02m2.jpg\",\"height\":1500,\"width\":1500,\"orientation\":\"landscape\"}},\"imageMeta\":{\"aperture\":\"13\",\"credit\":\"\",\"camera\":\"NIKON D5000\",\"caption\":\"\",\"created_timestamp\":\"1658857656\",\"copyright\":\"\",\"focal_length\":\"29\",\"iso\":\"200\",\"shutter_speed\":\"0.008\",\"title\":\"\",\"orientation\":\"1\",\"keywords\":[]},\"meta\":false,\"postlink\":\"https:\/\/www.kittfort.cz\/sk\/produkty\/cistiace-pripravky-a-odmastovace\/sorbent-kitchen-garden\/sorbent-kitchen-garden-02m2-2-2\/\"}],\"sliderRatio\":0.90000000000000002220446049250313080847263336181640625,\"sliderStyle\":\"cleanStyle\",\"sliderNextPrevAnimation\":\"fade\",\"sliderItemCounterEnable\":false,\"sliderBgColor\":\"rgba(255,255,255,0.61)\",\"sliderNavigationColor\":\"rgba(0,0,0,0)\",\"sliderNavigationColorOver\":\"rgba(0,0,0,0.16)\",\"sliderSocialShareEnabled\":false,\"sliderResizeEnable\":false,\"sliderItemDownload\":false,\"collectionColumns\":4,\"collectionthumbActiveColor\":\"rgba(237,237,237,1)\",\"openPopupId\":\"\",\"itemsMetaDataCollection\":[]}<\/script><script>(function(){if(window.PGC_SGB && window.PGC_SGB.searcher){window.PGC_SGB.searcher.initBlocks()}})()<\/script><\/div>\n\n\n<div style=\"height:3em\" aria-hidden=\"true\" class=\"wp-block-spacer\"><\/div>\n<\/div>\n\n\n\n<div class=\"wp-block-column is-layout-flow wp-block-column-is-layout-flow\">\n<div class=\"wp-block-group is-layout-flex wp-block-group-is-layout-flex\">\n<h3 class=\"wp-block-heading title-product\">Sorbent kitchen &amp; garden<\/h3>\n\n\n\n<p>R\u00fdchlo a&nbsp;bezpe\u010dne nas\u00e1va agres\u00edvne aj neagres\u00edvne kvapaliny:<\/p>\n\n\n\n<ul class=\"wp-block-list list-txt\">\n<li>rastlinn\u00e9 tuky<\/li>\n\n\n\n<li>zne\u010disten\u00e9 kvapaliny<\/li>\n\n\n\n<li>rozp\u00fa\u0161\u0165adl\u00e1 &#8211; \u010disti\u010de &#8211; hydroxidy &#8211; kyseliny<\/li>\n\n\n\n<li>oleje &#8211; naftu &#8211; benz\u00edn<\/li>\n<\/ul>\n<\/div>\n\n\n\n<div style=\"height:26px\" aria-hidden=\"true\" class=\"wp-block-spacer\"><\/div>\n\n\n\n<div class=\"wp-block-group is-layout-flex wp-block-group-is-layout-flex\">\n<div class=\"wp-block-buttons is-content-justification-space-between is-layout-flex wp-container-core-buttons-is-layout-256aec57 wp-block-buttons-is-layout-flex\">\n<div class=\"wp-block-button has-custom-font-size btn-txt\" style=\"font-size:1.5em\"><a class=\"wp-block-button__link wp-element-button\" href=\"https:\/\/www.kittfort.cz\/sk\/na-stiahnutie\/katalogy-a-brozury\/\" title=\"Katal\u00f3gy a bro\u017e\u00fary\" style=\"border-radius:0px\"><i class=\"fas fa-book-open\"><\/i><\/a><\/div>\n\n\n\n<div class=\"wp-block-button has-custom-font-size btn-txt\" style=\"font-size:1.5em\"><a class=\"wp-block-button__link wp-element-button\" href=\"https:\/\/www.kittfort.cz\/sk\/na-stiahnutie\/propagacne-materialy\/\" title=\"Propaga\u010dn\u00e9 materi\u00e1ly\" style=\"border-radius:0px\"><i class=\"fas fa-palette\"><\/i><\/a><\/div>\n\n\n\n<div class=\"wp-block-button has-custom-font-size btn-txt\" style=\"font-size:1.5em\"><a class=\"wp-block-button__link wp-element-button\" href=\"https:\/\/www.youtube.com\/channel\/UCeBliorfsj942FmZp-hOC0A\" title=\"YouTube\" style=\"border-radius:0px\" target=\"_blank\" rel=\"noreferrer noopener\"><i class=\"fab fa-youtube\"><\/i><\/a><\/div>\n\n\n\n<div class=\"wp-block-button has-custom-font-size btn-txt\" style=\"font-size:1.5em\"><a class=\"wp-block-button__link wp-element-button\" href=\"javascript:window.print()\" title=\"Vytla\u010di\u0165\" style=\"border-radius:0px\"><i class=\"fas fa-print\"><\/i><\/a><\/div>\n<\/div>\n<\/div>\n<\/div>\n<\/div>\n\n\n\n<div class=\"wp-block-columns is-layout-flex wp-container-core-columns-is-layout-9d6595d7 wp-block-columns-is-layout-flex\">\n<div class=\"wp-block-column is-layout-flow wp-block-column-is-layout-flow\"><div id=\"accordions-44010\" class=\"accordions-44010 accordions\" data-accordions={&quot;lazyLoad&quot;:true,&quot;id&quot;:&quot;44010&quot;,&quot;event&quot;:&quot;click&quot;,&quot;collapsible&quot;:&quot;true&quot;,&quot;heightStyle&quot;:&quot;content&quot;,&quot;animateStyle&quot;:&quot;swing&quot;,&quot;animateDelay&quot;:1000,&quot;navigation&quot;:true,&quot;active&quot;:999,&quot;expandedOther&quot;:&quot;no&quot;}>\r\n                <div id=\"accordions-lazy-44010\" class=\"accordions-lazy\" accordionsId=\"44010\">\r\n                    <\/div>\r\n\r\n    <div class=\"items\"  style=\"display:none\" >\r\n    \r\n            <div post_id=\"44010\" itemcount=\"0\"  header_id=\"header-1676495745959\" id=\"header-1676495745959\" style=\"\" class=\"accordions-head head1676495745959 border-none\" toggle-text=\"\" main-text=\"EAN\">\r\n                                    <span id=\"accordion-icons-1676495745959\" class=\"accordion-icons\">\r\n                        <span class=\"accordion-icon-active accordion-plus\"><i class=\"fa fa-plus\"><\/i><\/span>\r\n                        <span class=\"accordion-icon-inactive accordion-minus\"><i class=\"fa fa-minus\"><\/i><\/span>\r\n                    <\/span>\r\n                    <span id=\"header-text-1676495745959\" class=\"accordions-head-title\">EAN<\/span>\r\n                            <\/div>\r\n            <div class=\"accordion-content content1676495745959 \">\r\n                <table class=\"tableProducts\" border=\"0\" cellspacing=\"0\" cellpadding=\"5\">\n<tbody>\n<tr>\n<td>Sorbent kitchen & garden 0,2 m<sup>2<\/sup><\/td>\n<td class=\"tblRight\">8595030516017<\/td>\n<\/tr>\n<\/tbody>\n<\/table>\n            <\/div>\r\n    \r\n            <div post_id=\"44010\" itemcount=\"1\"  header_id=\"header-1676495754765\" id=\"header-1676495754765\" style=\"\" class=\"accordions-head head1676495754765 border-none\" toggle-text=\"\" main-text=\"Na stiahnutie\">\r\n                                    <span id=\"accordion-icons-1676495754765\" class=\"accordion-icons\">\r\n                        <span class=\"accordion-icon-active accordion-plus\"><i class=\"fa fa-plus\"><\/i><\/span>\r\n                        <span class=\"accordion-icon-inactive accordion-minus\"><i class=\"fa fa-minus\"><\/i><\/span>\r\n                    <\/span>\r\n                    <span id=\"header-text-1676495754765\" class=\"accordions-head-title\">Na stiahnutie<\/span>\r\n                            <\/div>\r\n            <div class=\"accordion-content content1676495754765 \">\r\n                <table class=\"tableProducts\" border=\"0\" cellspacing=\"0\" cellpadding=\"5\">\n<tbody>\n<tr>\n<td><i class=\"far fa-image\"><\/i> Sorbent kitchen & garden 0,2 m<sup>2<\/sup><\/td>\n<td><a title=\"form\u00e1t jpg\" href=\"https:\/\/www.kittfort.cz\/wp-content\/uploads\/2023\/02\/SORBENT-kitchen-garden-02m2.jpg\" target=\"_blank\" rel=\"noopener\"><i class=\"fas fa-download\"><\/i><\/a><\/td>\n<\/tr>\n<\/tbody>\n<\/table>\n<p>Pozn\u00e1mka: Obr\u00e1zky na stiahnutie vo form\u00e1te *.jpg s\u00fa v rozl\u00ed\u0161en\u00ed 300 DPI a RGB farb\u00e1ch.<\/p>\n            <\/div>\r\n    <\/div>\r\n\r\n\r\n\r\n            <\/div>\n<\/div>\n\n\n\n<div class=\"wp-block-column is-layout-flow wp-block-column-is-layout-flow\">\n<div class=\"wp-block-group is-layout-flex wp-block-group-is-layout-flex\">\n<div class=\"container overflow-hidden boxRightDetails\">\n<div class=\"row gy-2 boxRightDetails\">\n<div class=\"col-8 box1 p-4 boxRightDetailsBox\"><span>Balenie:<\/span> 0,2&nbsp;m<sup>2<\/sup><\/div>\n<div class=\"col-4 p-4 boxRightDetailsBox\"><span>Odtie\u0148:<\/span> svetlo\u017elt\u00fd<\/div>\n<div class=\"col-8 box1 p-4 boxRightDetailsBox\"><span>Z\u00e1ru\u010dn\u00e1 doba:<\/span> neobmedzen\u00e1<\/div>\n<\/div>\n<\/div>\n<\/div>\n<\/div>\n<\/div>\n\n\n\n<div style=\"height:40px\" aria-hidden=\"true\" class=\"wp-block-spacer\"><\/div>\n","protected":false},"excerpt":{"rendered":"<p>R\u00fdchlo a&nbsp;bezpe\u010dne nas\u00e1va agres\u00edvne aj neagres\u00edvne kvapaliny.<\/p>\n","protected":false},"author":1,"featured_media":43921,"parent":13155,"menu_order":11,"comment_status":"closed","ping_status":"closed","template":"full-page-product.php","meta":{"pgc_sgb_lightbox_settings":"","footnotes":""},"categories":[95],"tags":[385],"class_list":["post-44007","page","type-page","status-publish","has-post-thumbnail","hentry","category-cistiace-pripravky-a-odmastovace","tag-textilie-2"],"yoast_head":"<!-- This site is optimized with the Yoast SEO plugin v27.4 - https:\/\/yoast.com\/product\/yoast-seo-wordpress\/ -->\n<title>Sorbent kitchen &amp; garden - KITTFORT.CZ<\/title>\n<meta name=\"description\" content=\"Sorbent kitchen &amp; garden r\u00fdchlo a bezpe\u010dne nas\u00e1va agres\u00edvne aj neagres\u00edvne kvapaliny.\" \/>\n<meta name=\"robots\" content=\"index, follow, max-snippet:-1, max-image-preview:large, max-video-preview:-1\" \/>\n<link rel=\"canonical\" href=\"https:\/\/www.kittfort.cz\/sk\/produkty\/cistiace-pripravky-a-odmastovace\/sorbent-kitchen-garden\/\" \/>\n<meta property=\"og:locale\" content=\"sk_SK\" \/>\n<meta property=\"og:type\" content=\"article\" \/>\n<meta property=\"og:title\" content=\"Sorbent kitchen &amp; garden - KITTFORT.CZ\" \/>\n<meta property=\"og:description\" content=\"Sorbent kitchen &amp; garden r\u00fdchlo a bezpe\u010dne nas\u00e1va agres\u00edvne aj neagres\u00edvne kvapaliny.\" \/>\n<meta property=\"og:url\" content=\"https:\/\/www.kittfort.cz\/sk\/produkty\/cistiace-pripravky-a-odmastovace\/sorbent-kitchen-garden\/\" \/>\n<meta property=\"og:site_name\" content=\"KITTFORT.CZ\" \/>\n<meta property=\"article:publisher\" content=\"https:\/\/www.facebook.com\/kittfort\" \/>\n<meta property=\"article:modified_time\" content=\"2025-05-04T16:10:30+00:00\" \/>\n<meta property=\"og:image\" content=\"https:\/\/www.kittfort.cz\/wp-content\/uploads\/2023\/02\/sorbent-kitchen-garden.png\" \/>\n\t<meta property=\"og:image:width\" content=\"400\" \/>\n\t<meta property=\"og:image:height\" content=\"250\" \/>\n\t<meta property=\"og:image:type\" content=\"image\/png\" \/>\n<meta name=\"twitter:card\" content=\"summary_large_image\" \/>\n<meta name=\"twitter:label1\" content=\"Predpokladan\u00fd \u010das \u010d\u00edtania\" \/>\n\t<meta name=\"twitter:data1\" content=\"1 min\u00fata\" \/>\n<script type=\"application\/ld+json\" class=\"yoast-schema-graph\">{\"@context\":\"https:\\\/\\\/schema.org\",\"@graph\":[{\"@type\":\"WebPage\",\"@id\":\"https:\\\/\\\/www.kittfort.cz\\\/sk\\\/produkty\\\/cistiace-pripravky-a-odmastovace\\\/sorbent-kitchen-garden\\\/\",\"url\":\"https:\\\/\\\/www.kittfort.cz\\\/sk\\\/produkty\\\/cistiace-pripravky-a-odmastovace\\\/sorbent-kitchen-garden\\\/\",\"name\":\"Sorbent kitchen & garden - KITTFORT.CZ\",\"isPartOf\":{\"@id\":\"https:\\\/\\\/www.kittfort.cz\\\/bg\\\/#website\"},\"primaryImageOfPage\":{\"@id\":\"https:\\\/\\\/www.kittfort.cz\\\/sk\\\/produkty\\\/cistiace-pripravky-a-odmastovace\\\/sorbent-kitchen-garden\\\/#primaryimage\"},\"image\":{\"@id\":\"https:\\\/\\\/www.kittfort.cz\\\/sk\\\/produkty\\\/cistiace-pripravky-a-odmastovace\\\/sorbent-kitchen-garden\\\/#primaryimage\"},\"thumbnailUrl\":\"https:\\\/\\\/www.kittfort.cz\\\/wp-content\\\/uploads\\\/2023\\\/02\\\/sorbent-kitchen-garden.png\",\"datePublished\":\"2023-02-15T21:13:39+00:00\",\"dateModified\":\"2025-05-04T16:10:30+00:00\",\"description\":\"Sorbent kitchen & garden r\u00fdchlo a bezpe\u010dne nas\u00e1va agres\u00edvne aj neagres\u00edvne kvapaliny.\",\"breadcrumb\":{\"@id\":\"https:\\\/\\\/www.kittfort.cz\\\/sk\\\/produkty\\\/cistiace-pripravky-a-odmastovace\\\/sorbent-kitchen-garden\\\/#breadcrumb\"},\"inLanguage\":\"sk-SK\",\"potentialAction\":[{\"@type\":\"ReadAction\",\"target\":[\"https:\\\/\\\/www.kittfort.cz\\\/sk\\\/produkty\\\/cistiace-pripravky-a-odmastovace\\\/sorbent-kitchen-garden\\\/\"]}]},{\"@type\":\"ImageObject\",\"inLanguage\":\"sk-SK\",\"@id\":\"https:\\\/\\\/www.kittfort.cz\\\/sk\\\/produkty\\\/cistiace-pripravky-a-odmastovace\\\/sorbent-kitchen-garden\\\/#primaryimage\",\"url\":\"https:\\\/\\\/www.kittfort.cz\\\/wp-content\\\/uploads\\\/2023\\\/02\\\/sorbent-kitchen-garden.png\",\"contentUrl\":\"https:\\\/\\\/www.kittfort.cz\\\/wp-content\\\/uploads\\\/2023\\\/02\\\/sorbent-kitchen-garden.png\",\"width\":400,\"height\":250},{\"@type\":\"BreadcrumbList\",\"@id\":\"https:\\\/\\\/www.kittfort.cz\\\/sk\\\/produkty\\\/cistiace-pripravky-a-odmastovace\\\/sorbent-kitchen-garden\\\/#breadcrumb\",\"itemListElement\":[{\"@type\":\"ListItem\",\"position\":1,\"name\":\"Dom\u016f\",\"item\":\"https:\\\/\\\/www.kittfort.cz\\\/sk\\\/uvodna-stranka\\\/\"},{\"@type\":\"ListItem\",\"position\":2,\"name\":\"Produkty\",\"item\":\"https:\\\/\\\/www.kittfort.cz\\\/sk\\\/produkty\\\/\"},{\"@type\":\"ListItem\",\"position\":3,\"name\":\"\u010cistiace pr\u00edpravky a&nbsp;odmas\u0165ova\u010de\",\"item\":\"https:\\\/\\\/www.kittfort.cz\\\/sk\\\/produkty\\\/cistiace-pripravky-a-odmastovace\\\/\"},{\"@type\":\"ListItem\",\"position\":4,\"name\":\"Sorbent kitchen &#038; garden\"}]},{\"@type\":\"WebSite\",\"@id\":\"https:\\\/\\\/www.kittfort.cz\\\/bg\\\/#website\",\"url\":\"https:\\\/\\\/www.kittfort.cz\\\/bg\\\/\",\"name\":\"KITTFORT.CZ\",\"description\":\"\u010desk\u00e9 v\u00fdrobky najvy\u0161\u0161ej kvality\",\"publisher\":{\"@id\":\"https:\\\/\\\/www.kittfort.cz\\\/bg\\\/#organization\"},\"potentialAction\":[{\"@type\":\"SearchAction\",\"target\":{\"@type\":\"EntryPoint\",\"urlTemplate\":\"https:\\\/\\\/www.kittfort.cz\\\/bg\\\/?s={search_term_string}\"},\"query-input\":{\"@type\":\"PropertyValueSpecification\",\"valueRequired\":true,\"valueName\":\"search_term_string\"}}],\"inLanguage\":\"sk-SK\"},{\"@type\":\"Organization\",\"@id\":\"https:\\\/\\\/www.kittfort.cz\\\/bg\\\/#organization\",\"name\":\"KITTFORT Praha\",\"url\":\"https:\\\/\\\/www.kittfort.cz\\\/bg\\\/\",\"logo\":{\"@type\":\"ImageObject\",\"inLanguage\":\"sk-SK\",\"@id\":\"https:\\\/\\\/www.kittfort.cz\\\/bg\\\/#\\\/schema\\\/logo\\\/image\\\/\",\"url\":\"https:\\\/\\\/www.kittfort.cz\\\/wp-content\\\/uploads\\\/2019\\\/06\\\/KITTFORT-logo-ver-2018.png\",\"contentUrl\":\"https:\\\/\\\/www.kittfort.cz\\\/wp-content\\\/uploads\\\/2019\\\/06\\\/KITTFORT-logo-ver-2018.png\",\"width\":500,\"height\":151,\"caption\":\"KITTFORT Praha\"},\"image\":{\"@id\":\"https:\\\/\\\/www.kittfort.cz\\\/bg\\\/#\\\/schema\\\/logo\\\/image\\\/\"},\"sameAs\":[\"https:\\\/\\\/www.facebook.com\\\/kittfort\",\"https:\\\/\\\/instagram.com\\\/kittfort.cz\"]}]}<\/script>\n<!-- \/ Yoast SEO plugin. -->","yoast_head_json":{"title":"Sorbent kitchen & garden - KITTFORT.CZ","description":"Sorbent kitchen & garden r\u00fdchlo a bezpe\u010dne nas\u00e1va agres\u00edvne aj neagres\u00edvne kvapaliny.","robots":{"index":"index","follow":"follow","max-snippet":"max-snippet:-1","max-image-preview":"max-image-preview:large","max-video-preview":"max-video-preview:-1"},"canonical":"https:\/\/www.kittfort.cz\/sk\/produkty\/cistiace-pripravky-a-odmastovace\/sorbent-kitchen-garden\/","og_locale":"sk_SK","og_type":"article","og_title":"Sorbent kitchen & garden - KITTFORT.CZ","og_description":"Sorbent kitchen & garden r\u00fdchlo a bezpe\u010dne nas\u00e1va agres\u00edvne aj neagres\u00edvne kvapaliny.","og_url":"https:\/\/www.kittfort.cz\/sk\/produkty\/cistiace-pripravky-a-odmastovace\/sorbent-kitchen-garden\/","og_site_name":"KITTFORT.CZ","article_publisher":"https:\/\/www.facebook.com\/kittfort","article_modified_time":"2025-05-04T16:10:30+00:00","og_image":[{"width":400,"height":250,"url":"https:\/\/www.kittfort.cz\/wp-content\/uploads\/2023\/02\/sorbent-kitchen-garden.png","type":"image\/png"}],"twitter_card":"summary_large_image","twitter_misc":{"Predpokladan\u00fd \u010das \u010d\u00edtania":"1 min\u00fata"},"schema":{"@context":"https:\/\/schema.org","@graph":[{"@type":"WebPage","@id":"https:\/\/www.kittfort.cz\/sk\/produkty\/cistiace-pripravky-a-odmastovace\/sorbent-kitchen-garden\/","url":"https:\/\/www.kittfort.cz\/sk\/produkty\/cistiace-pripravky-a-odmastovace\/sorbent-kitchen-garden\/","name":"Sorbent kitchen & garden - KITTFORT.CZ","isPartOf":{"@id":"https:\/\/www.kittfort.cz\/bg\/#website"},"primaryImageOfPage":{"@id":"https:\/\/www.kittfort.cz\/sk\/produkty\/cistiace-pripravky-a-odmastovace\/sorbent-kitchen-garden\/#primaryimage"},"image":{"@id":"https:\/\/www.kittfort.cz\/sk\/produkty\/cistiace-pripravky-a-odmastovace\/sorbent-kitchen-garden\/#primaryimage"},"thumbnailUrl":"https:\/\/www.kittfort.cz\/wp-content\/uploads\/2023\/02\/sorbent-kitchen-garden.png","datePublished":"2023-02-15T21:13:39+00:00","dateModified":"2025-05-04T16:10:30+00:00","description":"Sorbent kitchen & garden r\u00fdchlo a bezpe\u010dne nas\u00e1va agres\u00edvne aj neagres\u00edvne kvapaliny.","breadcrumb":{"@id":"https:\/\/www.kittfort.cz\/sk\/produkty\/cistiace-pripravky-a-odmastovace\/sorbent-kitchen-garden\/#breadcrumb"},"inLanguage":"sk-SK","potentialAction":[{"@type":"ReadAction","target":["https:\/\/www.kittfort.cz\/sk\/produkty\/cistiace-pripravky-a-odmastovace\/sorbent-kitchen-garden\/"]}]},{"@type":"ImageObject","inLanguage":"sk-SK","@id":"https:\/\/www.kittfort.cz\/sk\/produkty\/cistiace-pripravky-a-odmastovace\/sorbent-kitchen-garden\/#primaryimage","url":"https:\/\/www.kittfort.cz\/wp-content\/uploads\/2023\/02\/sorbent-kitchen-garden.png","contentUrl":"https:\/\/www.kittfort.cz\/wp-content\/uploads\/2023\/02\/sorbent-kitchen-garden.png","width":400,"height":250},{"@type":"BreadcrumbList","@id":"https:\/\/www.kittfort.cz\/sk\/produkty\/cistiace-pripravky-a-odmastovace\/sorbent-kitchen-garden\/#breadcrumb","itemListElement":[{"@type":"ListItem","position":1,"name":"Dom\u016f","item":"https:\/\/www.kittfort.cz\/sk\/uvodna-stranka\/"},{"@type":"ListItem","position":2,"name":"Produkty","item":"https:\/\/www.kittfort.cz\/sk\/produkty\/"},{"@type":"ListItem","position":3,"name":"\u010cistiace pr\u00edpravky a&nbsp;odmas\u0165ova\u010de","item":"https:\/\/www.kittfort.cz\/sk\/produkty\/cistiace-pripravky-a-odmastovace\/"},{"@type":"ListItem","position":4,"name":"Sorbent kitchen &#038; garden"}]},{"@type":"WebSite","@id":"https:\/\/www.kittfort.cz\/bg\/#website","url":"https:\/\/www.kittfort.cz\/bg\/","name":"KITTFORT.CZ","description":"\u010desk\u00e9 v\u00fdrobky najvy\u0161\u0161ej kvality","publisher":{"@id":"https:\/\/www.kittfort.cz\/bg\/#organization"},"potentialAction":[{"@type":"SearchAction","target":{"@type":"EntryPoint","urlTemplate":"https:\/\/www.kittfort.cz\/bg\/?s={search_term_string}"},"query-input":{"@type":"PropertyValueSpecification","valueRequired":true,"valueName":"search_term_string"}}],"inLanguage":"sk-SK"},{"@type":"Organization","@id":"https:\/\/www.kittfort.cz\/bg\/#organization","name":"KITTFORT Praha","url":"https:\/\/www.kittfort.cz\/bg\/","logo":{"@type":"ImageObject","inLanguage":"sk-SK","@id":"https:\/\/www.kittfort.cz\/bg\/#\/schema\/logo\/image\/","url":"https:\/\/www.kittfort.cz\/wp-content\/uploads\/2019\/06\/KITTFORT-logo-ver-2018.png","contentUrl":"https:\/\/www.kittfort.cz\/wp-content\/uploads\/2019\/06\/KITTFORT-logo-ver-2018.png","width":500,"height":151,"caption":"KITTFORT Praha"},"image":{"@id":"https:\/\/www.kittfort.cz\/bg\/#\/schema\/logo\/image\/"},"sameAs":["https:\/\/www.facebook.com\/kittfort","https:\/\/instagram.com\/kittfort.cz"]}]}},"rttpg_featured_image_url":{"full":["https:\/\/www.kittfort.cz\/wp-content\/uploads\/2023\/02\/sorbent-kitchen-garden.png",400,250,false],"landscape":["https:\/\/www.kittfort.cz\/wp-content\/uploads\/2023\/02\/sorbent-kitchen-garden.png",400,250,false],"portraits":["https:\/\/www.kittfort.cz\/wp-content\/uploads\/2023\/02\/sorbent-kitchen-garden.png",400,250,false],"thumbnail":["https:\/\/www.kittfort.cz\/wp-content\/uploads\/2023\/02\/sorbent-kitchen-garden-320x200.png",320,200,true],"medium":["https:\/\/www.kittfort.cz\/wp-content\/uploads\/2023\/02\/sorbent-kitchen-garden.png",400,250,false],"large":["https:\/\/www.kittfort.cz\/wp-content\/uploads\/2023\/02\/sorbent-kitchen-garden.png",400,250,false],"timeline-express":["https:\/\/www.kittfort.cz\/wp-content\/uploads\/2023\/02\/sorbent-kitchen-garden-350x120.png",350,120,true],"timeline-express-thumbnail":["https:\/\/www.kittfort.cz\/wp-content\/uploads\/2023\/02\/sorbent-kitchen-garden-200x120.png",200,120,true],"1536x1536":["https:\/\/www.kittfort.cz\/wp-content\/uploads\/2023\/02\/sorbent-kitchen-garden.png",400,250,false],"2048x2048":["https:\/\/www.kittfort.cz\/wp-content\/uploads\/2023\/02\/sorbent-kitchen-garden.png",400,250,false],"post-thumbnail":["https:\/\/www.kittfort.cz\/wp-content\/uploads\/2023\/02\/sorbent-kitchen-garden-250x250.png",250,250,true],"rpwe-thumbnail":["https:\/\/www.kittfort.cz\/wp-content\/uploads\/2023\/02\/sorbent-kitchen-garden-45x45.png",45,45,true],"fpw_square":["https:\/\/www.kittfort.cz\/wp-content\/uploads\/2023\/02\/sorbent-kitchen-garden-200x200.png",200,200,true],"fpw_banner":["https:\/\/www.kittfort.cz\/wp-content\/uploads\/2023\/02\/sorbent-kitchen-garden-400x150.png",400,150,true],"fpw_big":["https:\/\/www.kittfort.cz\/wp-content\/uploads\/2023\/02\/sorbent-kitchen-garden.png",400,250,false],"rt_custom":["https:\/\/www.kittfort.cz\/wp-content\/uploads\/2023\/02\/sorbent-kitchen-garden.png",400,250,false]},"rttpg_author":{"display_name":"kittfort","author_link":"https:\/\/www.kittfort.cz\/sk\/author\/kittfortcz\/"},"rttpg_comment":0,"rttpg_category":" <a href=\"https:\/\/www.kittfort.cz\/sk\/category\/cistiace-pripravky-a-odmastovace\/\" rel=\"tag\">\u010cistiace pr\u00edpravky a odmas\u0165ova\u010de<\/a>","rttpg_excerpt":"R\u00fdchlo a bezpe\u010dne nas\u00e1va agres\u00edvne aj neagres\u00edvne kvapaliny.","_links":{"self":[{"href":"https:\/\/www.kittfort.cz\/sk\/wp-json\/wp\/v2\/pages\/44007","targetHints":{"allow":["GET"]}}],"collection":[{"href":"https:\/\/www.kittfort.cz\/sk\/wp-json\/wp\/v2\/pages"}],"about":[{"href":"https:\/\/www.kittfort.cz\/sk\/wp-json\/wp\/v2\/types\/page"}],"author":[{"embeddable":true,"href":"https:\/\/www.kittfort.cz\/sk\/wp-json\/wp\/v2\/users\/1"}],"replies":[{"embeddable":true,"href":"https:\/\/www.kittfort.cz\/sk\/wp-json\/wp\/v2\/comments?post=44007"}],"version-history":[{"count":0,"href":"https:\/\/www.kittfort.cz\/sk\/wp-json\/wp\/v2\/pages\/44007\/revisions"}],"up":[{"embeddable":true,"href":"https:\/\/www.kittfort.cz\/sk\/wp-json\/wp\/v2\/pages\/13155"}],"wp:featuredmedia":[{"embeddable":true,"href":"https:\/\/www.kittfort.cz\/sk\/wp-json\/wp\/v2\/media\/43921"}],"wp:attachment":[{"href":"https:\/\/www.kittfort.cz\/sk\/wp-json\/wp\/v2\/media?parent=44007"}],"wp:term":[{"taxonomy":"category","embeddable":true,"href":"https:\/\/www.kittfort.cz\/sk\/wp-json\/wp\/v2\/categories?post=44007"},{"taxonomy":"post_tag","embeddable":true,"href":"https:\/\/www.kittfort.cz\/sk\/wp-json\/wp\/v2\/tags?post=44007"}],"curies":[{"name":"wp","href":"https:\/\/api.w.org\/{rel}","templated":true}]}}