{"id":68037,"date":"2025-06-02T18:29:33","date_gmt":"2025-06-02T16:29:33","guid":{"rendered":"https:\/\/www.kittfort.cz\/?page_id=68037"},"modified":"2025-06-02T18:31:22","modified_gmt":"2025-06-02T16:31:22","slug":"aktivlazur-slabovrstva-dekorativna-lazura","status":"publish","type":"page","link":"https:\/\/www.kittfort.cz\/sk\/produkty\/farby-a-naterove-hmoty\/aktivlazur-slabovrstva-dekorativna-lazura\/","title":{"rendered":"AktivLazur slabovrstv\u00e1 dekorat\u00edvna laz\u00fara"},"content":{"rendered":"\n<div class=\"wp-block-columns is-layout-flex wp-container-core-columns-is-layout-9d6595d7 wp-block-columns-is-layout-flex\">\n<div class=\"wp-block-column is-vertically-aligned-center is-layout-flow wp-block-column-is-layout-flow\"><div class=\"pgc-sgb-cb wp-block-pgcsimplygalleryblock-viewer \" data-gallery-id=\"3cb87348\"><div class=\"sgb-preloader\" id=\"pr_3cb87348\">\n\t<div class=\"sgb-square\" style=\"background:#d4d4d4\"><\/div>\n\t<div class=\"sgb-square\" style=\"background:#d4d4d4\"><\/div>\n\t<div class=\"sgb-square\" style=\"background:#d4d4d4\"><\/div>\n\t<div class=\"sgb-square\" style=\"background:#d4d4d4\"><\/div><\/div><div class=\"simply-gallery-amp pgc_sgb_slider \"><noscript><div class=\"sgb-gallery\"><div class=\"sgb-item\"><a href=\"https:\/\/www.kittfort.cz\/produkty\/barvy-a-naterove-hmoty\/aktivlazur-slabovrstva-dekorativni-lazura\/aktivlazur-3v1-slabovrstva-750ml\/\" target=\"_blank\"><img decoding=\"async\" alt=\"AktivLazur 3v1 slabovrstv\u00e1\" width=\"400\" height=\"400\" loading=\"lazy\" src=\"https:\/\/www.kittfort.cz\/wp-content\/uploads\/2025\/06\/AktivLazur-3v1-slabovrstva-750ml-400x400.jpg\" srcset=\"https:\/\/www.kittfort.cz\/wp-content\/uploads\/2025\/06\/AktivLazur-3v1-slabovrstva-750ml-400x400.jpg 400w,https:\/\/www.kittfort.cz\/wp-content\/uploads\/2025\/06\/AktivLazur-3v1-slabovrstva-750ml.jpg 1500w\" sizes=\"auto, 250px\"\/><\/a><\/div><div class=\"sgb-item\"><a href=\"https:\/\/www.kittfort.cz\/produkty\/barvy-a-naterove-hmoty\/aktivlazur-slabovrstva-dekorativni-lazura\/aktivlazur-3v1-slabovrstva-25l\/\" target=\"_blank\"><img decoding=\"async\" alt=\"AktivLazur 3v1 slabovrstv\u00e1\" width=\"400\" height=\"400\" loading=\"lazy\" src=\"https:\/\/www.kittfort.cz\/wp-content\/uploads\/2025\/06\/AktivLazur-3v1-slabovrstva-25l-400x400.jpg\" srcset=\"https:\/\/www.kittfort.cz\/wp-content\/uploads\/2025\/06\/AktivLazur-3v1-slabovrstva-25l-400x400.jpg 400w,https:\/\/www.kittfort.cz\/wp-content\/uploads\/2025\/06\/AktivLazur-3v1-slabovrstva-25l.jpg 1500w\" sizes=\"auto, 250px\"\/><\/a><\/div><\/div><\/noscript><\/div><script type=\"application\/json\" class=\"sgb-data\">{\"isPremium\":true,\"galleryType\":\"pgc_sgb_viewer\",\"galleryId\":\"3cb87348\",\"images\":[{\"id\":68010,\"title\":\"AktivLazur 3v1 slabovrstv\u00e1\",\"url\":\"https:\/\/www.kittfort.cz\/wp-content\/uploads\/2025\/06\/AktivLazur-3v1-slabovrstva-750ml.jpg\",\"link\":\"https:\/\/www.kittfort.cz\/produkty\/barvy-a-naterove-hmoty\/aktivlazur-slabovrstva-dekorativni-lazura\/aktivlazur-3v1-slabovrstva-750ml\/\",\"alt\":\"AktivLazur 3v1 slabovrstv\u00e1\",\"description\":\"\",\"caption\":\"\",\"mime\":\"image\/jpeg\",\"type\":\"image\",\"width\":1500,\"height\":1500,\"sizes\":{\"thumbnail\":{\"url\":\"https:\/\/www.kittfort.cz\/wp-content\/uploads\/2025\/06\/AktivLazur-3v1-slabovrstva-750ml-200x200.jpg\",\"height\":200,\"width\":200,\"orientation\":\"landscape\"},\"medium\":{\"url\":\"https:\/\/www.kittfort.cz\/wp-content\/uploads\/2025\/06\/AktivLazur-3v1-slabovrstva-750ml-400x400.jpg\",\"height\":400,\"width\":400,\"orientation\":\"landscape\"},\"full\":{\"url\":\"https:\/\/www.kittfort.cz\/wp-content\/uploads\/2025\/06\/AktivLazur-3v1-slabovrstva-750ml.jpg\",\"height\":1500,\"width\":1500,\"orientation\":\"landscape\"}},\"imageMeta\":{\"aperture\":\"22\",\"credit\":\"\",\"camera\":\"NIKON D5000\",\"caption\":\"\",\"created_timestamp\":\"1718899141\",\"copyright\":\"\",\"focal_length\":\"52\",\"iso\":\"200\",\"shutter_speed\":\"0.01\",\"title\":\"\",\"orientation\":\"1\",\"keywords\":[]},\"meta\":false,\"postlink\":\"https:\/\/www.kittfort.cz\/produkty\/barvy-a-naterove-hmoty\/aktivlazur-slabovrstva-dekorativni-lazura\/aktivlazur-3v1-slabovrstva-750ml\/\"},{\"id\":68018,\"title\":\"AktivLazur 3v1 slabovrstv\u00e1\",\"url\":\"https:\/\/www.kittfort.cz\/wp-content\/uploads\/2025\/06\/AktivLazur-3v1-slabovrstva-25l.jpg\",\"link\":\"https:\/\/www.kittfort.cz\/produkty\/barvy-a-naterove-hmoty\/aktivlazur-slabovrstva-dekorativni-lazura\/aktivlazur-3v1-slabovrstva-25l\/\",\"alt\":\"AktivLazur 3v1 slabovrstv\u00e1\",\"description\":\"\",\"caption\":\"\",\"mime\":\"image\/jpeg\",\"type\":\"image\",\"width\":1500,\"height\":1500,\"sizes\":{\"thumbnail\":{\"url\":\"https:\/\/www.kittfort.cz\/wp-content\/uploads\/2025\/06\/AktivLazur-3v1-slabovrstva-25l-200x200.jpg\",\"height\":200,\"width\":200,\"orientation\":\"landscape\"},\"medium\":{\"url\":\"https:\/\/www.kittfort.cz\/wp-content\/uploads\/2025\/06\/AktivLazur-3v1-slabovrstva-25l-400x400.jpg\",\"height\":400,\"width\":400,\"orientation\":\"landscape\"},\"full\":{\"url\":\"https:\/\/www.kittfort.cz\/wp-content\/uploads\/2025\/06\/AktivLazur-3v1-slabovrstva-25l.jpg\",\"height\":1500,\"width\":1500,\"orientation\":\"landscape\"}},\"imageMeta\":{\"aperture\":\"20\",\"credit\":\"\",\"camera\":\"NIKON D5000\",\"caption\":\"\",\"created_timestamp\":\"1745848518\",\"copyright\":\"\",\"focal_length\":\"48\",\"iso\":\"200\",\"shutter_speed\":\"0.00625\",\"title\":\"\",\"orientation\":\"1\",\"keywords\":[]},\"meta\":false,\"postlink\":\"https:\/\/www.kittfort.cz\/produkty\/barvy-a-naterove-hmoty\/aktivlazur-slabovrstva-dekorativni-lazura\/aktivlazur-3v1-slabovrstva-25l\/\"}],\"sliderRatio\":0.90000000000000002220446049250313080847263336181640625,\"sliderStyle\":\"cleanStyle\",\"sliderNextPrevAnimation\":\"fade\",\"sliderItemCounterEnable\":false,\"sliderBgColor\":\"rgba(255,255,255,0.61)\",\"sliderNavigationColor\":\"rgba(0,0,0,0)\",\"sliderNavigationColorOver\":\"rgba(0,0,0,0.16)\",\"sliderSocialShareEnabled\":false,\"sliderResizeEnable\":false,\"sliderItemDownload\":false,\"collectionColumns\":4,\"collectionthumbActiveColor\":\"rgba(237,237,237,1)\",\"openPopupId\":\"\",\"itemsMetaDataCollection\":[]}<\/script><script>(function(){if(window.PGC_SGB && window.PGC_SGB.searcher){window.PGC_SGB.searcher.initBlocks()}})()<\/script><\/div>\n\n\n<div style=\"height:3em\" aria-hidden=\"true\" class=\"wp-block-spacer\"><\/div>\n<\/div>\n\n\n\n<div class=\"wp-block-column is-layout-flow wp-block-column-is-layout-flow\">\n<div class=\"wp-block-group is-layout-flex wp-block-group-is-layout-flex\">\n<h3 class=\"wp-block-heading title-product\">AktivLazur\u00ae slabovrstv\u00e1 dekorat\u00edvna laz\u00fara<\/h3>\n\n\n\n<p>Aktivlazur 3v1 je nov\u00e1, modern\u00e1 slabovrstv\u00e1 r\u00fdchloschn\u00faca laz\u00fara pre interi\u00e9rov\u00e9 \u200b\u200baj exteri\u00e9rov\u00e9 \u200b\u200bn\u00e1tery objemovo nest\u00e1lych dreven\u00fdch kon\u0161trukci\u00ed. Svojou h\u013abkovou nano ochranou dokonale chr\u00e1ni drevo pred poveternostn\u00fdmi vplyvmi. Zv\u00fd\u0161en\u00e1 UV ochrana chr\u00e1ni odtie\u0148. Vodoodpudiv\u00fd vosk chr\u00e1ni drevo pred vodou. Na n\u00e1tery okien, dver\u00ed, plotu, pergol, zrubu, vonkaj\u0161ieho n\u00e1bytku a&nbsp;oblo\u017eenia stavieb.<\/p>\n\n\n\n<p><\/p>\n<\/div>\n\n\n\n<div style=\"height:26px\" aria-hidden=\"true\" class=\"wp-block-spacer\"><\/div>\n\n\n\n<div class=\"wp-block-group is-layout-flex wp-block-group-is-layout-flex\">\n<div class=\"wp-block-buttons is-content-justification-space-between is-layout-flex wp-container-core-buttons-is-layout-256aec57 wp-block-buttons-is-layout-flex\">\n<div class=\"wp-block-button has-custom-font-size btn-txt\" style=\"font-size:1.5em\"><a class=\"wp-block-button__link wp-element-button\" href=\"https:\/\/www.kittfort.cz\/sk\/na-stiahnutie\/katalogy-a-brozury\/\" title=\"Katal\u00f3gy a bro\u017e\u00fary\" style=\"border-radius:0px\"><i class=\"fas fa-book-open\"><\/i><\/a><\/div>\n\n\n\n<div class=\"wp-block-button has-custom-font-size btn-txt\" style=\"font-size:1.5em\"><a class=\"wp-block-button__link wp-element-button\" href=\"https:\/\/www.kittfort.cz\/sk\/na-stiahnutie\/propagacne-materialy\/\" title=\"Propaga\u010dn\u00e9 materi\u00e1ly\" style=\"border-radius:0px\"><i class=\"fas fa-palette\"><\/i><\/a><\/div>\n\n\n\n<div class=\"wp-block-button has-custom-font-size btn-txt\" style=\"font-size:1.5em\"><a class=\"wp-block-button__link wp-element-button\" href=\"https:\/\/www.youtube.com\/channel\/UCeBliorfsj942FmZp-hOC0A\" title=\"YouTube\" style=\"border-radius:0px\" target=\"_blank\" rel=\"noreferrer noopener\"><i class=\"fab fa-youtube\"><\/i><\/a><\/div>\n\n\n\n<div class=\"wp-block-button has-custom-font-size btn-txt\" style=\"font-size:1.5em\"><a class=\"wp-block-button__link wp-element-button\" href=\"javascript:window.print()\" title=\"Vytla\u010di\u0165\" style=\"border-radius:0px\"><i class=\"fas fa-print\"><\/i><\/a><\/div>\n<\/div>\n<\/div>\n<\/div>\n<\/div>\n\n\n\n<div class=\"wp-block-columns is-layout-flex wp-container-core-columns-is-layout-9d6595d7 wp-block-columns-is-layout-flex\">\n<div class=\"wp-block-column is-layout-flow wp-block-column-is-layout-flow\"><\/div>\n\n\n\n<div class=\"wp-block-column is-layout-flow wp-block-column-is-layout-flow\">\n<div class=\"wp-block-group is-layout-flex wp-block-group-is-layout-flex\">\n<div class=\"container overflow-hidden boxRightDetails\">\n<div class=\"row gy-2 boxRightDetails\">\n<div class=\"col-4 p-4 boxRightDetailsBox\"><span>Balenie:<\/span> 0,75&nbsp;l<\/div>\n<div class=\"col-4 box2 p-4 boxRightDetailsBox\"><span>Aplik\u00e1cia:<\/span> \u0161tetec, val\u010dek, striekanie<\/div>\n<div class=\"col-4 p-4 boxRightDetailsBox\"><span>Podklad:<\/span> drevo<\/div>\n<div class=\"col-4 box1 p-4 boxRightDetailsBox\"><span>V\u00fddatnos\u0165:<\/span> 8-10&nbsp;m<sup>2<\/sup>\/l v&nbsp;jednej vrstve<\/div>\n<div class=\"col-8 p-4 boxRightDetailsBox\"><span>Aplik\u00e1cia n\u00e1teru:<\/span> odpor\u00fa\u010dame aplikova\u0165 v&nbsp;2-3 vrstv\u00e1ch pod\u013ea po\u017eadovanej s\u00fdtosti odtie\u0148a<\/div>\n<div class=\"col-12 p-4 boxRightDetailsBox\"><span>Doba schnutia:<\/span> 0,5 hodiny pri 20&nbsp;\u00b0C a&nbsp;65% vlhkosti. S&nbsp;druhou aj tre\u0165ou vrstvou sa odpor\u00fa\u010da za\u010da\u0165 1 hodinu po&nbsp;predo\u0161lej vrstve.<\/div>\n<div class=\"col-6 box1 p-4 boxRightDetailsBox\"><span>Riadidlo a&nbsp;um\u00fdvanie pom\u00f4cok:<\/span> neodpor\u00fa\u010dame, pr\u00edpadne voda.<\/div>\n<div class=\"col-6 p-4 boxRightDetailsBox\"><span>Skladovanie:<\/span> +5&nbsp;\u00b0C a\u017e +28&nbsp;\u00b0C v&nbsp;suchu, nesmie zamrzn\u00fa\u0165!<\/div>\n<div class=\"col-12 p-4 boxRightDetailsBox\"><span>Z\u00e1ru\u010dn\u00e1 doba:<\/span> 36 mesiacov od d\u00e1tumu plnenia uveden\u00e9ho na obale v&nbsp;neporu\u0161enom balen\u00ed<\/div>\n<div class=\"col-6 box1 p-4 boxRightDetailsBox boxRed\"><span>\u0160pecifick\u00e1 rizikovos\u0165:<\/span> Nie je<\/div>\n<\/div>\n<\/div>\n<\/div>\n<\/div>\n<\/div>\n\n\n\n<div class=\"wp-block-columns is-layout-flex wp-container-core-columns-is-layout-9d6595d7 wp-block-columns-is-layout-flex\">\n<div class=\"wp-block-column is-layout-flow wp-block-column-is-layout-flow\" style=\"flex-basis:100%\">\n<div style=\"height:2em\" aria-hidden=\"true\" class=\"wp-block-spacer\"><\/div>\n<\/div>\n<\/div>\n\n\n\n<div style=\"height:40px\" aria-hidden=\"true\" class=\"wp-block-spacer\"><\/div>\n","protected":false},"excerpt":{"rendered":"<p>R\u00fdchloschn\u00faca nano laz\u00fara chr\u00e1ni drevo pred poveternostn\u00fdmi vplyvmi. Zv\u00fd\u0161en\u00e1 UV ochrana chr\u00e1ni odtie\u0148. Vodoodpudiv\u00fd vosk chr\u00e1ni drevo pred vodou.<\/p>\n","protected":false},"author":1,"featured_media":68032,"parent":14662,"menu_order":2,"comment_status":"closed","ping_status":"closed","template":"full-page-product.php","meta":{"pgc_sgb_lightbox_settings":"","footnotes":""},"categories":[96],"tags":[299],"class_list":["post-68037","page","type-page","status-publish","has-post-thumbnail","hentry","category-farby-a-naterove-hmoty","tag-vodourieditelne-lazury-a-emaily"],"yoast_head":"<!-- This site is optimized with the Yoast SEO plugin v27.4 - https:\/\/yoast.com\/product\/yoast-seo-wordpress\/ -->\n<title>AktivLazur slabovrstv\u00e1 dekorat\u00edvna laz\u00fara - KITTFORT.CZ<\/title>\n<meta name=\"description\" content=\"Aktivlazur 3v1 je modern\u00e1 slabovrstv\u00e1, r\u00fdchloschn\u00faca laz\u00fara. V\u010faka h\u013abkovej nano ochrane dokonale chr\u00e1ni drevo pred poveternostn\u00fdmi vplyvmi.\" \/>\n<meta name=\"robots\" content=\"index, follow, max-snippet:-1, max-image-preview:large, max-video-preview:-1\" \/>\n<link rel=\"canonical\" href=\"https:\/\/www.kittfort.cz\/sk\/produkty\/farby-a-naterove-hmoty\/aktivlazur-slabovrstva-dekorativna-lazura\/\" \/>\n<meta property=\"og:locale\" content=\"sk_SK\" \/>\n<meta property=\"og:type\" content=\"article\" \/>\n<meta property=\"og:title\" content=\"AktivLazur slabovrstv\u00e1 dekorat\u00edvna laz\u00fara - KITTFORT.CZ\" \/>\n<meta property=\"og:description\" content=\"Aktivlazur 3v1 je modern\u00e1 slabovrstv\u00e1, r\u00fdchloschn\u00faca laz\u00fara. V\u010faka h\u013abkovej nano ochrane dokonale chr\u00e1ni drevo pred poveternostn\u00fdmi vplyvmi.\" \/>\n<meta property=\"og:url\" content=\"https:\/\/www.kittfort.cz\/sk\/produkty\/farby-a-naterove-hmoty\/aktivlazur-slabovrstva-dekorativna-lazura\/\" \/>\n<meta property=\"og:site_name\" content=\"KITTFORT.CZ\" \/>\n<meta property=\"article:publisher\" content=\"https:\/\/www.facebook.com\/kittfort\" \/>\n<meta property=\"article:modified_time\" content=\"2025-06-02T16:31:22+00:00\" \/>\n<meta property=\"og:image\" content=\"https:\/\/www.kittfort.cz\/wp-content\/uploads\/2025\/06\/aktivlazur-3v1.png\" \/>\n\t<meta property=\"og:image:width\" content=\"400\" \/>\n\t<meta property=\"og:image:height\" content=\"250\" \/>\n\t<meta property=\"og:image:type\" content=\"image\/png\" \/>\n<meta name=\"twitter:card\" content=\"summary_large_image\" \/>\n<meta name=\"twitter:label1\" content=\"Predpokladan\u00fd \u010das \u010d\u00edtania\" \/>\n\t<meta name=\"twitter:data1\" content=\"3 min\u00faty\" \/>\n<script type=\"application\/ld+json\" class=\"yoast-schema-graph\">{\"@context\":\"https:\\\/\\\/schema.org\",\"@graph\":[{\"@type\":\"WebPage\",\"@id\":\"https:\\\/\\\/www.kittfort.cz\\\/sk\\\/produkty\\\/farby-a-naterove-hmoty\\\/aktivlazur-slabovrstva-dekorativna-lazura\\\/\",\"url\":\"https:\\\/\\\/www.kittfort.cz\\\/sk\\\/produkty\\\/farby-a-naterove-hmoty\\\/aktivlazur-slabovrstva-dekorativna-lazura\\\/\",\"name\":\"AktivLazur slabovrstv\u00e1 dekorat\u00edvna laz\u00fara - KITTFORT.CZ\",\"isPartOf\":{\"@id\":\"https:\\\/\\\/www.kittfort.cz\\\/bg\\\/#website\"},\"primaryImageOfPage\":{\"@id\":\"https:\\\/\\\/www.kittfort.cz\\\/sk\\\/produkty\\\/farby-a-naterove-hmoty\\\/aktivlazur-slabovrstva-dekorativna-lazura\\\/#primaryimage\"},\"image\":{\"@id\":\"https:\\\/\\\/www.kittfort.cz\\\/sk\\\/produkty\\\/farby-a-naterove-hmoty\\\/aktivlazur-slabovrstva-dekorativna-lazura\\\/#primaryimage\"},\"thumbnailUrl\":\"https:\\\/\\\/www.kittfort.cz\\\/wp-content\\\/uploads\\\/2025\\\/06\\\/aktivlazur-3v1.png\",\"datePublished\":\"2025-06-02T16:29:33+00:00\",\"dateModified\":\"2025-06-02T16:31:22+00:00\",\"description\":\"Aktivlazur 3v1 je modern\u00e1 slabovrstv\u00e1, r\u00fdchloschn\u00faca laz\u00fara. V\u010faka h\u013abkovej nano ochrane dokonale chr\u00e1ni drevo pred poveternostn\u00fdmi vplyvmi.\",\"breadcrumb\":{\"@id\":\"https:\\\/\\\/www.kittfort.cz\\\/sk\\\/produkty\\\/farby-a-naterove-hmoty\\\/aktivlazur-slabovrstva-dekorativna-lazura\\\/#breadcrumb\"},\"inLanguage\":\"sk-SK\",\"potentialAction\":[{\"@type\":\"ReadAction\",\"target\":[\"https:\\\/\\\/www.kittfort.cz\\\/sk\\\/produkty\\\/farby-a-naterove-hmoty\\\/aktivlazur-slabovrstva-dekorativna-lazura\\\/\"]}]},{\"@type\":\"ImageObject\",\"inLanguage\":\"sk-SK\",\"@id\":\"https:\\\/\\\/www.kittfort.cz\\\/sk\\\/produkty\\\/farby-a-naterove-hmoty\\\/aktivlazur-slabovrstva-dekorativna-lazura\\\/#primaryimage\",\"url\":\"https:\\\/\\\/www.kittfort.cz\\\/wp-content\\\/uploads\\\/2025\\\/06\\\/aktivlazur-3v1.png\",\"contentUrl\":\"https:\\\/\\\/www.kittfort.cz\\\/wp-content\\\/uploads\\\/2025\\\/06\\\/aktivlazur-3v1.png\",\"width\":400,\"height\":250,\"caption\":\"Aktivlazur 3v1\"},{\"@type\":\"BreadcrumbList\",\"@id\":\"https:\\\/\\\/www.kittfort.cz\\\/sk\\\/produkty\\\/farby-a-naterove-hmoty\\\/aktivlazur-slabovrstva-dekorativna-lazura\\\/#breadcrumb\",\"itemListElement\":[{\"@type\":\"ListItem\",\"position\":1,\"name\":\"Dom\u016f\",\"item\":\"https:\\\/\\\/www.kittfort.cz\\\/sk\\\/uvodna-stranka\\\/\"},{\"@type\":\"ListItem\",\"position\":2,\"name\":\"Produkty\",\"item\":\"https:\\\/\\\/www.kittfort.cz\\\/sk\\\/produkty\\\/\"},{\"@type\":\"ListItem\",\"position\":3,\"name\":\"Farby a&nbsp;n\u00e1terov\u00e9 hmoty\",\"item\":\"https:\\\/\\\/www.kittfort.cz\\\/sk\\\/produkty\\\/farby-a-naterove-hmoty\\\/\"},{\"@type\":\"ListItem\",\"position\":4,\"name\":\"AktivLazur slabovrstv\u00e1 dekorat\u00edvna laz\u00fara\"}]},{\"@type\":\"WebSite\",\"@id\":\"https:\\\/\\\/www.kittfort.cz\\\/bg\\\/#website\",\"url\":\"https:\\\/\\\/www.kittfort.cz\\\/bg\\\/\",\"name\":\"KITTFORT.CZ\",\"description\":\"\u010desk\u00e9 v\u00fdrobky najvy\u0161\u0161ej kvality\",\"publisher\":{\"@id\":\"https:\\\/\\\/www.kittfort.cz\\\/bg\\\/#organization\"},\"potentialAction\":[{\"@type\":\"SearchAction\",\"target\":{\"@type\":\"EntryPoint\",\"urlTemplate\":\"https:\\\/\\\/www.kittfort.cz\\\/bg\\\/?s={search_term_string}\"},\"query-input\":{\"@type\":\"PropertyValueSpecification\",\"valueRequired\":true,\"valueName\":\"search_term_string\"}}],\"inLanguage\":\"sk-SK\"},{\"@type\":\"Organization\",\"@id\":\"https:\\\/\\\/www.kittfort.cz\\\/bg\\\/#organization\",\"name\":\"KITTFORT Praha\",\"url\":\"https:\\\/\\\/www.kittfort.cz\\\/bg\\\/\",\"logo\":{\"@type\":\"ImageObject\",\"inLanguage\":\"sk-SK\",\"@id\":\"https:\\\/\\\/www.kittfort.cz\\\/bg\\\/#\\\/schema\\\/logo\\\/image\\\/\",\"url\":\"https:\\\/\\\/www.kittfort.cz\\\/wp-content\\\/uploads\\\/2019\\\/06\\\/KITTFORT-logo-ver-2018.png\",\"contentUrl\":\"https:\\\/\\\/www.kittfort.cz\\\/wp-content\\\/uploads\\\/2019\\\/06\\\/KITTFORT-logo-ver-2018.png\",\"width\":500,\"height\":151,\"caption\":\"KITTFORT Praha\"},\"image\":{\"@id\":\"https:\\\/\\\/www.kittfort.cz\\\/bg\\\/#\\\/schema\\\/logo\\\/image\\\/\"},\"sameAs\":[\"https:\\\/\\\/www.facebook.com\\\/kittfort\",\"https:\\\/\\\/instagram.com\\\/kittfort.cz\"]}]}<\/script>\n<!-- \/ Yoast SEO plugin. -->","yoast_head_json":{"title":"AktivLazur slabovrstv\u00e1 dekorat\u00edvna laz\u00fara - KITTFORT.CZ","description":"Aktivlazur 3v1 je modern\u00e1 slabovrstv\u00e1, r\u00fdchloschn\u00faca laz\u00fara. V\u010faka h\u013abkovej nano ochrane dokonale chr\u00e1ni drevo pred poveternostn\u00fdmi vplyvmi.","robots":{"index":"index","follow":"follow","max-snippet":"max-snippet:-1","max-image-preview":"max-image-preview:large","max-video-preview":"max-video-preview:-1"},"canonical":"https:\/\/www.kittfort.cz\/sk\/produkty\/farby-a-naterove-hmoty\/aktivlazur-slabovrstva-dekorativna-lazura\/","og_locale":"sk_SK","og_type":"article","og_title":"AktivLazur slabovrstv\u00e1 dekorat\u00edvna laz\u00fara - KITTFORT.CZ","og_description":"Aktivlazur 3v1 je modern\u00e1 slabovrstv\u00e1, r\u00fdchloschn\u00faca laz\u00fara. V\u010faka h\u013abkovej nano ochrane dokonale chr\u00e1ni drevo pred poveternostn\u00fdmi vplyvmi.","og_url":"https:\/\/www.kittfort.cz\/sk\/produkty\/farby-a-naterove-hmoty\/aktivlazur-slabovrstva-dekorativna-lazura\/","og_site_name":"KITTFORT.CZ","article_publisher":"https:\/\/www.facebook.com\/kittfort","article_modified_time":"2025-06-02T16:31:22+00:00","og_image":[{"width":400,"height":250,"url":"https:\/\/www.kittfort.cz\/wp-content\/uploads\/2025\/06\/aktivlazur-3v1.png","type":"image\/png"}],"twitter_card":"summary_large_image","twitter_misc":{"Predpokladan\u00fd \u010das \u010d\u00edtania":"3 min\u00faty"},"schema":{"@context":"https:\/\/schema.org","@graph":[{"@type":"WebPage","@id":"https:\/\/www.kittfort.cz\/sk\/produkty\/farby-a-naterove-hmoty\/aktivlazur-slabovrstva-dekorativna-lazura\/","url":"https:\/\/www.kittfort.cz\/sk\/produkty\/farby-a-naterove-hmoty\/aktivlazur-slabovrstva-dekorativna-lazura\/","name":"AktivLazur slabovrstv\u00e1 dekorat\u00edvna laz\u00fara - KITTFORT.CZ","isPartOf":{"@id":"https:\/\/www.kittfort.cz\/bg\/#website"},"primaryImageOfPage":{"@id":"https:\/\/www.kittfort.cz\/sk\/produkty\/farby-a-naterove-hmoty\/aktivlazur-slabovrstva-dekorativna-lazura\/#primaryimage"},"image":{"@id":"https:\/\/www.kittfort.cz\/sk\/produkty\/farby-a-naterove-hmoty\/aktivlazur-slabovrstva-dekorativna-lazura\/#primaryimage"},"thumbnailUrl":"https:\/\/www.kittfort.cz\/wp-content\/uploads\/2025\/06\/aktivlazur-3v1.png","datePublished":"2025-06-02T16:29:33+00:00","dateModified":"2025-06-02T16:31:22+00:00","description":"Aktivlazur 3v1 je modern\u00e1 slabovrstv\u00e1, r\u00fdchloschn\u00faca laz\u00fara. V\u010faka h\u013abkovej nano ochrane dokonale chr\u00e1ni drevo pred poveternostn\u00fdmi vplyvmi.","breadcrumb":{"@id":"https:\/\/www.kittfort.cz\/sk\/produkty\/farby-a-naterove-hmoty\/aktivlazur-slabovrstva-dekorativna-lazura\/#breadcrumb"},"inLanguage":"sk-SK","potentialAction":[{"@type":"ReadAction","target":["https:\/\/www.kittfort.cz\/sk\/produkty\/farby-a-naterove-hmoty\/aktivlazur-slabovrstva-dekorativna-lazura\/"]}]},{"@type":"ImageObject","inLanguage":"sk-SK","@id":"https:\/\/www.kittfort.cz\/sk\/produkty\/farby-a-naterove-hmoty\/aktivlazur-slabovrstva-dekorativna-lazura\/#primaryimage","url":"https:\/\/www.kittfort.cz\/wp-content\/uploads\/2025\/06\/aktivlazur-3v1.png","contentUrl":"https:\/\/www.kittfort.cz\/wp-content\/uploads\/2025\/06\/aktivlazur-3v1.png","width":400,"height":250,"caption":"Aktivlazur 3v1"},{"@type":"BreadcrumbList","@id":"https:\/\/www.kittfort.cz\/sk\/produkty\/farby-a-naterove-hmoty\/aktivlazur-slabovrstva-dekorativna-lazura\/#breadcrumb","itemListElement":[{"@type":"ListItem","position":1,"name":"Dom\u016f","item":"https:\/\/www.kittfort.cz\/sk\/uvodna-stranka\/"},{"@type":"ListItem","position":2,"name":"Produkty","item":"https:\/\/www.kittfort.cz\/sk\/produkty\/"},{"@type":"ListItem","position":3,"name":"Farby a&nbsp;n\u00e1terov\u00e9 hmoty","item":"https:\/\/www.kittfort.cz\/sk\/produkty\/farby-a-naterove-hmoty\/"},{"@type":"ListItem","position":4,"name":"AktivLazur slabovrstv\u00e1 dekorat\u00edvna laz\u00fara"}]},{"@type":"WebSite","@id":"https:\/\/www.kittfort.cz\/bg\/#website","url":"https:\/\/www.kittfort.cz\/bg\/","name":"KITTFORT.CZ","description":"\u010desk\u00e9 v\u00fdrobky najvy\u0161\u0161ej kvality","publisher":{"@id":"https:\/\/www.kittfort.cz\/bg\/#organization"},"potentialAction":[{"@type":"SearchAction","target":{"@type":"EntryPoint","urlTemplate":"https:\/\/www.kittfort.cz\/bg\/?s={search_term_string}"},"query-input":{"@type":"PropertyValueSpecification","valueRequired":true,"valueName":"search_term_string"}}],"inLanguage":"sk-SK"},{"@type":"Organization","@id":"https:\/\/www.kittfort.cz\/bg\/#organization","name":"KITTFORT Praha","url":"https:\/\/www.kittfort.cz\/bg\/","logo":{"@type":"ImageObject","inLanguage":"sk-SK","@id":"https:\/\/www.kittfort.cz\/bg\/#\/schema\/logo\/image\/","url":"https:\/\/www.kittfort.cz\/wp-content\/uploads\/2019\/06\/KITTFORT-logo-ver-2018.png","contentUrl":"https:\/\/www.kittfort.cz\/wp-content\/uploads\/2019\/06\/KITTFORT-logo-ver-2018.png","width":500,"height":151,"caption":"KITTFORT Praha"},"image":{"@id":"https:\/\/www.kittfort.cz\/bg\/#\/schema\/logo\/image\/"},"sameAs":["https:\/\/www.facebook.com\/kittfort","https:\/\/instagram.com\/kittfort.cz"]}]}},"rttpg_featured_image_url":{"full":["https:\/\/www.kittfort.cz\/wp-content\/uploads\/2025\/06\/aktivlazur-3v1.png",400,250,false],"landscape":["https:\/\/www.kittfort.cz\/wp-content\/uploads\/2025\/06\/aktivlazur-3v1.png",400,250,false],"portraits":["https:\/\/www.kittfort.cz\/wp-content\/uploads\/2025\/06\/aktivlazur-3v1.png",400,250,false],"thumbnail":["https:\/\/www.kittfort.cz\/wp-content\/uploads\/2025\/06\/aktivlazur-3v1-320x200.png",320,200,true],"medium":["https:\/\/www.kittfort.cz\/wp-content\/uploads\/2025\/06\/aktivlazur-3v1.png",400,250,false],"large":["https:\/\/www.kittfort.cz\/wp-content\/uploads\/2025\/06\/aktivlazur-3v1.png",400,250,false],"timeline-express":["https:\/\/www.kittfort.cz\/wp-content\/uploads\/2025\/06\/aktivlazur-3v1-350x120.png",350,120,true],"timeline-express-thumbnail":["https:\/\/www.kittfort.cz\/wp-content\/uploads\/2025\/06\/aktivlazur-3v1-200x120.png",200,120,true],"1536x1536":["https:\/\/www.kittfort.cz\/wp-content\/uploads\/2025\/06\/aktivlazur-3v1.png",400,250,false],"2048x2048":["https:\/\/www.kittfort.cz\/wp-content\/uploads\/2025\/06\/aktivlazur-3v1.png",400,250,false],"post-thumbnail":["https:\/\/www.kittfort.cz\/wp-content\/uploads\/2025\/06\/aktivlazur-3v1-250x250.png",250,250,true],"rpwe-thumbnail":["https:\/\/www.kittfort.cz\/wp-content\/uploads\/2025\/06\/aktivlazur-3v1-45x45.png",45,45,true],"fpw_square":["https:\/\/www.kittfort.cz\/wp-content\/uploads\/2025\/06\/aktivlazur-3v1-200x200.png",200,200,true],"fpw_banner":["https:\/\/www.kittfort.cz\/wp-content\/uploads\/2025\/06\/aktivlazur-3v1-400x150.png",400,150,true],"fpw_big":["https:\/\/www.kittfort.cz\/wp-content\/uploads\/2025\/06\/aktivlazur-3v1.png",400,250,false],"rt_custom":["https:\/\/www.kittfort.cz\/wp-content\/uploads\/2025\/06\/aktivlazur-3v1.png",400,250,false]},"rttpg_author":{"display_name":"kittfort","author_link":"https:\/\/www.kittfort.cz\/sk\/author\/kittfortcz\/"},"rttpg_comment":0,"rttpg_category":" <a href=\"https:\/\/www.kittfort.cz\/sk\/category\/farby-a-naterove-hmoty\/\" rel=\"tag\">Farby a n\u00e1terov\u00e9 hmoty<\/a>","rttpg_excerpt":"R\u00fdchloschn\u00faca nano laz\u00fara chr\u00e1ni drevo pred poveternostn\u00fdmi vplyvmi. Zv\u00fd\u0161en\u00e1 UV ochrana chr\u00e1ni odtie\u0148. Vodoodpudiv\u00fd vosk chr\u00e1ni drevo pred vodou.","_links":{"self":[{"href":"https:\/\/www.kittfort.cz\/sk\/wp-json\/wp\/v2\/pages\/68037","targetHints":{"allow":["GET"]}}],"collection":[{"href":"https:\/\/www.kittfort.cz\/sk\/wp-json\/wp\/v2\/pages"}],"about":[{"href":"https:\/\/www.kittfort.cz\/sk\/wp-json\/wp\/v2\/types\/page"}],"author":[{"embeddable":true,"href":"https:\/\/www.kittfort.cz\/sk\/wp-json\/wp\/v2\/users\/1"}],"replies":[{"embeddable":true,"href":"https:\/\/www.kittfort.cz\/sk\/wp-json\/wp\/v2\/comments?post=68037"}],"version-history":[{"count":0,"href":"https:\/\/www.kittfort.cz\/sk\/wp-json\/wp\/v2\/pages\/68037\/revisions"}],"up":[{"embeddable":true,"href":"https:\/\/www.kittfort.cz\/sk\/wp-json\/wp\/v2\/pages\/14662"}],"wp:featuredmedia":[{"embeddable":true,"href":"https:\/\/www.kittfort.cz\/sk\/wp-json\/wp\/v2\/media\/68032"}],"wp:attachment":[{"href":"https:\/\/www.kittfort.cz\/sk\/wp-json\/wp\/v2\/media?parent=68037"}],"wp:term":[{"taxonomy":"category","embeddable":true,"href":"https:\/\/www.kittfort.cz\/sk\/wp-json\/wp\/v2\/categories?post=68037"},{"taxonomy":"post_tag","embeddable":true,"href":"https:\/\/www.kittfort.cz\/sk\/wp-json\/wp\/v2\/tags?post=68037"}],"curies":[{"name":"wp","href":"https:\/\/api.w.org\/{rel}","templated":true}]}}